{"id":1928,"date":"2024-01-03T06:16:17","date_gmt":"2024-01-03T06:16:17","guid":{"rendered":"https:\/\/www.alokindia.com\/quality-control\/"},"modified":"2024-01-24T12:46:40","modified_gmt":"2024-01-24T12:46:40","slug":"quality-control","status":"publish","type":"page","link":"https:\/\/www.alokindia.com\/tr\/quality-control\/","title":{"rendered":"Quality Control"},"content":{"rendered":"<div class=\"wpb-content-wrapper\"><p>[vc_row el_class=&#8221;page-banner&#8221; css=&#8221;.vc_custom_1704796203367{background-image: url(https:\/\/www.alokindia.com\/wp-content\/uploads\/2024\/01\/quality-banner.jpg?id=485) !important;}&#8221;][vc_column][\/vc_column][\/vc_row][vc_section el_class=&#8221;section-padding&#8221;][vc_row el_class=&#8221;ourproducts-row&#8221;][vc_column][vc_custom_heading text=&#8221;KALITE KONTROL&#8221; use_theme_fonts=&#8221;yes&#8221;][vc_column_text el_class=&#8221;ourproducts-text&#8221;]ALOK olarak kalite ve s\u00fcrekli iyile\u015ftirmeyi, \u015firketin politikas\u0131 ve geli\u015fiminin temeli olarak g\u00f6r\u00fcyoruz. Y\u00fcksek motivasyonlu Kalite Kontrol M\u00fchendisleri, Metal\u00fcrji ve Kimyagerlerden olu\u015fan ekibimiz, d\u00fcnya \u00e7ap\u0131ndaki m\u00fc\u015fterilerimizin taleplerini kar\u015f\u0131lamak i\u00e7in s\u00fcrekli \u00e7abalamaktad\u0131r. PED AD 2000 Merkblatt W 0 ve ISO\/TS 16949:2009 by TUV Nord akreditasyonuna sahip birka\u00e7 \u015firketten biriyiz.<\/p>\n<p>Kalite, \u201cs\u00fcre\u00e7 s\u0131ras\u0131nda ne kadar \u00e7ok ayr\u0131nt\u0131ya dikkat edilirse, son \u00fcr\u00fcn o kadar sorunsuz olur\u201d \u015feklindeki i\u015f felsefemizin temel par\u00e7as\u0131d\u0131r. Bu kendini adam\u0131\u015fl\u0131k, fabrikadan \u00e7\u0131kan her bir \u00fcr\u00fcn\u00fcn y\u00fcksek kalitesine yans\u0131maktad\u0131r. Sonu\u00e7 olarak, m\u00fc\u015fterilerimiz tart\u0131\u015f\u0131lmaz kalite, g\u00fcvenilirlik ve dayan\u0131kl\u0131l\u0131k konular\u0131nda \u00fcr\u00fcnlerimize g\u00fcvenebilirler.<\/p>\n<p>Kalite ve Denetim departman\u0131m\u0131z, d\u00fczenli olarak kalibre edilen a\u015fa\u011f\u0131daki test ekipmanlar\u0131yla donat\u0131lm\u0131\u015ft\u0131r.[\/vc_column_text][vc_row_inner equal_height=&#8221;yes&#8221; content_placement=&#8221;middle&#8221; el_class=&#8221;ourproducts-innerrow&#8221;][vc_column_inner width=&#8221;1\/2&#8243;][vc_column_text]<\/p>\n<h2>\u201c<small> M\u00fckemmellik asla tesad\u00fcf de\u011fildir; bir kas\u0131tl\u0131 tasar\u0131m eylemidir.<\/small> .\u201d<\/h2>\n<p>[\/vc_column_text][\/vc_column_inner][vc_column_inner width=&#8221;1\/2&#8243;][vc_single_image image=&#8221;504&#8243; img_size=&#8221;full&#8221;][\/vc_column_inner][\/vc_row_inner][vc_row_inner el_class=&#8221;ss-applications&#8221;][vc_column_inner width=&#8221;1\/2&#8243;][vc_column_text]<\/p>\n<ul>\n<li>Islak analiz i\u00e7in tam donan\u0131ml\u0131 bir Kimyasal Laboratuvar<\/li>\n<li>Optik Emisyon Spektrometresi<\/li>\n<li>Radyasyon Dedekt\u00f6r\u00fc<\/li>\n<li>60 Ton \u00dcniversal Test Makinesi<\/li>\n<li>Sertlik \u00d6l\u00e7me Cihaz\u0131 \u2013 Rockwell ve Brinell<\/li>\n<li>V \u00c7entik Darbe Test Cihaz\u0131<\/li>\n<\/ul>\n<p>[\/vc_column_text][\/vc_column_inner][vc_column_inner width=&#8221;1\/2&#8243;][vc_column_text]<\/p>\n<ul>\n<li>\u00c7atlak testi<\/li>\n<li>K\u00fct\u00fck \u00d6rnekleri, Asitle Da\u011flama<\/li>\n<li>Kaliteyi tan\u0131mlamak i\u00e7in el tipi spektrometre<\/li>\n<li>Mikroskop ve g\u00f6r\u00fcnt\u00fc analiz\u00f6r\u00fc<\/li>\n<li>Jominy De\u011ferlerini Kontrol Etme Aparat\u0131<\/li>\n<\/ul>\n<p>[\/vc_column_text][\/vc_column_inner][\/vc_row_inner][\/vc_column][\/vc_row][\/vc_section][vc_row][vc_column][vc_separator][\/vc_column][\/vc_row][vc_section el_class=&#8221;section-padding right-spacing&#8221; el_id=&#8221;StandardsMaintained&#8221;][vc_row el_class=&#8221;ourteam-row&#8221;][vc_column][vc_custom_heading text=&#8221;KORUNAN STANDARTLAR&#8221; use_theme_fonts=&#8221;yes&#8221;][vc_column_text el_class=&#8221;table-responsive&#8221;]\n<table id=\"tablepress-162\" class=\"tablepress tablepress-id-162 table-border first-bold tbody-has-connected-cells\">\n<thead>\n<tr class=\"row-1\">\n\t<td class=\"column-1\"><\/td><th class=\"column-2\">EN<\/th><th class=\"column-3\">Tolerans\u0131m\u0131z<\/th><th class=\"column-4\">ASTM<\/th><th class=\"column-5\">Tolerans\u0131m\u0131z<\/th>\n<\/tr>\n<\/thead>\n<tbody class=\"row-striping row-hover\">\n<tr class=\"row-2\">\n\t<td class=\"column-1\">S\u0131cak Haddelenmi\u015f Yuvarlak \u00c7ubuk Tol.<\/td><td class=\"column-2\">En 10060<\/td><td class=\"column-3\">\u00c7ap\u0131n +\/-%1,3\u2019\u00fc<\/td><td class=\"column-4\">A 29 \/ 29 M<\/td><td class=\"column-5\">\u2013<\/td>\n<\/tr>\n<tr class=\"row-3\">\n\t<td class=\"column-1\">S\u0131cak Haddelenmi\u015f Kare \u00c7ubuk Tol.<\/td><td class=\"column-2\">En 10059<\/td><td class=\"column-3\">\u2013<\/td><td class=\"column-4\">A 29 \/ 29 M<\/td><td class=\"column-5\">\u2013<\/td>\n<\/tr>\n<tr class=\"row-4\">\n\t<td class=\"column-1\">Yass\u0131 \u00c7ubuk Tolerans\u0131 \u2013 S\u0131cak Haddelenmi\u015f<\/td><td class=\"column-2\">EN 10058:2003<\/td><td class=\"column-3\">\u2013<\/td><td class=\"column-4\">\u2013<\/td><td class=\"column-5\">\u2013<\/td>\n<\/tr>\n<tr class=\"row-5\">\n\t<td class=\"column-1\">Parlak \u00c7ubuk Tolerans\u0131<\/td><td class=\"column-2\">EN 10278\/DIN 668<\/td><td class=\"column-3\">\u2013<\/td><td class=\"column-4\">\u2013<\/td><td class=\"column-5\">\u2013<\/td>\n<\/tr>\n<tr class=\"row-6\">\n\t<td class=\"column-1\"><\/td><td class=\"column-2\"><\/td><td class=\"column-3\">DIN 671<\/td><td class=\"column-4\"><\/td><td class=\"column-5\"><\/td>\n<\/tr>\n<tr class=\"row-7\">\n\t<td class=\"column-1\">Yuvarlak, Alt\u0131gen, Kare ve Yass\u0131 \u00e7ubuklar \u2013 \u00c7ekilmi\u015f<\/td><td class=\"column-2\">EN 10278 \/ ISO 286-2<\/td><td class=\"column-3\">h9, h11<\/td><td class=\"column-4\">\u2013<\/td><td class=\"column-5\">\u2013<\/td>\n<\/tr>\n<tr class=\"row-8\">\n\t<td class=\"column-1\">Y\u00fczey Kusurlar\u0131<\/td><td class=\"column-2\">\u00c7apta maksimum %1<\/td><td class=\"column-3\">B S\u0131n\u0131f\u0131<\/td><td class=\"column-4\">\u2013<\/td><td class=\"column-5\">\u2013<\/td>\n<\/tr>\n<tr class=\"row-9\">\n\t<td class=\"column-1\">Y\u00fczey Kusurlar\u0131 \u0130\u00e7in Manyetik Par\u00e7ac\u0131k Muayenesi<\/td><td class=\"column-2\"><\/td><td class=\"column-3\">\u2013<\/td><td class=\"column-4\">E 709<\/td><td class=\"column-5\">\u2013<\/td>\n<\/tr>\n<tr class=\"row-10\">\n\t<td class=\"column-1\">Siyah \u00c7ubuk i\u00e7in D\u00fczl\u00fck Tolerans\u0131<\/td><td class=\"column-2\">3 ila 5 mm\/1000 mm\t<\/td><td class=\"column-3\">\u2013<\/td><td class=\"column-4\">\u2013<\/td><td class=\"column-5\">\u2013<\/td>\n<\/tr>\n<tr class=\"row-11\">\n\t<td class=\"column-1\">Parlak \u00c7ubuk i\u00e7in D\u00fczl\u00fck Tolerans\u0131<\/td><td class=\"column-2\">0.5 mm\/1000 mm<\/td><td class=\"column-3\">\u2013<\/td><td class=\"column-4\">\u2013<\/td><td class=\"column-5\">\u2013<\/td>\n<\/tr>\n<tr class=\"row-12\">\n\t<td class=\"column-1\">Temizlik<\/td><td class=\"column-2\">DIN 50602<\/td><td class=\"column-3\">K4 < 40<\/td><td class=\"column-4\">E 45<\/td><td class=\"column-5\">A,B,C &amp; D < 2.5<\/td>\n<\/tr>\n<tr class=\"row-13\">\n\t<td class=\"column-1\">Makro K\u00fct\u00fckler (CC)<\/td><td class=\"column-2\"><\/td><td class=\"column-3\">\u2013<\/td><td class=\"column-4\">E 381<\/td><td class=\"column-5\">C2 R2 S2\u2019den daha iyi<\/td>\n<\/tr>\n<tr class=\"row-14\">\n\t<td class=\"column-1\">Tane Boyutu<\/td><td class=\"column-2\"><\/td><td class=\"column-3\">\u2013<\/td><td class=\"column-4\">E 112<\/td><td class=\"column-5\">5 ila 8<\/td>\n<\/tr>\n<tr class=\"row-15\">\n\t<td rowspan=\"3\" class=\"column-1\">Ultrasonik Testi<\/td><td class=\"column-2\">SEP 1921<\/td><td class=\"column-3\">C\/c<\/td><td class=\"column-4\">A 388<\/td><td class=\"column-5\">2-4 mm fbh (-6dB<\/td>\n<\/tr>\n<tr class=\"row-16\">\n\t<td class=\"column-2\">En 10308<\/td><td class=\"column-3\">Tip 1A, Tablo 2, Kolon 4<\/td><td class=\"column-4\">\u2013<\/td><td class=\"column-5\">damla tekni\u011fi<\/td>\n<\/tr>\n<tr class=\"row-17\">\n\t<td class=\"column-2\">En 10228<\/td><td class=\"column-3\">Tip 1A, Tablo 5, Kolon 4<\/td><td class=\"column-4\">\u2013<\/td><td class=\"column-5\">\u2013<\/td>\n<\/tr>\n<\/tbody>\n<\/table>\n<!-- #tablepress-162 from cache -->[\/vc_column_text][\/vc_column][\/vc_row][\/vc_section][vc_row][vc_column][vc_separator][\/vc_column][\/vc_row][vc_section el_class=&#8221;section-padding right-spacing&#8221; el_id=&#8221;ViewCertificates&#8221;][vc_row el_class=&#8221;ourteam-row&#8221;][vc_column][vc_custom_heading text=&#8221;SERTIFIKALAR&#8221; use_theme_fonts=&#8221;yes&#8221;][vc_row_inner el_class=&#8221;certificate-sec&#8221;][vc_column_inner width=&#8221;1\/6&#8243;][\/vc_column_inner][vc_column_inner width=&#8221;1\/3&#8243;][vc_single_image image=&#8221;526&#8243; img_size=&#8221;full&#8221; onclick=&#8221;img_link_large&#8221; el_class=&#8221;certificates_img&#8221;][vc_custom_heading text=&#8221;ISO 9001 : 2015&#8243; font_container=&#8221;tag:p|text_align:left&#8221; use_theme_fonts=&#8221;yes&#8221; el_class=&#8221;certificates_title&#8221;][\/vc_column_inner][vc_column_inner width=&#8221;1\/3&#8243;][vc_single_image image=&#8221;527&#8243; img_size=&#8221;full&#8221; onclick=&#8221;img_link_large&#8221; el_class=&#8221;certificates_img&#8221;][vc_custom_heading text=&#8221;ISO IATF 16949 : 2016&#8243; font_container=&#8221;tag:p|text_align:left&#8221; use_theme_fonts=&#8221;yes&#8221; el_class=&#8221;certificates_title&#8221;][\/vc_column_inner][vc_column_inner width=&#8221;1\/6&#8243;][\/vc_column_inner][\/vc_row_inner][vc_row_inner content_placement=&#8221;bottom&#8221; el_class=&#8221;certificate-sec&#8221;][vc_column_inner width=&#8221;1\/3&#8243;][vc_single_image image=&#8221;528&#8243; img_size=&#8221;full&#8221; onclick=&#8221;img_link_large&#8221; el_class=&#8221;certificates_img&#8221;][vc_custom_heading text=&#8221;PED 2014\/68\/EU&#8221; font_container=&#8221;tag:p|text_align:left&#8221; use_theme_fonts=&#8221;yes&#8221; el_class=&#8221;certificates_title&#8221;][\/vc_column_inner][vc_column_inner width=&#8221;1\/3&#8243;][vc_single_image image=&#8221;529&#8243; img_size=&#8221;full&#8221; onclick=&#8221;img_link_large&#8221; el_class=&#8221;certificates_img&#8221;][vc_custom_heading text=&#8221;AD-2000-Merkblatt W0&#8243; font_container=&#8221;tag:p|text_align:left&#8221; use_theme_fonts=&#8221;yes&#8221; el_class=&#8221;certificates_title&#8221;][\/vc_column_inner][vc_column_inner width=&#8221;1\/3&#8243;][vc_single_image image=&#8221;530&#8243; img_size=&#8221;full&#8221; onclick=&#8221;img_link_large&#8221; el_class=&#8221;certificates_img&#8221;][vc_custom_heading text=&#8221;IBR-CERTIFICATE-2016&#8243; font_container=&#8221;tag:p|text_align:left&#8221; use_theme_fonts=&#8221;yes&#8221; el_class=&#8221;certificates_title&#8221;][\/vc_column_inner][\/vc_row_inner][\/vc_column][\/vc_row][\/vc_section][vc_row][vc_column][vc_separator][\/vc_column][\/vc_row][vc_section el_class=&#8221;section-padding right-spacing&#8221;][vc_row el_class=&#8221;ourteam-row&#8221;][vc_column][vc_custom_heading text=&#8221;\u00c7EVRE DOSTU&#8221; use_theme_fonts=&#8221;yes&#8221;][vc_column_text]ALOK, %85\u2019ten fazlas\u0131 demir hurdas\u0131ndan olu\u015fan hammaddemizle, \u00e7evre dostu bir \u015firket olmaya kendini adam\u0131\u015ft\u0131r. Daha az enerji harcayarak ve hava kirlili\u011fini %80\u2019in \u00fczerinde azaltarak karbon emisyonlar\u0131m\u0131z\u0131 azaltabiliyoruz. D\u00fcnyan\u0131n d\u00f6rt bir yan\u0131ndaki sayg\u0131n tedarik\u00e7ilerden ger\u00e7ekle\u015ftirdi\u011fimiz hurda metal al\u0131m\u0131, hammaddemizde s\u0131f\u0131r radyoaktivite sa\u011flamaktad\u0131r.<\/p>\n<p>Devletin \u00f6ng\u00f6rd\u00fc\u011f\u00fc sistemlere sadece uymakla kalm\u0131yor, ayn\u0131 zamanda bunlara b\u00fcy\u00fck de\u011fer ve \u00f6nem veriyoruz. \u00d6rne\u011fin \u00e7ocuk i\u015f\u00e7i \u00c7ALI\u015eTIRMIYORUZ. Ge\u00e7erli t\u00fcm vergi ve har\u00e7lar\u0131 \u00f6d\u00fcyoruz.[\/vc_column_text][\/vc_column][\/vc_row][\/vc_section]<\/p>\n<\/div>","protected":false},"excerpt":{"rendered":"<p>[vc_row el_class=&#8221;page-banner&#8221; css=&#8221;.vc_custom_1704796203367{background-image: url(https:\/\/www.alokindia.com\/wp-content\/uploads\/2024\/01\/quality-banner.jpg?id=485) !important;}&#8221;][vc_column][\/vc_column][\/vc_row][vc_section el_class=&#8221;section-padding&#8221;][vc_row el_class=&#8221;ourproducts-row&#8221;][vc_column][vc_custom_heading text=&#8221;KALITE KONTROL&#8221; use_theme_fonts=&#8221;yes&#8221;][vc_column_text el_class=&#8221;ourproducts-text&#8221;]ALOK olarak kalite ve s\u00fcrekli iyile\u015ftirmeyi, \u015firketin politikas\u0131 ve geli\u015fiminin temeli olarak g\u00f6r\u00fcyoruz. Y\u00fcksek motivasyonlu Kalite Kontrol M\u00fchendisleri, Metal\u00fcrji ve Kimyagerlerden olu\u015fan ekibimiz, d\u00fcnya \u00e7ap\u0131ndaki m\u00fc\u015fterilerimizin taleplerini kar\u015f\u0131lamak i\u00e7in s\u00fcrekli \u00e7abalamaktad\u0131r. PED AD 2000 Merkblatt W 0 ve ISO\/TS 16949:2009 by TUV Nord akreditasyonuna sahip [&hellip;]<\/p>\n","protected":false},"author":1,"featured_media":0,"parent":0,"menu_order":0,"comment_status":"closed","ping_status":"closed","template":"","meta":{"footnotes":"","_links_to":"","_links_to_target":""},"class_list":["post-1928","page","type-page","status-publish","hentry"],"yoast_head":"<!-- This site is optimized with the Yoast SEO plugin v27.2 - https:\/\/yoast.com\/product\/yoast-seo-wordpress\/ -->\n<title>Quality Control - Alokindia<\/title>\n<meta name=\"robots\" content=\"index, follow, max-snippet:-1, max-image-preview:large, max-video-preview:-1\" \/>\n<link rel=\"canonical\" href=\"https:\/\/www.alokindia.com\/tr\/quality-control\/\" \/>\n<meta property=\"og:locale\" content=\"tr_TR\" \/>\n<meta property=\"og:type\" content=\"article\" \/>\n<meta property=\"og:title\" content=\"Quality Control - Alokindia\" \/>\n<meta property=\"og:description\" content=\"[vc_row el_class=&#8221;page-banner&#8221; css=&#8221;.vc_custom_1704796203367{background-image: url(https:\/\/www.alokindia.com\/wp-content\/uploads\/2024\/01\/quality-banner.jpg?id=485) !important;}&#8221;][vc_column][\/vc_column][\/vc_row][vc_section el_class=&#8221;section-padding&#8221;][vc_row el_class=&#8221;ourproducts-row&#8221;][vc_column][vc_custom_heading text=&#8221;KALITE KONTROL&#8221; use_theme_fonts=&#8221;yes&#8221;][vc_column_text el_class=&#8221;ourproducts-text&#8221;]ALOK olarak kalite ve s\u00fcrekli iyile\u015ftirmeyi, \u015firketin politikas\u0131 ve geli\u015fiminin temeli olarak g\u00f6r\u00fcyoruz. Y\u00fcksek motivasyonlu Kalite Kontrol M\u00fchendisleri, Metal\u00fcrji ve Kimyagerlerden olu\u015fan ekibimiz, d\u00fcnya \u00e7ap\u0131ndaki m\u00fc\u015fterilerimizin taleplerini kar\u015f\u0131lamak i\u00e7in s\u00fcrekli \u00e7abalamaktad\u0131r. PED AD 2000 Merkblatt W 0 ve ISO\/TS 16949:2009 by TUV Nord akreditasyonuna sahip [&hellip;]\" \/>\n<meta property=\"og:url\" content=\"https:\/\/www.alokindia.com\/tr\/quality-control\/\" \/>\n<meta property=\"og:site_name\" content=\"Alokindia\" \/>\n<meta property=\"article:publisher\" content=\"https:\/\/www.facebook.com\/alokingots\/\" \/>\n<meta property=\"article:modified_time\" content=\"2024-01-24T12:46:40+00:00\" \/>\n<meta name=\"twitter:card\" content=\"summary_large_image\" \/>\n<meta name=\"twitter:label1\" content=\"Tahmini okuma s\u00fcresi\" \/>\n\t<meta name=\"twitter:data1\" content=\"4 dakika\" \/>\n<script type=\"application\/ld+json\" class=\"yoast-schema-graph\">{\"@context\":\"https:\/\/schema.org\",\"@graph\":[{\"@type\":\"WebPage\",\"@id\":\"https:\/\/www.alokindia.com\/tr\/quality-control\/\",\"url\":\"https:\/\/www.alokindia.com\/tr\/quality-control\/\",\"name\":\"Quality Control - Alokindia\",\"isPartOf\":{\"@id\":\"https:\/\/www.alokindia.com\/pl\/#website\"},\"datePublished\":\"2024-01-03T06:16:17+00:00\",\"dateModified\":\"2024-01-24T12:46:40+00:00\",\"breadcrumb\":{\"@id\":\"https:\/\/www.alokindia.com\/tr\/quality-control\/#breadcrumb\"},\"inLanguage\":\"tr\",\"potentialAction\":[{\"@type\":\"ReadAction\",\"target\":[\"https:\/\/www.alokindia.com\/tr\/quality-control\/\"]}]},{\"@type\":\"BreadcrumbList\",\"@id\":\"https:\/\/www.alokindia.com\/tr\/quality-control\/#breadcrumb\",\"itemListElement\":[{\"@type\":\"ListItem\",\"position\":1,\"name\":\"Home\",\"item\":\"https:\/\/www.alokindia.com\/tr\/\"},{\"@type\":\"ListItem\",\"position\":2,\"name\":\"Quality Control\"}]},{\"@type\":\"WebSite\",\"@id\":\"https:\/\/www.alokindia.com\/pl\/#website\",\"url\":\"https:\/\/www.alokindia.com\/pl\/\",\"name\":\"Alok India\",\"description\":\"\",\"publisher\":{\"@id\":\"https:\/\/www.alokindia.com\/pl\/#organization\"},\"potentialAction\":[{\"@type\":\"SearchAction\",\"target\":{\"@type\":\"EntryPoint\",\"urlTemplate\":\"https:\/\/www.alokindia.com\/pl\/?s={search_term_string}\"},\"query-input\":{\"@type\":\"PropertyValueSpecification\",\"valueRequired\":true,\"valueName\":\"search_term_string\"}}],\"inLanguage\":\"tr\"},{\"@type\":\"Organization\",\"@id\":\"https:\/\/www.alokindia.com\/pl\/#organization\",\"name\":\"Alok India Steels\",\"url\":\"https:\/\/www.alokindia.com\/pl\/\",\"logo\":{\"@type\":\"ImageObject\",\"inLanguage\":\"tr\",\"@id\":\"https:\/\/www.alokindia.com\/pl\/#\/schema\/logo\/image\/\",\"url\":\"https:\/\/www.alokindia.com\/wp-content\/uploads\/2024\/01\/logo_red.png\",\"contentUrl\":\"https:\/\/www.alokindia.com\/wp-content\/uploads\/2024\/01\/logo_red.png\",\"width\":170,\"height\":75,\"caption\":\"Alok India Steels\"},\"image\":{\"@id\":\"https:\/\/www.alokindia.com\/pl\/#\/schema\/logo\/image\/\"},\"sameAs\":[\"https:\/\/www.facebook.com\/alokingots\/\",\"https:\/\/www.linkedin.com\/company\/alok-ingots-mumbai-private-limited\/\",\"https:\/\/youtube.com\/@aloksteels\"]}]}<\/script>\n<!-- \/ Yoast SEO plugin. -->","yoast_head_json":{"title":"Quality Control - Alokindia","robots":{"index":"index","follow":"follow","max-snippet":"max-snippet:-1","max-image-preview":"max-image-preview:large","max-video-preview":"max-video-preview:-1"},"canonical":"https:\/\/www.alokindia.com\/tr\/quality-control\/","og_locale":"tr_TR","og_type":"article","og_title":"Quality Control - Alokindia","og_description":"[vc_row el_class=&#8221;page-banner&#8221; css=&#8221;.vc_custom_1704796203367{background-image: url(https:\/\/www.alokindia.com\/wp-content\/uploads\/2024\/01\/quality-banner.jpg?id=485) !important;}&#8221;][vc_column][\/vc_column][\/vc_row][vc_section el_class=&#8221;section-padding&#8221;][vc_row el_class=&#8221;ourproducts-row&#8221;][vc_column][vc_custom_heading text=&#8221;KALITE KONTROL&#8221; use_theme_fonts=&#8221;yes&#8221;][vc_column_text el_class=&#8221;ourproducts-text&#8221;]ALOK olarak kalite ve s\u00fcrekli iyile\u015ftirmeyi, \u015firketin politikas\u0131 ve geli\u015fiminin temeli olarak g\u00f6r\u00fcyoruz. Y\u00fcksek motivasyonlu Kalite Kontrol M\u00fchendisleri, Metal\u00fcrji ve Kimyagerlerden olu\u015fan ekibimiz, d\u00fcnya \u00e7ap\u0131ndaki m\u00fc\u015fterilerimizin taleplerini kar\u015f\u0131lamak i\u00e7in s\u00fcrekli \u00e7abalamaktad\u0131r. PED AD 2000 Merkblatt W 0 ve ISO\/TS 16949:2009 by TUV Nord akreditasyonuna sahip [&hellip;]","og_url":"https:\/\/www.alokindia.com\/tr\/quality-control\/","og_site_name":"Alokindia","article_publisher":"https:\/\/www.facebook.com\/alokingots\/","article_modified_time":"2024-01-24T12:46:40+00:00","twitter_card":"summary_large_image","twitter_misc":{"Tahmini okuma s\u00fcresi":"4 dakika"},"schema":{"@context":"https:\/\/schema.org","@graph":[{"@type":"WebPage","@id":"https:\/\/www.alokindia.com\/tr\/quality-control\/","url":"https:\/\/www.alokindia.com\/tr\/quality-control\/","name":"Quality Control - Alokindia","isPartOf":{"@id":"https:\/\/www.alokindia.com\/pl\/#website"},"datePublished":"2024-01-03T06:16:17+00:00","dateModified":"2024-01-24T12:46:40+00:00","breadcrumb":{"@id":"https:\/\/www.alokindia.com\/tr\/quality-control\/#breadcrumb"},"inLanguage":"tr","potentialAction":[{"@type":"ReadAction","target":["https:\/\/www.alokindia.com\/tr\/quality-control\/"]}]},{"@type":"BreadcrumbList","@id":"https:\/\/www.alokindia.com\/tr\/quality-control\/#breadcrumb","itemListElement":[{"@type":"ListItem","position":1,"name":"Home","item":"https:\/\/www.alokindia.com\/tr\/"},{"@type":"ListItem","position":2,"name":"Quality Control"}]},{"@type":"WebSite","@id":"https:\/\/www.alokindia.com\/pl\/#website","url":"https:\/\/www.alokindia.com\/pl\/","name":"Alok India","description":"","publisher":{"@id":"https:\/\/www.alokindia.com\/pl\/#organization"},"potentialAction":[{"@type":"SearchAction","target":{"@type":"EntryPoint","urlTemplate":"https:\/\/www.alokindia.com\/pl\/?s={search_term_string}"},"query-input":{"@type":"PropertyValueSpecification","valueRequired":true,"valueName":"search_term_string"}}],"inLanguage":"tr"},{"@type":"Organization","@id":"https:\/\/www.alokindia.com\/pl\/#organization","name":"Alok India Steels","url":"https:\/\/www.alokindia.com\/pl\/","logo":{"@type":"ImageObject","inLanguage":"tr","@id":"https:\/\/www.alokindia.com\/pl\/#\/schema\/logo\/image\/","url":"https:\/\/www.alokindia.com\/wp-content\/uploads\/2024\/01\/logo_red.png","contentUrl":"https:\/\/www.alokindia.com\/wp-content\/uploads\/2024\/01\/logo_red.png","width":170,"height":75,"caption":"Alok India Steels"},"image":{"@id":"https:\/\/www.alokindia.com\/pl\/#\/schema\/logo\/image\/"},"sameAs":["https:\/\/www.facebook.com\/alokingots\/","https:\/\/www.linkedin.com\/company\/alok-ingots-mumbai-private-limited\/","https:\/\/youtube.com\/@aloksteels"]}]}},"_links":{"self":[{"href":"https:\/\/www.alokindia.com\/tr\/wp-json\/wp\/v2\/pages\/1928","targetHints":{"allow":["GET"]}}],"collection":[{"href":"https:\/\/www.alokindia.com\/tr\/wp-json\/wp\/v2\/pages"}],"about":[{"href":"https:\/\/www.alokindia.com\/tr\/wp-json\/wp\/v2\/types\/page"}],"author":[{"embeddable":true,"href":"https:\/\/www.alokindia.com\/tr\/wp-json\/wp\/v2\/users\/1"}],"replies":[{"embeddable":true,"href":"https:\/\/www.alokindia.com\/tr\/wp-json\/wp\/v2\/comments?post=1928"}],"version-history":[{"count":0,"href":"https:\/\/www.alokindia.com\/tr\/wp-json\/wp\/v2\/pages\/1928\/revisions"}],"wp:attachment":[{"href":"https:\/\/www.alokindia.com\/tr\/wp-json\/wp\/v2\/media?parent=1928"}],"curies":[{"name":"wp","href":"https:\/\/api.w.org\/{rel}","templated":true}]}}