{"id":1920,"date":"2024-01-03T06:15:30","date_gmt":"2024-01-03T06:15:30","guid":{"rendered":"https:\/\/www.alokindia.com\/about\/"},"modified":"2024-01-16T08:34:07","modified_gmt":"2024-01-16T08:34:07","slug":"about","status":"publish","type":"page","link":"https:\/\/www.alokindia.com\/tr\/about\/","title":{"rendered":"About"},"content":{"rendered":"<div class=\"wpb-content-wrapper\"><p>[vc_row el_class=&#8221;page-banner&#8221; css=&#8221;.vc_custom_1704709260639{background-image: url(https:\/\/www.alokindia.com\/wp-content\/uploads\/2024\/01\/about-banner-1.jpg?id=260) !important;}&#8221;][vc_column][\/vc_column][\/vc_row][vc_section el_class=&#8221;section-padding&#8221;][vc_row el_class=&#8221;whoweare-row&#8221;][vc_column][vc_custom_heading text=&#8221;BIZ KIMIZ?&#8221; use_theme_fonts=&#8221;yes&#8221;][vc_column_text el_class=&#8221;whoweare-text&#8221;]ALOK INGOTS, 2005 y\u0131l\u0131nda Hindistan\u2019da \u00e7elik \u00fcretiminde devrim yaratabileceklerine inanan hevesli giri\u015fimcilerden olu\u015fan bir ekip taraf\u0131ndan kuruldu. Ba\u015flang\u0131\u00e7ta k\u00fc\u00e7\u00fck bir aile \u015firketi olan ALOK, art\u0131k \u00d6zel, Ala\u015f\u0131m ve Paslanmaz \u00c7elik alan\u0131nda, k\u00fcresel \u00e7elik taleplerini kar\u015f\u0131layabilen y\u00fckselen bir g\u00fc\u00e7t\u00fcr. \u015eirket, Hindistan\u2019daki en verimli ve uygun maliyetli \u00e7elik \u00fcreticilerinden biri haline gelmi\u015ftir. Hindistan\u2019\u0131n en b\u00fcy\u00fck kurulu\u015flar\u0131 ve makine at\u00f6lyelerinden baz\u0131lar\u0131yla \u00e7al\u0131\u015farak deneyim kazanan teknik uzmanlar, etkile\u015fimli bir ekip olarak aral\u0131ks\u0131z \u00e7al\u0131\u015f\u0131yor ve m\u00fckemmelli\u011fe ula\u015fmak i\u00e7in uzmanl\u0131klar\u0131n\u0131 bir havuzda topluyor.<\/p>\n<p>ALOK, k\u0131sa bir s\u00fcre i\u00e7inde kaliteyle e\u015f anlaml\u0131 bir marka olarak kendini kan\u0131tlam\u0131\u015ft\u0131r. S\u00fcrekli \u00f6\u011frenme ve yenili\u011fe odaklanan ve her bir m\u00fc\u015fteriyle kal\u0131c\u0131 ortakl\u0131klar kurmaya inanan gen\u00e7 ve enerjik bir \u015firkettir.[\/vc_column_text][vc_row_inner equal_height=&#8221;yes&#8221; content_placement=&#8221;middle&#8221; el_class=&#8221;whoweare-innerrow&#8221;][vc_column_inner width=&#8221;1\/2&#8243;][vc_column_text]<\/p>\n<h2><small>\u201cBa\u015farman\u0131n ilk ad\u0131m\u0131\u00a0<\/small>\u2018Ba\u015flamakt\u0131r\u2019,<\/h2>\n<h2><small>Ba\u015flaman\u0131n ilk ad\u0131m\u0131<\/small>\u00a0\u2018Hayal Etmektir\u2019.\u201d<\/h2>\n<p>[\/vc_column_text][\/vc_column_inner][vc_column_inner width=&#8221;1\/2&#8243;][vc_single_image image=&#8221;262&#8243; img_size=&#8221;full&#8221;][\/vc_column_inner][\/vc_row_inner][\/vc_column][\/vc_row][\/vc_section][vc_row][vc_column][vc_separator][\/vc_column][\/vc_row][vc_section el_class=&#8221;section-padding&#8221;][vc_row el_class=&#8221;ourteam-row&#8221;][vc_column][vc_custom_heading text=&#8221;Y\u00d6NETIM EKIBIMIZ&#8221; use_theme_fonts=&#8221;yes&#8221;][vc_column_text]<\/p>\n<h4>\u201cHerkes hayal eder ama \u00e7ok az\u0131 hayallerini ger\u00e7e\u011fe d\u00f6n\u00fc\u015ft\u00fcr\u00fcr.\u201d<\/h4>\n<p>[\/vc_column_text][\/vc_column][\/vc_row][\/vc_section][vc_row el_class=&#8221;member-row&#8221;][vc_column width=&#8221;1\/3&#8243; el_class=&#8221;empty-col&#8221;][\/vc_column][vc_column width=&#8221;1\/3&#8243;][vc_column_text]<\/p>\n<h4><strong>BAY ASHOK GARODIA<\/strong><\/h4>\n<h5>Genel M\u00fcd\u00fcr<\/h5>\n<p>[\/vc_column_text][\/vc_column][vc_column width=&#8221;1\/3&#8243; el_class=&#8221;empty-col&#8221;][\/vc_column][\/vc_row][vc_row el_class=&#8221;member-row&#8221;][vc_column width=&#8221;1\/3&#8243;][vc_column_text]<\/p>\n<h4><strong>BAY DILIP GARODIA<\/strong><\/h4>\n<h5>Direkt\u00f6r<\/h5>\n<p>[\/vc_column_text][\/vc_column][vc_column width=&#8221;1\/3&#8243;][vc_column_text]<\/p>\n<h4><strong>BAY ALOK GARODIA<\/strong><\/h4>\n<h5>Y\u00f6netici M\u00fcd\u00fcr<\/h5>\n<p>[\/vc_column_text][\/vc_column][vc_column width=&#8221;1\/3&#8243;][vc_column_text]<\/p>\n<h4><strong>BAY B. NATARAJAN<\/strong><\/h4>\n<h5>Teknik M\u00fcd\u00fcr<\/h5>\n<p>[\/vc_column_text][\/vc_column][\/vc_row][vc_row][vc_column][vc_separator][\/vc_column][\/vc_row][vc_section el_class=&#8221;section-padding&#8221;][vc_row el_class=&#8221;vision-row&#8221;][vc_column][vc_custom_heading text=&#8221;VIZYONUMUZ&#8221; use_theme_fonts=&#8221;yes&#8221;][vc_column_text]Tutarl\u0131l\u0131\u011f\u0131m\u0131zdan \u00f6d\u00fcn vermeden, global \u00f6l\u00e7ekte birinci s\u0131n\u0131f bir \u00e7elik tedarik\u00e7isi olmak.[\/vc_column_text][\/vc_column][\/vc_row][\/vc_section][vc_row][vc_column][vc_separator][\/vc_column][\/vc_row][vc_section el_class=&#8221;section-padding&#8221;][vc_row el_class=&#8221;mission-row&#8221;][vc_column][vc_custom_heading text=&#8221;MISYONUMUZ&#8221; use_theme_fonts=&#8221;yes&#8221;][vc_column_text]\u00c7al\u0131\u015fanlar\u0131m\u0131z\u0131n tutkuyla tam kat\u0131l\u0131m\u0131 i\u00e7in yarat\u0131c\u0131l\u0131\u011f\u0131 te\u015fvik ederek, onlar\u0131 e\u011fitmek ve geli\u015ftirmek. \u0130\u015flerinden keyif almalar\u0131n\u0131 sa\u011flayarak m\u00fc\u015fterilere m\u00fckemmel kalitede \u00fcr\u00fcnler tedarik etmek ve b\u00f6ylece i\u015fimize de\u011fer katmak ve tam m\u00fc\u015fteri memnuniyetini sa\u011flamak.[\/vc_column_text][\/vc_column][\/vc_row][\/vc_section][vc_row][vc_column][vc_separator][\/vc_column][\/vc_row][vc_section el_class=&#8221;section-padding&#8221;][vc_row el_class=&#8221;safety-row&#8221;][vc_column][vc_custom_heading text=&#8221;G\u00dcVENLIK&#8221; use_theme_fonts=&#8221;yes&#8221;][vc_column_text]ALOK, i\u015f g\u00fcc\u00fc ve \u00e7evre g\u00fcvenli\u011fine b\u00fcy\u00fck \u00f6nem vermektedir. \u00c7al\u0131\u015fanlar\u0131m\u0131z\u0131n g\u00fcvenli\u011finin sa\u011flanmas\u0131nda optimum \u00f6zen g\u00f6sterilmesini sa\u011flamak amac\u0131yla, \u015fu anda OHSAS 18001:2007 sertifikasyon s\u00fcrecindeyiz. 7\/24 g\u00fcvenlik ve her \u00f6nemli k\u00f6\u015fede bulunan CCTV sistemi ile s\u00fcrekli g\u00fcvenlik sa\u011flanmaktad\u0131r. \u00c7e\u015fitli yerlerde \u2018\u00f6nce g\u00fcvenlik, sonra i\u015f\u2019 slogan\u0131n\u0131n \u00f6nemini bildiren g\u00fcvenlik afi\u015fleri bulunmaktad\u0131r. At\u00f6lyeden s\u0131cak hava tahliye eden dev hava vantilat\u00f6rleri, kirlilik kontrol bacas\u0131 ve di\u011fer \u00f6nlemler ile \u00e7al\u0131\u015fanlar\u0131n g\u00fcvenli\u011fiyle ilgili t\u00fcm ad\u0131mlar at\u0131lmaktad\u0131r.<\/p>\n<p>ALOK\u2019un ticari faaliyetleri, sosyal kat\u0131l\u0131m\u0131m\u0131z\u0131n yan\u0131 s\u0131ra kalite, i\u015f g\u00fcvenli\u011fi, \u00e7evre, kural ve d\u00fczenlemelere uygunluk ile ilgili kabul edilmi\u015f standartlara dayanmaktad\u0131r.[\/vc_column_text][\/vc_column][\/vc_row][\/vc_section]<\/p>\n<\/div>","protected":false},"excerpt":{"rendered":"<p>[vc_row el_class=&#8221;page-banner&#8221; css=&#8221;.vc_custom_1704709260639{background-image: url(https:\/\/www.alokindia.com\/wp-content\/uploads\/2024\/01\/about-banner-1.jpg?id=260) !important;}&#8221;][vc_column][\/vc_column][\/vc_row][vc_section el_class=&#8221;section-padding&#8221;][vc_row el_class=&#8221;whoweare-row&#8221;][vc_column][vc_custom_heading text=&#8221;BIZ KIMIZ?&#8221; use_theme_fonts=&#8221;yes&#8221;][vc_column_text el_class=&#8221;whoweare-text&#8221;]ALOK INGOTS, 2005 y\u0131l\u0131nda Hindistan\u2019da \u00e7elik \u00fcretiminde devrim yaratabileceklerine inanan hevesli giri\u015fimcilerden olu\u015fan bir ekip taraf\u0131ndan kuruldu. Ba\u015flang\u0131\u00e7ta k\u00fc\u00e7\u00fck bir aile \u015firketi olan ALOK, art\u0131k \u00d6zel, Ala\u015f\u0131m ve Paslanmaz \u00c7elik alan\u0131nda, k\u00fcresel \u00e7elik taleplerini kar\u015f\u0131layabilen y\u00fckselen bir g\u00fc\u00e7t\u00fcr. \u015eirket, Hindistan\u2019daki en verimli ve uygun maliyetli [&hellip;]<\/p>\n","protected":false},"author":1,"featured_media":0,"parent":0,"menu_order":0,"comment_status":"closed","ping_status":"closed","template":"","meta":{"footnotes":"","_links_to":"","_links_to_target":""},"class_list":["post-1920","page","type-page","status-publish","hentry"],"yoast_head":"<!-- This site is optimized with the Yoast SEO plugin v27.2 - https:\/\/yoast.com\/product\/yoast-seo-wordpress\/ -->\n<title>About - Alokindia<\/title>\n<meta name=\"robots\" content=\"index, follow, max-snippet:-1, max-image-preview:large, max-video-preview:-1\" \/>\n<link rel=\"canonical\" href=\"https:\/\/www.alokindia.com\/tr\/about\/\" \/>\n<meta property=\"og:locale\" content=\"tr_TR\" \/>\n<meta property=\"og:type\" content=\"article\" \/>\n<meta property=\"og:title\" content=\"About - Alokindia\" \/>\n<meta property=\"og:description\" content=\"[vc_row el_class=&#8221;page-banner&#8221; css=&#8221;.vc_custom_1704709260639{background-image: url(https:\/\/www.alokindia.com\/wp-content\/uploads\/2024\/01\/about-banner-1.jpg?id=260) !important;}&#8221;][vc_column][\/vc_column][\/vc_row][vc_section el_class=&#8221;section-padding&#8221;][vc_row el_class=&#8221;whoweare-row&#8221;][vc_column][vc_custom_heading text=&#8221;BIZ KIMIZ?&#8221; use_theme_fonts=&#8221;yes&#8221;][vc_column_text el_class=&#8221;whoweare-text&#8221;]ALOK INGOTS, 2005 y\u0131l\u0131nda Hindistan\u2019da \u00e7elik \u00fcretiminde devrim yaratabileceklerine inanan hevesli giri\u015fimcilerden olu\u015fan bir ekip taraf\u0131ndan kuruldu. Ba\u015flang\u0131\u00e7ta k\u00fc\u00e7\u00fck bir aile \u015firketi olan ALOK, art\u0131k \u00d6zel, Ala\u015f\u0131m ve Paslanmaz \u00c7elik alan\u0131nda, k\u00fcresel \u00e7elik taleplerini kar\u015f\u0131layabilen y\u00fckselen bir g\u00fc\u00e7t\u00fcr. \u015eirket, Hindistan\u2019daki en verimli ve uygun maliyetli [&hellip;]\" \/>\n<meta property=\"og:url\" content=\"https:\/\/www.alokindia.com\/tr\/about\/\" \/>\n<meta property=\"og:site_name\" content=\"Alokindia\" \/>\n<meta property=\"article:publisher\" content=\"https:\/\/www.facebook.com\/alokingots\/\" \/>\n<meta property=\"article:modified_time\" content=\"2024-01-16T08:34:07+00:00\" \/>\n<meta name=\"twitter:card\" content=\"summary_large_image\" \/>\n<meta name=\"twitter:label1\" content=\"Tahmini okuma s\u00fcresi\" \/>\n\t<meta name=\"twitter:data1\" content=\"4 dakika\" \/>\n<script type=\"application\/ld+json\" class=\"yoast-schema-graph\">{\"@context\":\"https:\/\/schema.org\",\"@graph\":[{\"@type\":\"WebPage\",\"@id\":\"https:\/\/www.alokindia.com\/tr\/about\/\",\"url\":\"https:\/\/www.alokindia.com\/tr\/about\/\",\"name\":\"About - Alokindia\",\"isPartOf\":{\"@id\":\"https:\/\/www.alokindia.com\/pl\/#website\"},\"datePublished\":\"2024-01-03T06:15:30+00:00\",\"dateModified\":\"2024-01-16T08:34:07+00:00\",\"breadcrumb\":{\"@id\":\"https:\/\/www.alokindia.com\/tr\/about\/#breadcrumb\"},\"inLanguage\":\"tr\",\"potentialAction\":[{\"@type\":\"ReadAction\",\"target\":[\"https:\/\/www.alokindia.com\/tr\/about\/\"]}]},{\"@type\":\"BreadcrumbList\",\"@id\":\"https:\/\/www.alokindia.com\/tr\/about\/#breadcrumb\",\"itemListElement\":[{\"@type\":\"ListItem\",\"position\":1,\"name\":\"Home\",\"item\":\"https:\/\/www.alokindia.com\/tr\/\"},{\"@type\":\"ListItem\",\"position\":2,\"name\":\"About\"}]},{\"@type\":\"WebSite\",\"@id\":\"https:\/\/www.alokindia.com\/pl\/#website\",\"url\":\"https:\/\/www.alokindia.com\/pl\/\",\"name\":\"Alok India\",\"description\":\"\",\"publisher\":{\"@id\":\"https:\/\/www.alokindia.com\/pl\/#organization\"},\"potentialAction\":[{\"@type\":\"SearchAction\",\"target\":{\"@type\":\"EntryPoint\",\"urlTemplate\":\"https:\/\/www.alokindia.com\/pl\/?s={search_term_string}\"},\"query-input\":{\"@type\":\"PropertyValueSpecification\",\"valueRequired\":true,\"valueName\":\"search_term_string\"}}],\"inLanguage\":\"tr\"},{\"@type\":\"Organization\",\"@id\":\"https:\/\/www.alokindia.com\/pl\/#organization\",\"name\":\"Alok India Steels\",\"url\":\"https:\/\/www.alokindia.com\/pl\/\",\"logo\":{\"@type\":\"ImageObject\",\"inLanguage\":\"tr\",\"@id\":\"https:\/\/www.alokindia.com\/pl\/#\/schema\/logo\/image\/\",\"url\":\"https:\/\/www.alokindia.com\/wp-content\/uploads\/2024\/01\/logo_red.png\",\"contentUrl\":\"https:\/\/www.alokindia.com\/wp-content\/uploads\/2024\/01\/logo_red.png\",\"width\":170,\"height\":75,\"caption\":\"Alok India Steels\"},\"image\":{\"@id\":\"https:\/\/www.alokindia.com\/pl\/#\/schema\/logo\/image\/\"},\"sameAs\":[\"https:\/\/www.facebook.com\/alokingots\/\",\"https:\/\/www.linkedin.com\/company\/alok-ingots-mumbai-private-limited\/\",\"https:\/\/youtube.com\/@aloksteels\"]}]}<\/script>\n<!-- \/ Yoast SEO plugin. -->","yoast_head_json":{"title":"About - Alokindia","robots":{"index":"index","follow":"follow","max-snippet":"max-snippet:-1","max-image-preview":"max-image-preview:large","max-video-preview":"max-video-preview:-1"},"canonical":"https:\/\/www.alokindia.com\/tr\/about\/","og_locale":"tr_TR","og_type":"article","og_title":"About - Alokindia","og_description":"[vc_row el_class=&#8221;page-banner&#8221; css=&#8221;.vc_custom_1704709260639{background-image: url(https:\/\/www.alokindia.com\/wp-content\/uploads\/2024\/01\/about-banner-1.jpg?id=260) !important;}&#8221;][vc_column][\/vc_column][\/vc_row][vc_section el_class=&#8221;section-padding&#8221;][vc_row el_class=&#8221;whoweare-row&#8221;][vc_column][vc_custom_heading text=&#8221;BIZ KIMIZ?&#8221; use_theme_fonts=&#8221;yes&#8221;][vc_column_text el_class=&#8221;whoweare-text&#8221;]ALOK INGOTS, 2005 y\u0131l\u0131nda Hindistan\u2019da \u00e7elik \u00fcretiminde devrim yaratabileceklerine inanan hevesli giri\u015fimcilerden olu\u015fan bir ekip taraf\u0131ndan kuruldu. Ba\u015flang\u0131\u00e7ta k\u00fc\u00e7\u00fck bir aile \u015firketi olan ALOK, art\u0131k \u00d6zel, Ala\u015f\u0131m ve Paslanmaz \u00c7elik alan\u0131nda, k\u00fcresel \u00e7elik taleplerini kar\u015f\u0131layabilen y\u00fckselen bir g\u00fc\u00e7t\u00fcr. \u015eirket, Hindistan\u2019daki en verimli ve uygun maliyetli [&hellip;]","og_url":"https:\/\/www.alokindia.com\/tr\/about\/","og_site_name":"Alokindia","article_publisher":"https:\/\/www.facebook.com\/alokingots\/","article_modified_time":"2024-01-16T08:34:07+00:00","twitter_card":"summary_large_image","twitter_misc":{"Tahmini okuma s\u00fcresi":"4 dakika"},"schema":{"@context":"https:\/\/schema.org","@graph":[{"@type":"WebPage","@id":"https:\/\/www.alokindia.com\/tr\/about\/","url":"https:\/\/www.alokindia.com\/tr\/about\/","name":"About - Alokindia","isPartOf":{"@id":"https:\/\/www.alokindia.com\/pl\/#website"},"datePublished":"2024-01-03T06:15:30+00:00","dateModified":"2024-01-16T08:34:07+00:00","breadcrumb":{"@id":"https:\/\/www.alokindia.com\/tr\/about\/#breadcrumb"},"inLanguage":"tr","potentialAction":[{"@type":"ReadAction","target":["https:\/\/www.alokindia.com\/tr\/about\/"]}]},{"@type":"BreadcrumbList","@id":"https:\/\/www.alokindia.com\/tr\/about\/#breadcrumb","itemListElement":[{"@type":"ListItem","position":1,"name":"Home","item":"https:\/\/www.alokindia.com\/tr\/"},{"@type":"ListItem","position":2,"name":"About"}]},{"@type":"WebSite","@id":"https:\/\/www.alokindia.com\/pl\/#website","url":"https:\/\/www.alokindia.com\/pl\/","name":"Alok India","description":"","publisher":{"@id":"https:\/\/www.alokindia.com\/pl\/#organization"},"potentialAction":[{"@type":"SearchAction","target":{"@type":"EntryPoint","urlTemplate":"https:\/\/www.alokindia.com\/pl\/?s={search_term_string}"},"query-input":{"@type":"PropertyValueSpecification","valueRequired":true,"valueName":"search_term_string"}}],"inLanguage":"tr"},{"@type":"Organization","@id":"https:\/\/www.alokindia.com\/pl\/#organization","name":"Alok India Steels","url":"https:\/\/www.alokindia.com\/pl\/","logo":{"@type":"ImageObject","inLanguage":"tr","@id":"https:\/\/www.alokindia.com\/pl\/#\/schema\/logo\/image\/","url":"https:\/\/www.alokindia.com\/wp-content\/uploads\/2024\/01\/logo_red.png","contentUrl":"https:\/\/www.alokindia.com\/wp-content\/uploads\/2024\/01\/logo_red.png","width":170,"height":75,"caption":"Alok India Steels"},"image":{"@id":"https:\/\/www.alokindia.com\/pl\/#\/schema\/logo\/image\/"},"sameAs":["https:\/\/www.facebook.com\/alokingots\/","https:\/\/www.linkedin.com\/company\/alok-ingots-mumbai-private-limited\/","https:\/\/youtube.com\/@aloksteels"]}]}},"_links":{"self":[{"href":"https:\/\/www.alokindia.com\/tr\/wp-json\/wp\/v2\/pages\/1920","targetHints":{"allow":["GET"]}}],"collection":[{"href":"https:\/\/www.alokindia.com\/tr\/wp-json\/wp\/v2\/pages"}],"about":[{"href":"https:\/\/www.alokindia.com\/tr\/wp-json\/wp\/v2\/types\/page"}],"author":[{"embeddable":true,"href":"https:\/\/www.alokindia.com\/tr\/wp-json\/wp\/v2\/users\/1"}],"replies":[{"embeddable":true,"href":"https:\/\/www.alokindia.com\/tr\/wp-json\/wp\/v2\/comments?post=1920"}],"version-history":[{"count":0,"href":"https:\/\/www.alokindia.com\/tr\/wp-json\/wp\/v2\/pages\/1920\/revisions"}],"wp:attachment":[{"href":"https:\/\/www.alokindia.com\/tr\/wp-json\/wp\/v2\/media?parent=1920"}],"curies":[{"name":"wp","href":"https:\/\/api.w.org\/{rel}","templated":true}]}}