{"id":4146,"date":"2024-01-03T06:15:46","date_gmt":"2024-01-03T06:15:46","guid":{"rendered":"https:\/\/www.alokindia.com\/products\/"},"modified":"2024-01-24T05:13:29","modified_gmt":"2024-01-24T05:13:29","slug":"products","status":"publish","type":"page","link":"https:\/\/www.alokindia.com\/pt-pt\/products\/","title":{"rendered":"Products"},"content":{"rendered":"<div class=\"wpb-content-wrapper\"><p>[vc_row el_class=&#8221;page-banner&#8221; css=&#8221;.vc_custom_1704709275719{background-image: url(https:\/\/www.alokindia.com\/wp-content\/uploads\/2024\/01\/product-banner.jpg?id=302) !important;}&#8221;][vc_column][\/vc_column][\/vc_row][vc_section el_class=&#8221;section-padding&#8221;][vc_row el_class=&#8221;ourproducts-row&#8221;][vc_column][vc_custom_heading text=&#8221;NOSSOS PRODUTOS&#8221; use_theme_fonts=&#8221;yes&#8221;][vc_column_text el_class=&#8221;ourproducts-text&#8221;]A equipe da Alok Ingot compreende de um grupo de pessoas talentosas, cuja per\u00edcia coletiva, experi\u00eancia e dedica\u00e7\u00e3o \u00e0 perfei\u00e7\u00e3o lhes d\u00e1 uma vantagem sobre os seus competidores. Al\u00e9m do conhecimento t\u00e9cnico, a equipe est\u00e1 totalmente familiarizada com as mais recentes exig\u00eancias e tend\u00eancias na arena global de a\u00e7o.<\/p>\n<p>Na Alok Ingots, o processo de identifica\u00e7\u00e3o do produto come\u00e7a desde o consumidor e flui ao processo de produ\u00e7\u00e3o. As solu\u00e7\u00f5es que oferecemos s\u00e3o baseadas em uma an\u00e1lise cuidadosa das necessidades individuais de cada cliente.[\/vc_column_text][vc_row_inner equal_height=&#8221;yes&#8221; content_placement=&#8221;middle&#8221; el_class=&#8221;ourproducts-innerrow&#8221;][vc_column_inner width=&#8221;1\/2&#8243;][vc_column_text]<\/p>\n<h2>\u201c<small>As pessoas n\u00e3o s\u00e3o conhecidas por <\/small><span class=\"uppercase\">SEUS SONHOS,<\/span><small>mas s\u00e3o conhecidas por sua determina\u00e7\u00e3o em levar-los a cabo.<\/small>\u201d<\/h2>\n<p>[\/vc_column_text][\/vc_column_inner][vc_column_inner width=&#8221;1\/2&#8243;][vc_single_image image=&#8221;304&#8243; img_size=&#8221;full&#8221;][\/vc_column_inner][\/vc_row_inner][\/vc_column][\/vc_row][\/vc_section][vc_row][vc_column][vc_separator][\/vc_column][\/vc_row][vc_section el_class=&#8221;section-padding right-spacing&#8221;][vc_row el_class=&#8221;ourteam-row&#8221;][vc_column][vc_custom_heading text=&#8221;IND\u00daSTRIAS ATENDIDAS&#8221; use_theme_fonts=&#8221;yes&#8221;][vc_column_text]<\/p>\n<h4>Os clientes satisfeitos incluem companhias l\u00edderes da ind\u00fastria de uma s\u00e9rie de ind\u00fastrias na \u00cdndia e em todo o mundo, tais como:<\/h4>\n<p>[\/vc_column_text][\/vc_column][\/vc_row][vc_row el_class=&#8221;service-row&#8221;][vc_column width=&#8221;1\/4&#8243;][vc_single_image image=&#8221;305&#8243; img_size=&#8221;full&#8221; title=&#8221;Constru\u00e7\u00e3o \/ Minera\u00e7\u00e3o&#8221;][\/vc_column][vc_column width=&#8221;1\/4&#8243;][vc_single_image image=&#8221;306&#8243; img_size=&#8221;full&#8221; title=&#8221;Forjamento&#8221;][\/vc_column][vc_column width=&#8221;1\/4&#8243;][vc_single_image image=&#8221;307&#8243; img_size=&#8221;full&#8221; title=&#8221;Petr\u00f3leo e G\u00e1s&#8221;][\/vc_column][vc_column width=&#8221;1\/4&#8243;][vc_single_image image=&#8221;308&#8243; img_size=&#8221;full&#8221; title=&#8221;Automotivo&#8221;][\/vc_column][\/vc_row][vc_row el_class=&#8221;service-row&#8221;][vc_column width=&#8221;1\/4&#8243;][vc_single_image image=&#8221;309&#8243; img_size=&#8221;full&#8221; title=&#8221;Engenharia&#8221;][\/vc_column][vc_column width=&#8221;1\/4&#8243;][vc_single_image image=&#8221;310&#8243; img_size=&#8221;full&#8221; title=&#8221;A\u00e7o Ferramenta&#8221;][\/vc_column][vc_column width=&#8221;1\/4&#8243;][vc_single_image image=&#8221;311&#8243; img_size=&#8221;full&#8221; title=&#8221;Fixadores&#8221;][\/vc_column][vc_column width=&#8221;1\/4&#8243;][vc_single_image image=&#8221;312&#8243; img_size=&#8221;full&#8221; title=&#8221;Gera\u00e7\u00e3o de energia&#8221;][\/vc_column][\/vc_row][vc_row el_class=&#8221;service-row&#8221;][vc_column width=&#8221;1\/4&#8243;][vc_single_image image=&#8221;313&#8243; img_size=&#8221;full&#8221; title=&#8221;Eixos de bomba&#8221;][\/vc_column][vc_column width=&#8221;1\/4&#8243;][vc_single_image image=&#8221;314&#8243; img_size=&#8221;full&#8221; title=&#8221;Eixos de barco&#8221;][\/vc_column][vc_column width=&#8221;1\/4&#8243;][vc_single_image image=&#8221;315&#8243; img_size=&#8221;full&#8221; title=&#8221;Turbinas e\u00f3licas&#8221;][\/vc_column][vc_column width=&#8221;1\/4&#8243;][vc_single_image image=&#8221;316&#8243; img_size=&#8221;full&#8221; title=&#8221;Cilindro hidr\u00e1ulico&#8221;][\/vc_column][\/vc_row][\/vc_section][vc_row][vc_column][vc_separator][\/vc_column][\/vc_row][vc_row el_class=&#8221;home-product-info&#8221;][vc_column][vc_custom_heading text=&#8221;Produtos&#8221; font_container=&#8221;tag:h2|text_align:center&#8221; use_theme_fonts=&#8221;yes&#8221;][vc_column_text el_class=&#8221;home-product-info-text&#8221;]<\/p>\n<p style=\"text-align: center;\">A Alok Ingots tem desenvolvido mais de 300 produtos de a\u00e7os especiais,<br \/>\na\u00e7os ligados e a\u00e7os inoxid\u00e1veis para uma serie da ind\u00fastrias na \u00cdndia e em outras partes do mundo.<br \/>\nA nossa equipe n\u00e3o se acanha de produzir os graus de a\u00e7o mais complexos para os nossos clientes mais exigentes.<\/p>\n<p>[\/vc_column_text]\n<div class=\"service-wrap\">\n\t<div class=\"ai_service_slider\">\n\t\t\t\t<div class=\"service_items\">\n\t\t\t<div class=\"carousel_img_wrap\">\n\t\t\t\t<a class=\"post-thumbnail\" href=\"https:\/\/www.alokindia.com\/pt-pt\/continuous-cast-billets\/\" title=\"Continuous Cast Billet | Steel Billet | Stainless Steel Billet | Carbon Steel Billet | Alloy Steel Billet | Tool Steel Billet | Steel Billet Supplier in India | Steel Billet Manufacturer in India\" aria-hidden=\"true\" tabindex=\"-1\">\n\t\t\t\t\t\n\t\t\t<a class=\"post-thumbnail\" href=\"https:\/\/www.alokindia.com\/pt-pt\/continuous-cast-billets\/\" aria-hidden=\"true\" tabindex=\"-1\">\n\t\t\t\t<img loading=\"lazy\" decoding=\"async\" width=\"338\" height=\"209\" src=\"https:\/\/www.alokindia.com\/wp-content\/uploads\/2024\/01\/proimg_ccb1-1.jpg\" class=\"attachment-post-thumbnail size-post-thumbnail wp-post-image\" alt=\"Continuous Cast Billet | Steel Billet | Stainless Steel Billet | Carbon Steel Billet | Alloy Steel Billet | Tool Steel Billet | Steel Billet Supplier in India | Steel Billet Manufacturer in India\" srcset=\"https:\/\/www.alokindia.com\/wp-content\/uploads\/2024\/01\/proimg_ccb1-1.jpg 338w, https:\/\/www.alokindia.com\/wp-content\/uploads\/2024\/01\/proimg_ccb1-1-300x186.jpg 300w\" sizes=\"auto, (max-width: 338px) 100vw, 338px\" \/>\t\t\t<\/a>\n\n\t\t\t\t\t\t\t<\/a>\n\t\t\t<\/div>\n\t\t\t<div class=\"service_carousel_details\">\n\t\t\t\t\t\t\t\t\t<div class=\"service_desc\">TARUGOS DE LINGOTAMENTO CONT\u00cdNUO<\/div>\n\t\t\t\t\t\t\t\t<p class=\"wp-posts-carousel-buttons\">\n\t\t\t\t\t<a href=\"https:\/\/www.alokindia.com\/pt-pt\/continuous-cast-billets\/\" class=\"carousel-more-button button\" title=\"Continuous Cast Billet | Steel Billet | Stainless Steel Billet | Carbon Steel Billet | Alloy Steel Billet | Tool Steel Billet | Steel Billet Supplier in India | Steel Billet Manufacturer in India\">read more<\/a>\n\t\t\t\t<\/p>\n\t\t\t<\/div>\n\t\t<\/div>\n\t\t\t\t<div class=\"service_items\">\n\t\t\t<div class=\"carousel_img_wrap\">\n\t\t\t\t<a class=\"post-thumbnail\" href=\"https:\/\/www.alokindia.com\/pt-pt\/round-bars\/\" title=\"Hot Rolled Round Bars | Peeled &#038; Ground Bright Bar | Pump Shaft Quality Bars | Stainless Steel Round Bars | Alloy Steel Round Bars | Carbon Steel Round Bars | Tool Steel Round Bars | HR Steel Round Bars Manufacturer In India | HR Steel Round Bar Supplier In India\" aria-hidden=\"true\" tabindex=\"-1\">\n\t\t\t\t\t\n\t\t\t<a class=\"post-thumbnail\" href=\"https:\/\/www.alokindia.com\/pt-pt\/round-bars\/\" aria-hidden=\"true\" tabindex=\"-1\">\n\t\t\t\t<img loading=\"lazy\" decoding=\"async\" width=\"338\" height=\"209\" src=\"https:\/\/www.alokindia.com\/wp-content\/uploads\/2024\/01\/proimg_rb2-1.jpg\" class=\"attachment-post-thumbnail size-post-thumbnail wp-post-image\" alt=\"Hot Rolled Round Bars | Peeled &#038; Ground Bright Bar | Pump Shaft Quality Bars | Stainless Steel Round Bars | Alloy Steel Round Bars | Carbon Steel Round Bars | Tool Steel Round Bars | HR Steel Round Bars Manufacturer In India | HR Steel Round Bar Supplier In India\" srcset=\"https:\/\/www.alokindia.com\/wp-content\/uploads\/2024\/01\/proimg_rb2-1.jpg 338w, https:\/\/www.alokindia.com\/wp-content\/uploads\/2024\/01\/proimg_rb2-1-300x186.jpg 300w\" sizes=\"auto, (max-width: 338px) 100vw, 338px\" \/>\t\t\t<\/a>\n\n\t\t\t\t\t\t\t<\/a>\n\t\t\t<\/div>\n\t\t\t<div class=\"service_carousel_details\">\n\t\t\t\t\t\t\t\t\t<div class=\"service_desc\">BARRAS REDONDAS<\/div>\n\t\t\t\t\t\t\t\t<p class=\"wp-posts-carousel-buttons\">\n\t\t\t\t\t<a href=\"https:\/\/www.alokindia.com\/pt-pt\/round-bars\/\" class=\"carousel-more-button button\" title=\"Hot Rolled Round Bars | Peeled &#038; Ground Bright Bar | Pump Shaft Quality Bars | Stainless Steel Round Bars | Alloy Steel Round Bars | Carbon Steel Round Bars | Tool Steel Round Bars | HR Steel Round Bars Manufacturer In India | HR Steel Round Bar Supplier In India\">read more<\/a>\n\t\t\t\t<\/p>\n\t\t\t<\/div>\n\t\t<\/div>\n\t\t\t\t<div class=\"service_items\">\n\t\t\t<div class=\"carousel_img_wrap\">\n\t\t\t\t<a class=\"post-thumbnail\" href=\"https:\/\/www.alokindia.com\/pt-pt\/round-cornered-squares\/\" title=\"Steel RCS Supplier | Steel Round Cornered Square Manfacturer in India | Stainless Steel RCS Supplier in India | Alloy Steel RCS Manfacturer in India | Carbon Steel RCS in India | Tool Steel RCS in India | RCS supplier in india | RCS Manfacturer in India\" aria-hidden=\"true\" tabindex=\"-1\">\n\t\t\t\t\t\n\t\t\t<a class=\"post-thumbnail\" href=\"https:\/\/www.alokindia.com\/pt-pt\/round-cornered-squares\/\" aria-hidden=\"true\" tabindex=\"-1\">\n\t\t\t\t<img loading=\"lazy\" decoding=\"async\" width=\"338\" height=\"209\" src=\"https:\/\/www.alokindia.com\/wp-content\/uploads\/2024\/01\/proimg_rcs1-1.jpg\" class=\"attachment-post-thumbnail size-post-thumbnail wp-post-image\" alt=\"Steel RCS Supplier | Steel Round Cornered Square Manfacturer in India | Stainless Steel RCS Supplier in India | Alloy Steel RCS Manfacturer in India | Carbon Steel RCS in India | Tool Steel RCS in India | RCS supplier in india | RCS Manfacturer in India\" srcset=\"https:\/\/www.alokindia.com\/wp-content\/uploads\/2024\/01\/proimg_rcs1-1.jpg 338w, https:\/\/www.alokindia.com\/wp-content\/uploads\/2024\/01\/proimg_rcs1-1-300x186.jpg 300w\" sizes=\"auto, (max-width: 338px) 100vw, 338px\" \/>\t\t\t<\/a>\n\n\t\t\t\t\t\t\t<\/a>\n\t\t\t<\/div>\n\t\t\t<div class=\"service_carousel_details\">\n\t\t\t\t\t\t\t\t\t<div class=\"service_desc\">BARRAS QUADRADAS COM CANTOS ARREDONDADOS<\/div>\n\t\t\t\t\t\t\t\t<p class=\"wp-posts-carousel-buttons\">\n\t\t\t\t\t<a href=\"https:\/\/www.alokindia.com\/pt-pt\/round-cornered-squares\/\" class=\"carousel-more-button button\" title=\"Steel RCS Supplier | Steel Round Cornered Square Manfacturer in India | Stainless Steel RCS Supplier in India | Alloy Steel RCS Manfacturer in India | Carbon Steel RCS in India | Tool Steel RCS in India | RCS supplier in india | RCS Manfacturer in India\">read more<\/a>\n\t\t\t\t<\/p>\n\t\t\t<\/div>\n\t\t<\/div>\n\t\t\t\t<div class=\"service_items\">\n\t\t\t<div class=\"carousel_img_wrap\">\n\t\t\t\t<a class=\"post-thumbnail\" href=\"https:\/\/www.alokindia.com\/pt-pt\/flat-bars\/\" title=\"Steel Flat Bar | Hot Rolled Flat Bar | Stainless Steel Flat Bar | Alloy Steel Flat Bar | Carbon Steel Flat Bar | Tool Steel Flat Bar | Steel Flat Bar Supplier in India | Steel Flat Bar Manufacturer in India\" aria-hidden=\"true\" tabindex=\"-1\">\n\t\t\t\t\t\n\t\t\t<a class=\"post-thumbnail\" href=\"https:\/\/www.alokindia.com\/pt-pt\/flat-bars\/\" aria-hidden=\"true\" tabindex=\"-1\">\n\t\t\t\t<img loading=\"lazy\" decoding=\"async\" width=\"338\" height=\"209\" src=\"https:\/\/www.alokindia.com\/wp-content\/uploads\/2024\/01\/proimg_fb1-1.jpg\" class=\"attachment-post-thumbnail size-post-thumbnail wp-post-image\" alt=\"Steel Flat Bar | Hot Rolled Flat Bar | Stainless Steel Flat Bar | Alloy Steel Flat Bar | Carbon Steel Flat Bar | Tool Steel Flat Bar | Steel Flat Bar Supplier in India | Steel Flat Bar Manufacturer in India\" srcset=\"https:\/\/www.alokindia.com\/wp-content\/uploads\/2024\/01\/proimg_fb1-1.jpg 338w, https:\/\/www.alokindia.com\/wp-content\/uploads\/2024\/01\/proimg_fb1-1-300x186.jpg 300w\" sizes=\"auto, (max-width: 338px) 100vw, 338px\" \/>\t\t\t<\/a>\n\n\t\t\t\t\t\t\t<\/a>\n\t\t\t<\/div>\n\t\t\t<div class=\"service_carousel_details\">\n\t\t\t\t\t\t\t\t\t<div class=\"service_desc\">BARRAS CHATAS<\/div>\n\t\t\t\t\t\t\t\t<p class=\"wp-posts-carousel-buttons\">\n\t\t\t\t\t<a href=\"https:\/\/www.alokindia.com\/pt-pt\/flat-bars\/\" class=\"carousel-more-button button\" title=\"Steel Flat Bar | Hot Rolled Flat Bar | Stainless Steel Flat Bar | Alloy Steel Flat Bar | Carbon Steel Flat Bar | Tool Steel Flat Bar | Steel Flat Bar Supplier in India | Steel Flat Bar Manufacturer in India\">read more<\/a>\n\t\t\t\t<\/p>\n\t\t\t<\/div>\n\t\t<\/div>\n\t\t\t\t<div class=\"service_items\">\n\t\t\t<div class=\"carousel_img_wrap\">\n\t\t\t\t<a class=\"post-thumbnail\" href=\"https:\/\/www.alokindia.com\/pt-pt\/square-bars\/\" title=\"HOT ROLLED SQUARE BAR | COLD DRAWN SQUARE BAR | STAINLESS STEEL SQUARE BAR | ALLOY STEEL SQUARE BAR | CARBON STEEL SQUARE BAR\" aria-hidden=\"true\" tabindex=\"-1\">\n\t\t\t\t\t\n\t\t\t<a class=\"post-thumbnail\" href=\"https:\/\/www.alokindia.com\/pt-pt\/square-bars\/\" aria-hidden=\"true\" tabindex=\"-1\">\n\t\t\t\t<img loading=\"lazy\" decoding=\"async\" width=\"338\" height=\"209\" src=\"https:\/\/www.alokindia.com\/wp-content\/uploads\/2024\/01\/proimg_sqb1-1.jpg\" class=\"attachment-post-thumbnail size-post-thumbnail wp-post-image\" alt=\"HOT ROLLED SQUARE BAR | COLD DRAWN SQUARE BAR | STAINLESS STEEL SQUARE BAR | ALLOY STEEL SQUARE BAR | CARBON STEEL SQUARE BAR\" srcset=\"https:\/\/www.alokindia.com\/wp-content\/uploads\/2024\/01\/proimg_sqb1-1.jpg 338w, https:\/\/www.alokindia.com\/wp-content\/uploads\/2024\/01\/proimg_sqb1-1-300x186.jpg 300w\" sizes=\"auto, (max-width: 338px) 100vw, 338px\" \/>\t\t\t<\/a>\n\n\t\t\t\t\t\t\t<\/a>\n\t\t\t<\/div>\n\t\t\t<div class=\"service_carousel_details\">\n\t\t\t\t\t\t\t\t\t<div class=\"service_desc\">BARRAS QUADRADAS<\/div>\n\t\t\t\t\t\t\t\t<p class=\"wp-posts-carousel-buttons\">\n\t\t\t\t\t<a href=\"https:\/\/www.alokindia.com\/pt-pt\/square-bars\/\" class=\"carousel-more-button button\" title=\"HOT ROLLED SQUARE BAR | COLD DRAWN SQUARE BAR | STAINLESS STEEL SQUARE BAR | ALLOY STEEL SQUARE BAR | CARBON STEEL SQUARE BAR\">read more<\/a>\n\t\t\t\t<\/p>\n\t\t\t<\/div>\n\t\t<\/div>\n\t\t\t\t<div class=\"service_items\">\n\t\t\t<div class=\"carousel_img_wrap\">\n\t\t\t\t<a class=\"post-thumbnail\" href=\"https:\/\/www.alokindia.com\/pt-pt\/hexagon\/\" title=\"Hexagon Bar| Hot Rolled Hexagon Bar | Cold Drawn Hexagon Bars | Stainless Steel Hexagon Supplier In india | Carbon Steel Hexagon Bar Supplier In India | Alloy Steel Hexagon Bar Supplier In India\" aria-hidden=\"true\" tabindex=\"-1\">\n\t\t\t\t\t\n\t\t\t<a class=\"post-thumbnail\" href=\"https:\/\/www.alokindia.com\/pt-pt\/hexagon\/\" aria-hidden=\"true\" tabindex=\"-1\">\n\t\t\t\t<img loading=\"lazy\" decoding=\"async\" width=\"338\" height=\"209\" src=\"https:\/\/www.alokindia.com\/wp-content\/uploads\/2024\/01\/proimg_hb1-1.jpg\" class=\"attachment-post-thumbnail size-post-thumbnail wp-post-image\" alt=\"Hexagon Bar| Hot Rolled Hexagon Bar | Cold Drawn Hexagon Bars | Stainless Steel Hexagon Supplier In india | Carbon Steel Hexagon Bar Supplier In India | Alloy Steel Hexagon Bar Supplier In India\" srcset=\"https:\/\/www.alokindia.com\/wp-content\/uploads\/2024\/01\/proimg_hb1-1.jpg 338w, https:\/\/www.alokindia.com\/wp-content\/uploads\/2024\/01\/proimg_hb1-1-300x186.jpg 300w\" sizes=\"auto, (max-width: 338px) 100vw, 338px\" \/>\t\t\t<\/a>\n\n\t\t\t\t\t\t\t<\/a>\n\t\t\t<\/div>\n\t\t\t<div class=\"service_carousel_details\">\n\t\t\t\t\t\t\t\t\t<div class=\"service_desc\">BARRAS SEXTAVADAS<\/div>\n\t\t\t\t\t\t\t\t<p class=\"wp-posts-carousel-buttons\">\n\t\t\t\t\t<a href=\"https:\/\/www.alokindia.com\/pt-pt\/hexagon\/\" class=\"carousel-more-button button\" title=\"Hexagon Bar| Hot Rolled Hexagon Bar | Cold Drawn Hexagon Bars | Stainless Steel Hexagon Supplier In india | Carbon Steel Hexagon Bar Supplier In India | Alloy Steel Hexagon Bar Supplier In India\">read more<\/a>\n\t\t\t\t<\/p>\n\t\t\t<\/div>\n\t\t<\/div>\n\t\t\t<\/div>\n<\/div>\n\n\t\t[\/vc_column][\/vc_row]<\/p>\n<\/div>","protected":false},"excerpt":{"rendered":"<p>[vc_row el_class=&#8221;page-banner&#8221; css=&#8221;.vc_custom_1704709275719{background-image: url(https:\/\/www.alokindia.com\/wp-content\/uploads\/2024\/01\/product-banner.jpg?id=302) !important;}&#8221;][vc_column][\/vc_column][\/vc_row][vc_section el_class=&#8221;section-padding&#8221;][vc_row el_class=&#8221;ourproducts-row&#8221;][vc_column][vc_custom_heading text=&#8221;NOSSOS PRODUTOS&#8221; use_theme_fonts=&#8221;yes&#8221;][vc_column_text el_class=&#8221;ourproducts-text&#8221;]A equipe da Alok Ingot compreende de um grupo de pessoas talentosas, cuja per\u00edcia coletiva, experi\u00eancia e dedica\u00e7\u00e3o \u00e0 perfei\u00e7\u00e3o lhes d\u00e1 uma vantagem sobre os seus competidores. Al\u00e9m do conhecimento t\u00e9cnico, a equipe est\u00e1 totalmente familiarizada com as mais recentes exig\u00eancias e tend\u00eancias na [&hellip;]<\/p>\n","protected":false},"author":1,"featured_media":0,"parent":0,"menu_order":0,"comment_status":"closed","ping_status":"closed","template":"","meta":{"footnotes":"","_links_to":"","_links_to_target":""},"class_list":["post-4146","page","type-page","status-publish","hentry"],"yoast_head":"<!-- This site is optimized with the Yoast SEO plugin v27.2 - https:\/\/yoast.com\/product\/yoast-seo-wordpress\/ -->\n<title>Products - Alokindia<\/title>\n<meta name=\"robots\" content=\"index, follow, max-snippet:-1, max-image-preview:large, max-video-preview:-1\" \/>\n<link rel=\"canonical\" href=\"https:\/\/www.alokindia.com\/products\/\" \/>\n<meta property=\"og:locale\" content=\"pt_PT\" \/>\n<meta property=\"og:type\" content=\"article\" \/>\n<meta property=\"og:title\" content=\"Products - Alokindia\" \/>\n<meta property=\"og:description\" content=\"[vc_row el_class=&#8221;page-banner&#8221; css=&#8221;.vc_custom_1704709275719{background-image: url(https:\/\/www.alokindia.com\/wp-content\/uploads\/2024\/01\/product-banner.jpg?id=302) !important;}&#8221;][vc_column][\/vc_column][\/vc_row][vc_section el_class=&#8221;section-padding&#8221;][vc_row el_class=&#8221;ourproducts-row&#8221;][vc_column][vc_custom_heading text=&#8221;NOSSOS PRODUTOS&#8221; use_theme_fonts=&#8221;yes&#8221;][vc_column_text el_class=&#8221;ourproducts-text&#8221;]A equipe da Alok Ingot compreende de um grupo de pessoas talentosas, cuja per\u00edcia coletiva, experi\u00eancia e dedica\u00e7\u00e3o \u00e0 perfei\u00e7\u00e3o lhes d\u00e1 uma vantagem sobre os seus competidores. Al\u00e9m do conhecimento t\u00e9cnico, a equipe est\u00e1 totalmente familiarizada com as mais recentes exig\u00eancias e tend\u00eancias na [&hellip;]\" \/>\n<meta property=\"og:url\" content=\"https:\/\/www.alokindia.com\/products\/\" \/>\n<meta property=\"og:site_name\" content=\"Alokindia\" \/>\n<meta property=\"article:publisher\" content=\"https:\/\/www.facebook.com\/alokingots\/\" \/>\n<meta property=\"article:modified_time\" content=\"2024-01-24T05:13:29+00:00\" \/>\n<meta name=\"twitter:card\" content=\"summary_large_image\" \/>\n<meta name=\"twitter:label1\" content=\"Tempo estimado de leitura\" \/>\n\t<meta name=\"twitter:data1\" content=\"3 minutos\" \/>\n<script type=\"application\/ld+json\" class=\"yoast-schema-graph\">{\"@context\":\"https:\/\/schema.org\",\"@graph\":[{\"@type\":\"WebPage\",\"@id\":\"https:\/\/www.alokindia.com\/products\/\",\"url\":\"https:\/\/www.alokindia.com\/products\/\",\"name\":\"Products - Alokindia\",\"isPartOf\":{\"@id\":\"https:\/\/www.alokindia.com\/pl\/#website\"},\"datePublished\":\"2024-01-03T06:15:46+00:00\",\"dateModified\":\"2024-01-24T05:13:29+00:00\",\"breadcrumb\":{\"@id\":\"https:\/\/www.alokindia.com\/products\/#breadcrumb\"},\"inLanguage\":\"pt-PT\",\"potentialAction\":[{\"@type\":\"ReadAction\",\"target\":[\"https:\/\/www.alokindia.com\/products\/\"]}]},{\"@type\":\"BreadcrumbList\",\"@id\":\"https:\/\/www.alokindia.com\/products\/#breadcrumb\",\"itemListElement\":[{\"@type\":\"ListItem\",\"position\":1,\"name\":\"Home\",\"item\":\"https:\/\/www.alokindia.com\/pt-pt\/\"},{\"@type\":\"ListItem\",\"position\":2,\"name\":\"Products\"}]},{\"@type\":\"WebSite\",\"@id\":\"https:\/\/www.alokindia.com\/pl\/#website\",\"url\":\"https:\/\/www.alokindia.com\/pl\/\",\"name\":\"Alok India\",\"description\":\"\",\"publisher\":{\"@id\":\"https:\/\/www.alokindia.com\/pl\/#organization\"},\"potentialAction\":[{\"@type\":\"SearchAction\",\"target\":{\"@type\":\"EntryPoint\",\"urlTemplate\":\"https:\/\/www.alokindia.com\/pl\/?s={search_term_string}\"},\"query-input\":{\"@type\":\"PropertyValueSpecification\",\"valueRequired\":true,\"valueName\":\"search_term_string\"}}],\"inLanguage\":\"pt-PT\"},{\"@type\":\"Organization\",\"@id\":\"https:\/\/www.alokindia.com\/pl\/#organization\",\"name\":\"Alok India Steels\",\"url\":\"https:\/\/www.alokindia.com\/pl\/\",\"logo\":{\"@type\":\"ImageObject\",\"inLanguage\":\"pt-PT\",\"@id\":\"https:\/\/www.alokindia.com\/pl\/#\/schema\/logo\/image\/\",\"url\":\"https:\/\/www.alokindia.com\/wp-content\/uploads\/2024\/01\/logo_red.png\",\"contentUrl\":\"https:\/\/www.alokindia.com\/wp-content\/uploads\/2024\/01\/logo_red.png\",\"width\":170,\"height\":75,\"caption\":\"Alok India Steels\"},\"image\":{\"@id\":\"https:\/\/www.alokindia.com\/pl\/#\/schema\/logo\/image\/\"},\"sameAs\":[\"https:\/\/www.facebook.com\/alokingots\/\",\"https:\/\/www.linkedin.com\/company\/alok-ingots-mumbai-private-limited\/\",\"https:\/\/youtube.com\/@aloksteels\"]}]}<\/script>\n<!-- \/ Yoast SEO plugin. -->","yoast_head_json":{"title":"Products - Alokindia","robots":{"index":"index","follow":"follow","max-snippet":"max-snippet:-1","max-image-preview":"max-image-preview:large","max-video-preview":"max-video-preview:-1"},"canonical":"https:\/\/www.alokindia.com\/products\/","og_locale":"pt_PT","og_type":"article","og_title":"Products - Alokindia","og_description":"[vc_row el_class=&#8221;page-banner&#8221; css=&#8221;.vc_custom_1704709275719{background-image: url(https:\/\/www.alokindia.com\/wp-content\/uploads\/2024\/01\/product-banner.jpg?id=302) !important;}&#8221;][vc_column][\/vc_column][\/vc_row][vc_section el_class=&#8221;section-padding&#8221;][vc_row el_class=&#8221;ourproducts-row&#8221;][vc_column][vc_custom_heading text=&#8221;NOSSOS PRODUTOS&#8221; use_theme_fonts=&#8221;yes&#8221;][vc_column_text el_class=&#8221;ourproducts-text&#8221;]A equipe da Alok Ingot compreende de um grupo de pessoas talentosas, cuja per\u00edcia coletiva, experi\u00eancia e dedica\u00e7\u00e3o \u00e0 perfei\u00e7\u00e3o lhes d\u00e1 uma vantagem sobre os seus competidores. Al\u00e9m do conhecimento t\u00e9cnico, a equipe est\u00e1 totalmente familiarizada com as mais recentes exig\u00eancias e tend\u00eancias na [&hellip;]","og_url":"https:\/\/www.alokindia.com\/products\/","og_site_name":"Alokindia","article_publisher":"https:\/\/www.facebook.com\/alokingots\/","article_modified_time":"2024-01-24T05:13:29+00:00","twitter_card":"summary_large_image","twitter_misc":{"Tempo estimado de leitura":"3 minutos"},"schema":{"@context":"https:\/\/schema.org","@graph":[{"@type":"WebPage","@id":"https:\/\/www.alokindia.com\/products\/","url":"https:\/\/www.alokindia.com\/products\/","name":"Products - Alokindia","isPartOf":{"@id":"https:\/\/www.alokindia.com\/pl\/#website"},"datePublished":"2024-01-03T06:15:46+00:00","dateModified":"2024-01-24T05:13:29+00:00","breadcrumb":{"@id":"https:\/\/www.alokindia.com\/products\/#breadcrumb"},"inLanguage":"pt-PT","potentialAction":[{"@type":"ReadAction","target":["https:\/\/www.alokindia.com\/products\/"]}]},{"@type":"BreadcrumbList","@id":"https:\/\/www.alokindia.com\/products\/#breadcrumb","itemListElement":[{"@type":"ListItem","position":1,"name":"Home","item":"https:\/\/www.alokindia.com\/pt-pt\/"},{"@type":"ListItem","position":2,"name":"Products"}]},{"@type":"WebSite","@id":"https:\/\/www.alokindia.com\/pl\/#website","url":"https:\/\/www.alokindia.com\/pl\/","name":"Alok India","description":"","publisher":{"@id":"https:\/\/www.alokindia.com\/pl\/#organization"},"potentialAction":[{"@type":"SearchAction","target":{"@type":"EntryPoint","urlTemplate":"https:\/\/www.alokindia.com\/pl\/?s={search_term_string}"},"query-input":{"@type":"PropertyValueSpecification","valueRequired":true,"valueName":"search_term_string"}}],"inLanguage":"pt-PT"},{"@type":"Organization","@id":"https:\/\/www.alokindia.com\/pl\/#organization","name":"Alok India Steels","url":"https:\/\/www.alokindia.com\/pl\/","logo":{"@type":"ImageObject","inLanguage":"pt-PT","@id":"https:\/\/www.alokindia.com\/pl\/#\/schema\/logo\/image\/","url":"https:\/\/www.alokindia.com\/wp-content\/uploads\/2024\/01\/logo_red.png","contentUrl":"https:\/\/www.alokindia.com\/wp-content\/uploads\/2024\/01\/logo_red.png","width":170,"height":75,"caption":"Alok India Steels"},"image":{"@id":"https:\/\/www.alokindia.com\/pl\/#\/schema\/logo\/image\/"},"sameAs":["https:\/\/www.facebook.com\/alokingots\/","https:\/\/www.linkedin.com\/company\/alok-ingots-mumbai-private-limited\/","https:\/\/youtube.com\/@aloksteels"]}]}},"_links":{"self":[{"href":"https:\/\/www.alokindia.com\/pt-pt\/wp-json\/wp\/v2\/pages\/4146","targetHints":{"allow":["GET"]}}],"collection":[{"href":"https:\/\/www.alokindia.com\/pt-pt\/wp-json\/wp\/v2\/pages"}],"about":[{"href":"https:\/\/www.alokindia.com\/pt-pt\/wp-json\/wp\/v2\/types\/page"}],"author":[{"embeddable":true,"href":"https:\/\/www.alokindia.com\/pt-pt\/wp-json\/wp\/v2\/users\/1"}],"replies":[{"embeddable":true,"href":"https:\/\/www.alokindia.com\/pt-pt\/wp-json\/wp\/v2\/comments?post=4146"}],"version-history":[{"count":0,"href":"https:\/\/www.alokindia.com\/pt-pt\/wp-json\/wp\/v2\/pages\/4146\/revisions"}],"wp:attachment":[{"href":"https:\/\/www.alokindia.com\/pt-pt\/wp-json\/wp\/v2\/media?parent=4146"}],"curies":[{"name":"wp","href":"https:\/\/api.w.org\/{rel}","templated":true}]}}