{"id":4122,"date":"2024-01-03T06:15:30","date_gmt":"2024-01-03T06:15:30","guid":{"rendered":"https:\/\/www.alokindia.com\/about\/"},"modified":"2024-01-24T04:55:19","modified_gmt":"2024-01-24T04:55:19","slug":"about","status":"publish","type":"page","link":"https:\/\/www.alokindia.com\/pt-pt\/about\/","title":{"rendered":"About"},"content":{"rendered":"<div class=\"wpb-content-wrapper\"><p>[vc_row el_class=&#8221;page-banner&#8221; css=&#8221;.vc_custom_1704709260639{background-image: url(https:\/\/www.alokindia.com\/wp-content\/uploads\/2024\/01\/about-banner-1.jpg?id=260) !important;}&#8221;][vc_column][\/vc_column][\/vc_row][vc_section el_class=&#8221;section-padding&#8221;][vc_row el_class=&#8221;whoweare-row&#8221;][vc_column][vc_custom_heading text=&#8221;QUEM SOMOS&#8221; use_theme_fonts=&#8221;yes&#8221;][vc_column_text el_class=&#8221;whoweare-text&#8221;]A Alok Ingots foi fundada em 2005 por um grupo de empreendedores entusiastas que acreditavam que poderiam revolucionar a fabrica\u00e7\u00e3o de a\u00e7o na \u00cdndia. Come\u00e7ando inicialmente como uma pequena empresa familiar, a ALOK \u00e9 agora uma for\u00e7a emergente no campo de a\u00e7os ligados, a\u00e7os especiais e a\u00e7os inoxid\u00e1veis, atendendo requisitos mundiais de a\u00e7o. A empresa cresceu e se tornou em uma das fabricantes de a\u00e7o mais eficientes e rent\u00e1veis na \u00cdndia. Os peritos t\u00e9cnicos que ganharam experi\u00eancia trabalhando com algumas das maiores empresas e oficinas mec\u00e2nicas da \u00cdndia, trabalham incessantemente como uma equipe interativa, compartilhando os seus conhecimentos para alcan\u00e7ar o mais alto grau de perfei\u00e7\u00e3o.<\/p>\n<p>Dentro de um curto espa\u00e7o de tempo, ALOK se estabeleceu como uma marca que \u00e9 sin\u00f4nimo de qualidade. \u00c9 uma empresa jovem e en\u00e9rgica, focada na aprendizagem e inova\u00e7\u00e3o cont\u00ednua, e que acredita em criar parcerias duradouras com cada cliente.[\/vc_column_text][vc_row_inner equal_height=&#8221;yes&#8221; content_placement=&#8221;middle&#8221; el_class=&#8221;whoweare-innerrow&#8221;][vc_column_inner width=&#8221;1\/2&#8243;][vc_column_text]<\/p>\n<h2><small>\u201cA primeira palavra do sucesso \u00e9\u00a0<\/small>\u2018come\u00e7ar\u2019,<\/h2>\n<h2><small>A primeira palavra de come\u00e7ar \u00e9<\/small>\u00a0\u2018sonho\u2019.\u201d<\/h2>\n<p>[\/vc_column_text][\/vc_column_inner][vc_column_inner width=&#8221;1\/2&#8243;][vc_single_image image=&#8221;262&#8243; img_size=&#8221;full&#8221;][\/vc_column_inner][\/vc_row_inner][\/vc_column][\/vc_row][\/vc_section][vc_row][vc_column][vc_separator][\/vc_column][\/vc_row][vc_section el_class=&#8221;section-padding&#8221;][vc_row el_class=&#8221;ourteam-row&#8221;][vc_column][vc_custom_heading text=&#8221;NOSSA EQUIPE DE GEST\u00c3O&#8221; use_theme_fonts=&#8221;yes&#8221;][vc_column_text]<\/p>\n<h4>\u201cTodas as pessoas sonham da mesma forma, mas poucos transformam os sonhos em realidade.\u201d<\/h4>\n<p>[\/vc_column_text][\/vc_column][\/vc_row][\/vc_section][vc_row el_class=&#8221;member-row&#8221;][vc_column width=&#8221;1\/3&#8243; el_class=&#8221;empty-col&#8221;][\/vc_column][vc_column width=&#8221;1\/3&#8243;][vc_column_text]<\/p>\n<h4><strong>SR. ASHOK GARODIA<\/strong><\/h4>\n<h5>Diretor gerente<\/h5>\n<p>[\/vc_column_text][\/vc_column][vc_column width=&#8221;1\/3&#8243; el_class=&#8221;empty-col&#8221;][\/vc_column][\/vc_row][vc_row el_class=&#8221;member-row&#8221;][vc_column width=&#8221;1\/3&#8243;][vc_column_text]<\/p>\n<h4><strong>SR. DILIP GARODIA<\/strong><\/h4>\n<h5>Diretor<\/h5>\n<p>[\/vc_column_text][\/vc_column][vc_column width=&#8221;1\/3&#8243;][vc_column_text]<\/p>\n<h4><strong>SR. ALOK GARODIA<\/strong><\/h4>\n<h5>Diretor executivo<\/h5>\n<p>[\/vc_column_text][\/vc_column][vc_column width=&#8221;1\/3&#8243;][vc_column_text]<\/p>\n<h4><strong>SR. B. NATARAJAN<\/strong><\/h4>\n<h5>Diretor T\u00e9cnico<\/h5>\n<p>[\/vc_column_text][\/vc_column][\/vc_row][vc_row][vc_column][vc_separator][\/vc_column][\/vc_row][vc_section el_class=&#8221;section-padding&#8221;][vc_row el_class=&#8221;vision-row&#8221;][vc_column][vc_custom_heading text=&#8221;NOSSA VIS\u00c3O&#8221; use_theme_fonts=&#8221;yes&#8221;][vc_column_text]Ser um fornecedor global de a\u00e7o de qualidade de classe mundial com uma integridade inflex\u00edvel.[\/vc_column_text][\/vc_column][\/vc_row][\/vc_section][vc_row][vc_column][vc_separator][\/vc_column][\/vc_row][vc_section el_class=&#8221;section-padding&#8221;][vc_row el_class=&#8221;mission-row&#8221;][vc_column][vc_custom_heading text=&#8221;NOSSA MISS\u00c3O&#8221; use_theme_fonts=&#8221;yes&#8221;][vc_column_text]Estimular a criatividade, educar e enriquecer os funcion\u00e1rios para permitir-lhes a participar com pleno entusiasmo.<br \/>\nDesfrutar o seu trabalho e criar produtos de excelente qualidade para fornecimento aos clientes, assim agregando valor e obtendo satisfa\u00e7\u00e3o completa do cliente.[\/vc_column_text][\/vc_column][\/vc_row][\/vc_section][vc_row][vc_column][vc_separator][\/vc_column][\/vc_row][vc_section el_class=&#8221;section-padding&#8221;][vc_row el_class=&#8221;safety-row&#8221;][vc_column][vc_custom_heading text=&#8221;SEGURIDAD&#8221; use_theme_fonts=&#8221;yes&#8221;][vc_column_text]ALOK d\u00e1 uma \u00eanfase significativa sobre a seguran\u00e7a dos trabalhadores e sobre o ambiente.<br \/>\nAlok est\u00e1 em processo de obter a certifica\u00e7\u00e3o OHSAS 18001: 2007 para garantir \u00f3timo atendimento da seguran\u00e7a de nossos funcion\u00e1rios.<br \/>\nA seguran\u00e7a dos trabalhadores \u00e9 garantida com vigil\u00e2ncia 24\/7 e CFTVs em cada esquina significativa.<br \/>\nCartazes de seguran\u00e7a est\u00e3o localizados em v\u00e1rios lugares, informando a todos a import\u00e2ncia da \u201ca seguran\u00e7a em primeiro lugar, o trabalho em seguida\u201d.<br \/>\nCom ventiladores gigantes de ar que expulsam o ar quente da \u00e1rea de produ\u00e7\u00e3o, chamin\u00e9 de controle de polui\u00e7\u00e3o e outras medidas, todas as ac\u00e7\u00f5es relacionadas com a seguran\u00e7a dos empregados s\u00e3o tomadas.<\/p>\n<p>As atividades comerciais da ALOK est\u00e3o baseadas em normas aceitas em mat\u00e9ria de qualidade, seguran\u00e7a no trabalho, meio ambiente, cumprimento de normas e regulamentos, al\u00e9m do nosso envolvimento social.[\/vc_column_text][\/vc_column][\/vc_row][\/vc_section]<\/p>\n<\/div>","protected":false},"excerpt":{"rendered":"<p>[vc_row el_class=&#8221;page-banner&#8221; css=&#8221;.vc_custom_1704709260639{background-image: url(https:\/\/www.alokindia.com\/wp-content\/uploads\/2024\/01\/about-banner-1.jpg?id=260) !important;}&#8221;][vc_column][\/vc_column][\/vc_row][vc_section el_class=&#8221;section-padding&#8221;][vc_row el_class=&#8221;whoweare-row&#8221;][vc_column][vc_custom_heading text=&#8221;QUEM SOMOS&#8221; use_theme_fonts=&#8221;yes&#8221;][vc_column_text el_class=&#8221;whoweare-text&#8221;]A Alok Ingots foi fundada em 2005 por um grupo de empreendedores entusiastas que acreditavam que poderiam revolucionar a fabrica\u00e7\u00e3o de a\u00e7o na \u00cdndia. Come\u00e7ando inicialmente como uma pequena empresa familiar, a ALOK \u00e9 agora uma for\u00e7a emergente no campo de a\u00e7os ligados, a\u00e7os especiais [&hellip;]<\/p>\n","protected":false},"author":1,"featured_media":0,"parent":0,"menu_order":0,"comment_status":"closed","ping_status":"closed","template":"","meta":{"footnotes":"","_links_to":"","_links_to_target":""},"class_list":["post-4122","page","type-page","status-publish","hentry"],"yoast_head":"<!-- This site is optimized with the Yoast SEO plugin v27.2 - https:\/\/yoast.com\/product\/yoast-seo-wordpress\/ -->\n<title>About - Alokindia<\/title>\n<meta name=\"robots\" content=\"index, follow, max-snippet:-1, max-image-preview:large, max-video-preview:-1\" \/>\n<link rel=\"canonical\" href=\"https:\/\/www.alokindia.com\/pt-pt\/about\/\" \/>\n<meta property=\"og:locale\" content=\"pt_PT\" \/>\n<meta property=\"og:type\" content=\"article\" \/>\n<meta property=\"og:title\" content=\"About - Alokindia\" \/>\n<meta property=\"og:description\" content=\"[vc_row el_class=&#8221;page-banner&#8221; css=&#8221;.vc_custom_1704709260639{background-image: url(https:\/\/www.alokindia.com\/wp-content\/uploads\/2024\/01\/about-banner-1.jpg?id=260) !important;}&#8221;][vc_column][\/vc_column][\/vc_row][vc_section el_class=&#8221;section-padding&#8221;][vc_row el_class=&#8221;whoweare-row&#8221;][vc_column][vc_custom_heading text=&#8221;QUEM SOMOS&#8221; use_theme_fonts=&#8221;yes&#8221;][vc_column_text el_class=&#8221;whoweare-text&#8221;]A Alok Ingots foi fundada em 2005 por um grupo de empreendedores entusiastas que acreditavam que poderiam revolucionar a fabrica\u00e7\u00e3o de a\u00e7o na \u00cdndia. Come\u00e7ando inicialmente como uma pequena empresa familiar, a ALOK \u00e9 agora uma for\u00e7a emergente no campo de a\u00e7os ligados, a\u00e7os especiais [&hellip;]\" \/>\n<meta property=\"og:url\" content=\"https:\/\/www.alokindia.com\/pt-pt\/about\/\" \/>\n<meta property=\"og:site_name\" content=\"Alokindia\" \/>\n<meta property=\"article:publisher\" content=\"https:\/\/www.facebook.com\/alokingots\/\" \/>\n<meta property=\"article:modified_time\" content=\"2024-01-24T04:55:19+00:00\" \/>\n<meta name=\"twitter:card\" content=\"summary_large_image\" \/>\n<meta name=\"twitter:label1\" content=\"Tempo estimado de leitura\" \/>\n\t<meta name=\"twitter:data1\" content=\"4 minutos\" \/>\n<script type=\"application\/ld+json\" class=\"yoast-schema-graph\">{\"@context\":\"https:\/\/schema.org\",\"@graph\":[{\"@type\":\"WebPage\",\"@id\":\"https:\/\/www.alokindia.com\/pt-pt\/about\/\",\"url\":\"https:\/\/www.alokindia.com\/pt-pt\/about\/\",\"name\":\"About - Alokindia\",\"isPartOf\":{\"@id\":\"https:\/\/www.alokindia.com\/pl\/#website\"},\"datePublished\":\"2024-01-03T06:15:30+00:00\",\"dateModified\":\"2024-01-24T04:55:19+00:00\",\"breadcrumb\":{\"@id\":\"https:\/\/www.alokindia.com\/pt-pt\/about\/#breadcrumb\"},\"inLanguage\":\"pt-PT\",\"potentialAction\":[{\"@type\":\"ReadAction\",\"target\":[\"https:\/\/www.alokindia.com\/pt-pt\/about\/\"]}]},{\"@type\":\"BreadcrumbList\",\"@id\":\"https:\/\/www.alokindia.com\/pt-pt\/about\/#breadcrumb\",\"itemListElement\":[{\"@type\":\"ListItem\",\"position\":1,\"name\":\"Home\",\"item\":\"https:\/\/www.alokindia.com\/pt-pt\/\"},{\"@type\":\"ListItem\",\"position\":2,\"name\":\"About\"}]},{\"@type\":\"WebSite\",\"@id\":\"https:\/\/www.alokindia.com\/pl\/#website\",\"url\":\"https:\/\/www.alokindia.com\/pl\/\",\"name\":\"Alok India\",\"description\":\"\",\"publisher\":{\"@id\":\"https:\/\/www.alokindia.com\/pl\/#organization\"},\"potentialAction\":[{\"@type\":\"SearchAction\",\"target\":{\"@type\":\"EntryPoint\",\"urlTemplate\":\"https:\/\/www.alokindia.com\/pl\/?s={search_term_string}\"},\"query-input\":{\"@type\":\"PropertyValueSpecification\",\"valueRequired\":true,\"valueName\":\"search_term_string\"}}],\"inLanguage\":\"pt-PT\"},{\"@type\":\"Organization\",\"@id\":\"https:\/\/www.alokindia.com\/pl\/#organization\",\"name\":\"Alok India Steels\",\"url\":\"https:\/\/www.alokindia.com\/pl\/\",\"logo\":{\"@type\":\"ImageObject\",\"inLanguage\":\"pt-PT\",\"@id\":\"https:\/\/www.alokindia.com\/pl\/#\/schema\/logo\/image\/\",\"url\":\"https:\/\/www.alokindia.com\/wp-content\/uploads\/2024\/01\/logo_red.png\",\"contentUrl\":\"https:\/\/www.alokindia.com\/wp-content\/uploads\/2024\/01\/logo_red.png\",\"width\":170,\"height\":75,\"caption\":\"Alok India Steels\"},\"image\":{\"@id\":\"https:\/\/www.alokindia.com\/pl\/#\/schema\/logo\/image\/\"},\"sameAs\":[\"https:\/\/www.facebook.com\/alokingots\/\",\"https:\/\/www.linkedin.com\/company\/alok-ingots-mumbai-private-limited\/\",\"https:\/\/youtube.com\/@aloksteels\"]}]}<\/script>\n<!-- \/ Yoast SEO plugin. -->","yoast_head_json":{"title":"About - Alokindia","robots":{"index":"index","follow":"follow","max-snippet":"max-snippet:-1","max-image-preview":"max-image-preview:large","max-video-preview":"max-video-preview:-1"},"canonical":"https:\/\/www.alokindia.com\/pt-pt\/about\/","og_locale":"pt_PT","og_type":"article","og_title":"About - Alokindia","og_description":"[vc_row el_class=&#8221;page-banner&#8221; css=&#8221;.vc_custom_1704709260639{background-image: url(https:\/\/www.alokindia.com\/wp-content\/uploads\/2024\/01\/about-banner-1.jpg?id=260) !important;}&#8221;][vc_column][\/vc_column][\/vc_row][vc_section el_class=&#8221;section-padding&#8221;][vc_row el_class=&#8221;whoweare-row&#8221;][vc_column][vc_custom_heading text=&#8221;QUEM SOMOS&#8221; use_theme_fonts=&#8221;yes&#8221;][vc_column_text el_class=&#8221;whoweare-text&#8221;]A Alok Ingots foi fundada em 2005 por um grupo de empreendedores entusiastas que acreditavam que poderiam revolucionar a fabrica\u00e7\u00e3o de a\u00e7o na \u00cdndia. Come\u00e7ando inicialmente como uma pequena empresa familiar, a ALOK \u00e9 agora uma for\u00e7a emergente no campo de a\u00e7os ligados, a\u00e7os especiais [&hellip;]","og_url":"https:\/\/www.alokindia.com\/pt-pt\/about\/","og_site_name":"Alokindia","article_publisher":"https:\/\/www.facebook.com\/alokingots\/","article_modified_time":"2024-01-24T04:55:19+00:00","twitter_card":"summary_large_image","twitter_misc":{"Tempo estimado de leitura":"4 minutos"},"schema":{"@context":"https:\/\/schema.org","@graph":[{"@type":"WebPage","@id":"https:\/\/www.alokindia.com\/pt-pt\/about\/","url":"https:\/\/www.alokindia.com\/pt-pt\/about\/","name":"About - Alokindia","isPartOf":{"@id":"https:\/\/www.alokindia.com\/pl\/#website"},"datePublished":"2024-01-03T06:15:30+00:00","dateModified":"2024-01-24T04:55:19+00:00","breadcrumb":{"@id":"https:\/\/www.alokindia.com\/pt-pt\/about\/#breadcrumb"},"inLanguage":"pt-PT","potentialAction":[{"@type":"ReadAction","target":["https:\/\/www.alokindia.com\/pt-pt\/about\/"]}]},{"@type":"BreadcrumbList","@id":"https:\/\/www.alokindia.com\/pt-pt\/about\/#breadcrumb","itemListElement":[{"@type":"ListItem","position":1,"name":"Home","item":"https:\/\/www.alokindia.com\/pt-pt\/"},{"@type":"ListItem","position":2,"name":"About"}]},{"@type":"WebSite","@id":"https:\/\/www.alokindia.com\/pl\/#website","url":"https:\/\/www.alokindia.com\/pl\/","name":"Alok India","description":"","publisher":{"@id":"https:\/\/www.alokindia.com\/pl\/#organization"},"potentialAction":[{"@type":"SearchAction","target":{"@type":"EntryPoint","urlTemplate":"https:\/\/www.alokindia.com\/pl\/?s={search_term_string}"},"query-input":{"@type":"PropertyValueSpecification","valueRequired":true,"valueName":"search_term_string"}}],"inLanguage":"pt-PT"},{"@type":"Organization","@id":"https:\/\/www.alokindia.com\/pl\/#organization","name":"Alok India Steels","url":"https:\/\/www.alokindia.com\/pl\/","logo":{"@type":"ImageObject","inLanguage":"pt-PT","@id":"https:\/\/www.alokindia.com\/pl\/#\/schema\/logo\/image\/","url":"https:\/\/www.alokindia.com\/wp-content\/uploads\/2024\/01\/logo_red.png","contentUrl":"https:\/\/www.alokindia.com\/wp-content\/uploads\/2024\/01\/logo_red.png","width":170,"height":75,"caption":"Alok India Steels"},"image":{"@id":"https:\/\/www.alokindia.com\/pl\/#\/schema\/logo\/image\/"},"sameAs":["https:\/\/www.facebook.com\/alokingots\/","https:\/\/www.linkedin.com\/company\/alok-ingots-mumbai-private-limited\/","https:\/\/youtube.com\/@aloksteels"]}]}},"_links":{"self":[{"href":"https:\/\/www.alokindia.com\/pt-pt\/wp-json\/wp\/v2\/pages\/4122","targetHints":{"allow":["GET"]}}],"collection":[{"href":"https:\/\/www.alokindia.com\/pt-pt\/wp-json\/wp\/v2\/pages"}],"about":[{"href":"https:\/\/www.alokindia.com\/pt-pt\/wp-json\/wp\/v2\/types\/page"}],"author":[{"embeddable":true,"href":"https:\/\/www.alokindia.com\/pt-pt\/wp-json\/wp\/v2\/users\/1"}],"replies":[{"embeddable":true,"href":"https:\/\/www.alokindia.com\/pt-pt\/wp-json\/wp\/v2\/comments?post=4122"}],"version-history":[{"count":0,"href":"https:\/\/www.alokindia.com\/pt-pt\/wp-json\/wp\/v2\/pages\/4122\/revisions"}],"wp:attachment":[{"href":"https:\/\/www.alokindia.com\/pt-pt\/wp-json\/wp\/v2\/media?parent=4122"}],"curies":[{"name":"wp","href":"https:\/\/api.w.org\/{rel}","templated":true}]}}