{"id":4120,"date":"2024-01-03T06:15:30","date_gmt":"2024-01-03T06:15:30","guid":{"rendered":"https:\/\/www.alokindia.com\/about\/"},"modified":"2024-01-27T13:35:28","modified_gmt":"2024-01-27T13:35:28","slug":"about","status":"publish","type":"page","link":"https:\/\/www.alokindia.com\/pl\/about\/","title":{"rendered":"About"},"content":{"rendered":"<div class=\"wpb-content-wrapper\"><p>[vc_row el_class=&#8221;page-banner&#8221; css=&#8221;.vc_custom_1704709260639{background-image: url(https:\/\/www.alokindia.com\/wp-content\/uploads\/2024\/01\/about-banner-1.jpg?id=260) !important;}&#8221;][vc_column][\/vc_column][\/vc_row][vc_section el_class=&#8221;section-padding&#8221;][vc_row el_class=&#8221;whoweare-row&#8221;][vc_column][vc_custom_heading text=&#8221;Kim jeste\u015bmy&#8221; use_theme_fonts=&#8221;yes&#8221;][vc_column_text el_class=&#8221;whoweare-text&#8221;]ALOK INGOTS zosta\u0142 za\u0142o\u017cony w 2005 roku przez grup\u0119 entuzjastycznych przedsi\u0119biorc\u00f3w, kt\u00f3rzy uwierzyli, \u017ce mog\u0105 zrewolucjonizowa\u0107 produkcj\u0119 stali w Indiach. ALOK powsta\u0142 jako ma\u0142a rodzinna firma, ale obecnie jest istotn\u0105 si\u0142\u0105 sektora stali specjalnej, stopowej i nierdzewnej, odpowiadaj\u0105c\u0105 na potrzeby \u015bwiatowego rynku stali. Firma sta\u0142a si\u0119 jednym z najbardziej wydajnych i efektywnych kosztowo producent\u00f3w stali w Indiach. Nasi eksperci techniczni, kt\u00f3rzy zdobywali do\u015bwiadczenie pracuj\u0105c z najwi\u0119kszymi w Indiach firmami oraz hutami, nieprzerwanie dzia\u0142aj\u0105 jako interaktywny zesp\u00f3\u0142, \u0142\u0105cz\u0105c swoj\u0105 wiedz\u0119 w osi\u0105ganiu najwy\u017cszego stopnia doskona\u0142o\u015bci.<\/p>\n<p>W kr\u00f3tkim czasie ALOK umocni\u0142 si\u0119 jako marka, stanowi\u0105ca synonim jako\u015bci. Jest to m\u0142oda i energiczna firma, skupiaj\u0105ca si\u0119 na innowacyjno\u015bci oraz ci\u0105g\u0142ym podnoszeniu wiedzy, kt\u00f3ra wierzy w budowanie sta\u0142ych partnerstw z ka\u017cdym klientem.[\/vc_column_text][vc_row_inner equal_height=&#8221;yes&#8221; content_placement=&#8221;middle&#8221; el_class=&#8221;whoweare-innerrow&#8221;][vc_column_inner width=&#8221;1\/2&#8243;][vc_column_text]<\/p>\n<h2><small>\u201cPierwszym krokiem do sukcesu jest\u00a0<\/small>\u2018zacz\u0105\u0107\u2019,<\/h2>\n<h2><small>Pierwszym krokiem do rozpocz\u0119cia jest<\/small>\u00a0\u2018marzy\u0107\u2019.\u201d<\/h2>\n<p>[\/vc_column_text][\/vc_column_inner][vc_column_inner width=&#8221;1\/2&#8243;][vc_single_image image=&#8221;262&#8243; img_size=&#8221;full&#8221;][\/vc_column_inner][\/vc_row_inner][\/vc_column][\/vc_row][\/vc_section][vc_row][vc_column][vc_separator][\/vc_column][\/vc_row][vc_section el_class=&#8221;section-padding&#8221;][vc_row el_class=&#8221;ourteam-row&#8221;][vc_column][vc_custom_heading text=&#8221;Nasz zesp\u00f3\u0142 zarz\u0105dzaj\u0105cy&#8221; use_theme_fonts=&#8221;yes&#8221;][vc_column_text]<\/p>\n<h4>\u201cWszyscy ludzie marz\u0105, ale niewielu przekszta\u0142ca marzenia w rzeczywisto\u015b\u0107.\u201d<\/h4>\n<p>[\/vc_column_text][\/vc_column][\/vc_row][\/vc_section][vc_row el_class=&#8221;member-row&#8221;][vc_column width=&#8221;1\/3&#8243; el_class=&#8221;empty-col&#8221;][\/vc_column][vc_column width=&#8221;1\/3&#8243;][vc_column_text]<\/p>\n<h4><strong>ASHOK GARODIA<\/strong><\/h4>\n<h5>Dyrektor Zarz\u0105dzaj\u0105cy<\/h5>\n<p>[\/vc_column_text][\/vc_column][vc_column width=&#8221;1\/3&#8243; el_class=&#8221;empty-col&#8221;][\/vc_column][\/vc_row][vc_row el_class=&#8221;member-row&#8221;][vc_column width=&#8221;1\/3&#8243;][vc_column_text]<\/p>\n<h4><strong>DILIP GARODIA<\/strong><\/h4>\n<h5>Dyrektor<\/h5>\n<p>[\/vc_column_text][\/vc_column][vc_column width=&#8221;1\/3&#8243;][vc_column_text]<\/p>\n<h4><strong>ALOK GARODIA<\/strong><\/h4>\n<h5>Dyrektor Wykonawczy<\/h5>\n<p>[\/vc_column_text][\/vc_column][vc_column width=&#8221;1\/3&#8243;][vc_column_text]<\/p>\n<h4><strong>B. NATARAJAN<\/strong><\/h4>\n<h5>Dyrektor ds. technicznych<\/h5>\n<p>[\/vc_column_text][\/vc_column][\/vc_row][vc_row][vc_column][vc_separator][\/vc_column][\/vc_row][vc_section el_class=&#8221;section-padding&#8221;][vc_row el_class=&#8221;vision-row&#8221;][vc_column][vc_custom_heading text=&#8221;Wizja&#8221; use_theme_fonts=&#8221;yes&#8221;][vc_column_text]ALOK INGOTS to globalny dostawca stali o \u015bwiatowej klasie jako\u015bci i bezkompromisowej uczciwo\u015bci.[\/vc_column_text][\/vc_column][\/vc_row][\/vc_section][vc_row][vc_column][vc_separator][\/vc_column][\/vc_row][vc_section el_class=&#8221;section-padding&#8221;][vc_row el_class=&#8221;mission-row&#8221;][vc_column][vc_custom_heading text=&#8221;Misja&#8221; use_theme_fonts=&#8221;yes&#8221;][vc_column_text]Misj\u0105 firmy jest pobudzanie kreatywno\u015bci, kszta\u0142cenie i rozwijanie pracownik\u00f3w tak, aby mogli dzia\u0142a\u0107 z pe\u0142nym entuzjazmem i przyjemno\u015bci\u0105, tworz\u0105c produkty doskona\u0142ej jako\u015bci, zwi\u0119kszaj\u0105c tym samym ich warto\u015b\u0107 i zapewniaj\u0105c pe\u0142n\u0105 satysfakcj\u0119 klient\u00f3w.[\/vc_column_text][\/vc_column][\/vc_row][\/vc_section][vc_row][vc_column][vc_separator][\/vc_column][\/vc_row][vc_section el_class=&#8221;section-padding&#8221;][vc_row el_class=&#8221;safety-row&#8221;][vc_column][vc_custom_heading text=&#8221;Bezpiecze\u0144stwo&#8221; use_theme_fonts=&#8221;yes&#8221;][vc_column_text]ALOK k\u0142adzie du\u017cy nacisk na bezpiecze\u0144stwo pracy i \u015brodowiska. Chc\u0105c zagwarantowa\u0107 optymalne warunki bezpiecze\u0144stwa naszym pracownikom, jeste\u015bmy w trakcie uzyskiwania certyfikatu OHSAS 18001:2007. Spok\u00f3j ca\u0142ej za\u0142odze zapewnia ca\u0142odobowa ochrona z kamerami w ka\u017cdym strategicznym miejscu oraz znajduj\u0105ce si\u0119 w r\u00f3\u017cnych lokalizacjach tablice informacyjne, przypominaj\u0105ce wszystkim o konieczno\u015bci post\u0119powania zgodnie ze sloganem: \u201enajpierw bezpiecze\u0144stwo, potem praca\u201d. Czy to ogromne wentylatory odprowadzaj\u0105ce gor\u0105ce powietrze z hali, kominy wyposa\u017cone w filtry oczyszczaj\u0105ce spaliny czy te\u017c inne dzia\u0142ania \u2013 dbamy o bezpiecze\u0144stwo pracownik\u00f3w na ka\u017cdym kroku.<\/p>\n<p>Dzia\u0142alno\u015b\u0107 ALOK oparta jest na powszechnie obowi\u0105zuj\u0105cych standardach w zakresie jako\u015bci, bezpiecze\u0144stwa pracy, \u015brodowiska, zgodno\u015bci z przepisami, a tak\u017ce naszej w\u0142asnej dzia\u0142alno\u015bci prospo\u0142ecznej.[\/vc_column_text][\/vc_column][\/vc_row][\/vc_section]<\/p>\n<\/div>","protected":false},"excerpt":{"rendered":"<p>[vc_row el_class=&#8221;page-banner&#8221; css=&#8221;.vc_custom_1704709260639{background-image: url(https:\/\/www.alokindia.com\/wp-content\/uploads\/2024\/01\/about-banner-1.jpg?id=260) !important;}&#8221;][vc_column][\/vc_column][\/vc_row][vc_section el_class=&#8221;section-padding&#8221;][vc_row el_class=&#8221;whoweare-row&#8221;][vc_column][vc_custom_heading text=&#8221;Kim jeste\u015bmy&#8221; use_theme_fonts=&#8221;yes&#8221;][vc_column_text el_class=&#8221;whoweare-text&#8221;]ALOK INGOTS zosta\u0142 za\u0142o\u017cony w 2005 roku przez grup\u0119 entuzjastycznych przedsi\u0119biorc\u00f3w, kt\u00f3rzy uwierzyli, \u017ce mog\u0105 zrewolucjonizowa\u0107 produkcj\u0119 stali w Indiach. ALOK powsta\u0142 jako ma\u0142a rodzinna firma, ale obecnie jest istotn\u0105 si\u0142\u0105 sektora stali specjalnej, stopowej i nierdzewnej, odpowiadaj\u0105c\u0105 na potrzeby \u015bwiatowego rynku stali. Firma sta\u0142a [&hellip;]<\/p>\n","protected":false},"author":1,"featured_media":0,"parent":0,"menu_order":0,"comment_status":"closed","ping_status":"closed","template":"","meta":{"footnotes":"","_links_to":"","_links_to_target":""},"class_list":["post-4120","page","type-page","status-publish","hentry"],"yoast_head":"<!-- This site is optimized with the Yoast SEO plugin v27.2 - https:\/\/yoast.com\/product\/yoast-seo-wordpress\/ -->\n<title>About - Alokindia<\/title>\n<meta name=\"robots\" content=\"index, follow, max-snippet:-1, max-image-preview:large, max-video-preview:-1\" \/>\n<link rel=\"canonical\" href=\"https:\/\/www.alokindia.com\/pl\/about\/\" \/>\n<meta property=\"og:locale\" content=\"pl_PL\" \/>\n<meta property=\"og:type\" content=\"article\" \/>\n<meta property=\"og:title\" content=\"About - Alokindia\" \/>\n<meta property=\"og:description\" content=\"[vc_row el_class=&#8221;page-banner&#8221; css=&#8221;.vc_custom_1704709260639{background-image: url(https:\/\/www.alokindia.com\/wp-content\/uploads\/2024\/01\/about-banner-1.jpg?id=260) !important;}&#8221;][vc_column][\/vc_column][\/vc_row][vc_section el_class=&#8221;section-padding&#8221;][vc_row el_class=&#8221;whoweare-row&#8221;][vc_column][vc_custom_heading text=&#8221;Kim jeste\u015bmy&#8221; use_theme_fonts=&#8221;yes&#8221;][vc_column_text el_class=&#8221;whoweare-text&#8221;]ALOK INGOTS zosta\u0142 za\u0142o\u017cony w 2005 roku przez grup\u0119 entuzjastycznych przedsi\u0119biorc\u00f3w, kt\u00f3rzy uwierzyli, \u017ce mog\u0105 zrewolucjonizowa\u0107 produkcj\u0119 stali w Indiach. ALOK powsta\u0142 jako ma\u0142a rodzinna firma, ale obecnie jest istotn\u0105 si\u0142\u0105 sektora stali specjalnej, stopowej i nierdzewnej, odpowiadaj\u0105c\u0105 na potrzeby \u015bwiatowego rynku stali. Firma sta\u0142a [&hellip;]\" \/>\n<meta property=\"og:url\" content=\"https:\/\/www.alokindia.com\/pl\/about\/\" \/>\n<meta property=\"og:site_name\" content=\"Alokindia\" \/>\n<meta property=\"article:publisher\" content=\"https:\/\/www.facebook.com\/alokingots\/\" \/>\n<meta property=\"article:modified_time\" content=\"2024-01-27T13:35:28+00:00\" \/>\n<meta name=\"twitter:card\" content=\"summary_large_image\" \/>\n<meta name=\"twitter:label1\" content=\"Szacowany czas czytania\" \/>\n\t<meta name=\"twitter:data1\" content=\"4 minuty\" \/>\n<script type=\"application\/ld+json\" class=\"yoast-schema-graph\">{\"@context\":\"https:\/\/schema.org\",\"@graph\":[{\"@type\":\"WebPage\",\"@id\":\"https:\/\/www.alokindia.com\/pl\/about\/\",\"url\":\"https:\/\/www.alokindia.com\/pl\/about\/\",\"name\":\"About - Alokindia\",\"isPartOf\":{\"@id\":\"https:\/\/www.alokindia.com\/pl\/#website\"},\"datePublished\":\"2024-01-03T06:15:30+00:00\",\"dateModified\":\"2024-01-27T13:35:28+00:00\",\"breadcrumb\":{\"@id\":\"https:\/\/www.alokindia.com\/pl\/about\/#breadcrumb\"},\"inLanguage\":\"pl-PL\",\"potentialAction\":[{\"@type\":\"ReadAction\",\"target\":[\"https:\/\/www.alokindia.com\/pl\/about\/\"]}]},{\"@type\":\"BreadcrumbList\",\"@id\":\"https:\/\/www.alokindia.com\/pl\/about\/#breadcrumb\",\"itemListElement\":[{\"@type\":\"ListItem\",\"position\":1,\"name\":\"Home\",\"item\":\"https:\/\/www.alokindia.com\/pl\/\"},{\"@type\":\"ListItem\",\"position\":2,\"name\":\"About\"}]},{\"@type\":\"WebSite\",\"@id\":\"https:\/\/www.alokindia.com\/pl\/#website\",\"url\":\"https:\/\/www.alokindia.com\/pl\/\",\"name\":\"Alok India\",\"description\":\"\",\"publisher\":{\"@id\":\"https:\/\/www.alokindia.com\/pl\/#organization\"},\"potentialAction\":[{\"@type\":\"SearchAction\",\"target\":{\"@type\":\"EntryPoint\",\"urlTemplate\":\"https:\/\/www.alokindia.com\/pl\/?s={search_term_string}\"},\"query-input\":{\"@type\":\"PropertyValueSpecification\",\"valueRequired\":true,\"valueName\":\"search_term_string\"}}],\"inLanguage\":\"pl-PL\"},{\"@type\":\"Organization\",\"@id\":\"https:\/\/www.alokindia.com\/pl\/#organization\",\"name\":\"Alok India Steels\",\"url\":\"https:\/\/www.alokindia.com\/pl\/\",\"logo\":{\"@type\":\"ImageObject\",\"inLanguage\":\"pl-PL\",\"@id\":\"https:\/\/www.alokindia.com\/pl\/#\/schema\/logo\/image\/\",\"url\":\"https:\/\/www.alokindia.com\/wp-content\/uploads\/2024\/01\/logo_red.png\",\"contentUrl\":\"https:\/\/www.alokindia.com\/wp-content\/uploads\/2024\/01\/logo_red.png\",\"width\":170,\"height\":75,\"caption\":\"Alok India Steels\"},\"image\":{\"@id\":\"https:\/\/www.alokindia.com\/pl\/#\/schema\/logo\/image\/\"},\"sameAs\":[\"https:\/\/www.facebook.com\/alokingots\/\",\"https:\/\/www.linkedin.com\/company\/alok-ingots-mumbai-private-limited\/\",\"https:\/\/youtube.com\/@aloksteels\"]}]}<\/script>\n<!-- \/ Yoast SEO plugin. -->","yoast_head_json":{"title":"About - Alokindia","robots":{"index":"index","follow":"follow","max-snippet":"max-snippet:-1","max-image-preview":"max-image-preview:large","max-video-preview":"max-video-preview:-1"},"canonical":"https:\/\/www.alokindia.com\/pl\/about\/","og_locale":"pl_PL","og_type":"article","og_title":"About - Alokindia","og_description":"[vc_row el_class=&#8221;page-banner&#8221; css=&#8221;.vc_custom_1704709260639{background-image: url(https:\/\/www.alokindia.com\/wp-content\/uploads\/2024\/01\/about-banner-1.jpg?id=260) !important;}&#8221;][vc_column][\/vc_column][\/vc_row][vc_section el_class=&#8221;section-padding&#8221;][vc_row el_class=&#8221;whoweare-row&#8221;][vc_column][vc_custom_heading text=&#8221;Kim jeste\u015bmy&#8221; use_theme_fonts=&#8221;yes&#8221;][vc_column_text el_class=&#8221;whoweare-text&#8221;]ALOK INGOTS zosta\u0142 za\u0142o\u017cony w 2005 roku przez grup\u0119 entuzjastycznych przedsi\u0119biorc\u00f3w, kt\u00f3rzy uwierzyli, \u017ce mog\u0105 zrewolucjonizowa\u0107 produkcj\u0119 stali w Indiach. ALOK powsta\u0142 jako ma\u0142a rodzinna firma, ale obecnie jest istotn\u0105 si\u0142\u0105 sektora stali specjalnej, stopowej i nierdzewnej, odpowiadaj\u0105c\u0105 na potrzeby \u015bwiatowego rynku stali. Firma sta\u0142a [&hellip;]","og_url":"https:\/\/www.alokindia.com\/pl\/about\/","og_site_name":"Alokindia","article_publisher":"https:\/\/www.facebook.com\/alokingots\/","article_modified_time":"2024-01-27T13:35:28+00:00","twitter_card":"summary_large_image","twitter_misc":{"Szacowany czas czytania":"4 minuty"},"schema":{"@context":"https:\/\/schema.org","@graph":[{"@type":"WebPage","@id":"https:\/\/www.alokindia.com\/pl\/about\/","url":"https:\/\/www.alokindia.com\/pl\/about\/","name":"About - Alokindia","isPartOf":{"@id":"https:\/\/www.alokindia.com\/pl\/#website"},"datePublished":"2024-01-03T06:15:30+00:00","dateModified":"2024-01-27T13:35:28+00:00","breadcrumb":{"@id":"https:\/\/www.alokindia.com\/pl\/about\/#breadcrumb"},"inLanguage":"pl-PL","potentialAction":[{"@type":"ReadAction","target":["https:\/\/www.alokindia.com\/pl\/about\/"]}]},{"@type":"BreadcrumbList","@id":"https:\/\/www.alokindia.com\/pl\/about\/#breadcrumb","itemListElement":[{"@type":"ListItem","position":1,"name":"Home","item":"https:\/\/www.alokindia.com\/pl\/"},{"@type":"ListItem","position":2,"name":"About"}]},{"@type":"WebSite","@id":"https:\/\/www.alokindia.com\/pl\/#website","url":"https:\/\/www.alokindia.com\/pl\/","name":"Alok India","description":"","publisher":{"@id":"https:\/\/www.alokindia.com\/pl\/#organization"},"potentialAction":[{"@type":"SearchAction","target":{"@type":"EntryPoint","urlTemplate":"https:\/\/www.alokindia.com\/pl\/?s={search_term_string}"},"query-input":{"@type":"PropertyValueSpecification","valueRequired":true,"valueName":"search_term_string"}}],"inLanguage":"pl-PL"},{"@type":"Organization","@id":"https:\/\/www.alokindia.com\/pl\/#organization","name":"Alok India Steels","url":"https:\/\/www.alokindia.com\/pl\/","logo":{"@type":"ImageObject","inLanguage":"pl-PL","@id":"https:\/\/www.alokindia.com\/pl\/#\/schema\/logo\/image\/","url":"https:\/\/www.alokindia.com\/wp-content\/uploads\/2024\/01\/logo_red.png","contentUrl":"https:\/\/www.alokindia.com\/wp-content\/uploads\/2024\/01\/logo_red.png","width":170,"height":75,"caption":"Alok India Steels"},"image":{"@id":"https:\/\/www.alokindia.com\/pl\/#\/schema\/logo\/image\/"},"sameAs":["https:\/\/www.facebook.com\/alokingots\/","https:\/\/www.linkedin.com\/company\/alok-ingots-mumbai-private-limited\/","https:\/\/youtube.com\/@aloksteels"]}]}},"_links":{"self":[{"href":"https:\/\/www.alokindia.com\/pl\/wp-json\/wp\/v2\/pages\/4120","targetHints":{"allow":["GET"]}}],"collection":[{"href":"https:\/\/www.alokindia.com\/pl\/wp-json\/wp\/v2\/pages"}],"about":[{"href":"https:\/\/www.alokindia.com\/pl\/wp-json\/wp\/v2\/types\/page"}],"author":[{"embeddable":true,"href":"https:\/\/www.alokindia.com\/pl\/wp-json\/wp\/v2\/users\/1"}],"replies":[{"embeddable":true,"href":"https:\/\/www.alokindia.com\/pl\/wp-json\/wp\/v2\/comments?post=4120"}],"version-history":[{"count":0,"href":"https:\/\/www.alokindia.com\/pl\/wp-json\/wp\/v2\/pages\/4120\/revisions"}],"wp:attachment":[{"href":"https:\/\/www.alokindia.com\/pl\/wp-json\/wp\/v2\/media?parent=4120"}],"curies":[{"name":"wp","href":"https:\/\/api.w.org\/{rel}","templated":true}]}}