{"id":1791,"date":"2024-01-03T06:16:17","date_gmt":"2024-01-03T06:16:17","guid":{"rendered":"https:\/\/www.alokindia.com\/quality-control\/"},"modified":"2024-01-25T13:04:00","modified_gmt":"2024-01-25T13:04:00","slug":"quality-control","status":"publish","type":"page","link":"https:\/\/www.alokindia.com\/it\/quality-control\/","title":{"rendered":"Quality Control"},"content":{"rendered":"<div class=\"wpb-content-wrapper\"><p>[vc_row el_class=&#8221;page-banner&#8221; css=&#8221;.vc_custom_1704796203367{background-image: url(https:\/\/www.alokindia.com\/wp-content\/uploads\/2024\/01\/quality-banner.jpg?id=485) !important;}&#8221;][vc_column][\/vc_column][\/vc_row][vc_section el_class=&#8221;section-padding&#8221;][vc_row el_class=&#8221;ourproducts-row&#8221;][vc_column][vc_custom_heading text=&#8221;CONTROLLO DI QUALIT\u00c0&#8221; use_theme_fonts=&#8221;yes&#8221;][vc_column_text el_class=&#8221;ourproducts-text&#8221;]In Alok Ingots consideriamo la qualit\u00e0 e il miglioramento continuo come la base della crescita della Societ\u00e0. La nostra squadra di ingegneri del controllo qualit\u00e0, metallurgia e chimica opera costantemente per soddisfare le esigenze dei nostri clienti. Siamo una delle poche societ\u00e0 ad avere PED ,AD 2000 Merkblatt W0 e ISO\/TS 16949:2009 da TUV Nord.<\/p>\n<p>La qualit\u00e0 \u00e8 una parte fondamentale della nostra politica aziendale la quale dice che \u201cse I minuti son ben spesi durante il processo il prodotto finale si prender\u00e0 cura di se stesso.<br \/>\nQuesta dedizione si riflette nella alta qualita\u2019 dei prodotti, su cui il nostro cliente puo\u2019 contare con piena fiducia.<\/p>\n<p>il nostra reparto di qualit\u00e0 e di controllo \u00e8 attrezzato con le seguenti apparecchiature di prova che sono regolarmente tarate da un organismo di controllo esterno.[\/vc_column_text][vc_row_inner equal_height=&#8221;yes&#8221; content_placement=&#8221;middle&#8221; el_class=&#8221;ourproducts-innerrow&#8221;][vc_column_inner width=&#8221;1\/2&#8243;][vc_column_text]<\/p>\n<h2>\u201c<span class=\"uppercase\">LA MAESTRIA<\/span><small> non \u00e8 mai un caso,<br \/>\n\u00c8 una azione<\/small> <span class=\"uppercase\">INTENZIONALE<\/span>.\u201d<\/h2>\n<p>[\/vc_column_text][\/vc_column_inner][vc_column_inner width=&#8221;1\/2&#8243;][vc_single_image image=&#8221;504&#8243; img_size=&#8221;full&#8221;][\/vc_column_inner][\/vc_row_inner][vc_row_inner el_class=&#8221;ss-applications&#8221;][vc_column_inner width=&#8221;1\/2&#8243;][vc_column_text]<\/p>\n<ul>\n<li>laboratorio chimico attrezzato per l\u2019analisi per via umida<\/li>\n<li>spettrometro ad emissione ottica<\/li>\n<li>rivelatore di radiazioni<\/li>\n<li>macchina universale di trazione da 60 ton<\/li>\n<li>durometro per rilevare durezze Brinell e Rockwell<\/li>\n<li>pendolo per prove di resilienza intaglio a V<\/li>\n<\/ul>\n<p>[\/vc_column_text][\/vc_column_inner][vc_column_inner width=&#8221;1\/2&#8243;][vc_column_text]<\/p>\n<ul>\n<li>MT<\/li>\n<li>billetta campione, attacco acido (prova macro)<\/li>\n<li>spettrometro portatile per antimescolamento<\/li>\n<li>microscopio e analizzatore di immagine della struttura<\/li>\n<li>apparecchio per test Jominy<\/li>\n<\/ul>\n<p>[\/vc_column_text][\/vc_column_inner][\/vc_row_inner][\/vc_column][\/vc_row][\/vc_section][vc_row][vc_column][vc_separator][\/vc_column][\/vc_row][vc_section el_class=&#8221;section-padding right-spacing&#8221; el_id=&#8221;StandardsMaintained&#8221;][vc_row el_class=&#8221;ourteam-row&#8221;][vc_column][vc_custom_heading text=&#8221;TOLLERANZE STANDARD&#8221; use_theme_fonts=&#8221;yes&#8221;][vc_column_text el_class=&#8221;table-responsive&#8221;]\n<table id=\"tablepress-277\" class=\"tablepress tablepress-id-277 table-border first-bold tbody-has-connected-cells\">\n<thead>\n<tr class=\"row-1\">\n\t<td class=\"column-1\"><\/td><th class=\"column-2\">EN<\/th><th class=\"column-3\">nostre tolleranze<\/th><th class=\"column-4\">ASTM<\/th><th class=\"column-5\">nostre tolleranze<\/th>\n<\/tr>\n<\/thead>\n<tbody class=\"row-striping row-hover\">\n<tr class=\"row-2\">\n\t<td class=\"column-1\">Hot Rolled Rotondi laminati a  caldound Bar Tol.<\/td><td class=\"column-2\">En 10060<\/td><td class=\"column-3\">+\/- 1.3% of dia<\/td><td class=\"column-4\">A 29 \/ 29 M<\/td><td class=\"column-5\">\u2013<\/td>\n<\/tr>\n<tr class=\"row-3\">\n\t<td class=\"column-1\">quadri laminati a caldo<\/td><td class=\"column-2\">En 10059<\/td><td class=\"column-3\">\u2013<\/td><td class=\"column-4\">A 29 \/ 29 M<\/td><td class=\"column-5\">\u2013<\/td>\n<\/tr>\n<tr class=\"row-4\">\n\t<td class=\"column-1\">piatti laminati a caldo<\/td><td class=\"column-2\">EN 10058:2003<\/td><td class=\"column-3\">\u2013<\/td><td class=\"column-4\">\u2013<\/td><td class=\"column-5\">\u2013<\/td>\n<\/tr>\n<tr class=\"row-5\">\n\t<td class=\"column-1\">barrae finite a freddo<\/td><td class=\"column-2\">EN 10278\/DIN 668<\/td><td class=\"column-3\">\u2013<\/td><td class=\"column-4\">\u2013<\/td><td class=\"column-5\">\u2013<\/td>\n<\/tr>\n<tr class=\"row-6\">\n\t<td class=\"column-1\"><\/td><td class=\"column-2\"><\/td><td class=\"column-3\">DIN 671<\/td><td class=\"column-4\"><\/td><td class=\"column-5\"><\/td>\n<\/tr>\n<tr class=\"row-7\">\n\t<td class=\"column-1\">tondi , esagoni quadir e piatti trafilati<\/td><td class=\"column-2\">EN 10278 \/ ISO 286-2<\/td><td class=\"column-3\">h9, h11<\/td><td class=\"column-4\">\u2013<\/td><td class=\"column-5\">\u2013<\/td>\n<\/tr>\n<tr class=\"row-8\">\n\t<td class=\"column-1\">difetto superficiale <\/td><td class=\"column-2\">1% max. diametro\t<\/td><td class=\"column-3\">Class B<\/td><td class=\"column-4\">\u2013<\/td><td class=\"column-5\">\u2013<\/td>\n<\/tr>\n<tr class=\"row-9\">\n\t<td class=\"column-1\">ispezione con particelle magnetiche di difetti superficiali (magnetoscopio)<\/td><td class=\"column-2\"><\/td><td class=\"column-3\">\u2013<\/td><td class=\"column-4\">E 709<\/td><td class=\"column-5\">\u2013<\/td>\n<\/tr>\n<tr class=\"row-10\">\n\t<td class=\"column-1\">tolleranza di rettilineit\u00e0 barra laminata<\/td><td class=\"column-2\">3 to 5 mm\/1000 mm<\/td><td class=\"column-3\">\u2013<\/td><td class=\"column-4\">\u2013<\/td><td class=\"column-5\">\u2013<\/td>\n<\/tr>\n<tr class=\"row-11\">\n\t<td class=\"column-1\">tolleranza di rettilineit\u00e0  barra trafilata \/ pelata<\/td><td class=\"column-2\">0.5 mm\/1000 mm<\/td><td class=\"column-3\">\u2013<\/td><td class=\"column-4\">\u2013<\/td><td class=\"column-5\">\u2013<\/td>\n<\/tr>\n<tr class=\"row-12\">\n\t<td class=\"column-1\">Inclusioni non metaliiche<\/td><td class=\"column-2\">DIN 50602<\/td><td class=\"column-3\">K4 < 40<\/td><td class=\"column-4\">E 45<\/td><td class=\"column-5\">A,B,C &amp; D < 2.5<\/td>\n<\/tr>\n<tr class=\"row-13\">\n\t<td class=\"column-1\">Macro billetta (CC)<\/td><td class=\"column-2\"><\/td><td class=\"column-3\">\u2013<\/td><td class=\"column-4\">E 381<\/td><td class=\"column-5\">Better than C2 R2 S2<\/td>\n<\/tr>\n<tr class=\"row-14\">\n\t<td class=\"column-1\">dimensione grano<\/td><td class=\"column-2\"><\/td><td class=\"column-3\">\u2013<\/td><td class=\"column-4\">E 112<\/td><td class=\"column-5\">5 to 8<\/td>\n<\/tr>\n<tr class=\"row-15\">\n\t<td rowspan=\"3\" class=\"column-1\">prova ultrasuoni<\/td><td class=\"column-2\">SEP 1921<\/td><td class=\"column-3\">C\/c<\/td><td class=\"column-4\">A 388<\/td><td class=\"column-5\">2-4 mm fbh (-6dB<\/td>\n<\/tr>\n<tr class=\"row-16\">\n\t<td class=\"column-2\">En 10308<\/td><td class=\"column-3\">Type 1A, Tab 2, Cl 4<\/td><td class=\"column-4\">\u2013<\/td><td class=\"column-5\">tecnica di caduta<\/td>\n<\/tr>\n<tr class=\"row-17\">\n\t<td class=\"column-2\">En 10228<\/td><td class=\"column-3\">Type 1A, Tab 5, Cl 4<\/td><td class=\"column-4\">\u2013<\/td><td class=\"column-5\">\u2013<\/td>\n<\/tr>\n<\/tbody>\n<\/table>\n<!-- #tablepress-277 from cache -->[\/vc_column_text][\/vc_column][\/vc_row][\/vc_section][vc_row][vc_column][vc_separator][\/vc_column][\/vc_row][vc_section el_class=&#8221;section-padding right-spacing&#8221; el_id=&#8221;ViewCertificates&#8221;][vc_row el_class=&#8221;ourteam-row&#8221;][vc_column][vc_custom_heading text=&#8221;CERTIFICATI&#8221; use_theme_fonts=&#8221;yes&#8221;][vc_row_inner el_class=&#8221;certificate-sec&#8221;][vc_column_inner width=&#8221;1\/6&#8243;][\/vc_column_inner][vc_column_inner width=&#8221;1\/3&#8243;][vc_single_image image=&#8221;526&#8243; img_size=&#8221;full&#8221; onclick=&#8221;img_link_large&#8221; el_class=&#8221;certificates_img&#8221;][vc_custom_heading text=&#8221;ISO 9001 : 2015&#8243; font_container=&#8221;tag:p|text_align:left&#8221; use_theme_fonts=&#8221;yes&#8221; el_class=&#8221;certificates_title&#8221;][\/vc_column_inner][vc_column_inner width=&#8221;1\/3&#8243;][vc_single_image image=&#8221;527&#8243; img_size=&#8221;full&#8221; onclick=&#8221;img_link_large&#8221; el_class=&#8221;certificates_img&#8221;][vc_custom_heading text=&#8221;ISO IATF 16949 : 2016&#8243; font_container=&#8221;tag:p|text_align:left&#8221; use_theme_fonts=&#8221;yes&#8221; el_class=&#8221;certificates_title&#8221;][\/vc_column_inner][vc_column_inner width=&#8221;1\/6&#8243;][\/vc_column_inner][\/vc_row_inner][vc_row_inner content_placement=&#8221;bottom&#8221; el_class=&#8221;certificate-sec&#8221;][vc_column_inner width=&#8221;1\/3&#8243;][vc_single_image image=&#8221;528&#8243; img_size=&#8221;full&#8221; onclick=&#8221;img_link_large&#8221; el_class=&#8221;certificates_img&#8221;][vc_custom_heading text=&#8221;PED 2014\/68\/EU&#8221; font_container=&#8221;tag:p|text_align:left&#8221; use_theme_fonts=&#8221;yes&#8221; el_class=&#8221;certificates_title&#8221;][\/vc_column_inner][vc_column_inner width=&#8221;1\/3&#8243;][vc_single_image image=&#8221;529&#8243; img_size=&#8221;full&#8221; onclick=&#8221;img_link_large&#8221; el_class=&#8221;certificates_img&#8221;][vc_custom_heading text=&#8221;AD-2000-Merkblatt W0&#8243; font_container=&#8221;tag:p|text_align:left&#8221; use_theme_fonts=&#8221;yes&#8221; el_class=&#8221;certificates_title&#8221;][\/vc_column_inner][vc_column_inner width=&#8221;1\/3&#8243;][vc_single_image image=&#8221;530&#8243; img_size=&#8221;full&#8221; onclick=&#8221;img_link_large&#8221; el_class=&#8221;certificates_img&#8221;][vc_custom_heading text=&#8221;IBR-CERTIFICATE-2016&#8243; font_container=&#8221;tag:p|text_align:left&#8221; use_theme_fonts=&#8221;yes&#8221; el_class=&#8221;certificates_title&#8221;][\/vc_column_inner][\/vc_row_inner][\/vc_column][\/vc_row][\/vc_section][vc_row][vc_column][vc_separator][\/vc_column][\/vc_row][vc_section el_class=&#8221;section-padding right-spacing&#8221;][vc_row el_class=&#8221;ourteam-row&#8221;][vc_column][vc_custom_heading text=&#8221;ECO-COMPATIBILE&#8221; use_theme_fonts=&#8221;yes&#8221;][vc_column_text]Alok Ingots si \u00e8 impegnata ad essere una societ\u00e0 rispettosa dell\u2019ambiente. Oltre I\u2019 85% del nostro materiale grezzo \u00e8 composto da rottome e siamo in grado di ridurre le emissioni di carbonio spendendo meno energia riducendo l\u2019inquinamento atmosferico di oltre l\u201980%. L\u2019approvvigionamento di rottami metallici da fornitori mondiali qualificati garantisce I\u2019assenza di radioattivit\u00e0 della nostra materia prima.<\/p>\n<p>Non siamo solamente conformi , ma supportiamo attivamente i valori propuganti dal nostro Governo Non utilizziamo lavoro minorile, cosi\u2019 come ripsettiamo tuti I dazi e bolli.[\/vc_column_text][\/vc_column][\/vc_row][\/vc_section]<\/p>\n<\/div>","protected":false},"excerpt":{"rendered":"<p>[vc_row el_class=&#8221;page-banner&#8221; css=&#8221;.vc_custom_1704796203367{background-image: url(https:\/\/www.alokindia.com\/wp-content\/uploads\/2024\/01\/quality-banner.jpg?id=485) !important;}&#8221;][vc_column][\/vc_column][\/vc_row][vc_section el_class=&#8221;section-padding&#8221;][vc_row el_class=&#8221;ourproducts-row&#8221;][vc_column][vc_custom_heading text=&#8221;CONTROLLO DI QUALIT\u00c0&#8221; use_theme_fonts=&#8221;yes&#8221;][vc_column_text el_class=&#8221;ourproducts-text&#8221;]In Alok Ingots consideriamo la qualit\u00e0 e il miglioramento continuo come la base della crescita della Societ\u00e0. La nostra squadra di ingegneri del controllo qualit\u00e0, metallurgia e chimica opera costantemente per soddisfare le esigenze dei nostri clienti. Siamo una delle poche societ\u00e0 ad avere [&hellip;]<\/p>\n","protected":false},"author":1,"featured_media":0,"parent":0,"menu_order":0,"comment_status":"closed","ping_status":"closed","template":"","meta":{"footnotes":"","_links_to":"","_links_to_target":""},"class_list":["post-1791","page","type-page","status-publish","hentry"],"yoast_head":"<!-- This site is optimized with the Yoast SEO plugin v27.2 - https:\/\/yoast.com\/product\/yoast-seo-wordpress\/ -->\n<title>Quality Control - Alokindia<\/title>\n<meta name=\"robots\" content=\"index, follow, max-snippet:-1, max-image-preview:large, max-video-preview:-1\" \/>\n<link rel=\"canonical\" href=\"https:\/\/www.alokindia.com\/quality-control\/\" \/>\n<meta property=\"og:locale\" content=\"it_IT\" \/>\n<meta property=\"og:type\" content=\"article\" \/>\n<meta property=\"og:title\" content=\"Quality Control - Alokindia\" \/>\n<meta property=\"og:description\" content=\"[vc_row el_class=&#8221;page-banner&#8221; css=&#8221;.vc_custom_1704796203367{background-image: url(https:\/\/www.alokindia.com\/wp-content\/uploads\/2024\/01\/quality-banner.jpg?id=485) !important;}&#8221;][vc_column][\/vc_column][\/vc_row][vc_section el_class=&#8221;section-padding&#8221;][vc_row el_class=&#8221;ourproducts-row&#8221;][vc_column][vc_custom_heading text=&#8221;CONTROLLO DI QUALIT\u00c0&#8221; use_theme_fonts=&#8221;yes&#8221;][vc_column_text el_class=&#8221;ourproducts-text&#8221;]In Alok Ingots consideriamo la qualit\u00e0 e il miglioramento continuo come la base della crescita della Societ\u00e0. La nostra squadra di ingegneri del controllo qualit\u00e0, metallurgia e chimica opera costantemente per soddisfare le esigenze dei nostri clienti. Siamo una delle poche societ\u00e0 ad avere [&hellip;]\" \/>\n<meta property=\"og:url\" content=\"https:\/\/www.alokindia.com\/quality-control\/\" \/>\n<meta property=\"og:site_name\" content=\"Alokindia\" \/>\n<meta property=\"article:publisher\" content=\"https:\/\/www.facebook.com\/alokingots\/\" \/>\n<meta property=\"article:modified_time\" content=\"2024-01-25T13:04:00+00:00\" \/>\n<meta name=\"twitter:card\" content=\"summary_large_image\" \/>\n<meta name=\"twitter:label1\" content=\"Tempo di lettura stimato\" \/>\n\t<meta name=\"twitter:data1\" content=\"4 minuti\" \/>\n<script type=\"application\/ld+json\" class=\"yoast-schema-graph\">{\"@context\":\"https:\/\/schema.org\",\"@graph\":[{\"@type\":\"WebPage\",\"@id\":\"https:\/\/www.alokindia.com\/quality-control\/\",\"url\":\"https:\/\/www.alokindia.com\/quality-control\/\",\"name\":\"Quality Control - Alokindia\",\"isPartOf\":{\"@id\":\"https:\/\/www.alokindia.com\/pl\/#website\"},\"datePublished\":\"2024-01-03T06:16:17+00:00\",\"dateModified\":\"2024-01-25T13:04:00+00:00\",\"breadcrumb\":{\"@id\":\"https:\/\/www.alokindia.com\/quality-control\/#breadcrumb\"},\"inLanguage\":\"it-IT\",\"potentialAction\":[{\"@type\":\"ReadAction\",\"target\":[\"https:\/\/www.alokindia.com\/quality-control\/\"]}]},{\"@type\":\"BreadcrumbList\",\"@id\":\"https:\/\/www.alokindia.com\/quality-control\/#breadcrumb\",\"itemListElement\":[{\"@type\":\"ListItem\",\"position\":1,\"name\":\"Home\",\"item\":\"https:\/\/www.alokindia.com\/it\/\"},{\"@type\":\"ListItem\",\"position\":2,\"name\":\"Quality Control\"}]},{\"@type\":\"WebSite\",\"@id\":\"https:\/\/www.alokindia.com\/pl\/#website\",\"url\":\"https:\/\/www.alokindia.com\/pl\/\",\"name\":\"Alok India\",\"description\":\"\",\"publisher\":{\"@id\":\"https:\/\/www.alokindia.com\/pl\/#organization\"},\"potentialAction\":[{\"@type\":\"SearchAction\",\"target\":{\"@type\":\"EntryPoint\",\"urlTemplate\":\"https:\/\/www.alokindia.com\/pl\/?s={search_term_string}\"},\"query-input\":{\"@type\":\"PropertyValueSpecification\",\"valueRequired\":true,\"valueName\":\"search_term_string\"}}],\"inLanguage\":\"it-IT\"},{\"@type\":\"Organization\",\"@id\":\"https:\/\/www.alokindia.com\/pl\/#organization\",\"name\":\"Alok India Steels\",\"url\":\"https:\/\/www.alokindia.com\/pl\/\",\"logo\":{\"@type\":\"ImageObject\",\"inLanguage\":\"it-IT\",\"@id\":\"https:\/\/www.alokindia.com\/pl\/#\/schema\/logo\/image\/\",\"url\":\"https:\/\/www.alokindia.com\/wp-content\/uploads\/2024\/01\/logo_red.png\",\"contentUrl\":\"https:\/\/www.alokindia.com\/wp-content\/uploads\/2024\/01\/logo_red.png\",\"width\":170,\"height\":75,\"caption\":\"Alok India Steels\"},\"image\":{\"@id\":\"https:\/\/www.alokindia.com\/pl\/#\/schema\/logo\/image\/\"},\"sameAs\":[\"https:\/\/www.facebook.com\/alokingots\/\",\"https:\/\/www.linkedin.com\/company\/alok-ingots-mumbai-private-limited\/\",\"https:\/\/youtube.com\/@aloksteels\"]}]}<\/script>\n<!-- \/ Yoast SEO plugin. -->","yoast_head_json":{"title":"Quality Control - Alokindia","robots":{"index":"index","follow":"follow","max-snippet":"max-snippet:-1","max-image-preview":"max-image-preview:large","max-video-preview":"max-video-preview:-1"},"canonical":"https:\/\/www.alokindia.com\/quality-control\/","og_locale":"it_IT","og_type":"article","og_title":"Quality Control - Alokindia","og_description":"[vc_row el_class=&#8221;page-banner&#8221; css=&#8221;.vc_custom_1704796203367{background-image: url(https:\/\/www.alokindia.com\/wp-content\/uploads\/2024\/01\/quality-banner.jpg?id=485) !important;}&#8221;][vc_column][\/vc_column][\/vc_row][vc_section el_class=&#8221;section-padding&#8221;][vc_row el_class=&#8221;ourproducts-row&#8221;][vc_column][vc_custom_heading text=&#8221;CONTROLLO DI QUALIT\u00c0&#8221; use_theme_fonts=&#8221;yes&#8221;][vc_column_text el_class=&#8221;ourproducts-text&#8221;]In Alok Ingots consideriamo la qualit\u00e0 e il miglioramento continuo come la base della crescita della Societ\u00e0. La nostra squadra di ingegneri del controllo qualit\u00e0, metallurgia e chimica opera costantemente per soddisfare le esigenze dei nostri clienti. Siamo una delle poche societ\u00e0 ad avere [&hellip;]","og_url":"https:\/\/www.alokindia.com\/quality-control\/","og_site_name":"Alokindia","article_publisher":"https:\/\/www.facebook.com\/alokingots\/","article_modified_time":"2024-01-25T13:04:00+00:00","twitter_card":"summary_large_image","twitter_misc":{"Tempo di lettura stimato":"4 minuti"},"schema":{"@context":"https:\/\/schema.org","@graph":[{"@type":"WebPage","@id":"https:\/\/www.alokindia.com\/quality-control\/","url":"https:\/\/www.alokindia.com\/quality-control\/","name":"Quality Control - Alokindia","isPartOf":{"@id":"https:\/\/www.alokindia.com\/pl\/#website"},"datePublished":"2024-01-03T06:16:17+00:00","dateModified":"2024-01-25T13:04:00+00:00","breadcrumb":{"@id":"https:\/\/www.alokindia.com\/quality-control\/#breadcrumb"},"inLanguage":"it-IT","potentialAction":[{"@type":"ReadAction","target":["https:\/\/www.alokindia.com\/quality-control\/"]}]},{"@type":"BreadcrumbList","@id":"https:\/\/www.alokindia.com\/quality-control\/#breadcrumb","itemListElement":[{"@type":"ListItem","position":1,"name":"Home","item":"https:\/\/www.alokindia.com\/it\/"},{"@type":"ListItem","position":2,"name":"Quality Control"}]},{"@type":"WebSite","@id":"https:\/\/www.alokindia.com\/pl\/#website","url":"https:\/\/www.alokindia.com\/pl\/","name":"Alok India","description":"","publisher":{"@id":"https:\/\/www.alokindia.com\/pl\/#organization"},"potentialAction":[{"@type":"SearchAction","target":{"@type":"EntryPoint","urlTemplate":"https:\/\/www.alokindia.com\/pl\/?s={search_term_string}"},"query-input":{"@type":"PropertyValueSpecification","valueRequired":true,"valueName":"search_term_string"}}],"inLanguage":"it-IT"},{"@type":"Organization","@id":"https:\/\/www.alokindia.com\/pl\/#organization","name":"Alok India Steels","url":"https:\/\/www.alokindia.com\/pl\/","logo":{"@type":"ImageObject","inLanguage":"it-IT","@id":"https:\/\/www.alokindia.com\/pl\/#\/schema\/logo\/image\/","url":"https:\/\/www.alokindia.com\/wp-content\/uploads\/2024\/01\/logo_red.png","contentUrl":"https:\/\/www.alokindia.com\/wp-content\/uploads\/2024\/01\/logo_red.png","width":170,"height":75,"caption":"Alok India Steels"},"image":{"@id":"https:\/\/www.alokindia.com\/pl\/#\/schema\/logo\/image\/"},"sameAs":["https:\/\/www.facebook.com\/alokingots\/","https:\/\/www.linkedin.com\/company\/alok-ingots-mumbai-private-limited\/","https:\/\/youtube.com\/@aloksteels"]}]}},"_links":{"self":[{"href":"https:\/\/www.alokindia.com\/it\/wp-json\/wp\/v2\/pages\/1791","targetHints":{"allow":["GET"]}}],"collection":[{"href":"https:\/\/www.alokindia.com\/it\/wp-json\/wp\/v2\/pages"}],"about":[{"href":"https:\/\/www.alokindia.com\/it\/wp-json\/wp\/v2\/types\/page"}],"author":[{"embeddable":true,"href":"https:\/\/www.alokindia.com\/it\/wp-json\/wp\/v2\/users\/1"}],"replies":[{"embeddable":true,"href":"https:\/\/www.alokindia.com\/it\/wp-json\/wp\/v2\/comments?post=1791"}],"version-history":[{"count":0,"href":"https:\/\/www.alokindia.com\/it\/wp-json\/wp\/v2\/pages\/1791\/revisions"}],"wp:attachment":[{"href":"https:\/\/www.alokindia.com\/it\/wp-json\/wp\/v2\/media?parent=1791"}],"curies":[{"name":"wp","href":"https:\/\/api.w.org\/{rel}","templated":true}]}}