{"id":1789,"date":"2024-01-03T06:15:46","date_gmt":"2024-01-03T06:15:46","guid":{"rendered":"https:\/\/www.alokindia.com\/products\/"},"modified":"2024-01-14T10:07:17","modified_gmt":"2024-01-14T10:07:17","slug":"products","status":"publish","type":"page","link":"https:\/\/www.alokindia.com\/it\/products\/","title":{"rendered":"Products"},"content":{"rendered":"<div class=\"wpb-content-wrapper\"><p>[vc_row el_class=&#8221;page-banner&#8221; css=&#8221;.vc_custom_1704709275719{background-image: url(https:\/\/www.alokindia.com\/wp-content\/uploads\/2024\/01\/product-banner.jpg?id=302) !important;}&#8221;][vc_column][\/vc_column][\/vc_row][vc_section el_class=&#8221;section-padding&#8221;][vc_row el_class=&#8221;ourproducts-row&#8221;][vc_column][vc_custom_heading text=&#8221;PRODOTTI&#8221; use_theme_fonts=&#8221;yes&#8221;][vc_column_text el_class=&#8221;ourproducts-text&#8221;]Il team di Alok ingots grazie alla sua esperienza e dedizione grantisce una superiorita \u2018 sui diretti competitori Oltre alla conoscenza tecnologica, il team e\u2019 sempre aggiornato sugli ultimi svilippi della siderurgia mondiale<\/p>\n<p>Alla Alok Ingots il processo di identifiazione del prodotto e\u2019 garanttito lungo tutta la fieliera produttiva, dall\u2019ordine alla consegna del prodotto[\/vc_column_text][vc_row_inner equal_height=&#8221;yes&#8221; content_placement=&#8221;middle&#8221; el_class=&#8221;ourproducts-innerrow&#8221;][vc_column_inner width=&#8221;1\/2&#8243;][vc_column_text]<\/p>\n<h2>\u201c<small>Si diventa<\/small> <span class=\"uppercase\">FAMOSI<\/span><small>non per I propri sogni<\/small><br \/>\nma per la loro realizzazione.\u201d<\/h2>\n<p>[\/vc_column_text][\/vc_column_inner][vc_column_inner width=&#8221;1\/2&#8243;][vc_single_image image=&#8221;304&#8243; img_size=&#8221;full&#8221;][\/vc_column_inner][\/vc_row_inner][\/vc_column][\/vc_row][\/vc_section][vc_row][vc_column][vc_separator][\/vc_column][\/vc_row][vc_section el_class=&#8221;section-padding right-spacing&#8221;][vc_row el_class=&#8221;ourteam-row&#8221;][vc_column][vc_custom_heading text=&#8221;INDUSTRIE SERVITE&#8221; use_theme_fonts=&#8221;yes&#8221;][vc_column_text]<\/p>\n<h4>I nostri clienti includono promimenti industrie in India e nel mondo come<\/h4>\n<p>[\/vc_column_text][\/vc_column][\/vc_row][vc_row el_class=&#8221;service-row&#8221;][vc_column width=&#8221;1\/4&#8243;][vc_single_image image=&#8221;305&#8243; img_size=&#8221;full&#8221; title=&#8221;Costruzione\/minerario&#8221;][\/vc_column][vc_column width=&#8221;1\/4&#8243;][vc_single_image image=&#8221;306&#8243; img_size=&#8221;full&#8221; title=&#8221;Forge&#8221;][\/vc_column][vc_column width=&#8221;1\/4&#8243;][vc_single_image image=&#8221;307&#8243; img_size=&#8221;full&#8221; title=&#8221;Petrolifero&#8221;][\/vc_column][vc_column width=&#8221;1\/4&#8243;][vc_single_image image=&#8221;308&#8243; img_size=&#8221;full&#8221; title=&#8221;Automotive&#8221;][\/vc_column][\/vc_row][vc_row el_class=&#8221;service-row&#8221;][vc_column width=&#8221;1\/4&#8243;][vc_single_image image=&#8221;309&#8243; img_size=&#8221;full&#8221; title=&#8221;Ingegneria&#8221;][\/vc_column][vc_column width=&#8221;1\/4&#8243;][vc_single_image image=&#8221;310&#8243; img_size=&#8221;full&#8221; title=&#8221;acciai per utensili&#8221;][\/vc_column][vc_column width=&#8221;1\/4&#8243;][vc_single_image image=&#8221;311&#8243; img_size=&#8221;full&#8221; title=&#8221;elementi di fissaggio&#8221;][\/vc_column][vc_column width=&#8221;1\/4&#8243;][vc_single_image image=&#8221;312&#8243; img_size=&#8221;full&#8221; title=&#8221;Energia&#8221;][\/vc_column][\/vc_row][vc_row el_class=&#8221;service-row&#8221;][vc_column width=&#8221;1\/4&#8243;][vc_single_image image=&#8221;313&#8243; img_size=&#8221;full&#8221; title=&#8221;Alberi pompa&#8221;][\/vc_column][vc_column width=&#8221;1\/4&#8243;][vc_single_image image=&#8221;314&#8243; img_size=&#8221;full&#8221; title=&#8221;Alberi motore navali&#8221;][\/vc_column][vc_column width=&#8221;1\/4&#8243;][vc_single_image image=&#8221;315&#8243; img_size=&#8221;full&#8221; title=&#8221;Eolico&#8221;][\/vc_column][vc_column width=&#8221;1\/4&#8243;][vc_single_image image=&#8221;316&#8243; img_size=&#8221;full&#8221; title=&#8221;Pistoni idraulici&#8221;][\/vc_column][\/vc_row][\/vc_section][vc_row][vc_column][vc_separator][\/vc_column][\/vc_row][vc_row el_class=&#8221;home-product-info&#8221;][vc_column][vc_custom_heading text=&#8221;Prodotti&#8221; font_container=&#8221;tag:h2|text_align:center&#8221; use_theme_fonts=&#8221;yes&#8221;][vc_column_text el_class=&#8221;home-product-info-text&#8221;]<\/p>\n<p style=\"text-align: center;\">Alok Ingots ha sviluppato oltre 200 tipi di acciaio, legati, per utensili e prodotti in<br \/>\nacciaio speciale per un grande numero di industrie in India e in tutto il mondo<br \/>\nla nostra squadra \u00e8 in grado di produrre le qualit\u00e0 pi\u00f9 complesse per i nostri clienti pi\u00f9 esigenti<\/p>\n<p>[\/vc_column_text]\n<div class=\"service-wrap\">\n\t<div class=\"ai_service_slider\">\n\t\t\t\t<div class=\"service_items\">\n\t\t\t<div class=\"carousel_img_wrap\">\n\t\t\t\t<a class=\"post-thumbnail\" href=\"https:\/\/www.alokindia.com\/it\/continuous-cast-billets\/\" title=\"Continuous Cast Billet | Steel Billet | Stainless Steel Billet | Carbon Steel Billet | Alloy Steel Billet | Tool Steel Billet | Steel Billet Supplier in India | Steel Billet Manufacturer in India\" aria-hidden=\"true\" tabindex=\"-1\">\n\t\t\t\t\t\n\t\t\t<a class=\"post-thumbnail\" href=\"https:\/\/www.alokindia.com\/it\/continuous-cast-billets\/\" aria-hidden=\"true\" tabindex=\"-1\">\n\t\t\t\t<img loading=\"lazy\" decoding=\"async\" width=\"338\" height=\"209\" src=\"https:\/\/www.alokindia.com\/wp-content\/uploads\/2024\/01\/proimg_ccb1-1.jpg\" class=\"attachment-post-thumbnail size-post-thumbnail wp-post-image\" alt=\"Continuous Cast Billet | Steel Billet | Stainless Steel Billet | Carbon Steel Billet | Alloy Steel Billet | Tool Steel Billet | Steel Billet Supplier in India | Steel Billet Manufacturer in India\" srcset=\"https:\/\/www.alokindia.com\/wp-content\/uploads\/2024\/01\/proimg_ccb1-1.jpg 338w, https:\/\/www.alokindia.com\/wp-content\/uploads\/2024\/01\/proimg_ccb1-1-300x186.jpg 300w\" sizes=\"auto, (max-width: 338px) 100vw, 338px\" \/>\t\t\t<\/a>\n\n\t\t\t\t\t\t\t<\/a>\n\t\t\t<\/div>\n\t\t\t<div class=\"service_carousel_details\">\n\t\t\t\t\t\t\t\t\t<div class=\"service_desc\">Continuous Cast Billet | Steel Billet | Stainless Steel Billet | Carbon Steel Billet | Alloy Steel Billet | Tool Steel Billet | Steel Billet Supplier in India | Steel Billet Manufacturer in India<\/div>\n\t\t\t\t\t\t\t\t<p class=\"wp-posts-carousel-buttons\">\n\t\t\t\t\t<a href=\"https:\/\/www.alokindia.com\/it\/continuous-cast-billets\/\" class=\"carousel-more-button button\" title=\"Continuous Cast Billet | Steel Billet | Stainless Steel Billet | Carbon Steel Billet | Alloy Steel Billet | Tool Steel Billet | Steel Billet Supplier in India | Steel Billet Manufacturer in India\">read more<\/a>\n\t\t\t\t<\/p>\n\t\t\t<\/div>\n\t\t<\/div>\n\t\t\t\t<div class=\"service_items\">\n\t\t\t<div class=\"carousel_img_wrap\">\n\t\t\t\t<a class=\"post-thumbnail\" href=\"https:\/\/www.alokindia.com\/it\/round-bars\/\" title=\"Hot Rolled Round Bars | Peeled &#038; Ground Bright Bar | Pump Shaft Quality Bars | Stainless Steel Round Bars | Alloy Steel Round Bars | Carbon Steel Round Bars | Tool Steel Round Bars | HR Steel Round Bars Manufacturer In India | HR Steel Round Bar Supplier In India\" aria-hidden=\"true\" tabindex=\"-1\">\n\t\t\t\t\t\n\t\t\t<a class=\"post-thumbnail\" href=\"https:\/\/www.alokindia.com\/it\/round-bars\/\" aria-hidden=\"true\" tabindex=\"-1\">\n\t\t\t\t<img loading=\"lazy\" decoding=\"async\" width=\"338\" height=\"209\" src=\"https:\/\/www.alokindia.com\/wp-content\/uploads\/2024\/01\/proimg_rb2-1.jpg\" class=\"attachment-post-thumbnail size-post-thumbnail wp-post-image\" alt=\"Hot Rolled Round Bars | Peeled &#038; Ground Bright Bar | Pump Shaft Quality Bars | Stainless Steel Round Bars | Alloy Steel Round Bars | Carbon Steel Round Bars | Tool Steel Round Bars | HR Steel Round Bars Manufacturer In India | HR Steel Round Bar Supplier In India\" srcset=\"https:\/\/www.alokindia.com\/wp-content\/uploads\/2024\/01\/proimg_rb2-1.jpg 338w, https:\/\/www.alokindia.com\/wp-content\/uploads\/2024\/01\/proimg_rb2-1-300x186.jpg 300w\" sizes=\"auto, (max-width: 338px) 100vw, 338px\" \/>\t\t\t<\/a>\n\n\t\t\t\t\t\t\t<\/a>\n\t\t\t<\/div>\n\t\t\t<div class=\"service_carousel_details\">\n\t\t\t\t\t\t\t\t\t<div class=\"service_desc\">Hot Rolled Round Bars | Peeled &#038; Ground Bright Bar | Pump Shaft Quality Bars | Stainless Steel Round Bars | Alloy Steel Round Bars | Carbon Steel Round Bars | Tool Steel Round Bars | HR Steel Round Bars Manufacturer In India | HR Steel Round Bar Supplier In India<\/div>\n\t\t\t\t\t\t\t\t<p class=\"wp-posts-carousel-buttons\">\n\t\t\t\t\t<a href=\"https:\/\/www.alokindia.com\/it\/round-bars\/\" class=\"carousel-more-button button\" title=\"Hot Rolled Round Bars | Peeled &#038; Ground Bright Bar | Pump Shaft Quality Bars | Stainless Steel Round Bars | Alloy Steel Round Bars | Carbon Steel Round Bars | Tool Steel Round Bars | HR Steel Round Bars Manufacturer In India | HR Steel Round Bar Supplier In India\">read more<\/a>\n\t\t\t\t<\/p>\n\t\t\t<\/div>\n\t\t<\/div>\n\t\t\t\t<div class=\"service_items\">\n\t\t\t<div class=\"carousel_img_wrap\">\n\t\t\t\t<a class=\"post-thumbnail\" href=\"https:\/\/www.alokindia.com\/it\/round-cornered-squares\/\" title=\"Steel RCS Supplier | Steel Round Cornered Square Manfacturer in India | Stainless Steel RCS Supplier in India | Alloy Steel RCS Manfacturer in India | Carbon Steel RCS in India | Tool Steel RCS in India | RCS supplier in india | RCS Manfacturer in India\" aria-hidden=\"true\" tabindex=\"-1\">\n\t\t\t\t\t\n\t\t\t<a class=\"post-thumbnail\" href=\"https:\/\/www.alokindia.com\/it\/round-cornered-squares\/\" aria-hidden=\"true\" tabindex=\"-1\">\n\t\t\t\t<img loading=\"lazy\" decoding=\"async\" width=\"338\" height=\"209\" src=\"https:\/\/www.alokindia.com\/wp-content\/uploads\/2024\/01\/proimg_rcs1-1.jpg\" class=\"attachment-post-thumbnail size-post-thumbnail wp-post-image\" alt=\"Steel RCS Supplier | Steel Round Cornered Square Manfacturer in India | Stainless Steel RCS Supplier in India | Alloy Steel RCS Manfacturer in India | Carbon Steel RCS in India | Tool Steel RCS in India | RCS supplier in india | RCS Manfacturer in India\" srcset=\"https:\/\/www.alokindia.com\/wp-content\/uploads\/2024\/01\/proimg_rcs1-1.jpg 338w, https:\/\/www.alokindia.com\/wp-content\/uploads\/2024\/01\/proimg_rcs1-1-300x186.jpg 300w\" sizes=\"auto, (max-width: 338px) 100vw, 338px\" \/>\t\t\t<\/a>\n\n\t\t\t\t\t\t\t<\/a>\n\t\t\t<\/div>\n\t\t\t<div class=\"service_carousel_details\">\n\t\t\t\t\t\t\t\t\t<div class=\"service_desc\">Steel RCS Supplier | Steel Round Cornered Square Manfacturer in India | Stainless Steel RCS Supplier in India | Alloy Steel RCS Manfacturer in India | Carbon Steel RCS in India | Tool Steel RCS in India | RCS supplier in india | RCS Manfacturer in India<\/div>\n\t\t\t\t\t\t\t\t<p class=\"wp-posts-carousel-buttons\">\n\t\t\t\t\t<a href=\"https:\/\/www.alokindia.com\/it\/round-cornered-squares\/\" class=\"carousel-more-button button\" title=\"Steel RCS Supplier | Steel Round Cornered Square Manfacturer in India | Stainless Steel RCS Supplier in India | Alloy Steel RCS Manfacturer in India | Carbon Steel RCS in India | Tool Steel RCS in India | RCS supplier in india | RCS Manfacturer in India\">read more<\/a>\n\t\t\t\t<\/p>\n\t\t\t<\/div>\n\t\t<\/div>\n\t\t\t\t<div class=\"service_items\">\n\t\t\t<div class=\"carousel_img_wrap\">\n\t\t\t\t<a class=\"post-thumbnail\" href=\"https:\/\/www.alokindia.com\/it\/flat-bars\/\" title=\"Steel Flat Bar | Hot Rolled Flat Bar | Stainless Steel Flat Bar | Alloy Steel Flat Bar | Carbon Steel Flat Bar | Tool Steel Flat Bar | Steel Flat Bar Supplier in India | Steel Flat Bar Manufacturer in India\" aria-hidden=\"true\" tabindex=\"-1\">\n\t\t\t\t\t\n\t\t\t<a class=\"post-thumbnail\" href=\"https:\/\/www.alokindia.com\/it\/flat-bars\/\" aria-hidden=\"true\" tabindex=\"-1\">\n\t\t\t\t<img loading=\"lazy\" decoding=\"async\" width=\"338\" height=\"209\" src=\"https:\/\/www.alokindia.com\/wp-content\/uploads\/2024\/01\/proimg_fb1-1.jpg\" class=\"attachment-post-thumbnail size-post-thumbnail wp-post-image\" alt=\"Steel Flat Bar | Hot Rolled Flat Bar | Stainless Steel Flat Bar | Alloy Steel Flat Bar | Carbon Steel Flat Bar | Tool Steel Flat Bar | Steel Flat Bar Supplier in India | Steel Flat Bar Manufacturer in India\" srcset=\"https:\/\/www.alokindia.com\/wp-content\/uploads\/2024\/01\/proimg_fb1-1.jpg 338w, https:\/\/www.alokindia.com\/wp-content\/uploads\/2024\/01\/proimg_fb1-1-300x186.jpg 300w\" sizes=\"auto, (max-width: 338px) 100vw, 338px\" \/>\t\t\t<\/a>\n\n\t\t\t\t\t\t\t<\/a>\n\t\t\t<\/div>\n\t\t\t<div class=\"service_carousel_details\">\n\t\t\t\t\t\t\t\t\t<div class=\"service_desc\">Steel Flat Bar | Hot Rolled Flat Bar | Stainless Steel Flat Bar | Alloy Steel Flat Bar | Carbon Steel Flat Bar | Tool Steel Flat Bar | Steel Flat Bar Supplier in India | Steel Flat Bar Manufacturer in India<\/div>\n\t\t\t\t\t\t\t\t<p class=\"wp-posts-carousel-buttons\">\n\t\t\t\t\t<a href=\"https:\/\/www.alokindia.com\/it\/flat-bars\/\" class=\"carousel-more-button button\" title=\"Steel Flat Bar | Hot Rolled Flat Bar | Stainless Steel Flat Bar | Alloy Steel Flat Bar | Carbon Steel Flat Bar | Tool Steel Flat Bar | Steel Flat Bar Supplier in India | Steel Flat Bar Manufacturer in India\">read more<\/a>\n\t\t\t\t<\/p>\n\t\t\t<\/div>\n\t\t<\/div>\n\t\t\t\t<div class=\"service_items\">\n\t\t\t<div class=\"carousel_img_wrap\">\n\t\t\t\t<a class=\"post-thumbnail\" href=\"https:\/\/www.alokindia.com\/it\/square-bars\/\" title=\"HOT ROLLED SQUARE BAR | COLD DRAWN SQUARE BAR | STAINLESS STEEL SQUARE BAR | ALLOY STEEL SQUARE BAR | CARBON STEEL SQUARE BAR\" aria-hidden=\"true\" tabindex=\"-1\">\n\t\t\t\t\t\n\t\t\t<a class=\"post-thumbnail\" href=\"https:\/\/www.alokindia.com\/it\/square-bars\/\" aria-hidden=\"true\" tabindex=\"-1\">\n\t\t\t\t<img loading=\"lazy\" decoding=\"async\" width=\"338\" height=\"209\" src=\"https:\/\/www.alokindia.com\/wp-content\/uploads\/2024\/01\/proimg_sqb1-1.jpg\" class=\"attachment-post-thumbnail size-post-thumbnail wp-post-image\" alt=\"HOT ROLLED SQUARE BAR | COLD DRAWN SQUARE BAR | STAINLESS STEEL SQUARE BAR | ALLOY STEEL SQUARE BAR | CARBON STEEL SQUARE BAR\" srcset=\"https:\/\/www.alokindia.com\/wp-content\/uploads\/2024\/01\/proimg_sqb1-1.jpg 338w, https:\/\/www.alokindia.com\/wp-content\/uploads\/2024\/01\/proimg_sqb1-1-300x186.jpg 300w\" sizes=\"auto, (max-width: 338px) 100vw, 338px\" \/>\t\t\t<\/a>\n\n\t\t\t\t\t\t\t<\/a>\n\t\t\t<\/div>\n\t\t\t<div class=\"service_carousel_details\">\n\t\t\t\t\t\t\t\t\t<div class=\"service_desc\">HOT ROLLED SQUARE BAR | COLD DRAWN SQUARE BAR | STAINLESS STEEL SQUARE BAR | ALLOY STEEL SQUARE BAR | CARBON STEEL SQUARE BAR<\/div>\n\t\t\t\t\t\t\t\t<p class=\"wp-posts-carousel-buttons\">\n\t\t\t\t\t<a href=\"https:\/\/www.alokindia.com\/it\/square-bars\/\" class=\"carousel-more-button button\" title=\"HOT ROLLED SQUARE BAR | COLD DRAWN SQUARE BAR | STAINLESS STEEL SQUARE BAR | ALLOY STEEL SQUARE BAR | CARBON STEEL SQUARE BAR\">read more<\/a>\n\t\t\t\t<\/p>\n\t\t\t<\/div>\n\t\t<\/div>\n\t\t\t\t<div class=\"service_items\">\n\t\t\t<div class=\"carousel_img_wrap\">\n\t\t\t\t<a class=\"post-thumbnail\" href=\"https:\/\/www.alokindia.com\/it\/hexagon\/\" title=\"Hexagon Bar| Hot Rolled Hexagon Bar | Cold Drawn Hexagon Bars | Stainless Steel Hexagon Supplier In india | Carbon Steel Hexagon Bar Supplier In India | Alloy Steel Hexagon Bar Supplier In India\" aria-hidden=\"true\" tabindex=\"-1\">\n\t\t\t\t\t\n\t\t\t<a class=\"post-thumbnail\" href=\"https:\/\/www.alokindia.com\/it\/hexagon\/\" aria-hidden=\"true\" tabindex=\"-1\">\n\t\t\t\t<img loading=\"lazy\" decoding=\"async\" width=\"338\" height=\"209\" src=\"https:\/\/www.alokindia.com\/wp-content\/uploads\/2024\/01\/proimg_hb1-1.jpg\" class=\"attachment-post-thumbnail size-post-thumbnail wp-post-image\" alt=\"Hexagon Bar| Hot Rolled Hexagon Bar | Cold Drawn Hexagon Bars | Stainless Steel Hexagon Supplier In india | Carbon Steel Hexagon Bar Supplier In India | Alloy Steel Hexagon Bar Supplier In India\" srcset=\"https:\/\/www.alokindia.com\/wp-content\/uploads\/2024\/01\/proimg_hb1-1.jpg 338w, https:\/\/www.alokindia.com\/wp-content\/uploads\/2024\/01\/proimg_hb1-1-300x186.jpg 300w\" sizes=\"auto, (max-width: 338px) 100vw, 338px\" \/>\t\t\t<\/a>\n\n\t\t\t\t\t\t\t<\/a>\n\t\t\t<\/div>\n\t\t\t<div class=\"service_carousel_details\">\n\t\t\t\t\t\t\t\t\t<div class=\"service_desc\">Hexagon Bar| Hot Rolled Hexagon Bar | Cold Drawn Hexagon Bars | Stainless Steel Hexagon Supplier In india | Carbon Steel Hexagon Bar Supplier In India | Alloy Steel Hexagon Bar Supplier In India<\/div>\n\t\t\t\t\t\t\t\t<p class=\"wp-posts-carousel-buttons\">\n\t\t\t\t\t<a href=\"https:\/\/www.alokindia.com\/it\/hexagon\/\" class=\"carousel-more-button button\" title=\"Hexagon Bar| Hot Rolled Hexagon Bar | Cold Drawn Hexagon Bars | Stainless Steel Hexagon Supplier In india | Carbon Steel Hexagon Bar Supplier In India | Alloy Steel Hexagon Bar Supplier In India\">read more<\/a>\n\t\t\t\t<\/p>\n\t\t\t<\/div>\n\t\t<\/div>\n\t\t\t<\/div>\n<\/div>\n\n\t\t[\/vc_column][\/vc_row]<\/p>\n<\/div>","protected":false},"excerpt":{"rendered":"<p>[vc_row el_class=&#8221;page-banner&#8221; css=&#8221;.vc_custom_1704709275719{background-image: url(https:\/\/www.alokindia.com\/wp-content\/uploads\/2024\/01\/product-banner.jpg?id=302) !important;}&#8221;][vc_column][\/vc_column][\/vc_row][vc_section el_class=&#8221;section-padding&#8221;][vc_row el_class=&#8221;ourproducts-row&#8221;][vc_column][vc_custom_heading text=&#8221;PRODOTTI&#8221; use_theme_fonts=&#8221;yes&#8221;][vc_column_text el_class=&#8221;ourproducts-text&#8221;]Il team di Alok ingots grazie alla sua esperienza e dedizione grantisce una superiorita \u2018 sui diretti competitori Oltre alla conoscenza tecnologica, il team e\u2019 sempre aggiornato sugli ultimi svilippi della siderurgia mondiale Alla Alok Ingots il processo di identifiazione del prodotto e\u2019 garanttito lungo tutta [&hellip;]<\/p>\n","protected":false},"author":1,"featured_media":0,"parent":0,"menu_order":0,"comment_status":"closed","ping_status":"closed","template":"","meta":{"footnotes":"","_links_to":"","_links_to_target":""},"class_list":["post-1789","page","type-page","status-publish","hentry"],"yoast_head":"<!-- This site is optimized with the Yoast SEO plugin v27.2 - https:\/\/yoast.com\/product\/yoast-seo-wordpress\/ -->\n<title>Products - Alokindia<\/title>\n<meta name=\"robots\" content=\"index, follow, max-snippet:-1, max-image-preview:large, max-video-preview:-1\" \/>\n<link rel=\"canonical\" href=\"https:\/\/www.alokindia.com\/it\/products\/\" \/>\n<meta property=\"og:locale\" content=\"it_IT\" \/>\n<meta property=\"og:type\" content=\"article\" \/>\n<meta property=\"og:title\" content=\"Products - Alokindia\" \/>\n<meta property=\"og:description\" content=\"[vc_row el_class=&#8221;page-banner&#8221; css=&#8221;.vc_custom_1704709275719{background-image: url(https:\/\/www.alokindia.com\/wp-content\/uploads\/2024\/01\/product-banner.jpg?id=302) !important;}&#8221;][vc_column][\/vc_column][\/vc_row][vc_section el_class=&#8221;section-padding&#8221;][vc_row el_class=&#8221;ourproducts-row&#8221;][vc_column][vc_custom_heading text=&#8221;PRODOTTI&#8221; use_theme_fonts=&#8221;yes&#8221;][vc_column_text el_class=&#8221;ourproducts-text&#8221;]Il team di Alok ingots grazie alla sua esperienza e dedizione grantisce una superiorita \u2018 sui diretti competitori Oltre alla conoscenza tecnologica, il team e\u2019 sempre aggiornato sugli ultimi svilippi della siderurgia mondiale Alla Alok Ingots il processo di identifiazione del prodotto e\u2019 garanttito lungo tutta [&hellip;]\" \/>\n<meta property=\"og:url\" content=\"https:\/\/www.alokindia.com\/it\/products\/\" \/>\n<meta property=\"og:site_name\" content=\"Alokindia\" \/>\n<meta property=\"article:publisher\" content=\"https:\/\/www.facebook.com\/alokingots\/\" \/>\n<meta property=\"article:modified_time\" content=\"2024-01-14T10:07:17+00:00\" \/>\n<meta name=\"twitter:card\" content=\"summary_large_image\" \/>\n<meta name=\"twitter:label1\" content=\"Tempo di lettura stimato\" \/>\n\t<meta name=\"twitter:data1\" content=\"3 minuti\" \/>\n<script type=\"application\/ld+json\" class=\"yoast-schema-graph\">{\"@context\":\"https:\/\/schema.org\",\"@graph\":[{\"@type\":\"WebPage\",\"@id\":\"https:\/\/www.alokindia.com\/it\/products\/\",\"url\":\"https:\/\/www.alokindia.com\/it\/products\/\",\"name\":\"Products - Alokindia\",\"isPartOf\":{\"@id\":\"https:\/\/www.alokindia.com\/pl\/#website\"},\"datePublished\":\"2024-01-03T06:15:46+00:00\",\"dateModified\":\"2024-01-14T10:07:17+00:00\",\"breadcrumb\":{\"@id\":\"https:\/\/www.alokindia.com\/it\/products\/#breadcrumb\"},\"inLanguage\":\"it-IT\",\"potentialAction\":[{\"@type\":\"ReadAction\",\"target\":[\"https:\/\/www.alokindia.com\/it\/products\/\"]}]},{\"@type\":\"BreadcrumbList\",\"@id\":\"https:\/\/www.alokindia.com\/it\/products\/#breadcrumb\",\"itemListElement\":[{\"@type\":\"ListItem\",\"position\":1,\"name\":\"Home\",\"item\":\"https:\/\/www.alokindia.com\/it\/\"},{\"@type\":\"ListItem\",\"position\":2,\"name\":\"Products\"}]},{\"@type\":\"WebSite\",\"@id\":\"https:\/\/www.alokindia.com\/pl\/#website\",\"url\":\"https:\/\/www.alokindia.com\/pl\/\",\"name\":\"Alok India\",\"description\":\"\",\"publisher\":{\"@id\":\"https:\/\/www.alokindia.com\/pl\/#organization\"},\"potentialAction\":[{\"@type\":\"SearchAction\",\"target\":{\"@type\":\"EntryPoint\",\"urlTemplate\":\"https:\/\/www.alokindia.com\/pl\/?s={search_term_string}\"},\"query-input\":{\"@type\":\"PropertyValueSpecification\",\"valueRequired\":true,\"valueName\":\"search_term_string\"}}],\"inLanguage\":\"it-IT\"},{\"@type\":\"Organization\",\"@id\":\"https:\/\/www.alokindia.com\/pl\/#organization\",\"name\":\"Alok India Steels\",\"url\":\"https:\/\/www.alokindia.com\/pl\/\",\"logo\":{\"@type\":\"ImageObject\",\"inLanguage\":\"it-IT\",\"@id\":\"https:\/\/www.alokindia.com\/pl\/#\/schema\/logo\/image\/\",\"url\":\"https:\/\/www.alokindia.com\/wp-content\/uploads\/2024\/01\/logo_red.png\",\"contentUrl\":\"https:\/\/www.alokindia.com\/wp-content\/uploads\/2024\/01\/logo_red.png\",\"width\":170,\"height\":75,\"caption\":\"Alok India Steels\"},\"image\":{\"@id\":\"https:\/\/www.alokindia.com\/pl\/#\/schema\/logo\/image\/\"},\"sameAs\":[\"https:\/\/www.facebook.com\/alokingots\/\",\"https:\/\/www.linkedin.com\/company\/alok-ingots-mumbai-private-limited\/\",\"https:\/\/youtube.com\/@aloksteels\"]}]}<\/script>\n<!-- \/ Yoast SEO plugin. -->","yoast_head_json":{"title":"Products - Alokindia","robots":{"index":"index","follow":"follow","max-snippet":"max-snippet:-1","max-image-preview":"max-image-preview:large","max-video-preview":"max-video-preview:-1"},"canonical":"https:\/\/www.alokindia.com\/it\/products\/","og_locale":"it_IT","og_type":"article","og_title":"Products - Alokindia","og_description":"[vc_row el_class=&#8221;page-banner&#8221; css=&#8221;.vc_custom_1704709275719{background-image: url(https:\/\/www.alokindia.com\/wp-content\/uploads\/2024\/01\/product-banner.jpg?id=302) !important;}&#8221;][vc_column][\/vc_column][\/vc_row][vc_section el_class=&#8221;section-padding&#8221;][vc_row el_class=&#8221;ourproducts-row&#8221;][vc_column][vc_custom_heading text=&#8221;PRODOTTI&#8221; use_theme_fonts=&#8221;yes&#8221;][vc_column_text el_class=&#8221;ourproducts-text&#8221;]Il team di Alok ingots grazie alla sua esperienza e dedizione grantisce una superiorita \u2018 sui diretti competitori Oltre alla conoscenza tecnologica, il team e\u2019 sempre aggiornato sugli ultimi svilippi della siderurgia mondiale Alla Alok Ingots il processo di identifiazione del prodotto e\u2019 garanttito lungo tutta [&hellip;]","og_url":"https:\/\/www.alokindia.com\/it\/products\/","og_site_name":"Alokindia","article_publisher":"https:\/\/www.facebook.com\/alokingots\/","article_modified_time":"2024-01-14T10:07:17+00:00","twitter_card":"summary_large_image","twitter_misc":{"Tempo di lettura stimato":"3 minuti"},"schema":{"@context":"https:\/\/schema.org","@graph":[{"@type":"WebPage","@id":"https:\/\/www.alokindia.com\/it\/products\/","url":"https:\/\/www.alokindia.com\/it\/products\/","name":"Products - Alokindia","isPartOf":{"@id":"https:\/\/www.alokindia.com\/pl\/#website"},"datePublished":"2024-01-03T06:15:46+00:00","dateModified":"2024-01-14T10:07:17+00:00","breadcrumb":{"@id":"https:\/\/www.alokindia.com\/it\/products\/#breadcrumb"},"inLanguage":"it-IT","potentialAction":[{"@type":"ReadAction","target":["https:\/\/www.alokindia.com\/it\/products\/"]}]},{"@type":"BreadcrumbList","@id":"https:\/\/www.alokindia.com\/it\/products\/#breadcrumb","itemListElement":[{"@type":"ListItem","position":1,"name":"Home","item":"https:\/\/www.alokindia.com\/it\/"},{"@type":"ListItem","position":2,"name":"Products"}]},{"@type":"WebSite","@id":"https:\/\/www.alokindia.com\/pl\/#website","url":"https:\/\/www.alokindia.com\/pl\/","name":"Alok India","description":"","publisher":{"@id":"https:\/\/www.alokindia.com\/pl\/#organization"},"potentialAction":[{"@type":"SearchAction","target":{"@type":"EntryPoint","urlTemplate":"https:\/\/www.alokindia.com\/pl\/?s={search_term_string}"},"query-input":{"@type":"PropertyValueSpecification","valueRequired":true,"valueName":"search_term_string"}}],"inLanguage":"it-IT"},{"@type":"Organization","@id":"https:\/\/www.alokindia.com\/pl\/#organization","name":"Alok India Steels","url":"https:\/\/www.alokindia.com\/pl\/","logo":{"@type":"ImageObject","inLanguage":"it-IT","@id":"https:\/\/www.alokindia.com\/pl\/#\/schema\/logo\/image\/","url":"https:\/\/www.alokindia.com\/wp-content\/uploads\/2024\/01\/logo_red.png","contentUrl":"https:\/\/www.alokindia.com\/wp-content\/uploads\/2024\/01\/logo_red.png","width":170,"height":75,"caption":"Alok India Steels"},"image":{"@id":"https:\/\/www.alokindia.com\/pl\/#\/schema\/logo\/image\/"},"sameAs":["https:\/\/www.facebook.com\/alokingots\/","https:\/\/www.linkedin.com\/company\/alok-ingots-mumbai-private-limited\/","https:\/\/youtube.com\/@aloksteels"]}]}},"_links":{"self":[{"href":"https:\/\/www.alokindia.com\/it\/wp-json\/wp\/v2\/pages\/1789","targetHints":{"allow":["GET"]}}],"collection":[{"href":"https:\/\/www.alokindia.com\/it\/wp-json\/wp\/v2\/pages"}],"about":[{"href":"https:\/\/www.alokindia.com\/it\/wp-json\/wp\/v2\/types\/page"}],"author":[{"embeddable":true,"href":"https:\/\/www.alokindia.com\/it\/wp-json\/wp\/v2\/users\/1"}],"replies":[{"embeddable":true,"href":"https:\/\/www.alokindia.com\/it\/wp-json\/wp\/v2\/comments?post=1789"}],"version-history":[{"count":0,"href":"https:\/\/www.alokindia.com\/it\/wp-json\/wp\/v2\/pages\/1789\/revisions"}],"wp:attachment":[{"href":"https:\/\/www.alokindia.com\/it\/wp-json\/wp\/v2\/media?parent=1789"}],"curies":[{"name":"wp","href":"https:\/\/api.w.org\/{rel}","templated":true}]}}