{"id":1651,"date":"2024-01-03T06:16:29","date_gmt":"2024-01-03T06:16:29","guid":{"rendered":"https:\/\/www.alokindia.com\/contact-us\/"},"modified":"2024-03-20T09:12:31","modified_gmt":"2024-03-20T09:12:31","slug":"contactez-nous","status":"publish","type":"page","link":"https:\/\/www.alokindia.com\/fr\/contactez-nous\/","title":{"rendered":"Contactez Nous"},"content":{"rendered":"<div class=\"wpb-content-wrapper\"><p>[vc_row el_class=&#8221;page-banner&#8221; css=&#8221;.vc_custom_1704709268755{background-image: url(https:\/\/www.alokindia.com\/wp-content\/uploads\/2024\/01\/contact-us.jpg?id=290) !important;}&#8221;][vc_column][\/vc_column][\/vc_row][vc_section el_class=&#8221;section-padding&#8221;][vc_row el_class=&#8221;contact-box&#8221;][vc_column][vc_custom_heading text=&#8221;NOUS CONTACTER&#8221; use_theme_fonts=&#8221;yes&#8221;][vc_column_text]Aussi loin que puisse para\u00eetre la r\u00e9alisation des r\u00eaves, c\u2019est toujours moins loin que l\u2019horizon.[\/vc_column_text][\/vc_column][\/vc_row][vc_row el_class=&#8221;office-address-row&#8221;][vc_column width=&#8221;1\/2&#8243;][vc_custom_heading text=&#8221;Si\u00e8ge social&#8221; font_container=&#8221;tag:h3|text_align:left&#8221; use_theme_fonts=&#8221;yes&#8221;][vc_column_text]<\/p>\n<ul class=\"list-none ml-50 work-add\">\n<li>602, Raheja Chambers,<\/li>\n<li>213 Free Press Journal Marg,<\/li>\n<li>Nariman Point 400 021, India.<\/li>\n<li><span class=\"tel\" tabindex=\"0\" aria-label=\"+91 81046 73187\">+91 81046 73187, <\/span><span class=\"tel\" tabindex=\"1\" aria-label=\"+91 99206 98848\">+91 99206 98848<\/span><\/li>\n<li>+91 22 4022 0080<\/li>\n<li><a href=\"mailto:exports@alokindia.com\">exports@alokindia.com<\/a><\/li>\n<\/ul>\n<p>[\/vc_column_text][vc_gmaps link=&#8221;#E-8_JTNDaWZyYW1lJTIwc3JjJTNEJTIyaHR0cHMlM0ElMkYlMkZ3d3cuZ29vZ2xlLmNvbSUyRm1hcHMlMkZlbWJlZCUzRnBiJTNEJTIxMW0xNCUyMTFtOCUyMTFtMyUyMTFkMTUwOTYuNjgwMzYwNTA2MzIzJTIxMmQ3Mi44MjM3MTQlMjEzZDE4LjkyMzg2NCUyMTNtMiUyMTFpMTAyNCUyMTJpNzY4JTIxNGYxMy4xJTIxM20zJTIxMW0yJTIxMXMweDNiZTdkMWViYzJlNTNkNzMlMjUzQTB4OTc1ZjdjMWM5MGEyN2Q3NCUyMTJzUmFoZWphJTI1MjBDaGFtYmVycyUyNTJDJTI1MjBSQUhFSkElMjUyMENIQU1CRVJTJTI1MkMlMjUyMEZyZWUlMjUyMFByZXNzJTI1MjBKb3VybmFsJTI1MjBNYXJnJTI1MkMlMjUyME5hcmltYW4lMjUyMFBvaW50JTI1MkMlMjUyME11bWJhaSUyNTJDJTI1MjBNYWhhcmFzaHRyYSUyNTIwNDAwMDIxJTIxNWUwJTIxM20yJTIxMXNlbiUyMTJzaW4lMjE0djE3MDUxNDIxOTUxNDglMjE1bTIlMjExc2VuJTIxMnNpbiUyMiUyMHdpZHRoJTNEJTIyMTAwJTI1JTIyJTIwaGVpZ2h0JTNEJTIyMjUwJTIyJTIwc3R5bGUlM0QlMjJib3JkZXIlM0EwJTNCJTIyJTIwYWxsb3dmdWxsc2NyZWVuJTNEJTIyJTIyJTIwbG9hZGluZyUzRCUyMmxhenklMjIlMjByZWZlcnJlcnBvbGljeSUzRCUyMm5vLXJlZmVycmVyLXdoZW4tZG93bmdyYWRlJTIyJTNFJTNDJTJGaWZyYW1lJTNF&#8221;][\/vc_column][vc_column width=&#8221;1\/2&#8243;][vc_custom_heading text=&#8221;Adresse professionnelle&#8221; font_container=&#8221;tag:h3|text_align:left&#8221; use_theme_fonts=&#8221;yes&#8221;][vc_column_text]<\/p>\n<ul class=\"list-none ml-50 work-add\">\n<li>95\/3\/2, Vijaypur Village<\/li>\n<li class=\"no-padding\">(Near Kone Village) ,Taluka Wada,<\/li>\n<li class=\"no-padding\">Palghar \u2013 421303, Maharashtra, India.<\/li>\n<li>+91 99877 70330<\/li>\n<li>+91 99877 70334<\/li>\n<li><a href=\"mailto:exports@alokindia.com\">exports@alokindia.com<\/a><\/li>\n<\/ul>\n<p>[\/vc_column_text][vc_gmaps link=&#8221;#E-8_JTNDaWZyYW1lJTIwc3JjJTNEJTIyaHR0cHMlM0ElMkYlMkZ3d3cuZ29vZ2xlLmNvbSUyRm1hcHMlMkZlbWJlZCUzRnBiJTNEJTIxMW0xNCUyMTFtOCUyMTFtMyUyMTFkNzUxNi44MDI2MDM0ODMxNiUyMTJkNzMuMTMwOTM4JTIxM2QxOS42MTAxMzQlMjEzbTIlMjExaTEwMjQlMjEyaTc2OCUyMTRmMTMuMSUyMTNtMyUyMTFtMiUyMTFzMHgzYmU3NzQ4MTMzYTU5MTMzJTI1M0EweDExNGFlYWU5NThmMGVjODclMjEyc0Fsb2slMjUyMEluZ290cyUyNTIwJTI4TXVtYmFpJTI5JTI1MjBQdnQuJTI1MjBMdGQuJTIxNWUwJTIxM20yJTIxMXNlbiUyMTJzdXMlMjE0djE3MDUxNDIyMzQ1MzIlMjE1bTIlMjExc2VuJTIxMnN1cyUyMiUyMHdpZHRoJTNEJTIyMTAwJTI1JTIyJTIwaGVpZ2h0JTNEJTIyMjUwJTIyJTIwc3R5bGUlM0QlMjJib3JkZXIlM0EwJTNCJTIyJTIwYWxsb3dmdWxsc2NyZWVuJTNEJTIyJTIyJTIwbG9hZGluZyUzRCUyMmxhenklMjIlMjByZWZlcnJlcnBvbGljeSUzRCUyMm5vLXJlZmVycmVyLXdoZW4tZG93bmdyYWRlJTIyJTNFJTNDJTJGaWZyYW1lJTNF&#8221;][\/vc_column][\/vc_row][\/vc_section][vc_row][vc_column][vc_separator][\/vc_column][\/vc_row][vc_section el_class=&#8221;section-padding&#8221;][vc_row el_class=&#8221;contact-proximity&#8221; el_id=&#8221;International-Business&#8221;][vc_column][vc_custom_heading text=&#8221;\u00c0 PROXIMIT\u00c9&#8221; use_theme_fonts=&#8221;yes&#8221;][vc_custom_heading text=&#8221;entreprise multinationale&#8221; font_container=&#8221;tag:h4|text_align:left&#8221; use_theme_fonts=&#8221;yes&#8221; el_class=&#8221;orange-haedding&#8221;][vc_column_text]l\u2019aci\u00e9rie est install\u00e9e strat\u00e9giquement \u00e0 , \u00e0 proximit\u00e9 imm\u00e9diate de , (moins de ) \u2013 l\u2019un des plus grands ports de.<\/p>\n<ul class=\"list-icons\">\n<li>Mr. Moliere Joris<\/li>\n<li>74, Rue De La gare, 30310 Vergeze<\/li>\n<li>+ 33 6 33 54 83 43<\/li>\n<li><a href=\"mailto:exports@alokindia.com\">exports@alokindia.com<\/a><\/li>\n<\/ul>\n<p>[\/vc_column_text][\/vc_column][\/vc_row][vc_row el_class=&#8221;contact-domestic&#8221; el_id=&#8221;Domestic-Business&#8221;][vc_column][vc_custom_heading text=&#8221;Entreprise locale&#8221; font_container=&#8221;tag:h4|text_align:left&#8221; use_theme_fonts=&#8221;yes&#8221; el_class=&#8221;orange-haedding&#8221;][vc_column_text]L\u2019usine est situ\u00e9e \u00e0 \u00e9gale distance des deux autoroutes principales Cela facilite le transport rapide et r\u00e9duit les d\u00e9lais L\u2019usine est situ\u00e9e \u00e0 proximit\u00e9 imm\u00e9diate du plus grand march\u00e9 de l\u2019Inde<\/p>\n<ul class=\"list-icons\">\n<li>Mr. Moliere Joris<\/li>\n<li>74, Rue De La gare, 30310 Vergeze<\/li>\n<li>+ 33 6 33 54 83 43<\/li>\n<li><a href=\"mailto:exports@alokindia.com\">exports@alokindia.com<\/a><\/li>\n<\/ul>\n<p>[\/vc_column_text][\/vc_column][\/vc_row][\/vc_section]<\/p>\n<\/div>","protected":false},"excerpt":{"rendered":"<p>[vc_row el_class=&#8221;page-banner&#8221; css=&#8221;.vc_custom_1704709268755{background-image: url(https:\/\/www.alokindia.com\/wp-content\/uploads\/2024\/01\/contact-us.jpg?id=290) !important;}&#8221;][vc_column][\/vc_column][\/vc_row][vc_section el_class=&#8221;section-padding&#8221;][vc_row el_class=&#8221;contact-box&#8221;][vc_column][vc_custom_heading text=&#8221;NOUS CONTACTER&#8221; use_theme_fonts=&#8221;yes&#8221;][vc_column_text]Aussi loin que puisse para\u00eetre la r\u00e9alisation des r\u00eaves, c\u2019est toujours moins loin que l\u2019horizon.[\/vc_column_text][\/vc_column][\/vc_row][vc_row el_class=&#8221;office-address-row&#8221;][vc_column width=&#8221;1\/2&#8243;][vc_custom_heading text=&#8221;Si\u00e8ge social&#8221; font_container=&#8221;tag:h3|text_align:left&#8221; use_theme_fonts=&#8221;yes&#8221;][vc_column_text] 602, Raheja Chambers, 213 Free Press Journal Marg, Nariman Point 400 021, India. +91 81046 73187, +91 99206 98848 +91 22 4022 0080 exports@alokindia.com [\/vc_column_text][vc_gmaps [&hellip;]<\/p>\n","protected":false},"author":1,"featured_media":0,"parent":0,"menu_order":0,"comment_status":"closed","ping_status":"closed","template":"","meta":{"footnotes":"","_links_to":"","_links_to_target":""},"class_list":["post-1651","page","type-page","status-publish","hentry"],"yoast_head":"<!-- This site is optimized with the Yoast SEO plugin v27.2 - https:\/\/yoast.com\/product\/yoast-seo-wordpress\/ -->\n<title>Contactez Nous - Alokindia<\/title>\n<meta name=\"robots\" content=\"index, follow, max-snippet:-1, max-image-preview:large, max-video-preview:-1\" \/>\n<link rel=\"canonical\" href=\"https:\/\/www.alokindia.com\/fr\/contactez-nous\/\" \/>\n<meta property=\"og:locale\" content=\"fr_FR\" \/>\n<meta property=\"og:type\" content=\"article\" \/>\n<meta property=\"og:title\" content=\"Contactez Nous - Alokindia\" \/>\n<meta property=\"og:description\" content=\"[vc_row el_class=&#8221;page-banner&#8221; css=&#8221;.vc_custom_1704709268755{background-image: url(https:\/\/www.alokindia.com\/wp-content\/uploads\/2024\/01\/contact-us.jpg?id=290) !important;}&#8221;][vc_column][\/vc_column][\/vc_row][vc_section el_class=&#8221;section-padding&#8221;][vc_row el_class=&#8221;contact-box&#8221;][vc_column][vc_custom_heading text=&#8221;NOUS CONTACTER&#8221; use_theme_fonts=&#8221;yes&#8221;][vc_column_text]Aussi loin que puisse para\u00eetre la r\u00e9alisation des r\u00eaves, c\u2019est toujours moins loin que l\u2019horizon.[\/vc_column_text][\/vc_column][\/vc_row][vc_row el_class=&#8221;office-address-row&#8221;][vc_column width=&#8221;1\/2&#8243;][vc_custom_heading text=&#8221;Si\u00e8ge social&#8221; font_container=&#8221;tag:h3|text_align:left&#8221; use_theme_fonts=&#8221;yes&#8221;][vc_column_text] 602, Raheja Chambers, 213 Free Press Journal Marg, Nariman Point 400 021, India. +91 81046 73187, +91 99206 98848 +91 22 4022 0080 exports@alokindia.com [\/vc_column_text][vc_gmaps [&hellip;]\" \/>\n<meta property=\"og:url\" content=\"https:\/\/www.alokindia.com\/fr\/contactez-nous\/\" \/>\n<meta property=\"og:site_name\" content=\"Alokindia\" \/>\n<meta property=\"article:publisher\" content=\"https:\/\/www.facebook.com\/alokingots\/\" \/>\n<meta property=\"article:modified_time\" content=\"2024-03-20T09:12:31+00:00\" \/>\n<meta name=\"twitter:card\" content=\"summary_large_image\" \/>\n<meta name=\"twitter:label1\" content=\"Dur\u00e9e de lecture estim\u00e9e\" \/>\n\t<meta name=\"twitter:data1\" content=\"2 minutes\" \/>\n<script type=\"application\/ld+json\" class=\"yoast-schema-graph\">{\"@context\":\"https:\/\/schema.org\",\"@graph\":[{\"@type\":\"WebPage\",\"@id\":\"https:\/\/www.alokindia.com\/fr\/contactez-nous\/\",\"url\":\"https:\/\/www.alokindia.com\/fr\/contactez-nous\/\",\"name\":\"Contactez Nous - Alokindia\",\"isPartOf\":{\"@id\":\"https:\/\/www.alokindia.com\/pl\/#website\"},\"datePublished\":\"2024-01-03T06:16:29+00:00\",\"dateModified\":\"2024-03-20T09:12:31+00:00\",\"breadcrumb\":{\"@id\":\"https:\/\/www.alokindia.com\/fr\/contactez-nous\/#breadcrumb\"},\"inLanguage\":\"fr-FR\",\"potentialAction\":[{\"@type\":\"ReadAction\",\"target\":[\"https:\/\/www.alokindia.com\/fr\/contactez-nous\/\"]}]},{\"@type\":\"BreadcrumbList\",\"@id\":\"https:\/\/www.alokindia.com\/fr\/contactez-nous\/#breadcrumb\",\"itemListElement\":[{\"@type\":\"ListItem\",\"position\":1,\"name\":\"Home\",\"item\":\"https:\/\/www.alokindia.com\/fr\/\"},{\"@type\":\"ListItem\",\"position\":2,\"name\":\"Contactez Nous\"}]},{\"@type\":\"WebSite\",\"@id\":\"https:\/\/www.alokindia.com\/pl\/#website\",\"url\":\"https:\/\/www.alokindia.com\/pl\/\",\"name\":\"Alok India\",\"description\":\"\",\"publisher\":{\"@id\":\"https:\/\/www.alokindia.com\/pl\/#organization\"},\"potentialAction\":[{\"@type\":\"SearchAction\",\"target\":{\"@type\":\"EntryPoint\",\"urlTemplate\":\"https:\/\/www.alokindia.com\/pl\/?s={search_term_string}\"},\"query-input\":{\"@type\":\"PropertyValueSpecification\",\"valueRequired\":true,\"valueName\":\"search_term_string\"}}],\"inLanguage\":\"fr-FR\"},{\"@type\":\"Organization\",\"@id\":\"https:\/\/www.alokindia.com\/pl\/#organization\",\"name\":\"Alok India Steels\",\"url\":\"https:\/\/www.alokindia.com\/pl\/\",\"logo\":{\"@type\":\"ImageObject\",\"inLanguage\":\"fr-FR\",\"@id\":\"https:\/\/www.alokindia.com\/pl\/#\/schema\/logo\/image\/\",\"url\":\"https:\/\/www.alokindia.com\/wp-content\/uploads\/2024\/01\/logo_red.png\",\"contentUrl\":\"https:\/\/www.alokindia.com\/wp-content\/uploads\/2024\/01\/logo_red.png\",\"width\":170,\"height\":75,\"caption\":\"Alok India Steels\"},\"image\":{\"@id\":\"https:\/\/www.alokindia.com\/pl\/#\/schema\/logo\/image\/\"},\"sameAs\":[\"https:\/\/www.facebook.com\/alokingots\/\",\"https:\/\/www.linkedin.com\/company\/alok-ingots-mumbai-private-limited\/\",\"https:\/\/youtube.com\/@aloksteels\"]}]}<\/script>\n<!-- \/ Yoast SEO plugin. -->","yoast_head_json":{"title":"Contactez Nous - Alokindia","robots":{"index":"index","follow":"follow","max-snippet":"max-snippet:-1","max-image-preview":"max-image-preview:large","max-video-preview":"max-video-preview:-1"},"canonical":"https:\/\/www.alokindia.com\/fr\/contactez-nous\/","og_locale":"fr_FR","og_type":"article","og_title":"Contactez Nous - Alokindia","og_description":"[vc_row el_class=&#8221;page-banner&#8221; css=&#8221;.vc_custom_1704709268755{background-image: url(https:\/\/www.alokindia.com\/wp-content\/uploads\/2024\/01\/contact-us.jpg?id=290) !important;}&#8221;][vc_column][\/vc_column][\/vc_row][vc_section el_class=&#8221;section-padding&#8221;][vc_row el_class=&#8221;contact-box&#8221;][vc_column][vc_custom_heading text=&#8221;NOUS CONTACTER&#8221; use_theme_fonts=&#8221;yes&#8221;][vc_column_text]Aussi loin que puisse para\u00eetre la r\u00e9alisation des r\u00eaves, c\u2019est toujours moins loin que l\u2019horizon.[\/vc_column_text][\/vc_column][\/vc_row][vc_row el_class=&#8221;office-address-row&#8221;][vc_column width=&#8221;1\/2&#8243;][vc_custom_heading text=&#8221;Si\u00e8ge social&#8221; font_container=&#8221;tag:h3|text_align:left&#8221; use_theme_fonts=&#8221;yes&#8221;][vc_column_text] 602, Raheja Chambers, 213 Free Press Journal Marg, Nariman Point 400 021, India. +91 81046 73187, +91 99206 98848 +91 22 4022 0080 exports@alokindia.com [\/vc_column_text][vc_gmaps [&hellip;]","og_url":"https:\/\/www.alokindia.com\/fr\/contactez-nous\/","og_site_name":"Alokindia","article_publisher":"https:\/\/www.facebook.com\/alokingots\/","article_modified_time":"2024-03-20T09:12:31+00:00","twitter_card":"summary_large_image","twitter_misc":{"Dur\u00e9e de lecture estim\u00e9e":"2 minutes"},"schema":{"@context":"https:\/\/schema.org","@graph":[{"@type":"WebPage","@id":"https:\/\/www.alokindia.com\/fr\/contactez-nous\/","url":"https:\/\/www.alokindia.com\/fr\/contactez-nous\/","name":"Contactez Nous - Alokindia","isPartOf":{"@id":"https:\/\/www.alokindia.com\/pl\/#website"},"datePublished":"2024-01-03T06:16:29+00:00","dateModified":"2024-03-20T09:12:31+00:00","breadcrumb":{"@id":"https:\/\/www.alokindia.com\/fr\/contactez-nous\/#breadcrumb"},"inLanguage":"fr-FR","potentialAction":[{"@type":"ReadAction","target":["https:\/\/www.alokindia.com\/fr\/contactez-nous\/"]}]},{"@type":"BreadcrumbList","@id":"https:\/\/www.alokindia.com\/fr\/contactez-nous\/#breadcrumb","itemListElement":[{"@type":"ListItem","position":1,"name":"Home","item":"https:\/\/www.alokindia.com\/fr\/"},{"@type":"ListItem","position":2,"name":"Contactez Nous"}]},{"@type":"WebSite","@id":"https:\/\/www.alokindia.com\/pl\/#website","url":"https:\/\/www.alokindia.com\/pl\/","name":"Alok India","description":"","publisher":{"@id":"https:\/\/www.alokindia.com\/pl\/#organization"},"potentialAction":[{"@type":"SearchAction","target":{"@type":"EntryPoint","urlTemplate":"https:\/\/www.alokindia.com\/pl\/?s={search_term_string}"},"query-input":{"@type":"PropertyValueSpecification","valueRequired":true,"valueName":"search_term_string"}}],"inLanguage":"fr-FR"},{"@type":"Organization","@id":"https:\/\/www.alokindia.com\/pl\/#organization","name":"Alok India Steels","url":"https:\/\/www.alokindia.com\/pl\/","logo":{"@type":"ImageObject","inLanguage":"fr-FR","@id":"https:\/\/www.alokindia.com\/pl\/#\/schema\/logo\/image\/","url":"https:\/\/www.alokindia.com\/wp-content\/uploads\/2024\/01\/logo_red.png","contentUrl":"https:\/\/www.alokindia.com\/wp-content\/uploads\/2024\/01\/logo_red.png","width":170,"height":75,"caption":"Alok India Steels"},"image":{"@id":"https:\/\/www.alokindia.com\/pl\/#\/schema\/logo\/image\/"},"sameAs":["https:\/\/www.facebook.com\/alokingots\/","https:\/\/www.linkedin.com\/company\/alok-ingots-mumbai-private-limited\/","https:\/\/youtube.com\/@aloksteels"]}]}},"_links":{"self":[{"href":"https:\/\/www.alokindia.com\/fr\/wp-json\/wp\/v2\/pages\/1651","targetHints":{"allow":["GET"]}}],"collection":[{"href":"https:\/\/www.alokindia.com\/fr\/wp-json\/wp\/v2\/pages"}],"about":[{"href":"https:\/\/www.alokindia.com\/fr\/wp-json\/wp\/v2\/types\/page"}],"author":[{"embeddable":true,"href":"https:\/\/www.alokindia.com\/fr\/wp-json\/wp\/v2\/users\/1"}],"replies":[{"embeddable":true,"href":"https:\/\/www.alokindia.com\/fr\/wp-json\/wp\/v2\/comments?post=1651"}],"version-history":[{"count":3,"href":"https:\/\/www.alokindia.com\/fr\/wp-json\/wp\/v2\/pages\/1651\/revisions"}],"predecessor-version":[{"id":10101,"href":"https:\/\/www.alokindia.com\/fr\/wp-json\/wp\/v2\/pages\/1651\/revisions\/10101"}],"wp:attachment":[{"href":"https:\/\/www.alokindia.com\/fr\/wp-json\/wp\/v2\/media?parent=1651"}],"curies":[{"name":"wp","href":"https:\/\/api.w.org\/{rel}","templated":true}]}}