{"id":1645,"date":"2024-01-03T06:16:17","date_gmt":"2024-01-03T06:16:17","guid":{"rendered":"https:\/\/www.alokindia.com\/quality-control\/"},"modified":"2024-01-24T16:33:33","modified_gmt":"2024-01-24T16:33:33","slug":"controle-de-qualite","status":"publish","type":"page","link":"https:\/\/www.alokindia.com\/fr\/controle-de-qualite\/","title":{"rendered":"Controle De Qualite"},"content":{"rendered":"<div class=\"wpb-content-wrapper\"><p>[vc_row el_class=&#8221;page-banner&#8221; css=&#8221;.vc_custom_1704796203367{background-image: url(https:\/\/www.alokindia.com\/wp-content\/uploads\/2024\/01\/quality-banner.jpg?id=485) !important;}&#8221;][vc_column][\/vc_column][\/vc_row][vc_section el_class=&#8221;section-padding&#8221;][vc_row el_class=&#8221;ourproducts-row&#8221;][vc_column][vc_custom_heading text=&#8221;CONTR\u00d4LE QUALIT\u00c9&#8221; use_theme_fonts=&#8221;yes&#8221;][vc_column_text el_class=&#8221;ourproducts-text&#8221;]nous consid\u00e9rons la qualit\u00e9 et l\u2019am\u00e9lioration permanente comme la base de la politique de notre entreprise et de sa croissance notre \u00e9quipe d\u2019ing\u00e9nieur qualit\u00e9 tr\u00e8s motiv\u00e9s, de m\u00e9tallurgistes et chimistes se battent continuellement pour r\u00e9pondre aux demandes de de nos clients internationaux Nous faisons partie des quelques entreprises accr\u00e9dit\u00e9es pour, par TUV Nord<\/p>\n<p>La qualit\u00e9 est primordiale dans notre d\u00e9marche commerciale, \u2018si on prend soin des moindre d\u00e9tails pendant le processus de fabrication, il ne sera pas n\u00e9cessaire de s\u2019occuper du produit fini. L\u2019excellente qualit\u00e9 de chaque produit qui sort de l\u2019usine refl\u00e8te cet engagement. Ainsi nos clients peuvent compter sur des produits \u00e0 d\u2019une qualit\u00e9 et d\u2019un s\u00e9rieux irr\u00e9prochables qui sont aussi durables que fiables.<\/p>\n<p>Notre d\u00e9partement qualit\u00e9 est dot\u00e9 de l\u2019\u00e9quipement de test suivant, r\u00e9guli\u00e8rement calibr\u00e9.[\/vc_column_text][vc_row_inner equal_height=&#8221;yes&#8221; content_placement=&#8221;middle&#8221; el_class=&#8221;ourproducts-innerrow&#8221;][vc_column_inner width=&#8221;1\/2&#8243;][vc_column_text]<\/p>\n<h2>\u201c<span class=\"uppercase\">L\u2019EXCELLENCE<\/span><small> n\u2019est jamais accidentelle, c\u2019est un choix d\u00e9lib\u00e9r\u00e9 de<\/small> <span class=\"uppercase\">.\u201d<\/span><\/h2>\n<p>[\/vc_column_text][\/vc_column_inner][vc_column_inner width=&#8221;1\/2&#8243;][vc_single_image image=&#8221;504&#8243; img_size=&#8221;full&#8221;][\/vc_column_inner][\/vc_row_inner][vc_row_inner el_class=&#8221;ss-applications&#8221;][vc_column_inner width=&#8221;1\/2&#8243;][vc_column_text]<\/p>\n<ul>\n<li>Un laboratoire de chimie \u00e9quip\u00e9 pour les tests en milieu humide<\/li>\n<li>Spectrom\u00e8tre d\u2019\u00e9missions optiques<\/li>\n<li>D\u00e9tecteur de radiations<\/li>\n<li>Testeur universel Ton<\/li>\n<li>Testeur de duret\u00e9 \u2013 Rockwell and Brinell<\/li>\n<li>Testeur d\u2019imparct V Notch<\/li>\n<\/ul>\n<p>[\/vc_column_text][\/vc_column_inner][vc_column_inner width=&#8221;1\/2&#8243;][vc_column_text]<\/p>\n<ul>\n<li>Test de fissure<\/li>\n<li>Echantillons de billettes, gravure \u00e0 l\u2019acide<\/li>\n<li>Spectrom\u00e8tre manuel pour identifier niveau<\/li>\n<li>Microscope avec analyseur d\u2019image<\/li>\n<li>Appareil pour v\u00e9rifier les r\u00e9sultats Jominy<\/li>\n<\/ul>\n<p>[\/vc_column_text][\/vc_column_inner][\/vc_row_inner][\/vc_column][\/vc_row][\/vc_section][vc_row][vc_column][vc_separator][\/vc_column][\/vc_row][vc_section el_class=&#8221;section-padding right-spacing&#8221; el_id=&#8221;StandardsMaintained&#8221;][vc_row el_class=&#8221;ourteam-row&#8221;][vc_column][vc_custom_heading text=&#8221;PR\u00c9SERVATION DES STANDARDS&#8221; use_theme_fonts=&#8221;yes&#8221;][vc_column_text el_class=&#8221;table-responsive&#8221;]\n<table id=\"tablepress-200\" class=\"tablepress tablepress-id-200 table-border first-bold tbody-has-connected-cells\">\n<thead>\n<tr class=\"row-1\">\n\t<td class=\"column-1\"><\/td><th class=\"column-2\">EN<\/th><th class=\"column-3\">Notre tol\u00e9rance\t<\/th><th class=\"column-4\">ASTM<\/th><th class=\"column-5\">Notre tol\u00e9rance\t<\/th>\n<\/tr>\n<\/thead>\n<tbody class=\"row-striping row-hover\">\n<tr class=\"row-2\">\n\t<td class=\"column-1\">Hot Rolled Round Bar Tol.\t<\/td><td class=\"column-2\">En 10060<\/td><td class=\"column-3\">+\/- 1.3% du dia\t<\/td><td class=\"column-4\">A 29 \/ 29 M<\/td><td class=\"column-5\">\u2013<\/td>\n<\/tr>\n<tr class=\"row-3\">\n\t<td class=\"column-1\">Hot Rolled Round Bar Tol.\t<\/td><td class=\"column-2\">En 10059<\/td><td class=\"column-3\">\u2013<\/td><td class=\"column-4\">A 29 \/ 29 M<\/td><td class=\"column-5\">\u2013<\/td>\n<\/tr>\n<tr class=\"row-4\">\n\t<td class=\"column-1\">Tol\u00e9rance du fer plat \u2013 lamin\u00e9 \u00e0 chaud<\/td><td class=\"column-2\">EN 10058:2003<\/td><td class=\"column-3\">\u2013<\/td><td class=\"column-4\">\u2013<\/td><td class=\"column-5\">\u2013<\/td>\n<\/tr>\n<tr class=\"row-5\">\n\t<td class=\"column-1\">Tol\u00e9rance des barres brillantes<\/td><td class=\"column-2\">EN 10278\/DIN 668<\/td><td class=\"column-3\">\u2013<\/td><td class=\"column-4\">\u2013<\/td><td class=\"column-5\">\u2013<\/td>\n<\/tr>\n<tr class=\"row-6\">\n\t<td class=\"column-1\"><\/td><td class=\"column-2\"><\/td><td class=\"column-3\">DIN 671<\/td><td class=\"column-4\"><\/td><td class=\"column-5\"><\/td>\n<\/tr>\n<tr class=\"row-7\">\n\t<td class=\"column-1\">Barres rondes, hexagonales, carr\u00e9es et plates \u2013 tremp\u00e9<\/td><td class=\"column-2\">EN 10278 \/ ISO 286-2<\/td><td class=\"column-3\">h9, h11<\/td><td class=\"column-4\">\u2013<\/td><td class=\"column-5\">\u2013<\/td>\n<\/tr>\n<tr class=\"row-8\">\n\t<td class=\"column-1\">d\u00e9faut de surface<\/td><td class=\"column-2\">1% max. du diameter\t<\/td><td class=\"column-3\">Class B<\/td><td class=\"column-4\">\u2013<\/td><td class=\"column-5\">\u2013<\/td>\n<\/tr>\n<tr class=\"row-9\">\n\t<td class=\"column-1\">Inspection aux particules magn\u00e9tiques pour idenfier les d\u00e9fauts de surface<\/td><td class=\"column-2\"><\/td><td class=\"column-3\">\u2013<\/td><td class=\"column-4\">E 709<\/td><td class=\"column-5\">\u2013<\/td>\n<\/tr>\n<tr class=\"row-10\">\n\t<td class=\"column-1\">Tol\u00e9rance \u00e0 l\u2019\u00e9tirement pour les barres brutes<\/td><td class=\"column-2\">3 to 5 mm\/1000 mm<\/td><td class=\"column-3\">\u2013<\/td><td class=\"column-4\">\u2013<\/td><td class=\"column-5\">\u2013<\/td>\n<\/tr>\n<tr class=\"row-11\">\n\t<td class=\"column-1\">Straightness Tolerance for Bright Bar<\/td><td class=\"column-2\">0.5 mm\/1000 mm<\/td><td class=\"column-3\">\u2013<\/td><td class=\"column-4\">\u2013<\/td><td class=\"column-5\">\u2013<\/td>\n<\/tr>\n<tr class=\"row-12\">\n\t<td class=\"column-1\">Propret\u00e9<\/td><td class=\"column-2\">DIN 50602<\/td><td class=\"column-3\">K4 < 40<\/td><td class=\"column-4\">E 45<\/td><td class=\"column-5\">A,B,C &amp; D < 2.5<\/td>\n<\/tr>\n<tr class=\"row-13\">\n\t<td class=\"column-1\">Mocro billettes (CC)<\/td><td class=\"column-2\"><\/td><td class=\"column-3\">\u2013<\/td><td class=\"column-4\">E 381<\/td><td class=\"column-5\">Meilleur que C2 R2 S2<\/td>\n<\/tr>\n<tr class=\"row-14\">\n\t<td class=\"column-1\">Taille du grain\t<\/td><td class=\"column-2\"><\/td><td class=\"column-3\">\u2013<\/td><td class=\"column-4\">E 112<\/td><td class=\"column-5\">5 to 8<\/td>\n<\/tr>\n<tr class=\"row-15\">\n\t<td rowspan=\"3\" class=\"column-1\">Test ultra son<\/td><td class=\"column-2\">SEP 1921<\/td><td class=\"column-3\">C\/c<\/td><td class=\"column-4\">A 388<\/td><td class=\"column-5\">2-4 mm fbh (-6dB<\/td>\n<\/tr>\n<tr class=\"row-16\">\n\t<td class=\"column-2\">En 10308<\/td><td class=\"column-3\">Type 1A, Tab 2, Cl 4<\/td><td class=\"column-4\">\u2013<\/td><td class=\"column-5\">technique du l\u00e2cher<\/td>\n<\/tr>\n<tr class=\"row-17\">\n\t<td class=\"column-2\">En 10228<\/td><td class=\"column-3\">Type 1A, Tab 5, Cl 4<\/td><td class=\"column-4\">\u2013<\/td><td class=\"column-5\">\u2013<\/td>\n<\/tr>\n<\/tbody>\n<\/table>\n<!-- #tablepress-200 from cache -->[\/vc_column_text][\/vc_column][\/vc_row][\/vc_section][vc_row][vc_column][vc_separator][\/vc_column][\/vc_row][vc_section el_class=&#8221;section-padding right-spacing&#8221; el_id=&#8221;ViewCertificates&#8221;][vc_row el_class=&#8221;ourteam-row&#8221;][vc_column][vc_custom_heading text=&#8221;CERTIFICATS&#8221; use_theme_fonts=&#8221;yes&#8221;][vc_row_inner el_class=&#8221;certificate-sec&#8221;][vc_column_inner width=&#8221;1\/6&#8243;][\/vc_column_inner][vc_column_inner width=&#8221;1\/3&#8243;][vc_single_image image=&#8221;526&#8243; img_size=&#8221;full&#8221; onclick=&#8221;img_link_large&#8221; el_class=&#8221;certificates_img&#8221;][vc_custom_heading text=&#8221;ISO 9001 : 2015&#8243; font_container=&#8221;tag:p|text_align:left&#8221; use_theme_fonts=&#8221;yes&#8221; el_class=&#8221;certificates_title&#8221;][\/vc_column_inner][vc_column_inner width=&#8221;1\/3&#8243;][vc_single_image image=&#8221;527&#8243; img_size=&#8221;full&#8221; onclick=&#8221;img_link_large&#8221; el_class=&#8221;certificates_img&#8221;][vc_custom_heading text=&#8221;ISO IATF 16949 : 2016&#8243; font_container=&#8221;tag:p|text_align:left&#8221; use_theme_fonts=&#8221;yes&#8221; el_class=&#8221;certificates_title&#8221;][\/vc_column_inner][vc_column_inner width=&#8221;1\/6&#8243;][\/vc_column_inner][\/vc_row_inner][vc_row_inner content_placement=&#8221;bottom&#8221; el_class=&#8221;certificate-sec&#8221;][vc_column_inner width=&#8221;1\/3&#8243;][vc_single_image image=&#8221;528&#8243; img_size=&#8221;full&#8221; onclick=&#8221;img_link_large&#8221; el_class=&#8221;certificates_img&#8221;][vc_custom_heading text=&#8221;PED 2014\/68\/EU&#8221; font_container=&#8221;tag:p|text_align:left&#8221; use_theme_fonts=&#8221;yes&#8221; el_class=&#8221;certificates_title&#8221;][\/vc_column_inner][vc_column_inner width=&#8221;1\/3&#8243;][vc_single_image image=&#8221;529&#8243; img_size=&#8221;full&#8221; onclick=&#8221;img_link_large&#8221; el_class=&#8221;certificates_img&#8221;][vc_custom_heading text=&#8221;AD-2000-Merkblatt W0&#8243; font_container=&#8221;tag:p|text_align:left&#8221; use_theme_fonts=&#8221;yes&#8221; el_class=&#8221;certificates_title&#8221;][\/vc_column_inner][vc_column_inner width=&#8221;1\/3&#8243;][vc_single_image image=&#8221;530&#8243; img_size=&#8221;full&#8221; onclick=&#8221;img_link_large&#8221; el_class=&#8221;certificates_img&#8221;][vc_custom_heading text=&#8221;IBR-CERTIFICATE-2016&#8243; font_container=&#8221;tag:p|text_align:left&#8221; use_theme_fonts=&#8221;yes&#8221; el_class=&#8221;certificates_title&#8221;][\/vc_column_inner][\/vc_row_inner][\/vc_column][\/vc_row][\/vc_section][vc_row][vc_column][vc_separator][\/vc_column][\/vc_row][vc_section el_class=&#8221;section-padding right-spacing&#8221;][vc_row el_class=&#8221;ourteam-row&#8221;][vc_column][vc_custom_heading text=&#8221;RESPECTE L\u2019ENVIRONNEMENT&#8221; use_theme_fonts=&#8221;yes&#8221;][vc_column_text]ALOK s\u2019engage \u00e0 respecter l\u2019environnement avec plus de 85% de nos mati\u00e8res premi\u00e8res compos\u00e9es de fragments ferreurs Nous pouvons r\u00e9duire nos \u00e9missions de carbone en consommant moins d\u2019\u00e9nergie et en r\u00e9duisant la bollution de l\u2019air de plus de 80% Notre approvisionnement en fragments ferreurs vient de fournisseurs r\u00e9put\u00e9s \u00e0 travers le monde qui garantissent z\u00e9ro radioactivit\u00e9 dans nos mati\u00e8res premi\u00e8res<\/p>\n<p>Nous ne nous contentons pas de respecter les syst\u00e8mes de valeurs mis en place par le gouvernent, nous les ch\u00e9rissons et nous les encourageons Par exemple, nous ne faisons PAS travailler les enfants. Nous nous acquittons de toutes nos taxes et imp\u00f4ts[\/vc_column_text][\/vc_column][\/vc_row][\/vc_section]<\/p>\n<\/div>","protected":false},"excerpt":{"rendered":"<p>[vc_row el_class=&#8221;page-banner&#8221; css=&#8221;.vc_custom_1704796203367{background-image: url(https:\/\/www.alokindia.com\/wp-content\/uploads\/2024\/01\/quality-banner.jpg?id=485) !important;}&#8221;][vc_column][\/vc_column][\/vc_row][vc_section el_class=&#8221;section-padding&#8221;][vc_row el_class=&#8221;ourproducts-row&#8221;][vc_column][vc_custom_heading text=&#8221;CONTR\u00d4LE QUALIT\u00c9&#8221; use_theme_fonts=&#8221;yes&#8221;][vc_column_text el_class=&#8221;ourproducts-text&#8221;]nous consid\u00e9rons la qualit\u00e9 et l\u2019am\u00e9lioration permanente comme la base de la politique de notre entreprise et de sa croissance notre \u00e9quipe d\u2019ing\u00e9nieur qualit\u00e9 tr\u00e8s motiv\u00e9s, de m\u00e9tallurgistes et chimistes se battent continuellement pour r\u00e9pondre aux demandes de de nos clients internationaux Nous faisons partie [&hellip;]<\/p>\n","protected":false},"author":1,"featured_media":0,"parent":0,"menu_order":0,"comment_status":"closed","ping_status":"closed","template":"","meta":{"footnotes":"","_links_to":"","_links_to_target":""},"class_list":["post-1645","page","type-page","status-publish","hentry"],"yoast_head":"<!-- This site is optimized with the Yoast SEO plugin v27.2 - https:\/\/yoast.com\/product\/yoast-seo-wordpress\/ -->\n<title>Controle De Qualite - Alokindia<\/title>\n<meta name=\"robots\" content=\"index, follow, max-snippet:-1, max-image-preview:large, max-video-preview:-1\" \/>\n<link rel=\"canonical\" href=\"https:\/\/www.alokindia.com\/fr\/controle-de-qualite\/\" \/>\n<meta property=\"og:locale\" content=\"fr_FR\" \/>\n<meta property=\"og:type\" content=\"article\" \/>\n<meta property=\"og:title\" content=\"Controle De Qualite - Alokindia\" \/>\n<meta property=\"og:description\" content=\"[vc_row el_class=&#8221;page-banner&#8221; css=&#8221;.vc_custom_1704796203367{background-image: url(https:\/\/www.alokindia.com\/wp-content\/uploads\/2024\/01\/quality-banner.jpg?id=485) !important;}&#8221;][vc_column][\/vc_column][\/vc_row][vc_section el_class=&#8221;section-padding&#8221;][vc_row el_class=&#8221;ourproducts-row&#8221;][vc_column][vc_custom_heading text=&#8221;CONTR\u00d4LE QUALIT\u00c9&#8221; use_theme_fonts=&#8221;yes&#8221;][vc_column_text el_class=&#8221;ourproducts-text&#8221;]nous consid\u00e9rons la qualit\u00e9 et l\u2019am\u00e9lioration permanente comme la base de la politique de notre entreprise et de sa croissance notre \u00e9quipe d\u2019ing\u00e9nieur qualit\u00e9 tr\u00e8s motiv\u00e9s, de m\u00e9tallurgistes et chimistes se battent continuellement pour r\u00e9pondre aux demandes de de nos clients internationaux Nous faisons partie [&hellip;]\" \/>\n<meta property=\"og:url\" content=\"https:\/\/www.alokindia.com\/fr\/controle-de-qualite\/\" \/>\n<meta property=\"og:site_name\" content=\"Alokindia\" \/>\n<meta property=\"article:publisher\" content=\"https:\/\/www.facebook.com\/alokingots\/\" \/>\n<meta property=\"article:modified_time\" content=\"2024-01-24T16:33:33+00:00\" \/>\n<meta name=\"twitter:card\" content=\"summary_large_image\" \/>\n<meta name=\"twitter:label1\" content=\"Dur\u00e9e de lecture estim\u00e9e\" \/>\n\t<meta name=\"twitter:data1\" content=\"4 minutes\" \/>\n<script type=\"application\/ld+json\" class=\"yoast-schema-graph\">{\"@context\":\"https:\/\/schema.org\",\"@graph\":[{\"@type\":\"WebPage\",\"@id\":\"https:\/\/www.alokindia.com\/fr\/controle-de-qualite\/\",\"url\":\"https:\/\/www.alokindia.com\/fr\/controle-de-qualite\/\",\"name\":\"Controle De Qualite - Alokindia\",\"isPartOf\":{\"@id\":\"https:\/\/www.alokindia.com\/pl\/#website\"},\"datePublished\":\"2024-01-03T06:16:17+00:00\",\"dateModified\":\"2024-01-24T16:33:33+00:00\",\"breadcrumb\":{\"@id\":\"https:\/\/www.alokindia.com\/fr\/controle-de-qualite\/#breadcrumb\"},\"inLanguage\":\"fr-FR\",\"potentialAction\":[{\"@type\":\"ReadAction\",\"target\":[\"https:\/\/www.alokindia.com\/fr\/controle-de-qualite\/\"]}]},{\"@type\":\"BreadcrumbList\",\"@id\":\"https:\/\/www.alokindia.com\/fr\/controle-de-qualite\/#breadcrumb\",\"itemListElement\":[{\"@type\":\"ListItem\",\"position\":1,\"name\":\"Home\",\"item\":\"https:\/\/www.alokindia.com\/fr\/\"},{\"@type\":\"ListItem\",\"position\":2,\"name\":\"Controle De Qualite\"}]},{\"@type\":\"WebSite\",\"@id\":\"https:\/\/www.alokindia.com\/pl\/#website\",\"url\":\"https:\/\/www.alokindia.com\/pl\/\",\"name\":\"Alok India\",\"description\":\"\",\"publisher\":{\"@id\":\"https:\/\/www.alokindia.com\/pl\/#organization\"},\"potentialAction\":[{\"@type\":\"SearchAction\",\"target\":{\"@type\":\"EntryPoint\",\"urlTemplate\":\"https:\/\/www.alokindia.com\/pl\/?s={search_term_string}\"},\"query-input\":{\"@type\":\"PropertyValueSpecification\",\"valueRequired\":true,\"valueName\":\"search_term_string\"}}],\"inLanguage\":\"fr-FR\"},{\"@type\":\"Organization\",\"@id\":\"https:\/\/www.alokindia.com\/pl\/#organization\",\"name\":\"Alok India Steels\",\"url\":\"https:\/\/www.alokindia.com\/pl\/\",\"logo\":{\"@type\":\"ImageObject\",\"inLanguage\":\"fr-FR\",\"@id\":\"https:\/\/www.alokindia.com\/pl\/#\/schema\/logo\/image\/\",\"url\":\"https:\/\/www.alokindia.com\/wp-content\/uploads\/2024\/01\/logo_red.png\",\"contentUrl\":\"https:\/\/www.alokindia.com\/wp-content\/uploads\/2024\/01\/logo_red.png\",\"width\":170,\"height\":75,\"caption\":\"Alok India Steels\"},\"image\":{\"@id\":\"https:\/\/www.alokindia.com\/pl\/#\/schema\/logo\/image\/\"},\"sameAs\":[\"https:\/\/www.facebook.com\/alokingots\/\",\"https:\/\/www.linkedin.com\/company\/alok-ingots-mumbai-private-limited\/\",\"https:\/\/youtube.com\/@aloksteels\"]}]}<\/script>\n<!-- \/ Yoast SEO plugin. -->","yoast_head_json":{"title":"Controle De Qualite - Alokindia","robots":{"index":"index","follow":"follow","max-snippet":"max-snippet:-1","max-image-preview":"max-image-preview:large","max-video-preview":"max-video-preview:-1"},"canonical":"https:\/\/www.alokindia.com\/fr\/controle-de-qualite\/","og_locale":"fr_FR","og_type":"article","og_title":"Controle De Qualite - Alokindia","og_description":"[vc_row el_class=&#8221;page-banner&#8221; css=&#8221;.vc_custom_1704796203367{background-image: url(https:\/\/www.alokindia.com\/wp-content\/uploads\/2024\/01\/quality-banner.jpg?id=485) !important;}&#8221;][vc_column][\/vc_column][\/vc_row][vc_section el_class=&#8221;section-padding&#8221;][vc_row el_class=&#8221;ourproducts-row&#8221;][vc_column][vc_custom_heading text=&#8221;CONTR\u00d4LE QUALIT\u00c9&#8221; use_theme_fonts=&#8221;yes&#8221;][vc_column_text el_class=&#8221;ourproducts-text&#8221;]nous consid\u00e9rons la qualit\u00e9 et l\u2019am\u00e9lioration permanente comme la base de la politique de notre entreprise et de sa croissance notre \u00e9quipe d\u2019ing\u00e9nieur qualit\u00e9 tr\u00e8s motiv\u00e9s, de m\u00e9tallurgistes et chimistes se battent continuellement pour r\u00e9pondre aux demandes de de nos clients internationaux Nous faisons partie [&hellip;]","og_url":"https:\/\/www.alokindia.com\/fr\/controle-de-qualite\/","og_site_name":"Alokindia","article_publisher":"https:\/\/www.facebook.com\/alokingots\/","article_modified_time":"2024-01-24T16:33:33+00:00","twitter_card":"summary_large_image","twitter_misc":{"Dur\u00e9e de lecture estim\u00e9e":"4 minutes"},"schema":{"@context":"https:\/\/schema.org","@graph":[{"@type":"WebPage","@id":"https:\/\/www.alokindia.com\/fr\/controle-de-qualite\/","url":"https:\/\/www.alokindia.com\/fr\/controle-de-qualite\/","name":"Controle De Qualite - Alokindia","isPartOf":{"@id":"https:\/\/www.alokindia.com\/pl\/#website"},"datePublished":"2024-01-03T06:16:17+00:00","dateModified":"2024-01-24T16:33:33+00:00","breadcrumb":{"@id":"https:\/\/www.alokindia.com\/fr\/controle-de-qualite\/#breadcrumb"},"inLanguage":"fr-FR","potentialAction":[{"@type":"ReadAction","target":["https:\/\/www.alokindia.com\/fr\/controle-de-qualite\/"]}]},{"@type":"BreadcrumbList","@id":"https:\/\/www.alokindia.com\/fr\/controle-de-qualite\/#breadcrumb","itemListElement":[{"@type":"ListItem","position":1,"name":"Home","item":"https:\/\/www.alokindia.com\/fr\/"},{"@type":"ListItem","position":2,"name":"Controle De Qualite"}]},{"@type":"WebSite","@id":"https:\/\/www.alokindia.com\/pl\/#website","url":"https:\/\/www.alokindia.com\/pl\/","name":"Alok India","description":"","publisher":{"@id":"https:\/\/www.alokindia.com\/pl\/#organization"},"potentialAction":[{"@type":"SearchAction","target":{"@type":"EntryPoint","urlTemplate":"https:\/\/www.alokindia.com\/pl\/?s={search_term_string}"},"query-input":{"@type":"PropertyValueSpecification","valueRequired":true,"valueName":"search_term_string"}}],"inLanguage":"fr-FR"},{"@type":"Organization","@id":"https:\/\/www.alokindia.com\/pl\/#organization","name":"Alok India Steels","url":"https:\/\/www.alokindia.com\/pl\/","logo":{"@type":"ImageObject","inLanguage":"fr-FR","@id":"https:\/\/www.alokindia.com\/pl\/#\/schema\/logo\/image\/","url":"https:\/\/www.alokindia.com\/wp-content\/uploads\/2024\/01\/logo_red.png","contentUrl":"https:\/\/www.alokindia.com\/wp-content\/uploads\/2024\/01\/logo_red.png","width":170,"height":75,"caption":"Alok India Steels"},"image":{"@id":"https:\/\/www.alokindia.com\/pl\/#\/schema\/logo\/image\/"},"sameAs":["https:\/\/www.facebook.com\/alokingots\/","https:\/\/www.linkedin.com\/company\/alok-ingots-mumbai-private-limited\/","https:\/\/youtube.com\/@aloksteels"]}]}},"_links":{"self":[{"href":"https:\/\/www.alokindia.com\/fr\/wp-json\/wp\/v2\/pages\/1645","targetHints":{"allow":["GET"]}}],"collection":[{"href":"https:\/\/www.alokindia.com\/fr\/wp-json\/wp\/v2\/pages"}],"about":[{"href":"https:\/\/www.alokindia.com\/fr\/wp-json\/wp\/v2\/types\/page"}],"author":[{"embeddable":true,"href":"https:\/\/www.alokindia.com\/fr\/wp-json\/wp\/v2\/users\/1"}],"replies":[{"embeddable":true,"href":"https:\/\/www.alokindia.com\/fr\/wp-json\/wp\/v2\/comments?post=1645"}],"version-history":[{"count":0,"href":"https:\/\/www.alokindia.com\/fr\/wp-json\/wp\/v2\/pages\/1645\/revisions"}],"wp:attachment":[{"href":"https:\/\/www.alokindia.com\/fr\/wp-json\/wp\/v2\/media?parent=1645"}],"curies":[{"name":"wp","href":"https:\/\/api.w.org\/{rel}","templated":true}]}}