{"id":1638,"date":"2024-01-03T06:15:30","date_gmt":"2024-01-03T06:15:30","guid":{"rendered":"https:\/\/www.alokindia.com\/about\/"},"modified":"2024-01-16T08:32:22","modified_gmt":"2024-01-16T08:32:22","slug":"nous-connaitre","status":"publish","type":"page","link":"https:\/\/www.alokindia.com\/fr\/nous-connaitre\/","title":{"rendered":"Nous Connaitre"},"content":{"rendered":"<div class=\"wpb-content-wrapper\"><p>[vc_row el_class=&#8221;page-banner&#8221; css=&#8221;.vc_custom_1704709260639{background-image: url(https:\/\/www.alokindia.com\/wp-content\/uploads\/2024\/01\/about-banner-1.jpg?id=260) !important;}&#8221;][vc_column][\/vc_column][\/vc_row][vc_section el_class=&#8221;section-padding&#8221;][vc_row el_class=&#8221;whoweare-row&#8221;][vc_column][vc_custom_heading text=&#8221;QUI NOUS SOMMES&#8221; use_theme_fonts=&#8221;yes&#8221;][vc_column_text el_class=&#8221;whoweare-text&#8221;]Alok Ingots a \u00e9t\u00e9 fond\u00e9e en 2005 par une \u00e9quipe d\u2019entrepreneurs enthousiastes qui croyaient pouvoir r\u00e9volutionner la fabrication d\u2019acier en Inde<br \/>\nD\u2019abord con\u00e7u comme une entreprise familiale, Alok Ingots est aujourd\u2019hui une force \u00e9mergente dans le domaine de l\u2019aci\u00e9rie sp\u00e9ciale et des alliages servant en bonne et due forme au niveau mondiale<br \/>\nL\u2019entreprise s\u2019est d\u00e9velopp\u00e9e \u00e0 devenir l\u2019une des fabricants les plus efficaces et rentables d\u2019aci\u00e8re en Inde<br \/>\nNos techniciens avec l\u2019exp\u00e9rience professionnel dans quelques unes des organizations le plus importantes en Inde travaillant sans cesse interagissant comme une \u00e9quipe mettant en commun ses connaissances pour r\u00e9ussir au plus grand niveau de perfection<\/p>\n<p>Dans une dur\u00e9e de sept ans, Alok Ingots s\u2019est \u00e9tablit comme une marque qui est synonyme de qualit\u00e9<br \/>\nC\u2019est une enterprise jeune et \u00e9nerg\u00e9tique se concentrant dans l\u2019apprentisage et l\u2019innovation continue et cr\u00e9ant \u00e0 avoir un engagement \u00e0 long terme[\/vc_column_text][vc_row_inner equal_height=&#8221;yes&#8221; content_placement=&#8221;middle&#8221; el_class=&#8221;whoweare-innerrow&#8221;][vc_column_inner width=&#8221;1\/2&#8243;][vc_column_text]<\/p>\n<h2><small>\u201cle premier mot de la r\u00e9ussite est de commencer,<br \/>\nle premier mot de commencer est r\u00eave.\u201d<\/small><\/h2>\n<p>[\/vc_column_text][\/vc_column_inner][vc_column_inner width=&#8221;1\/2&#8243;][vc_single_image image=&#8221;262&#8243; img_size=&#8221;full&#8221;][\/vc_column_inner][\/vc_row_inner][\/vc_column][\/vc_row][\/vc_section][vc_row][vc_column][vc_separator][\/vc_column][\/vc_row][vc_section el_class=&#8221;section-padding&#8221;][vc_row el_class=&#8221;ourteam-row&#8221;][vc_column][vc_custom_heading text=&#8221;NOTRE \u00c9QUIPE DE DIRECTION&#8221; use_theme_fonts=&#8221;yes&#8221;][vc_column_text]<\/p>\n<h4>\u201ctous les gens r\u00eavent aussi, mais peu de les transformer en r\u00e9alit\u00e9..\u201d<\/h4>\n<p>[\/vc_column_text][\/vc_column][\/vc_row][\/vc_section][vc_row el_class=&#8221;member-row&#8221;][vc_column width=&#8221;1\/3&#8243; el_class=&#8221;empty-col&#8221;][\/vc_column][vc_column width=&#8221;1\/3&#8243;][vc_column_text]<\/p>\n<h4><strong>SR. ASHOK GARODIA<\/strong><\/h4>\n<h5>directeur g\u00e9n\u00e9ral<\/h5>\n<p>[\/vc_column_text][\/vc_column][vc_column width=&#8221;1\/3&#8243; el_class=&#8221;empty-col&#8221;][\/vc_column][\/vc_row][vc_row el_class=&#8221;member-row&#8221;][vc_column width=&#8221;1\/3&#8243;][vc_column_text]<\/p>\n<h4><strong>SR. DILIP GARODIA<\/strong><\/h4>\n<h5>directeur<\/h5>\n<p>[\/vc_column_text][\/vc_column][vc_column width=&#8221;1\/3&#8243;][vc_column_text]<\/p>\n<h4><strong>SR. ALOK GARODIA<\/strong><\/h4>\n<h5>directeur ex\u00e9cutif<\/h5>\n<p>[\/vc_column_text][\/vc_column][vc_column width=&#8221;1\/3&#8243;][vc_column_text]<\/p>\n<h4><strong>SR. B. NATARAJAN<\/strong><\/h4>\n<h5>directeur technique<\/h5>\n<p>[\/vc_column_text][\/vc_column][\/vc_row][vc_row][vc_column][vc_separator][\/vc_column][\/vc_row][vc_section el_class=&#8221;section-padding&#8221;][vc_row el_class=&#8221;vision-row&#8221;][vc_column][vc_custom_heading text=&#8221;NOTRE VISION&#8221; use_theme_fonts=&#8221;yes&#8221;][vc_column_text]Pour \u00eatre un fournisseur mondial de l\u2019acier de qualit\u00e9 de classe mondiale avec une int\u00e9grit\u00e9 absolue.[\/vc_column_text][\/vc_column][\/vc_row][\/vc_section][vc_row][vc_column][vc_separator][\/vc_column][\/vc_row][vc_section el_class=&#8221;section-padding&#8221;][vc_row el_class=&#8221;mission-row&#8221;][vc_column][vc_custom_heading text=&#8221;NOTRE MISSION&#8221; use_theme_fonts=&#8221;yes&#8221;][vc_column_text]Nourrissez cr\u00e9ativit\u00e9, \u00e9duquer et enrichir les employ\u00e9s afin de leur permettre de participer avec plein d\u2019enthousiasme. Pour profiter de leur travail et pour cr\u00e9er d\u2019excellents produits de qualit\u00e9 pour l\u2019approvisionnement des clients, ajoutant ainsi de la valeur et de susciter la satisfaction totale du client.[\/vc_column_text][\/vc_column][\/vc_row][\/vc_section][vc_row][vc_column][vc_separator][\/vc_column][\/vc_row][vc_section el_class=&#8221;section-padding&#8221;][vc_row el_class=&#8221;safety-row&#8221;][vc_column][vc_custom_heading text=&#8221;S\u00c9CURIT\u00c9&#8221; use_theme_fonts=&#8221;yes&#8221;][vc_column_text]Alok Ingots met beaucoup en accent la s\u00e9curit\u00e9 de ses mains d\u2019 \u0153uvres et de l\u2019environnement Nous sommes en train d\u2019obtenir l\u2019attestation d\u2019 OHSAS 18001:2007 qui garantit la s\u00e9curit\u00e9 et le soin de nos employ\u00e9s<br \/>\nNous assurons la s\u00e9curit\u00e9 de nos ouvriers tout le temps avec les cam\u00e9ras de surveillance \u00e0 tout les coins importants, les affiches plac\u00e9s aux endroits diff\u00e9rents qui rappelle \u00abla s\u00e9curit\u00e9 avant le travail\u00bb,<br \/>\ndes a\u00e9rateurs grands d\u00e9gagant des fum\u00e9es de l\u2019atelier, des chemin\u00e9es contr\u00f4lant de la pollution, chaque pas est pris soigneusement prenant en consid\u00e9ration la s\u00e9curit\u00e9 des employ\u00e9s<\/p>\n<p>\u00c0 Alok Ingots, l\u2019activit\u00e9 industrielle est tourn\u00e9e vers les normes reconnues \u00e0 propos de la qualit\u00e9, de la s\u00e9curit\u00e9 au travail, de l\u2019environnement, de la conformit\u00e9 aux r\u00e8gles et aux r\u00e9glementations de plus de notre participation sociale[\/vc_column_text][\/vc_column][\/vc_row][\/vc_section]<\/p>\n<\/div>","protected":false},"excerpt":{"rendered":"<p>[vc_row el_class=&#8221;page-banner&#8221; css=&#8221;.vc_custom_1704709260639{background-image: url(https:\/\/www.alokindia.com\/wp-content\/uploads\/2024\/01\/about-banner-1.jpg?id=260) !important;}&#8221;][vc_column][\/vc_column][\/vc_row][vc_section el_class=&#8221;section-padding&#8221;][vc_row el_class=&#8221;whoweare-row&#8221;][vc_column][vc_custom_heading text=&#8221;QUI NOUS SOMMES&#8221; use_theme_fonts=&#8221;yes&#8221;][vc_column_text el_class=&#8221;whoweare-text&#8221;]Alok Ingots a \u00e9t\u00e9 fond\u00e9e en 2005 par une \u00e9quipe d\u2019entrepreneurs enthousiastes qui croyaient pouvoir r\u00e9volutionner la fabrication d\u2019acier en Inde D\u2019abord con\u00e7u comme une entreprise familiale, Alok Ingots est aujourd\u2019hui une force \u00e9mergente dans le domaine de l\u2019aci\u00e9rie sp\u00e9ciale et des alliages servant [&hellip;]<\/p>\n","protected":false},"author":1,"featured_media":0,"parent":0,"menu_order":0,"comment_status":"closed","ping_status":"closed","template":"","meta":{"footnotes":"","_links_to":"","_links_to_target":""},"class_list":["post-1638","page","type-page","status-publish","hentry"],"yoast_head":"<!-- This site is optimized with the Yoast SEO plugin v27.2 - https:\/\/yoast.com\/product\/yoast-seo-wordpress\/ -->\n<title>Nous Connaitre - Alokindia<\/title>\n<meta name=\"robots\" content=\"index, follow, max-snippet:-1, max-image-preview:large, max-video-preview:-1\" \/>\n<link rel=\"canonical\" href=\"https:\/\/www.alokindia.com\/about\/\" \/>\n<meta property=\"og:locale\" content=\"fr_FR\" \/>\n<meta property=\"og:type\" content=\"article\" \/>\n<meta property=\"og:title\" content=\"Nous Connaitre - Alokindia\" \/>\n<meta property=\"og:description\" content=\"[vc_row el_class=&#8221;page-banner&#8221; css=&#8221;.vc_custom_1704709260639{background-image: url(https:\/\/www.alokindia.com\/wp-content\/uploads\/2024\/01\/about-banner-1.jpg?id=260) !important;}&#8221;][vc_column][\/vc_column][\/vc_row][vc_section el_class=&#8221;section-padding&#8221;][vc_row el_class=&#8221;whoweare-row&#8221;][vc_column][vc_custom_heading text=&#8221;QUI NOUS SOMMES&#8221; use_theme_fonts=&#8221;yes&#8221;][vc_column_text el_class=&#8221;whoweare-text&#8221;]Alok Ingots a \u00e9t\u00e9 fond\u00e9e en 2005 par une \u00e9quipe d\u2019entrepreneurs enthousiastes qui croyaient pouvoir r\u00e9volutionner la fabrication d\u2019acier en Inde D\u2019abord con\u00e7u comme une entreprise familiale, Alok Ingots est aujourd\u2019hui une force \u00e9mergente dans le domaine de l\u2019aci\u00e9rie sp\u00e9ciale et des alliages servant [&hellip;]\" \/>\n<meta property=\"og:url\" content=\"https:\/\/www.alokindia.com\/about\/\" \/>\n<meta property=\"og:site_name\" content=\"Alokindia\" \/>\n<meta property=\"article:publisher\" content=\"https:\/\/www.facebook.com\/alokingots\/\" \/>\n<meta property=\"article:modified_time\" content=\"2024-01-16T08:32:22+00:00\" \/>\n<meta name=\"twitter:card\" content=\"summary_large_image\" \/>\n<meta name=\"twitter:label1\" content=\"Dur\u00e9e de lecture estim\u00e9e\" \/>\n\t<meta name=\"twitter:data1\" content=\"4 minutes\" \/>\n<script type=\"application\/ld+json\" class=\"yoast-schema-graph\">{\"@context\":\"https:\/\/schema.org\",\"@graph\":[{\"@type\":\"WebPage\",\"@id\":\"https:\/\/www.alokindia.com\/about\/\",\"url\":\"https:\/\/www.alokindia.com\/about\/\",\"name\":\"Nous Connaitre - Alokindia\",\"isPartOf\":{\"@id\":\"https:\/\/www.alokindia.com\/pl\/#website\"},\"datePublished\":\"2024-01-03T06:15:30+00:00\",\"dateModified\":\"2024-01-16T08:32:22+00:00\",\"breadcrumb\":{\"@id\":\"https:\/\/www.alokindia.com\/about\/#breadcrumb\"},\"inLanguage\":\"fr-FR\",\"potentialAction\":[{\"@type\":\"ReadAction\",\"target\":[\"https:\/\/www.alokindia.com\/about\/\"]}]},{\"@type\":\"BreadcrumbList\",\"@id\":\"https:\/\/www.alokindia.com\/about\/#breadcrumb\",\"itemListElement\":[{\"@type\":\"ListItem\",\"position\":1,\"name\":\"Home\",\"item\":\"https:\/\/www.alokindia.com\/fr\/\"},{\"@type\":\"ListItem\",\"position\":2,\"name\":\"Nous Connaitre\"}]},{\"@type\":\"WebSite\",\"@id\":\"https:\/\/www.alokindia.com\/pl\/#website\",\"url\":\"https:\/\/www.alokindia.com\/pl\/\",\"name\":\"Alok India\",\"description\":\"\",\"publisher\":{\"@id\":\"https:\/\/www.alokindia.com\/pl\/#organization\"},\"potentialAction\":[{\"@type\":\"SearchAction\",\"target\":{\"@type\":\"EntryPoint\",\"urlTemplate\":\"https:\/\/www.alokindia.com\/pl\/?s={search_term_string}\"},\"query-input\":{\"@type\":\"PropertyValueSpecification\",\"valueRequired\":true,\"valueName\":\"search_term_string\"}}],\"inLanguage\":\"fr-FR\"},{\"@type\":\"Organization\",\"@id\":\"https:\/\/www.alokindia.com\/pl\/#organization\",\"name\":\"Alok India Steels\",\"url\":\"https:\/\/www.alokindia.com\/pl\/\",\"logo\":{\"@type\":\"ImageObject\",\"inLanguage\":\"fr-FR\",\"@id\":\"https:\/\/www.alokindia.com\/pl\/#\/schema\/logo\/image\/\",\"url\":\"https:\/\/www.alokindia.com\/wp-content\/uploads\/2024\/01\/logo_red.png\",\"contentUrl\":\"https:\/\/www.alokindia.com\/wp-content\/uploads\/2024\/01\/logo_red.png\",\"width\":170,\"height\":75,\"caption\":\"Alok India Steels\"},\"image\":{\"@id\":\"https:\/\/www.alokindia.com\/pl\/#\/schema\/logo\/image\/\"},\"sameAs\":[\"https:\/\/www.facebook.com\/alokingots\/\",\"https:\/\/www.linkedin.com\/company\/alok-ingots-mumbai-private-limited\/\",\"https:\/\/youtube.com\/@aloksteels\"]}]}<\/script>\n<!-- \/ Yoast SEO plugin. -->","yoast_head_json":{"title":"Nous Connaitre - Alokindia","robots":{"index":"index","follow":"follow","max-snippet":"max-snippet:-1","max-image-preview":"max-image-preview:large","max-video-preview":"max-video-preview:-1"},"canonical":"https:\/\/www.alokindia.com\/about\/","og_locale":"fr_FR","og_type":"article","og_title":"Nous Connaitre - Alokindia","og_description":"[vc_row el_class=&#8221;page-banner&#8221; css=&#8221;.vc_custom_1704709260639{background-image: url(https:\/\/www.alokindia.com\/wp-content\/uploads\/2024\/01\/about-banner-1.jpg?id=260) !important;}&#8221;][vc_column][\/vc_column][\/vc_row][vc_section el_class=&#8221;section-padding&#8221;][vc_row el_class=&#8221;whoweare-row&#8221;][vc_column][vc_custom_heading text=&#8221;QUI NOUS SOMMES&#8221; use_theme_fonts=&#8221;yes&#8221;][vc_column_text el_class=&#8221;whoweare-text&#8221;]Alok Ingots a \u00e9t\u00e9 fond\u00e9e en 2005 par une \u00e9quipe d\u2019entrepreneurs enthousiastes qui croyaient pouvoir r\u00e9volutionner la fabrication d\u2019acier en Inde D\u2019abord con\u00e7u comme une entreprise familiale, Alok Ingots est aujourd\u2019hui une force \u00e9mergente dans le domaine de l\u2019aci\u00e9rie sp\u00e9ciale et des alliages servant [&hellip;]","og_url":"https:\/\/www.alokindia.com\/about\/","og_site_name":"Alokindia","article_publisher":"https:\/\/www.facebook.com\/alokingots\/","article_modified_time":"2024-01-16T08:32:22+00:00","twitter_card":"summary_large_image","twitter_misc":{"Dur\u00e9e de lecture estim\u00e9e":"4 minutes"},"schema":{"@context":"https:\/\/schema.org","@graph":[{"@type":"WebPage","@id":"https:\/\/www.alokindia.com\/about\/","url":"https:\/\/www.alokindia.com\/about\/","name":"Nous Connaitre - Alokindia","isPartOf":{"@id":"https:\/\/www.alokindia.com\/pl\/#website"},"datePublished":"2024-01-03T06:15:30+00:00","dateModified":"2024-01-16T08:32:22+00:00","breadcrumb":{"@id":"https:\/\/www.alokindia.com\/about\/#breadcrumb"},"inLanguage":"fr-FR","potentialAction":[{"@type":"ReadAction","target":["https:\/\/www.alokindia.com\/about\/"]}]},{"@type":"BreadcrumbList","@id":"https:\/\/www.alokindia.com\/about\/#breadcrumb","itemListElement":[{"@type":"ListItem","position":1,"name":"Home","item":"https:\/\/www.alokindia.com\/fr\/"},{"@type":"ListItem","position":2,"name":"Nous Connaitre"}]},{"@type":"WebSite","@id":"https:\/\/www.alokindia.com\/pl\/#website","url":"https:\/\/www.alokindia.com\/pl\/","name":"Alok India","description":"","publisher":{"@id":"https:\/\/www.alokindia.com\/pl\/#organization"},"potentialAction":[{"@type":"SearchAction","target":{"@type":"EntryPoint","urlTemplate":"https:\/\/www.alokindia.com\/pl\/?s={search_term_string}"},"query-input":{"@type":"PropertyValueSpecification","valueRequired":true,"valueName":"search_term_string"}}],"inLanguage":"fr-FR"},{"@type":"Organization","@id":"https:\/\/www.alokindia.com\/pl\/#organization","name":"Alok India Steels","url":"https:\/\/www.alokindia.com\/pl\/","logo":{"@type":"ImageObject","inLanguage":"fr-FR","@id":"https:\/\/www.alokindia.com\/pl\/#\/schema\/logo\/image\/","url":"https:\/\/www.alokindia.com\/wp-content\/uploads\/2024\/01\/logo_red.png","contentUrl":"https:\/\/www.alokindia.com\/wp-content\/uploads\/2024\/01\/logo_red.png","width":170,"height":75,"caption":"Alok India Steels"},"image":{"@id":"https:\/\/www.alokindia.com\/pl\/#\/schema\/logo\/image\/"},"sameAs":["https:\/\/www.facebook.com\/alokingots\/","https:\/\/www.linkedin.com\/company\/alok-ingots-mumbai-private-limited\/","https:\/\/youtube.com\/@aloksteels"]}]}},"_links":{"self":[{"href":"https:\/\/www.alokindia.com\/fr\/wp-json\/wp\/v2\/pages\/1638","targetHints":{"allow":["GET"]}}],"collection":[{"href":"https:\/\/www.alokindia.com\/fr\/wp-json\/wp\/v2\/pages"}],"about":[{"href":"https:\/\/www.alokindia.com\/fr\/wp-json\/wp\/v2\/types\/page"}],"author":[{"embeddable":true,"href":"https:\/\/www.alokindia.com\/fr\/wp-json\/wp\/v2\/users\/1"}],"replies":[{"embeddable":true,"href":"https:\/\/www.alokindia.com\/fr\/wp-json\/wp\/v2\/comments?post=1638"}],"version-history":[{"count":0,"href":"https:\/\/www.alokindia.com\/fr\/wp-json\/wp\/v2\/pages\/1638\/revisions"}],"wp:attachment":[{"href":"https:\/\/www.alokindia.com\/fr\/wp-json\/wp\/v2\/media?parent=1638"}],"curies":[{"name":"wp","href":"https:\/\/api.w.org\/{rel}","templated":true}]}}