{"id":2419,"date":"2024-01-03T06:15:30","date_gmt":"2024-01-03T06:15:30","guid":{"rendered":"https:\/\/www.alokindia.com\/about\/"},"modified":"2024-01-17T04:59:51","modified_gmt":"2024-01-17T04:59:51","slug":"about","status":"publish","type":"page","link":"https:\/\/www.alokindia.com\/es\/about\/","title":{"rendered":"About"},"content":{"rendered":"<div class=\"wpb-content-wrapper\"><p>[vc_row el_class=&#8221;page-banner&#8221; css=&#8221;.vc_custom_1704709260639{background-image: url(https:\/\/www.alokindia.com\/wp-content\/uploads\/2024\/01\/about-banner-1.jpg?id=260) !important;}&#8221;][vc_column][\/vc_column][\/vc_row][vc_section el_class=&#8221;section-padding&#8221;][vc_row el_class=&#8221;whoweare-row&#8221;][vc_column][vc_custom_heading text=&#8221;QUIENES SOMOS&#8221; use_theme_fonts=&#8221;yes&#8221;][vc_column_text el_class=&#8221;whoweare-text&#8221;]En 2005, un equipo de emprendedores entusiastas que cre\u00edan que podr\u00edan revolucionar la fabricaci\u00f3n de acero en la India fund\u00f3 ALOK INGOTS. Inicialmente ALOK comenz\u00f3 como una peque\u00f1a empresa familiar, y en la actualidad es una fuerza emergente en el campo de los aceros especiales, las aleaciones de acero y los aceros inoxidables, atendiendo los requerimientos de acero a nivel mundial. La compa\u00f1\u00eda ha crecido hasta convertirse en uno de los fabricantes m\u00e1s eficientes y rentables de acero en la India. Nuestros t\u00e9cnicos altamente calificados, que cuentan con una amplia experiencia profesional en algunas de las organizaciones y talleres mec\u00e1nicos m\u00e1s importantes de la India, trabajan incesantemente como un equipo interactivo, poniendo en com\u00fan sus conocimientos para lograr el m\u00e1s alto grado de perfecci\u00f3n.<\/p>\n<p>En un corto per\u00edodo de tiempo, ALOK se ha consolidado como una marca que es sin\u00f3nimo de calidad. Es una empresa joven y en\u00e9rgica que se centra en el aprendizaje y la innovaci\u00f3n continua, y cree en crear relaciones duraderas con cada cliente.[\/vc_column_text][vc_row_inner equal_height=&#8221;yes&#8221; content_placement=&#8221;middle&#8221; el_class=&#8221;whoweare-innerrow&#8221;][vc_column_inner width=&#8221;1\/2&#8243;][vc_column_text]<\/p>\n<h2><small>\u201cLa primera palabra del \u00e9xito es\u00a0<\/small>\u2018empezar\u2019,<\/h2>\n<h2><small>La primera palabra de comenzar es<\/small>\u00a0\u2018sue\u00f1o\u2019.\u201d<\/h2>\n<p>[\/vc_column_text][\/vc_column_inner][vc_column_inner width=&#8221;1\/2&#8243;][vc_single_image image=&#8221;262&#8243; img_size=&#8221;full&#8221;][\/vc_column_inner][\/vc_row_inner][\/vc_column][\/vc_row][\/vc_section][vc_row][vc_column][vc_separator][\/vc_column][\/vc_row][vc_section el_class=&#8221;section-padding&#8221;][vc_row el_class=&#8221;ourteam-row&#8221;][vc_column][vc_custom_heading text=&#8221;NUESTRO EQUIPO DE GESTI\u00d3N&#8221; use_theme_fonts=&#8221;yes&#8221;][vc_column_text]<\/p>\n<h4>\u201cTodas las personas sue\u00f1an por igual, pero pocos convertien los sue\u00f1os en realidad.\u201d<\/h4>\n<p>[\/vc_column_text][\/vc_column][\/vc_row][\/vc_section][vc_row el_class=&#8221;member-row&#8221;][vc_column width=&#8221;1\/3&#8243; el_class=&#8221;empty-col&#8221;][\/vc_column][vc_column width=&#8221;1\/3&#8243;][vc_column_text]<\/p>\n<h4><strong>SR. ASHOK GARODIA<\/strong><\/h4>\n<h5>Director Gerente<\/h5>\n<p>[\/vc_column_text][\/vc_column][vc_column width=&#8221;1\/3&#8243; el_class=&#8221;empty-col&#8221;][\/vc_column][\/vc_row][vc_row el_class=&#8221;member-row&#8221;][vc_column width=&#8221;1\/3&#8243;][vc_column_text]<\/p>\n<h4><strong>SR. DILIP GARODIA<\/strong><\/h4>\n<h5>Director<\/h5>\n<p>[\/vc_column_text][\/vc_column][vc_column width=&#8221;1\/3&#8243;][vc_column_text]<\/p>\n<h4><strong>SR. ALOK GARODIA<\/strong><\/h4>\n<h5>Director Ejecutivo<\/h5>\n<p>[\/vc_column_text][\/vc_column][vc_column width=&#8221;1\/3&#8243;][vc_column_text]<\/p>\n<h4><strong>SR. B. NATARAJAN<\/strong><\/h4>\n<h5>Director T\u00e9cnico<\/h5>\n<p>[\/vc_column_text][\/vc_column][\/vc_row][vc_row][vc_column][vc_separator][\/vc_column][\/vc_row][vc_section el_class=&#8221;section-padding&#8221;][vc_row el_class=&#8221;vision-row&#8221;][vc_column][vc_custom_heading text=&#8221;NUESTRA VISI\u00d3N&#8221; use_theme_fonts=&#8221;yes&#8221;][vc_column_text]Ser un proveedor de acero de calidad de clase mundial con una integridad absoluta.[\/vc_column_text][\/vc_column][\/vc_row][\/vc_section][vc_row][vc_column][vc_separator][\/vc_column][\/vc_row][vc_section el_class=&#8221;section-padding&#8221;][vc_row el_class=&#8221;mission-row&#8221;][vc_column][vc_custom_heading text=&#8221;NUESTRA MISI\u00d3N&#8221; use_theme_fonts=&#8221;yes&#8221;][vc_column_text]Fomentar la creatividad, educar y enriquecer los empleados para que puedan participar con pleno entusiasmo. Disfrutar de su trabajo y crear productos de excelente calidad para el suministro a los clientes, y de este modo a\u00f1adir valor y obtener la satisfacci\u00f3n completa del cliente.[\/vc_column_text][\/vc_column][\/vc_row][\/vc_section][vc_row][vc_column][vc_separator][\/vc_column][\/vc_row][vc_section el_class=&#8221;section-padding&#8221;][vc_row el_class=&#8221;safety-row&#8221;][vc_column][vc_custom_heading text=&#8221;SEGURIDAD&#8221; use_theme_fonts=&#8221;yes&#8221;][vc_column_text]ALOK pone un \u00e9nfasis significativo en la seguridad de sus trabajadores y en el medio ambiente. Estamos en el proceso de obtener la certificaci\u00f3n OHSAS 18001:2007 para asegurar el cuidado \u00f3ptimo de la seguridad de nuestros empleados. Se garantiza la seguridad de los trabajadores mediante la vigilancia 24\/7 y los circuitos cerrados de televisi\u00f3n en cada esquina significativa. Carteles de seguridad que informan a todos la importancia de \u00a8Primero la seguridad, luego el trabajo\u201d se encuentran en varios lugares de nuestras instalaciones. Con los ventiladores gigantes de aire que expulsan el aire caliente desde la planta de producci\u00f3n, la chimenea de control de la contaminaci\u00f3n y otras medidas, se han tomado todas las acciones relacionadas a la seguridad de los empleados.<\/p>\n<p>Las actividades comerciales de ALOK se basan en las normas aceptadas en materia de calidad, seguridad en el trabajo, el medio ambiente, el cumplimiento de normas y reglamentos, adem\u00e1s de nuestro compromiso social.[\/vc_column_text][\/vc_column][\/vc_row][\/vc_section]<\/p>\n<\/div>","protected":false},"excerpt":{"rendered":"<p>[vc_row el_class=&#8221;page-banner&#8221; css=&#8221;.vc_custom_1704709260639{background-image: url(https:\/\/www.alokindia.com\/wp-content\/uploads\/2024\/01\/about-banner-1.jpg?id=260) !important;}&#8221;][vc_column][\/vc_column][\/vc_row][vc_section el_class=&#8221;section-padding&#8221;][vc_row el_class=&#8221;whoweare-row&#8221;][vc_column][vc_custom_heading text=&#8221;QUIENES SOMOS&#8221; use_theme_fonts=&#8221;yes&#8221;][vc_column_text el_class=&#8221;whoweare-text&#8221;]En 2005, un equipo de emprendedores entusiastas que cre\u00edan que podr\u00edan revolucionar la fabricaci\u00f3n de acero en la India fund\u00f3 ALOK INGOTS. Inicialmente ALOK comenz\u00f3 como una peque\u00f1a empresa familiar, y en la actualidad es una fuerza emergente en el campo de los aceros especiales, [&hellip;]<\/p>\n","protected":false},"author":1,"featured_media":0,"parent":0,"menu_order":0,"comment_status":"closed","ping_status":"closed","template":"","meta":{"footnotes":"","_links_to":"","_links_to_target":""},"class_list":["post-2419","page","type-page","status-publish","hentry"],"yoast_head":"<!-- This site is optimized with the Yoast SEO plugin v27.2 - https:\/\/yoast.com\/product\/yoast-seo-wordpress\/ -->\n<title>About - Alokindia<\/title>\n<meta name=\"robots\" content=\"index, follow, max-snippet:-1, max-image-preview:large, max-video-preview:-1\" \/>\n<link rel=\"canonical\" href=\"https:\/\/www.alokindia.com\/es\/about\/\" \/>\n<meta property=\"og:locale\" content=\"es_ES\" \/>\n<meta property=\"og:type\" content=\"article\" \/>\n<meta property=\"og:title\" content=\"About - Alokindia\" \/>\n<meta property=\"og:description\" content=\"[vc_row el_class=&#8221;page-banner&#8221; css=&#8221;.vc_custom_1704709260639{background-image: url(https:\/\/www.alokindia.com\/wp-content\/uploads\/2024\/01\/about-banner-1.jpg?id=260) !important;}&#8221;][vc_column][\/vc_column][\/vc_row][vc_section el_class=&#8221;section-padding&#8221;][vc_row el_class=&#8221;whoweare-row&#8221;][vc_column][vc_custom_heading text=&#8221;QUIENES SOMOS&#8221; use_theme_fonts=&#8221;yes&#8221;][vc_column_text el_class=&#8221;whoweare-text&#8221;]En 2005, un equipo de emprendedores entusiastas que cre\u00edan que podr\u00edan revolucionar la fabricaci\u00f3n de acero en la India fund\u00f3 ALOK INGOTS. Inicialmente ALOK comenz\u00f3 como una peque\u00f1a empresa familiar, y en la actualidad es una fuerza emergente en el campo de los aceros especiales, [&hellip;]\" \/>\n<meta property=\"og:url\" content=\"https:\/\/www.alokindia.com\/es\/about\/\" \/>\n<meta property=\"og:site_name\" content=\"Alokindia\" \/>\n<meta property=\"article:publisher\" content=\"https:\/\/www.facebook.com\/alokingots\/\" \/>\n<meta property=\"article:modified_time\" content=\"2024-01-17T04:59:51+00:00\" \/>\n<meta name=\"twitter:card\" content=\"summary_large_image\" \/>\n<meta name=\"twitter:label1\" content=\"Tiempo de lectura\" \/>\n\t<meta name=\"twitter:data1\" content=\"4 minutos\" \/>\n<script type=\"application\/ld+json\" class=\"yoast-schema-graph\">{\"@context\":\"https:\/\/schema.org\",\"@graph\":[{\"@type\":\"WebPage\",\"@id\":\"https:\/\/www.alokindia.com\/es\/about\/\",\"url\":\"https:\/\/www.alokindia.com\/es\/about\/\",\"name\":\"About - Alokindia\",\"isPartOf\":{\"@id\":\"https:\/\/www.alokindia.com\/pl\/#website\"},\"datePublished\":\"2024-01-03T06:15:30+00:00\",\"dateModified\":\"2024-01-17T04:59:51+00:00\",\"breadcrumb\":{\"@id\":\"https:\/\/www.alokindia.com\/es\/about\/#breadcrumb\"},\"inLanguage\":\"es\",\"potentialAction\":[{\"@type\":\"ReadAction\",\"target\":[\"https:\/\/www.alokindia.com\/es\/about\/\"]}]},{\"@type\":\"BreadcrumbList\",\"@id\":\"https:\/\/www.alokindia.com\/es\/about\/#breadcrumb\",\"itemListElement\":[{\"@type\":\"ListItem\",\"position\":1,\"name\":\"Home\",\"item\":\"https:\/\/www.alokindia.com\/es\/\"},{\"@type\":\"ListItem\",\"position\":2,\"name\":\"About\"}]},{\"@type\":\"WebSite\",\"@id\":\"https:\/\/www.alokindia.com\/pl\/#website\",\"url\":\"https:\/\/www.alokindia.com\/pl\/\",\"name\":\"Alok India\",\"description\":\"\",\"publisher\":{\"@id\":\"https:\/\/www.alokindia.com\/pl\/#organization\"},\"potentialAction\":[{\"@type\":\"SearchAction\",\"target\":{\"@type\":\"EntryPoint\",\"urlTemplate\":\"https:\/\/www.alokindia.com\/pl\/?s={search_term_string}\"},\"query-input\":{\"@type\":\"PropertyValueSpecification\",\"valueRequired\":true,\"valueName\":\"search_term_string\"}}],\"inLanguage\":\"es\"},{\"@type\":\"Organization\",\"@id\":\"https:\/\/www.alokindia.com\/pl\/#organization\",\"name\":\"Alok India Steels\",\"url\":\"https:\/\/www.alokindia.com\/pl\/\",\"logo\":{\"@type\":\"ImageObject\",\"inLanguage\":\"es\",\"@id\":\"https:\/\/www.alokindia.com\/pl\/#\/schema\/logo\/image\/\",\"url\":\"https:\/\/www.alokindia.com\/wp-content\/uploads\/2024\/01\/logo_red.png\",\"contentUrl\":\"https:\/\/www.alokindia.com\/wp-content\/uploads\/2024\/01\/logo_red.png\",\"width\":170,\"height\":75,\"caption\":\"Alok India Steels\"},\"image\":{\"@id\":\"https:\/\/www.alokindia.com\/pl\/#\/schema\/logo\/image\/\"},\"sameAs\":[\"https:\/\/www.facebook.com\/alokingots\/\",\"https:\/\/www.linkedin.com\/company\/alok-ingots-mumbai-private-limited\/\",\"https:\/\/youtube.com\/@aloksteels\"]}]}<\/script>\n<!-- \/ Yoast SEO plugin. -->","yoast_head_json":{"title":"About - Alokindia","robots":{"index":"index","follow":"follow","max-snippet":"max-snippet:-1","max-image-preview":"max-image-preview:large","max-video-preview":"max-video-preview:-1"},"canonical":"https:\/\/www.alokindia.com\/es\/about\/","og_locale":"es_ES","og_type":"article","og_title":"About - Alokindia","og_description":"[vc_row el_class=&#8221;page-banner&#8221; css=&#8221;.vc_custom_1704709260639{background-image: url(https:\/\/www.alokindia.com\/wp-content\/uploads\/2024\/01\/about-banner-1.jpg?id=260) !important;}&#8221;][vc_column][\/vc_column][\/vc_row][vc_section el_class=&#8221;section-padding&#8221;][vc_row el_class=&#8221;whoweare-row&#8221;][vc_column][vc_custom_heading text=&#8221;QUIENES SOMOS&#8221; use_theme_fonts=&#8221;yes&#8221;][vc_column_text el_class=&#8221;whoweare-text&#8221;]En 2005, un equipo de emprendedores entusiastas que cre\u00edan que podr\u00edan revolucionar la fabricaci\u00f3n de acero en la India fund\u00f3 ALOK INGOTS. Inicialmente ALOK comenz\u00f3 como una peque\u00f1a empresa familiar, y en la actualidad es una fuerza emergente en el campo de los aceros especiales, [&hellip;]","og_url":"https:\/\/www.alokindia.com\/es\/about\/","og_site_name":"Alokindia","article_publisher":"https:\/\/www.facebook.com\/alokingots\/","article_modified_time":"2024-01-17T04:59:51+00:00","twitter_card":"summary_large_image","twitter_misc":{"Tiempo de lectura":"4 minutos"},"schema":{"@context":"https:\/\/schema.org","@graph":[{"@type":"WebPage","@id":"https:\/\/www.alokindia.com\/es\/about\/","url":"https:\/\/www.alokindia.com\/es\/about\/","name":"About - Alokindia","isPartOf":{"@id":"https:\/\/www.alokindia.com\/pl\/#website"},"datePublished":"2024-01-03T06:15:30+00:00","dateModified":"2024-01-17T04:59:51+00:00","breadcrumb":{"@id":"https:\/\/www.alokindia.com\/es\/about\/#breadcrumb"},"inLanguage":"es","potentialAction":[{"@type":"ReadAction","target":["https:\/\/www.alokindia.com\/es\/about\/"]}]},{"@type":"BreadcrumbList","@id":"https:\/\/www.alokindia.com\/es\/about\/#breadcrumb","itemListElement":[{"@type":"ListItem","position":1,"name":"Home","item":"https:\/\/www.alokindia.com\/es\/"},{"@type":"ListItem","position":2,"name":"About"}]},{"@type":"WebSite","@id":"https:\/\/www.alokindia.com\/pl\/#website","url":"https:\/\/www.alokindia.com\/pl\/","name":"Alok India","description":"","publisher":{"@id":"https:\/\/www.alokindia.com\/pl\/#organization"},"potentialAction":[{"@type":"SearchAction","target":{"@type":"EntryPoint","urlTemplate":"https:\/\/www.alokindia.com\/pl\/?s={search_term_string}"},"query-input":{"@type":"PropertyValueSpecification","valueRequired":true,"valueName":"search_term_string"}}],"inLanguage":"es"},{"@type":"Organization","@id":"https:\/\/www.alokindia.com\/pl\/#organization","name":"Alok India Steels","url":"https:\/\/www.alokindia.com\/pl\/","logo":{"@type":"ImageObject","inLanguage":"es","@id":"https:\/\/www.alokindia.com\/pl\/#\/schema\/logo\/image\/","url":"https:\/\/www.alokindia.com\/wp-content\/uploads\/2024\/01\/logo_red.png","contentUrl":"https:\/\/www.alokindia.com\/wp-content\/uploads\/2024\/01\/logo_red.png","width":170,"height":75,"caption":"Alok India Steels"},"image":{"@id":"https:\/\/www.alokindia.com\/pl\/#\/schema\/logo\/image\/"},"sameAs":["https:\/\/www.facebook.com\/alokingots\/","https:\/\/www.linkedin.com\/company\/alok-ingots-mumbai-private-limited\/","https:\/\/youtube.com\/@aloksteels"]}]}},"_links":{"self":[{"href":"https:\/\/www.alokindia.com\/es\/wp-json\/wp\/v2\/pages\/2419","targetHints":{"allow":["GET"]}}],"collection":[{"href":"https:\/\/www.alokindia.com\/es\/wp-json\/wp\/v2\/pages"}],"about":[{"href":"https:\/\/www.alokindia.com\/es\/wp-json\/wp\/v2\/types\/page"}],"author":[{"embeddable":true,"href":"https:\/\/www.alokindia.com\/es\/wp-json\/wp\/v2\/users\/1"}],"replies":[{"embeddable":true,"href":"https:\/\/www.alokindia.com\/es\/wp-json\/wp\/v2\/comments?post=2419"}],"version-history":[{"count":0,"href":"https:\/\/www.alokindia.com\/es\/wp-json\/wp\/v2\/pages\/2419\/revisions"}],"wp:attachment":[{"href":"https:\/\/www.alokindia.com\/es\/wp-json\/wp\/v2\/media?parent=2419"}],"curies":[{"name":"wp","href":"https:\/\/api.w.org\/{rel}","templated":true}]}}