{"id":2394,"date":"2024-01-03T06:16:17","date_gmt":"2024-01-03T06:16:17","guid":{"rendered":"https:\/\/www.alokindia.com\/quality-control\/"},"modified":"2024-01-26T10:53:12","modified_gmt":"2024-01-26T10:53:12","slug":"quality-control","status":"publish","type":"page","link":"https:\/\/www.alokindia.com\/es\/quality-control\/","title":{"rendered":"Quality Control"},"content":{"rendered":"<div class=\"wpb-content-wrapper\"><p>[vc_row el_class=&#8221;page-banner&#8221; css=&#8221;.vc_custom_1704796203367{background-image: url(https:\/\/www.alokindia.com\/wp-content\/uploads\/2024\/01\/quality-banner.jpg?id=485) !important;}&#8221;][vc_column][\/vc_column][\/vc_row][vc_section el_class=&#8221;section-padding&#8221;][vc_row el_class=&#8221;ourproducts-row&#8221;][vc_column][vc_custom_heading text=&#8221;CONTROL DE CALIDAD&#8221; use_theme_fonts=&#8221;yes&#8221;][vc_column_text el_class=&#8221;ourproducts-text&#8221;]En Alok Ingots, consideramos la calidad y la mejora continua como la base de la pol\u00edtica y el crecimiento de la compa\u00f1\u00eda. Nuestro equipo profesional de ingenieros de control de calidad, metal\u00fargicos y qu\u00edmicos, altamente motivados, se esfuerzan continuamente para satisfacer las exigencias de nuestros clientes a nivel mundial. Somos una de las pocas compa\u00f1\u00edas certificadas de acuerdo a las normas PED AD 2000 Merkblatt W 0 e ISO \/ TS 16949:2009 por TUV Nord.<\/p>\n<p>La calidad es una parte fundamental de nuestra filosof\u00eda empresarial, que dice \u201csi se atiende a los detalles minuciosos durante el proceso, el producto final se cuidar\u00e1 de s\u00ed mismo\u201d.<br \/>\nEsta dedicaci\u00f3n se refleja en la alta calidad de cada producto que sale de las l\u00edneas de producci\u00f3n.Como resultado, nuestros clientes pueden contar con un producto de calidad, fiabilidad, confiabilidad y durabilidad indiscutibles.<\/p>\n<p>Nuestro departamento de calidad e inspecci\u00f3n est\u00e1 totalmente equipado con los siguientes aparatos de prueba, que se calibra con regularidad.[\/vc_column_text][vc_row_inner equal_height=&#8221;yes&#8221; content_placement=&#8221;middle&#8221; el_class=&#8221;ourproducts-innerrow&#8221;][vc_column_inner width=&#8221;1\/2&#8243;][vc_column_text]<\/p>\n<h2>\u201c<span class=\"uppercase\">LA EXCELENCIA<\/span><small> no es algo accidental,Es un acto de planificaci\u00f3n<\/small> DELIBERADA .\u201d<\/h2>\n<p>[\/vc_column_text][\/vc_column_inner][vc_column_inner width=&#8221;1\/2&#8243;][vc_single_image image=&#8221;504&#8243; img_size=&#8221;full&#8221;][\/vc_column_inner][\/vc_row_inner][vc_row_inner el_class=&#8221;ss-applications&#8221;][vc_column_inner width=&#8221;1\/2&#8243;][vc_column_text]<\/p>\n<ul>\n<li>Un laboratorio qu\u00edmico totalmente equipado para el an\u00e1lisis mojado<\/li>\n<li>Espectr\u00f3metro de emisi\u00f3n \u00f3ptica<\/li>\n<li>Medidor de Radiaci\u00f3n<\/li>\n<li>M\u00e1quina Universal de Ensayos de 60 Toneladas<\/li>\n<li>Dur\u00f3metro \u2013 Rockwell y Brinell<\/li>\n<li>M\u00e1quina de pruebas de impacto V Notch<\/li>\n<\/ul>\n<p>[\/vc_column_text][\/vc_column_inner][vc_column_inner width=&#8221;1\/2&#8243;][vc_column_text]<\/p>\n<ul>\n<li>Detecci\u00f3n de grieta<\/li>\n<li>Las muestras de palanquilla, Ataque \u00e1cido<\/li>\n<li>Espectr\u00f3metro de mano para identificar el grado<\/li>\n<li>Microscopio con y analizador de imagen<\/li>\n<li>Aparato para comprobar Valores Jominy<\/li>\n<\/ul>\n<p>[\/vc_column_text][\/vc_column_inner][\/vc_row_inner][\/vc_column][\/vc_row][\/vc_section][vc_row][vc_column][vc_separator][\/vc_column][\/vc_row][vc_section el_class=&#8221;section-padding right-spacing&#8221; el_id=&#8221;StandardsMaintained&#8221;][vc_row el_class=&#8221;ourteam-row&#8221;][vc_column][vc_custom_heading text=&#8221;NORMAS SEGUIDAS&#8221; use_theme_fonts=&#8221;yes&#8221;][vc_column_text el_class=&#8221;table-responsive&#8221;]\n<table id=\"tablepress-354\" class=\"tablepress tablepress-id-354 table-border first-bold tbody-has-connected-cells\">\n<thead>\n<tr class=\"row-1\">\n\t<td class=\"column-1\"><\/td><th class=\"column-2\">EN<\/th><th class=\"column-3\">Nuestra tolerancia\t<\/th><th class=\"column-4\">ASTM<\/th><th class=\"column-5\">Nuestra tolerancia\t<\/th>\n<\/tr>\n<\/thead>\n<tbody class=\"row-striping row-hover\">\n<tr class=\"row-2\">\n\t<td class=\"column-1\">Tolerancia de barras redondas laminadas en caliente \t<\/td><td class=\"column-2\">En 10060<\/td><td class=\"column-3\">+\/- 1,3% de di\u00e1metro\t<\/td><td class=\"column-4\">A 29 \/ 29 M<\/td><td class=\"column-5\">\u2013<\/td>\n<\/tr>\n<tr class=\"row-3\">\n\t<td class=\"column-1\">Tolerancia de barras cuadradas laminadas en caliente\t<\/td><td class=\"column-2\">En 10059<\/td><td class=\"column-3\">\u2013<\/td><td class=\"column-4\">A 29 \/ 29 M<\/td><td class=\"column-5\">\u2013<\/td>\n<\/tr>\n<tr class=\"row-4\">\n\t<td class=\"column-1\">Tolerancia de barras planas \u2013 laminadas en caliente\t<\/td><td class=\"column-2\">EN 10058:2003<\/td><td class=\"column-3\">\u2013<\/td><td class=\"column-4\">\u2013<\/td><td class=\"column-5\">\u2013<\/td>\n<\/tr>\n<tr class=\"row-5\">\n\t<td class=\"column-1\">Tolerancia de barras brillantes\t<\/td><td class=\"column-2\">EN 10278\/DIN 668<\/td><td class=\"column-3\">\u2013<\/td><td class=\"column-4\">\u2013<\/td><td class=\"column-5\">\u2013<\/td>\n<\/tr>\n<tr class=\"row-6\">\n\t<td class=\"column-1\"><\/td><td class=\"column-2\"><\/td><td class=\"column-3\">DIN 671<\/td><td class=\"column-4\"><\/td><td class=\"column-5\"><\/td>\n<\/tr>\n<tr class=\"row-7\">\n\t<td class=\"column-1\">Barras Redondas, Hexagonales, Cuadradas &amp;  Planas  \u2013 Estiradas \t<\/td><td class=\"column-2\">EN 10278 \/ ISO 286-2<\/td><td class=\"column-3\">h9, h11<\/td><td class=\"column-4\">\u2013<\/td><td class=\"column-5\">\u2013<\/td>\n<\/tr>\n<tr class=\"row-8\">\n\t<td class=\"column-1\">Defectos de superficie\t<\/td><td class=\"column-2\">1% max. sobre di\u00e1metro\t<\/td><td class=\"column-3\">Class B<\/td><td class=\"column-4\">\u2013<\/td><td class=\"column-5\">\u2013<\/td>\n<\/tr>\n<tr class=\"row-9\">\n\t<td class=\"column-1\">Inspecci\u00f3n por part\u00edculas magn\u00e9ticas para defectos superficiales\t<\/td><td class=\"column-2\"><\/td><td class=\"column-3\">\u2013<\/td><td class=\"column-4\">E 709<\/td><td class=\"column-5\">\u2013<\/td>\n<\/tr>\n<tr class=\"row-10\">\n\t<td class=\"column-1\">Tolerancia de rectilineidad de barras negras\t<\/td><td class=\"column-2\">3 to 5 mm\/1000 mm<\/td><td class=\"column-3\">\u2013<\/td><td class=\"column-4\">\u2013<\/td><td class=\"column-5\">\u2013<\/td>\n<\/tr>\n<tr class=\"row-11\">\n\t<td class=\"column-1\">Tolerancia de rectilineidad de barras brillantes\t<\/td><td class=\"column-2\">0.5 mm\/1000 mm<\/td><td class=\"column-3\">\u2013<\/td><td class=\"column-4\">\u2013<\/td><td class=\"column-5\">\u2013<\/td>\n<\/tr>\n<tr class=\"row-12\">\n\t<td class=\"column-1\">Limpieza\t<\/td><td class=\"column-2\">DIN 50602<\/td><td class=\"column-3\">K4 < 40<\/td><td class=\"column-4\">E 45<\/td><td class=\"column-5\">A,B,C &amp; D < 2.5<\/td>\n<\/tr>\n<tr class=\"row-13\">\n\t<td class=\"column-1\">Palanquillas macro (CC)\t<\/td><td class=\"column-2\"><\/td><td class=\"column-3\">\u2013<\/td><td class=\"column-4\">E 381<\/td><td class=\"column-5\">Mejor que C2 R2 S2<br \/>\n<\/td>\n<\/tr>\n<tr class=\"row-14\">\n\t<td class=\"column-1\">Tama\u00f1o de grano\t<\/td><td class=\"column-2\"><\/td><td class=\"column-3\">\u2013<\/td><td class=\"column-4\">E 112<\/td><td class=\"column-5\">5 to 8<\/td>\n<\/tr>\n<tr class=\"row-15\">\n\t<td rowspan=\"3\" class=\"column-1\">Inspecci\u00f3n por ultrasonido\t<\/td><td class=\"column-2\">SEP 1921<\/td><td class=\"column-3\">C\/c<\/td><td class=\"column-4\">A 388<\/td><td class=\"column-5\">2-4 mm fbh (-6dB<\/td>\n<\/tr>\n<tr class=\"row-16\">\n\t<td class=\"column-2\">En 10308<\/td><td class=\"column-3\">Tipo 1A, Tab 2, Cl 4\t<\/td><td class=\"column-4\">\u2013<\/td><td class=\"column-5\">drop technique<br \/>\n<\/td>\n<\/tr>\n<tr class=\"row-17\">\n\t<td class=\"column-2\">En 10228<\/td><td class=\"column-3\">Tipo 1A, Tab 5, Cl 4\t<\/td><td class=\"column-4\">\u2013<\/td><td class=\"column-5\">\u2013<\/td>\n<\/tr>\n<\/tbody>\n<\/table>\n<!-- #tablepress-354 from cache -->[\/vc_column_text][\/vc_column][\/vc_row][\/vc_section][vc_row][vc_column][vc_separator][\/vc_column][\/vc_row][vc_section el_class=&#8221;section-padding right-spacing&#8221; el_id=&#8221;ViewCertificates&#8221;][vc_row el_class=&#8221;ourteam-row&#8221;][vc_column][vc_custom_heading text=&#8221;CERTIFICADOS&#8221; use_theme_fonts=&#8221;yes&#8221;][vc_row_inner el_class=&#8221;certificate-sec&#8221;][vc_column_inner width=&#8221;1\/6&#8243;][\/vc_column_inner][vc_column_inner width=&#8221;1\/3&#8243;][vc_single_image image=&#8221;526&#8243; img_size=&#8221;full&#8221; onclick=&#8221;img_link_large&#8221; el_class=&#8221;certificates_img&#8221;][vc_custom_heading text=&#8221;ISO 9001 : 2015&#8243; font_container=&#8221;tag:p|text_align:left&#8221; use_theme_fonts=&#8221;yes&#8221; el_class=&#8221;certificates_title&#8221;][\/vc_column_inner][vc_column_inner width=&#8221;1\/3&#8243;][vc_single_image image=&#8221;527&#8243; img_size=&#8221;full&#8221; onclick=&#8221;img_link_large&#8221; el_class=&#8221;certificates_img&#8221;][vc_custom_heading text=&#8221;ISO IATF 16949 : 2016&#8243; font_container=&#8221;tag:p|text_align:left&#8221; use_theme_fonts=&#8221;yes&#8221; el_class=&#8221;certificates_title&#8221;][\/vc_column_inner][vc_column_inner width=&#8221;1\/6&#8243;][\/vc_column_inner][\/vc_row_inner][vc_row_inner content_placement=&#8221;bottom&#8221; el_class=&#8221;certificate-sec&#8221;][vc_column_inner width=&#8221;1\/3&#8243;][vc_single_image image=&#8221;528&#8243; img_size=&#8221;full&#8221; onclick=&#8221;img_link_large&#8221; el_class=&#8221;certificates_img&#8221;][vc_custom_heading text=&#8221;PED 2014\/68\/EU&#8221; font_container=&#8221;tag:p|text_align:left&#8221; use_theme_fonts=&#8221;yes&#8221; el_class=&#8221;certificates_title&#8221;][\/vc_column_inner][vc_column_inner width=&#8221;1\/3&#8243;][vc_single_image image=&#8221;529&#8243; img_size=&#8221;full&#8221; onclick=&#8221;img_link_large&#8221; el_class=&#8221;certificates_img&#8221;][vc_custom_heading text=&#8221;AD-2000-Merkblatt W0&#8243; font_container=&#8221;tag:p|text_align:left&#8221; use_theme_fonts=&#8221;yes&#8221; el_class=&#8221;certificates_title&#8221;][\/vc_column_inner][vc_column_inner width=&#8221;1\/3&#8243;][vc_single_image image=&#8221;530&#8243; img_size=&#8221;full&#8221; onclick=&#8221;img_link_large&#8221; el_class=&#8221;certificates_img&#8221;][vc_custom_heading text=&#8221;IBR-CERTIFICATE-2016&#8243; font_container=&#8221;tag:p|text_align:left&#8221; use_theme_fonts=&#8221;yes&#8221; el_class=&#8221;certificates_title&#8221;][\/vc_column_inner][\/vc_row_inner][\/vc_column][\/vc_row][\/vc_section][vc_row][vc_column][vc_separator][\/vc_column][\/vc_row][vc_section el_class=&#8221;section-padding right-spacing&#8221;][vc_row el_class=&#8221;ourteam-row&#8221;][vc_column][vc_custom_heading text=&#8221;FAVORABLE AL MEDIO AMBIENTE&#8221; use_theme_fonts=&#8221;yes&#8221;][vc_column_text]ALOKALOK es una empresa comprometida con el medio ambiente, siendo la chatarra m\u00e1s del 85% de nuestra materia prima. Conseguimos reducir nuestras emisiones de carbono gastando menos energ\u00eda y reduciendo la contaminaci\u00f3n del aire en m\u00e1s del 80%. Adquirir chatarra de proveedores de renombre por todo el mundo garantiza materia prima sin radioactividad.<\/p>\n<p>No s\u00f3lo se trata de cumplimiento, sino valoramos y defendemos todos los excelentes sistemas de valores seg\u00fan lo previsto por el gobierno. Por ejemplo NO empleamos trabajadores infantiles. Pagamos todos los derechos e impuestos aplicables.[\/vc_column_text][\/vc_column][\/vc_row][\/vc_section]<\/p>\n<\/div>","protected":false},"excerpt":{"rendered":"<p>[vc_row el_class=&#8221;page-banner&#8221; css=&#8221;.vc_custom_1704796203367{background-image: url(https:\/\/www.alokindia.com\/wp-content\/uploads\/2024\/01\/quality-banner.jpg?id=485) !important;}&#8221;][vc_column][\/vc_column][\/vc_row][vc_section el_class=&#8221;section-padding&#8221;][vc_row el_class=&#8221;ourproducts-row&#8221;][vc_column][vc_custom_heading text=&#8221;CONTROL DE CALIDAD&#8221; use_theme_fonts=&#8221;yes&#8221;][vc_column_text el_class=&#8221;ourproducts-text&#8221;]En Alok Ingots, consideramos la calidad y la mejora continua como la base de la pol\u00edtica y el crecimiento de la compa\u00f1\u00eda. Nuestro equipo profesional de ingenieros de control de calidad, metal\u00fargicos y qu\u00edmicos, altamente motivados, se esfuerzan continuamente para satisfacer las exigencias de [&hellip;]<\/p>\n","protected":false},"author":1,"featured_media":0,"parent":0,"menu_order":0,"comment_status":"closed","ping_status":"closed","template":"","meta":{"footnotes":"","_links_to":"","_links_to_target":""},"class_list":["post-2394","page","type-page","status-publish","hentry"],"yoast_head":"<!-- This site is optimized with the Yoast SEO plugin v27.2 - https:\/\/yoast.com\/product\/yoast-seo-wordpress\/ -->\n<title>Quality Control - Alokindia<\/title>\n<meta name=\"robots\" content=\"index, follow, max-snippet:-1, max-image-preview:large, max-video-preview:-1\" \/>\n<link rel=\"canonical\" href=\"https:\/\/www.alokindia.com\/es\/quality-control\/\" \/>\n<meta property=\"og:locale\" content=\"es_ES\" \/>\n<meta property=\"og:type\" content=\"article\" \/>\n<meta property=\"og:title\" content=\"Quality Control - Alokindia\" \/>\n<meta property=\"og:description\" content=\"[vc_row el_class=&#8221;page-banner&#8221; css=&#8221;.vc_custom_1704796203367{background-image: url(https:\/\/www.alokindia.com\/wp-content\/uploads\/2024\/01\/quality-banner.jpg?id=485) !important;}&#8221;][vc_column][\/vc_column][\/vc_row][vc_section el_class=&#8221;section-padding&#8221;][vc_row el_class=&#8221;ourproducts-row&#8221;][vc_column][vc_custom_heading text=&#8221;CONTROL DE CALIDAD&#8221; use_theme_fonts=&#8221;yes&#8221;][vc_column_text el_class=&#8221;ourproducts-text&#8221;]En Alok Ingots, consideramos la calidad y la mejora continua como la base de la pol\u00edtica y el crecimiento de la compa\u00f1\u00eda. Nuestro equipo profesional de ingenieros de control de calidad, metal\u00fargicos y qu\u00edmicos, altamente motivados, se esfuerzan continuamente para satisfacer las exigencias de [&hellip;]\" \/>\n<meta property=\"og:url\" content=\"https:\/\/www.alokindia.com\/es\/quality-control\/\" \/>\n<meta property=\"og:site_name\" content=\"Alokindia\" \/>\n<meta property=\"article:publisher\" content=\"https:\/\/www.facebook.com\/alokingots\/\" \/>\n<meta property=\"article:modified_time\" content=\"2024-01-26T10:53:12+00:00\" \/>\n<meta name=\"twitter:card\" content=\"summary_large_image\" \/>\n<meta name=\"twitter:label1\" content=\"Tiempo de lectura\" \/>\n\t<meta name=\"twitter:data1\" content=\"4 minutos\" \/>\n<script type=\"application\/ld+json\" class=\"yoast-schema-graph\">{\"@context\":\"https:\/\/schema.org\",\"@graph\":[{\"@type\":\"WebPage\",\"@id\":\"https:\/\/www.alokindia.com\/es\/quality-control\/\",\"url\":\"https:\/\/www.alokindia.com\/es\/quality-control\/\",\"name\":\"Quality Control - Alokindia\",\"isPartOf\":{\"@id\":\"https:\/\/www.alokindia.com\/pl\/#website\"},\"datePublished\":\"2024-01-03T06:16:17+00:00\",\"dateModified\":\"2024-01-26T10:53:12+00:00\",\"breadcrumb\":{\"@id\":\"https:\/\/www.alokindia.com\/es\/quality-control\/#breadcrumb\"},\"inLanguage\":\"es\",\"potentialAction\":[{\"@type\":\"ReadAction\",\"target\":[\"https:\/\/www.alokindia.com\/es\/quality-control\/\"]}]},{\"@type\":\"BreadcrumbList\",\"@id\":\"https:\/\/www.alokindia.com\/es\/quality-control\/#breadcrumb\",\"itemListElement\":[{\"@type\":\"ListItem\",\"position\":1,\"name\":\"Home\",\"item\":\"https:\/\/www.alokindia.com\/es\/\"},{\"@type\":\"ListItem\",\"position\":2,\"name\":\"Quality Control\"}]},{\"@type\":\"WebSite\",\"@id\":\"https:\/\/www.alokindia.com\/pl\/#website\",\"url\":\"https:\/\/www.alokindia.com\/pl\/\",\"name\":\"Alok India\",\"description\":\"\",\"publisher\":{\"@id\":\"https:\/\/www.alokindia.com\/pl\/#organization\"},\"potentialAction\":[{\"@type\":\"SearchAction\",\"target\":{\"@type\":\"EntryPoint\",\"urlTemplate\":\"https:\/\/www.alokindia.com\/pl\/?s={search_term_string}\"},\"query-input\":{\"@type\":\"PropertyValueSpecification\",\"valueRequired\":true,\"valueName\":\"search_term_string\"}}],\"inLanguage\":\"es\"},{\"@type\":\"Organization\",\"@id\":\"https:\/\/www.alokindia.com\/pl\/#organization\",\"name\":\"Alok India Steels\",\"url\":\"https:\/\/www.alokindia.com\/pl\/\",\"logo\":{\"@type\":\"ImageObject\",\"inLanguage\":\"es\",\"@id\":\"https:\/\/www.alokindia.com\/pl\/#\/schema\/logo\/image\/\",\"url\":\"https:\/\/www.alokindia.com\/wp-content\/uploads\/2024\/01\/logo_red.png\",\"contentUrl\":\"https:\/\/www.alokindia.com\/wp-content\/uploads\/2024\/01\/logo_red.png\",\"width\":170,\"height\":75,\"caption\":\"Alok India Steels\"},\"image\":{\"@id\":\"https:\/\/www.alokindia.com\/pl\/#\/schema\/logo\/image\/\"},\"sameAs\":[\"https:\/\/www.facebook.com\/alokingots\/\",\"https:\/\/www.linkedin.com\/company\/alok-ingots-mumbai-private-limited\/\",\"https:\/\/youtube.com\/@aloksteels\"]}]}<\/script>\n<!-- \/ Yoast SEO plugin. -->","yoast_head_json":{"title":"Quality Control - Alokindia","robots":{"index":"index","follow":"follow","max-snippet":"max-snippet:-1","max-image-preview":"max-image-preview:large","max-video-preview":"max-video-preview:-1"},"canonical":"https:\/\/www.alokindia.com\/es\/quality-control\/","og_locale":"es_ES","og_type":"article","og_title":"Quality Control - Alokindia","og_description":"[vc_row el_class=&#8221;page-banner&#8221; css=&#8221;.vc_custom_1704796203367{background-image: url(https:\/\/www.alokindia.com\/wp-content\/uploads\/2024\/01\/quality-banner.jpg?id=485) !important;}&#8221;][vc_column][\/vc_column][\/vc_row][vc_section el_class=&#8221;section-padding&#8221;][vc_row el_class=&#8221;ourproducts-row&#8221;][vc_column][vc_custom_heading text=&#8221;CONTROL DE CALIDAD&#8221; use_theme_fonts=&#8221;yes&#8221;][vc_column_text el_class=&#8221;ourproducts-text&#8221;]En Alok Ingots, consideramos la calidad y la mejora continua como la base de la pol\u00edtica y el crecimiento de la compa\u00f1\u00eda. Nuestro equipo profesional de ingenieros de control de calidad, metal\u00fargicos y qu\u00edmicos, altamente motivados, se esfuerzan continuamente para satisfacer las exigencias de [&hellip;]","og_url":"https:\/\/www.alokindia.com\/es\/quality-control\/","og_site_name":"Alokindia","article_publisher":"https:\/\/www.facebook.com\/alokingots\/","article_modified_time":"2024-01-26T10:53:12+00:00","twitter_card":"summary_large_image","twitter_misc":{"Tiempo de lectura":"4 minutos"},"schema":{"@context":"https:\/\/schema.org","@graph":[{"@type":"WebPage","@id":"https:\/\/www.alokindia.com\/es\/quality-control\/","url":"https:\/\/www.alokindia.com\/es\/quality-control\/","name":"Quality Control - Alokindia","isPartOf":{"@id":"https:\/\/www.alokindia.com\/pl\/#website"},"datePublished":"2024-01-03T06:16:17+00:00","dateModified":"2024-01-26T10:53:12+00:00","breadcrumb":{"@id":"https:\/\/www.alokindia.com\/es\/quality-control\/#breadcrumb"},"inLanguage":"es","potentialAction":[{"@type":"ReadAction","target":["https:\/\/www.alokindia.com\/es\/quality-control\/"]}]},{"@type":"BreadcrumbList","@id":"https:\/\/www.alokindia.com\/es\/quality-control\/#breadcrumb","itemListElement":[{"@type":"ListItem","position":1,"name":"Home","item":"https:\/\/www.alokindia.com\/es\/"},{"@type":"ListItem","position":2,"name":"Quality Control"}]},{"@type":"WebSite","@id":"https:\/\/www.alokindia.com\/pl\/#website","url":"https:\/\/www.alokindia.com\/pl\/","name":"Alok India","description":"","publisher":{"@id":"https:\/\/www.alokindia.com\/pl\/#organization"},"potentialAction":[{"@type":"SearchAction","target":{"@type":"EntryPoint","urlTemplate":"https:\/\/www.alokindia.com\/pl\/?s={search_term_string}"},"query-input":{"@type":"PropertyValueSpecification","valueRequired":true,"valueName":"search_term_string"}}],"inLanguage":"es"},{"@type":"Organization","@id":"https:\/\/www.alokindia.com\/pl\/#organization","name":"Alok India Steels","url":"https:\/\/www.alokindia.com\/pl\/","logo":{"@type":"ImageObject","inLanguage":"es","@id":"https:\/\/www.alokindia.com\/pl\/#\/schema\/logo\/image\/","url":"https:\/\/www.alokindia.com\/wp-content\/uploads\/2024\/01\/logo_red.png","contentUrl":"https:\/\/www.alokindia.com\/wp-content\/uploads\/2024\/01\/logo_red.png","width":170,"height":75,"caption":"Alok India Steels"},"image":{"@id":"https:\/\/www.alokindia.com\/pl\/#\/schema\/logo\/image\/"},"sameAs":["https:\/\/www.facebook.com\/alokingots\/","https:\/\/www.linkedin.com\/company\/alok-ingots-mumbai-private-limited\/","https:\/\/youtube.com\/@aloksteels"]}]}},"_links":{"self":[{"href":"https:\/\/www.alokindia.com\/es\/wp-json\/wp\/v2\/pages\/2394","targetHints":{"allow":["GET"]}}],"collection":[{"href":"https:\/\/www.alokindia.com\/es\/wp-json\/wp\/v2\/pages"}],"about":[{"href":"https:\/\/www.alokindia.com\/es\/wp-json\/wp\/v2\/types\/page"}],"author":[{"embeddable":true,"href":"https:\/\/www.alokindia.com\/es\/wp-json\/wp\/v2\/users\/1"}],"replies":[{"embeddable":true,"href":"https:\/\/www.alokindia.com\/es\/wp-json\/wp\/v2\/comments?post=2394"}],"version-history":[{"count":0,"href":"https:\/\/www.alokindia.com\/es\/wp-json\/wp\/v2\/pages\/2394\/revisions"}],"wp:attachment":[{"href":"https:\/\/www.alokindia.com\/es\/wp-json\/wp\/v2\/media?parent=2394"}],"curies":[{"name":"wp","href":"https:\/\/api.w.org\/{rel}","templated":true}]}}