{"id":971,"date":"2024-01-03T06:16:29","date_gmt":"2024-01-03T06:16:29","guid":{"rendered":"https:\/\/www.alokindia.com\/contact-us\/"},"modified":"2024-03-20T09:30:02","modified_gmt":"2024-03-20T09:30:02","slug":"kontakt","status":"publish","type":"page","link":"https:\/\/www.alokindia.com\/de\/kontakt\/","title":{"rendered":"Kontakt"},"content":{"rendered":"<div class=\"wpb-content-wrapper\"><p>[vc_row el_class=&#8221;page-banner&#8221; css=&#8221;.vc_custom_1704709268755{background-image: url(https:\/\/www.alokindia.com\/wp-content\/uploads\/2024\/01\/contact-us.jpg?id=290) !important;}&#8221;][vc_column][\/vc_column][\/vc_row][vc_section el_class=&#8221;section-padding&#8221;][vc_row el_class=&#8221;contact-box&#8221;][vc_column][vc_custom_heading text=&#8221;KONTAKT&#8221; use_theme_fonts=&#8221;yes&#8221;][vc_column_text]Wie fern die Realisierung eines Traumes auch scheint ist sie doch immer n\u00e4her als der Horizont.[\/vc_column_text][\/vc_column][\/vc_row][vc_row el_class=&#8221;office-address-row&#8221;][vc_column width=&#8221;1\/2&#8243;][vc_custom_heading text=&#8221;Unternehmen&#8221; font_container=&#8221;tag:h3|text_align:left&#8221; use_theme_fonts=&#8221;yes&#8221;][vc_column_text]<\/p>\n<ul class=\"list-none ml-50 work-add\">\n<li>602, Raheja Chambers,<\/li>\n<li class=\"no-padding\">213 Free Press Journal Marg,<\/li>\n<li class=\"no-padding\">Nariman Point 400 021, India.<\/li>\n<li><span class=\"tel\" tabindex=\"0\" aria-label=\"+91 81046 73187\">+91 81046 73187, <\/span><span class=\"tel\" tabindex=\"1\" aria-label=\"+91 99206 98848\">+91 99206 98848<\/span><\/li>\n<li>+91 22 4022 0080<\/li>\n<li><a href=\"mailto:exports@alokindia.com\">exports@alokindia.com<\/a><\/li>\n<\/ul>\n<p>[\/vc_column_text][vc_gmaps link=&#8221;#E-8_JTNDaWZyYW1lJTIwc3JjJTNEJTIyaHR0cHMlM0ElMkYlMkZ3d3cuZ29vZ2xlLmNvbSUyRm1hcHMlMkZlbWJlZCUzRnBiJTNEJTIxMW0xNCUyMTFtOCUyMTFtMyUyMTFkMTUwOTYuNjgwMzYwNTA2MzIzJTIxMmQ3Mi44MjM3MTQlMjEzZDE4LjkyMzg2NCUyMTNtMiUyMTFpMTAyNCUyMTJpNzY4JTIxNGYxMy4xJTIxM20zJTIxMW0yJTIxMXMweDNiZTdkMWViYzJlNTNkNzMlMjUzQTB4OTc1ZjdjMWM5MGEyN2Q3NCUyMTJzUmFoZWphJTI1MjBDaGFtYmVycyUyNTJDJTI1MjBSQUhFSkElMjUyMENIQU1CRVJTJTI1MkMlMjUyMEZyZWUlMjUyMFByZXNzJTI1MjBKb3VybmFsJTI1MjBNYXJnJTI1MkMlMjUyME5hcmltYW4lMjUyMFBvaW50JTI1MkMlMjUyME11bWJhaSUyNTJDJTI1MjBNYWhhcmFzaHRyYSUyNTIwNDAwMDIxJTIxNWUwJTIxM20yJTIxMXNlbiUyMTJzaW4lMjE0djE3MDUxMzE0NTg2NTIlMjE1bTIlMjExc2VuJTIxMnNpbiUyMiUyMHdpZHRoJTNEJTIyNjAwJTIyJTIwaGVpZ2h0JTNEJTIyNDUwJTIyJTIwc3R5bGUlM0QlMjJib3JkZXIlM0EwJTNCJTIyJTIwYWxsb3dmdWxsc2NyZWVuJTNEJTIyJTIyJTIwbG9hZGluZyUzRCUyMmxhenklMjIlMjByZWZlcnJlcnBvbGljeSUzRCUyMm5vLXJlZmVycmVyLXdoZW4tZG93bmdyYWRlJTIyJTNFJTNDJTJGaWZyYW1lJTNF&#8221;][\/vc_column][vc_column width=&#8221;1\/2&#8243;][vc_custom_heading text=&#8221;Werksanschrift&#8221; font_container=&#8221;tag:h3|text_align:left&#8221; use_theme_fonts=&#8221;yes&#8221;][vc_column_text]<\/p>\n<ul class=\"list-none ml-50 work-add\">\n<li>95\/3\/2, Vijaypur Village<\/li>\n<li class=\"no-padding\">(Near Kone Village) ,Taluka Wada,<\/li>\n<li class=\"no-padding\">Palghar \u2013 421303, Maharashtra, India.<\/li>\n<li>+91 99877 70330, +91 99877 70334<\/li>\n<li><a href=\"mailto:exports@alokindia.com\">exports@alokindia.com<\/a><\/li>\n<\/ul>\n<p>[\/vc_column_text][vc_gmaps link=&#8221;#E-8_JTNDaWZyYW1lJTIwc3JjJTNEJTIyaHR0cHMlM0ElMkYlMkZ3d3cuZ29vZ2xlLmNvbSUyRm1hcHMlMkZlbWJlZCUzRnBiJTNEJTIxMW0xNCUyMTFtOCUyMTFtMyUyMTFkNzUxNi44MDI2MDM0ODMxNiUyMTJkNzMuMTMwOTM4JTIxM2QxOS42MTAxMzQlMjEzbTIlMjExaTEwMjQlMjEyaTc2OCUyMTRmMTMuMSUyMTNtMyUyMTFtMiUyMTFzMHgzYmU3NzQ4MTMzYTU5MTMzJTI1M0EweDExNGFlYWU5NThmMGVjODclMjEyc0Fsb2slMjUyMEluZ290cyUyNTIwJTI4TXVtYmFpJTI5JTI1MjBQdnQuJTI1MjBMdGQuJTIxNWUwJTIxM20yJTIxMXNlbiUyMTJzdXMlMjE0djE3MDUxMzE0OTE4MjYlMjE1bTIlMjExc2VuJTIxMnN1cyUyMiUyMHdpZHRoJTNEJTIyNjAwJTIyJTIwaGVpZ2h0JTNEJTIyNDUwJTIyJTIwc3R5bGUlM0QlMjJib3JkZXIlM0EwJTNCJTIyJTIwYWxsb3dmdWxsc2NyZWVuJTNEJTIyJTIyJTIwbG9hZGluZyUzRCUyMmxhenklMjIlMjByZWZlcnJlcnBvbGljeSUzRCUyMm5vLXJlZmVycmVyLXdoZW4tZG93bmdyYWRlJTIyJTNFJTNDJTJGaWZyYW1lJTNF&#8221;][\/vc_column][\/vc_row][\/vc_section][vc_row][vc_column][vc_separator][\/vc_column][\/vc_row][vc_section el_class=&#8221;section-padding&#8221;][vc_row el_class=&#8221;contact-proximity&#8221; el_id=&#8221;International-Business&#8221;][vc_column][vc_custom_heading text=&#8221;KUNDENN\u00c4HE&#8221; use_theme_fonts=&#8221;yes&#8221;][vc_custom_heading text=&#8221;Internationale Kundenkontakte&#8221; font_container=&#8221;tag:h4|text_align:left&#8221; use_theme_fonts=&#8221;yes&#8221; el_class=&#8221;orange-haedding&#8221;][vc_column_text]Die Produktionsst\u00e4tte von Alok Ingots liegt strategisch g\u00fcnstig in Wada, Maharashtra, nur ca. 110km von Nhava Sheva, einem der gr\u00f6\u00dften Seeh\u00e4fen der Welt entfernt.<\/p>\n<ul class=\"list-icons\">\n<li>Herr Maikel Wammes<\/li>\n<li>Address : Maricollenweg 12 ,NL-5971AV, Grubbenvorst,The Netherlands<\/li>\n<li>+ 31 6 38534811<\/li>\n<li><a href=\"mailto:exports@alokindia.com\">exports@alokindia.com<\/a><\/li>\n<\/ul>\n<p>[\/vc_column_text][\/vc_column][\/vc_row][vc_row disable_element=&#8221;yes&#8221; el_class=&#8221;contact-domestic&#8221; el_id=&#8221;Domestic-Business&#8221;][vc_column][vc_custom_heading text=&#8221;Domestic Business&#8221; font_container=&#8221;tag:h4|text_align:left&#8221; use_theme_fonts=&#8221;yes&#8221; el_class=&#8221;orange-haedding&#8221;][vc_column_text]The plant is equidistant (less than 45 kms) from two main highways Mumbai-Ahmedabad and Mumbai-Nashik. This facilitates swift transportation and reduces lead-time. The plant is on close proximity to India\u2019s largest market, Mumbai.<\/p>\n<ul class=\"list-icons\">\n<li>+91 9867200083<\/li>\n<li><a href=\"mailto:exports@alokindia.com\">exports@alokindia.com<\/a><\/li>\n<\/ul>\n<p>[\/vc_column_text][\/vc_column][\/vc_row][\/vc_section]<\/p>\n<\/div>","protected":false},"excerpt":{"rendered":"<p>[vc_row el_class=&#8221;page-banner&#8221; css=&#8221;.vc_custom_1704709268755{background-image: url(https:\/\/www.alokindia.com\/wp-content\/uploads\/2024\/01\/contact-us.jpg?id=290) !important;}&#8221;][vc_column][\/vc_column][\/vc_row][vc_section el_class=&#8221;section-padding&#8221;][vc_row el_class=&#8221;contact-box&#8221;][vc_column][vc_custom_heading text=&#8221;KONTAKT&#8221; use_theme_fonts=&#8221;yes&#8221;][vc_column_text]Wie fern die Realisierung eines Traumes auch scheint ist sie doch immer n\u00e4her als der Horizont.[\/vc_column_text][\/vc_column][\/vc_row][vc_row el_class=&#8221;office-address-row&#8221;][vc_column width=&#8221;1\/2&#8243;][vc_custom_heading text=&#8221;Unternehmen&#8221; font_container=&#8221;tag:h3|text_align:left&#8221; use_theme_fonts=&#8221;yes&#8221;][vc_column_text] 602, Raheja Chambers, 213 Free Press Journal Marg, Nariman Point 400 021, India. +91 81046 73187, +91 99206 98848 +91 22 4022 0080 exports@alokindia.com [\/vc_column_text][vc_gmaps link=&#8221;#E-8_JTNDaWZyYW1lJTIwc3JjJTNEJTIyaHR0cHMlM0ElMkYlMkZ3d3cuZ29vZ2xlLmNvbSUyRm1hcHMlMkZlbWJlZCUzRnBiJTNEJTIxMW0xNCUyMTFtOCUyMTFtMyUyMTFkMTUwOTYuNjgwMzYwNTA2MzIzJTIxMmQ3Mi44MjM3MTQlMjEzZDE4LjkyMzg2NCUyMTNtMiUyMTFpMTAyNCUyMTJpNzY4JTIxNGYxMy4xJTIxM20zJTIxMW0yJTIxMXMweDNiZTdkMWViYzJlNTNkNzMlMjUzQTB4OTc1ZjdjMWM5MGEyN2Q3NCUyMTJzUmFoZWphJTI1MjBDaGFtYmVycyUyNTJDJTI1MjBSQUhFSkElMjUyMENIQU1CRVJTJTI1MkMlMjUyMEZyZWUlMjUyMFByZXNzJTI1MjBKb3VybmFsJTI1MjBNYXJnJTI1MkMlMjUyME5hcmltYW4lMjUyMFBvaW50JTI1MkMlMjUyME11bWJhaSUyNTJDJTI1MjBNYWhhcmFzaHRyYSUyNTIwNDAwMDIxJTIxNWUwJTIxM20yJTIxMXNlbiUyMTJzaW4lMjE0djE3MDUxMzE0NTg2NTIlMjE1bTIlMjExc2VuJTIxMnNpbiUyMiUyMHdpZHRoJTNEJTIyNjAwJTIyJTIwaGVpZ2h0JTNEJTIyNDUwJTIyJTIwc3R5bGUlM0QlMjJib3JkZXIlM0EwJTNCJTIyJTIwYWxsb3dmdWxsc2NyZWVuJTNEJTIyJTIyJTIwbG9hZGluZyUzRCUyMmxhenklMjIlMjByZWZlcnJlcnBvbGljeSUzRCUyMm5vLXJlZmVycmVyLXdoZW4tZG93bmdyYWRlJTIyJTNFJTNDJTJGaWZyYW1lJTNF&#8221;][\/vc_column][vc_column [&hellip;]<\/p>\n","protected":false},"author":1,"featured_media":0,"parent":0,"menu_order":0,"comment_status":"closed","ping_status":"closed","template":"","meta":{"footnotes":"","_links_to":"","_links_to_target":""},"class_list":["post-971","page","type-page","status-publish","hentry"],"yoast_head":"<!-- This site is optimized with the Yoast SEO plugin v27.2 - https:\/\/yoast.com\/product\/yoast-seo-wordpress\/ -->\n<title>Kontakt - Alokindia<\/title>\n<meta name=\"robots\" content=\"index, follow, max-snippet:-1, max-image-preview:large, max-video-preview:-1\" \/>\n<link rel=\"canonical\" href=\"https:\/\/www.alokindia.com\/de\/kontakt\/\" \/>\n<meta property=\"og:locale\" content=\"de_DE\" \/>\n<meta property=\"og:type\" content=\"article\" \/>\n<meta property=\"og:title\" content=\"Kontakt - Alokindia\" \/>\n<meta property=\"og:description\" content=\"[vc_row el_class=&#8221;page-banner&#8221; css=&#8221;.vc_custom_1704709268755{background-image: url(https:\/\/www.alokindia.com\/wp-content\/uploads\/2024\/01\/contact-us.jpg?id=290) !important;}&#8221;][vc_column][\/vc_column][\/vc_row][vc_section el_class=&#8221;section-padding&#8221;][vc_row el_class=&#8221;contact-box&#8221;][vc_column][vc_custom_heading text=&#8221;KONTAKT&#8221; use_theme_fonts=&#8221;yes&#8221;][vc_column_text]Wie fern die Realisierung eines Traumes auch scheint ist sie doch immer n\u00e4her als der Horizont.[\/vc_column_text][\/vc_column][\/vc_row][vc_row el_class=&#8221;office-address-row&#8221;][vc_column width=&#8221;1\/2&#8243;][vc_custom_heading text=&#8221;Unternehmen&#8221; font_container=&#8221;tag:h3|text_align:left&#8221; use_theme_fonts=&#8221;yes&#8221;][vc_column_text] 602, Raheja Chambers, 213 Free Press Journal Marg, Nariman Point 400 021, India. +91 81046 73187, +91 99206 98848 +91 22 4022 0080 exports@alokindia.com [\/vc_column_text][vc_gmaps link=&#8221;#E-8_JTNDaWZyYW1lJTIwc3JjJTNEJTIyaHR0cHMlM0ElMkYlMkZ3d3cuZ29vZ2xlLmNvbSUyRm1hcHMlMkZlbWJlZCUzRnBiJTNEJTIxMW0xNCUyMTFtOCUyMTFtMyUyMTFkMTUwOTYuNjgwMzYwNTA2MzIzJTIxMmQ3Mi44MjM3MTQlMjEzZDE4LjkyMzg2NCUyMTNtMiUyMTFpMTAyNCUyMTJpNzY4JTIxNGYxMy4xJTIxM20zJTIxMW0yJTIxMXMweDNiZTdkMWViYzJlNTNkNzMlMjUzQTB4OTc1ZjdjMWM5MGEyN2Q3NCUyMTJzUmFoZWphJTI1MjBDaGFtYmVycyUyNTJDJTI1MjBSQUhFSkElMjUyMENIQU1CRVJTJTI1MkMlMjUyMEZyZWUlMjUyMFByZXNzJTI1MjBKb3VybmFsJTI1MjBNYXJnJTI1MkMlMjUyME5hcmltYW4lMjUyMFBvaW50JTI1MkMlMjUyME11bWJhaSUyNTJDJTI1MjBNYWhhcmFzaHRyYSUyNTIwNDAwMDIxJTIxNWUwJTIxM20yJTIxMXNlbiUyMTJzaW4lMjE0djE3MDUxMzE0NTg2NTIlMjE1bTIlMjExc2VuJTIxMnNpbiUyMiUyMHdpZHRoJTNEJTIyNjAwJTIyJTIwaGVpZ2h0JTNEJTIyNDUwJTIyJTIwc3R5bGUlM0QlMjJib3JkZXIlM0EwJTNCJTIyJTIwYWxsb3dmdWxsc2NyZWVuJTNEJTIyJTIyJTIwbG9hZGluZyUzRCUyMmxhenklMjIlMjByZWZlcnJlcnBvbGljeSUzRCUyMm5vLXJlZmVycmVyLXdoZW4tZG93bmdyYWRlJTIyJTNFJTNDJTJGaWZyYW1lJTNF&#8221;][\/vc_column][vc_column [&hellip;]\" \/>\n<meta property=\"og:url\" content=\"https:\/\/www.alokindia.com\/de\/kontakt\/\" \/>\n<meta property=\"og:site_name\" content=\"Alokindia\" \/>\n<meta property=\"article:publisher\" content=\"https:\/\/www.facebook.com\/alokingots\/\" \/>\n<meta property=\"article:modified_time\" content=\"2024-03-20T09:30:02+00:00\" \/>\n<meta name=\"twitter:card\" content=\"summary_large_image\" \/>\n<meta name=\"twitter:label1\" content=\"Gesch\u00e4tzte Lesezeit\" \/>\n\t<meta name=\"twitter:data1\" content=\"2\u00a0Minuten\" \/>\n<script type=\"application\/ld+json\" class=\"yoast-schema-graph\">{\"@context\":\"https:\/\/schema.org\",\"@graph\":[{\"@type\":\"WebPage\",\"@id\":\"https:\/\/www.alokindia.com\/de\/kontakt\/\",\"url\":\"https:\/\/www.alokindia.com\/de\/kontakt\/\",\"name\":\"Kontakt - Alokindia\",\"isPartOf\":{\"@id\":\"https:\/\/www.alokindia.com\/pl\/#website\"},\"datePublished\":\"2024-01-03T06:16:29+00:00\",\"dateModified\":\"2024-03-20T09:30:02+00:00\",\"breadcrumb\":{\"@id\":\"https:\/\/www.alokindia.com\/de\/kontakt\/#breadcrumb\"},\"inLanguage\":\"de\",\"potentialAction\":[{\"@type\":\"ReadAction\",\"target\":[\"https:\/\/www.alokindia.com\/de\/kontakt\/\"]}]},{\"@type\":\"BreadcrumbList\",\"@id\":\"https:\/\/www.alokindia.com\/de\/kontakt\/#breadcrumb\",\"itemListElement\":[{\"@type\":\"ListItem\",\"position\":1,\"name\":\"Home\",\"item\":\"https:\/\/www.alokindia.com\/de\/\"},{\"@type\":\"ListItem\",\"position\":2,\"name\":\"Kontakt\"}]},{\"@type\":\"WebSite\",\"@id\":\"https:\/\/www.alokindia.com\/pl\/#website\",\"url\":\"https:\/\/www.alokindia.com\/pl\/\",\"name\":\"Alok India\",\"description\":\"\",\"publisher\":{\"@id\":\"https:\/\/www.alokindia.com\/pl\/#organization\"},\"potentialAction\":[{\"@type\":\"SearchAction\",\"target\":{\"@type\":\"EntryPoint\",\"urlTemplate\":\"https:\/\/www.alokindia.com\/pl\/?s={search_term_string}\"},\"query-input\":{\"@type\":\"PropertyValueSpecification\",\"valueRequired\":true,\"valueName\":\"search_term_string\"}}],\"inLanguage\":\"de\"},{\"@type\":\"Organization\",\"@id\":\"https:\/\/www.alokindia.com\/pl\/#organization\",\"name\":\"Alok India Steels\",\"url\":\"https:\/\/www.alokindia.com\/pl\/\",\"logo\":{\"@type\":\"ImageObject\",\"inLanguage\":\"de\",\"@id\":\"https:\/\/www.alokindia.com\/pl\/#\/schema\/logo\/image\/\",\"url\":\"https:\/\/www.alokindia.com\/wp-content\/uploads\/2024\/01\/logo_red.png\",\"contentUrl\":\"https:\/\/www.alokindia.com\/wp-content\/uploads\/2024\/01\/logo_red.png\",\"width\":170,\"height\":75,\"caption\":\"Alok India Steels\"},\"image\":{\"@id\":\"https:\/\/www.alokindia.com\/pl\/#\/schema\/logo\/image\/\"},\"sameAs\":[\"https:\/\/www.facebook.com\/alokingots\/\",\"https:\/\/www.linkedin.com\/company\/alok-ingots-mumbai-private-limited\/\",\"https:\/\/youtube.com\/@aloksteels\"]}]}<\/script>\n<!-- \/ Yoast SEO plugin. -->","yoast_head_json":{"title":"Kontakt - Alokindia","robots":{"index":"index","follow":"follow","max-snippet":"max-snippet:-1","max-image-preview":"max-image-preview:large","max-video-preview":"max-video-preview:-1"},"canonical":"https:\/\/www.alokindia.com\/de\/kontakt\/","og_locale":"de_DE","og_type":"article","og_title":"Kontakt - Alokindia","og_description":"[vc_row el_class=&#8221;page-banner&#8221; css=&#8221;.vc_custom_1704709268755{background-image: url(https:\/\/www.alokindia.com\/wp-content\/uploads\/2024\/01\/contact-us.jpg?id=290) !important;}&#8221;][vc_column][\/vc_column][\/vc_row][vc_section el_class=&#8221;section-padding&#8221;][vc_row el_class=&#8221;contact-box&#8221;][vc_column][vc_custom_heading text=&#8221;KONTAKT&#8221; use_theme_fonts=&#8221;yes&#8221;][vc_column_text]Wie fern die Realisierung eines Traumes auch scheint ist sie doch immer n\u00e4her als der Horizont.[\/vc_column_text][\/vc_column][\/vc_row][vc_row el_class=&#8221;office-address-row&#8221;][vc_column width=&#8221;1\/2&#8243;][vc_custom_heading text=&#8221;Unternehmen&#8221; font_container=&#8221;tag:h3|text_align:left&#8221; use_theme_fonts=&#8221;yes&#8221;][vc_column_text] 602, Raheja Chambers, 213 Free Press Journal Marg, Nariman Point 400 021, India. +91 81046 73187, +91 99206 98848 +91 22 4022 0080 exports@alokindia.com [\/vc_column_text][vc_gmaps link=&#8221;#E-8_JTNDaWZyYW1lJTIwc3JjJTNEJTIyaHR0cHMlM0ElMkYlMkZ3d3cuZ29vZ2xlLmNvbSUyRm1hcHMlMkZlbWJlZCUzRnBiJTNEJTIxMW0xNCUyMTFtOCUyMTFtMyUyMTFkMTUwOTYuNjgwMzYwNTA2MzIzJTIxMmQ3Mi44MjM3MTQlMjEzZDE4LjkyMzg2NCUyMTNtMiUyMTFpMTAyNCUyMTJpNzY4JTIxNGYxMy4xJTIxM20zJTIxMW0yJTIxMXMweDNiZTdkMWViYzJlNTNkNzMlMjUzQTB4OTc1ZjdjMWM5MGEyN2Q3NCUyMTJzUmFoZWphJTI1MjBDaGFtYmVycyUyNTJDJTI1MjBSQUhFSkElMjUyMENIQU1CRVJTJTI1MkMlMjUyMEZyZWUlMjUyMFByZXNzJTI1MjBKb3VybmFsJTI1MjBNYXJnJTI1MkMlMjUyME5hcmltYW4lMjUyMFBvaW50JTI1MkMlMjUyME11bWJhaSUyNTJDJTI1MjBNYWhhcmFzaHRyYSUyNTIwNDAwMDIxJTIxNWUwJTIxM20yJTIxMXNlbiUyMTJzaW4lMjE0djE3MDUxMzE0NTg2NTIlMjE1bTIlMjExc2VuJTIxMnNpbiUyMiUyMHdpZHRoJTNEJTIyNjAwJTIyJTIwaGVpZ2h0JTNEJTIyNDUwJTIyJTIwc3R5bGUlM0QlMjJib3JkZXIlM0EwJTNCJTIyJTIwYWxsb3dmdWxsc2NyZWVuJTNEJTIyJTIyJTIwbG9hZGluZyUzRCUyMmxhenklMjIlMjByZWZlcnJlcnBvbGljeSUzRCUyMm5vLXJlZmVycmVyLXdoZW4tZG93bmdyYWRlJTIyJTNFJTNDJTJGaWZyYW1lJTNF&#8221;][\/vc_column][vc_column [&hellip;]","og_url":"https:\/\/www.alokindia.com\/de\/kontakt\/","og_site_name":"Alokindia","article_publisher":"https:\/\/www.facebook.com\/alokingots\/","article_modified_time":"2024-03-20T09:30:02+00:00","twitter_card":"summary_large_image","twitter_misc":{"Gesch\u00e4tzte Lesezeit":"2\u00a0Minuten"},"schema":{"@context":"https:\/\/schema.org","@graph":[{"@type":"WebPage","@id":"https:\/\/www.alokindia.com\/de\/kontakt\/","url":"https:\/\/www.alokindia.com\/de\/kontakt\/","name":"Kontakt - Alokindia","isPartOf":{"@id":"https:\/\/www.alokindia.com\/pl\/#website"},"datePublished":"2024-01-03T06:16:29+00:00","dateModified":"2024-03-20T09:30:02+00:00","breadcrumb":{"@id":"https:\/\/www.alokindia.com\/de\/kontakt\/#breadcrumb"},"inLanguage":"de","potentialAction":[{"@type":"ReadAction","target":["https:\/\/www.alokindia.com\/de\/kontakt\/"]}]},{"@type":"BreadcrumbList","@id":"https:\/\/www.alokindia.com\/de\/kontakt\/#breadcrumb","itemListElement":[{"@type":"ListItem","position":1,"name":"Home","item":"https:\/\/www.alokindia.com\/de\/"},{"@type":"ListItem","position":2,"name":"Kontakt"}]},{"@type":"WebSite","@id":"https:\/\/www.alokindia.com\/pl\/#website","url":"https:\/\/www.alokindia.com\/pl\/","name":"Alok India","description":"","publisher":{"@id":"https:\/\/www.alokindia.com\/pl\/#organization"},"potentialAction":[{"@type":"SearchAction","target":{"@type":"EntryPoint","urlTemplate":"https:\/\/www.alokindia.com\/pl\/?s={search_term_string}"},"query-input":{"@type":"PropertyValueSpecification","valueRequired":true,"valueName":"search_term_string"}}],"inLanguage":"de"},{"@type":"Organization","@id":"https:\/\/www.alokindia.com\/pl\/#organization","name":"Alok India Steels","url":"https:\/\/www.alokindia.com\/pl\/","logo":{"@type":"ImageObject","inLanguage":"de","@id":"https:\/\/www.alokindia.com\/pl\/#\/schema\/logo\/image\/","url":"https:\/\/www.alokindia.com\/wp-content\/uploads\/2024\/01\/logo_red.png","contentUrl":"https:\/\/www.alokindia.com\/wp-content\/uploads\/2024\/01\/logo_red.png","width":170,"height":75,"caption":"Alok India Steels"},"image":{"@id":"https:\/\/www.alokindia.com\/pl\/#\/schema\/logo\/image\/"},"sameAs":["https:\/\/www.facebook.com\/alokingots\/","https:\/\/www.linkedin.com\/company\/alok-ingots-mumbai-private-limited\/","https:\/\/youtube.com\/@aloksteels"]}]}},"_links":{"self":[{"href":"https:\/\/www.alokindia.com\/de\/wp-json\/wp\/v2\/pages\/971","targetHints":{"allow":["GET"]}}],"collection":[{"href":"https:\/\/www.alokindia.com\/de\/wp-json\/wp\/v2\/pages"}],"about":[{"href":"https:\/\/www.alokindia.com\/de\/wp-json\/wp\/v2\/types\/page"}],"author":[{"embeddable":true,"href":"https:\/\/www.alokindia.com\/de\/wp-json\/wp\/v2\/users\/1"}],"replies":[{"embeddable":true,"href":"https:\/\/www.alokindia.com\/de\/wp-json\/wp\/v2\/comments?post=971"}],"version-history":[{"count":4,"href":"https:\/\/www.alokindia.com\/de\/wp-json\/wp\/v2\/pages\/971\/revisions"}],"predecessor-version":[{"id":10113,"href":"https:\/\/www.alokindia.com\/de\/wp-json\/wp\/v2\/pages\/971\/revisions\/10113"}],"wp:attachment":[{"href":"https:\/\/www.alokindia.com\/de\/wp-json\/wp\/v2\/media?parent=971"}],"curies":[{"name":"wp","href":"https:\/\/api.w.org\/{rel}","templated":true}]}}