{"id":966,"date":"2024-01-03T06:15:46","date_gmt":"2024-01-03T06:15:46","guid":{"rendered":"https:\/\/www.alokindia.com\/products\/"},"modified":"2024-01-12T13:24:22","modified_gmt":"2024-01-12T13:24:22","slug":"produkte","status":"publish","type":"page","link":"https:\/\/www.alokindia.com\/de\/produkte\/","title":{"rendered":"Produkte"},"content":{"rendered":"<div class=\"wpb-content-wrapper\"><p>[vc_row el_class=&#8221;page-banner&#8221; css=&#8221;.vc_custom_1704709275719{background-image: url(https:\/\/www.alokindia.com\/wp-content\/uploads\/2024\/01\/product-banner.jpg?id=302) !important;}&#8221;][vc_column][\/vc_column][\/vc_row][vc_section el_class=&#8221;section-padding&#8221;][vc_row el_class=&#8221;ourproducts-row&#8221;][vc_column][vc_custom_heading text=&#8221;PRODUKTE&#8221; use_theme_fonts=&#8221;yes&#8221;][vc_column_text el_class=&#8221;ourproducts-text&#8221;]\u201cDas Team von Alok Ingots besteht aus f\u00e4higen Mitarbeitern, welche Kompetenz, Erfahrung und Hingabe zur Perfektion vereinen, um der Konkurrenz voraus zu sein.\u201d \u201cNeben dem technischem Know-How, ist unser Team auch \u00fcber die neuesten Erkenntnisse und Trends in der globalen Stahlbranche bestens informiert.\u201d<\/p>\n<p>\u201cDie Produktentwicklung beginnt bei Alok Ingots bei unseren Kunden, wodurch alle enstehenden Erkenntnisse in unseren Produktionsprozess flie\u00dfen k\u00f6nnen.\u201d \u201cF\u00fcr uns liegt die L\u00f6sung in der sorgf\u00e4ltigen Analyse des Bedarfs jedes einzelnen Kunden\u201d[\/vc_column_text][vc_row_inner equal_height=&#8221;yes&#8221; content_placement=&#8221;middle&#8221; el_class=&#8221;ourproducts-innerrow&#8221;][vc_column_inner width=&#8221;1\/2&#8243;][vc_column_text]<\/p>\n<h2>\u201c<small>Menschen sind nicht f\u00fcr ihre<\/small> <span class=\"uppercase\">TR\u00c4UME BEKANNT<\/span><br \/>\n<small>sondern f\u00fcr ihre Entschlossenheit diese zu erf\u00fcllen.<\/small>\u201d<\/h2>\n<p>[\/vc_column_text][\/vc_column_inner][vc_column_inner width=&#8221;1\/2&#8243;][vc_single_image image=&#8221;304&#8243; img_size=&#8221;full&#8221;][\/vc_column_inner][\/vc_row_inner][\/vc_column][\/vc_row][\/vc_section][vc_row][vc_column][vc_separator][\/vc_column][\/vc_row][vc_section el_class=&#8221;section-padding right-spacing&#8221;][vc_row el_class=&#8221;ourteam-row&#8221;][vc_column][vc_custom_heading text=&#8221;INDUSTRIE&#8221; use_theme_fonts=&#8221;yes&#8221;][vc_column_text]<\/p>\n<h4>Zufriedene Kunden aus Indien und aller Welt stammen aus folgende Branchen<\/h4>\n<p>[\/vc_column_text][\/vc_column][\/vc_row][vc_row el_class=&#8221;service-row&#8221;][vc_column width=&#8221;1\/4&#8243;][vc_single_image image=&#8221;305&#8243; img_size=&#8221;full&#8221; title=&#8221;Anlagenbau und Bergbautechnik&#8221;][\/vc_column][vc_column width=&#8221;1\/4&#8243;][vc_single_image image=&#8221;306&#8243; img_size=&#8221;full&#8221; title=&#8221;Schmieden&#8221;][\/vc_column][vc_column width=&#8221;1\/4&#8243;][vc_single_image image=&#8221;307&#8243; img_size=&#8221;full&#8221; title=&#8221;\u00d6l- und Gasindustrie&#8221;][\/vc_column][vc_column width=&#8221;1\/4&#8243;][vc_single_image image=&#8221;308&#8243; img_size=&#8221;full&#8221; title=&#8221;Automobilindustrie&#8221;][\/vc_column][\/vc_row][vc_row el_class=&#8221;service-row&#8221;][vc_column width=&#8221;1\/4&#8243;][vc_single_image image=&#8221;309&#8243; img_size=&#8221;full&#8221; title=&#8221;Maschinenbau&#8221;][\/vc_column][vc_column width=&#8221;1\/4&#8243;][vc_single_image image=&#8221;310&#8243; img_size=&#8221;full&#8221; title=&#8221;Werkzeugfertigung&#8221;][\/vc_column][vc_column width=&#8221;1\/4&#8243;][vc_single_image image=&#8221;311&#8243; img_size=&#8221;full&#8221; title=&#8221;Befestigungstechnik&#8221;][\/vc_column][vc_column width=&#8221;1\/4&#8243;][vc_single_image image=&#8221;312&#8243; img_size=&#8221;full&#8221; title=&#8221;Kraftwerksbau&#8221;][\/vc_column][\/vc_row][vc_row el_class=&#8221;service-row&#8221;][vc_column width=&#8221;1\/4&#8243;][vc_single_image image=&#8221;313&#8243; img_size=&#8221;full&#8221; title=&#8221;Pumpenwellen&#8221;][\/vc_column][vc_column width=&#8221;1\/4&#8243;][vc_single_image image=&#8221;314&#8243; img_size=&#8221;full&#8221; title=&#8221;Schiffsausr\u00fcstung&#8221;][\/vc_column][vc_column width=&#8221;1\/4&#8243;][vc_single_image image=&#8221;315&#8243; img_size=&#8221;full&#8221; title=&#8221;Wind Turbinen&#8221;][\/vc_column][vc_column width=&#8221;1\/4&#8243;][vc_single_image image=&#8221;316&#8243; img_size=&#8221;full&#8221; title=&#8221;Hydraulische Zylinder&#8221;][\/vc_column][\/vc_row][\/vc_section][vc_row][vc_column][vc_separator][\/vc_column][\/vc_row][vc_row el_class=&#8221;home-product-info&#8221;][vc_column][vc_custom_heading text=&#8221;Produkte&#8221; font_container=&#8221;tag:h2|text_align:center&#8221; use_theme_fonts=&#8221;yes&#8221;][vc_column_text el_class=&#8221;home-product-info-text&#8221;]<\/p>\n<p style=\"text-align: center;\">\u201cAlok Ingots produziert mehr als 300 G\u00fcten in Edelstahl, Legierungsstahl und Werkzeugstahl f\u00fcr die indische sowie weltweite Industrie.\u201d<br \/>\nUnser Team scheut sich nicht auch die anspruchsvollsten W\u00fcnsche unserer Kunden zu erf\u00fcllen.<\/p>\n<p>[\/vc_column_text]\n<div class=\"service-wrap\">\n\t<div class=\"ai_service_slider\">\n\t\t\t\t<div class=\"service_items\">\n\t\t\t<div class=\"carousel_img_wrap\">\n\t\t\t\t<a class=\"post-thumbnail\" href=\"https:\/\/www.alokindia.com\/de\/continuous-cast-billets\/\" title=\"Continuous Cast Billet | Steel Billet | Stainless Steel Billet | Carbon Steel Billet | Alloy Steel Billet | Tool Steel Billet | Steel Billet Supplier in India | Steel Billet Manufacturer in India\" aria-hidden=\"true\" tabindex=\"-1\">\n\t\t\t\t\t\n\t\t\t<a class=\"post-thumbnail\" href=\"https:\/\/www.alokindia.com\/de\/continuous-cast-billets\/\" aria-hidden=\"true\" tabindex=\"-1\">\n\t\t\t\t<img loading=\"lazy\" decoding=\"async\" width=\"338\" height=\"209\" src=\"https:\/\/www.alokindia.com\/wp-content\/uploads\/2024\/01\/proimg_ccb1-1.jpg\" class=\"attachment-post-thumbnail size-post-thumbnail wp-post-image\" alt=\"Continuous Cast Billet | Steel Billet | Stainless Steel Billet | Carbon Steel Billet | Alloy Steel Billet | Tool Steel Billet | Steel Billet Supplier in India | Steel Billet Manufacturer in India\" srcset=\"https:\/\/www.alokindia.com\/wp-content\/uploads\/2024\/01\/proimg_ccb1-1.jpg 338w, https:\/\/www.alokindia.com\/wp-content\/uploads\/2024\/01\/proimg_ccb1-1-300x186.jpg 300w\" sizes=\"auto, (max-width: 338px) 100vw, 338px\" \/>\t\t\t<\/a>\n\n\t\t\t\t\t\t\t<\/a>\n\t\t\t<\/div>\n\t\t\t<div class=\"service_carousel_details\">\n\t\t\t\t\t\t\t\t\t<div class=\"service_desc\">Strangguss<\/div>\n\t\t\t\t\t\t\t\t<p class=\"wp-posts-carousel-buttons\">\n\t\t\t\t\t<a href=\"https:\/\/www.alokindia.com\/de\/continuous-cast-billets\/\" class=\"carousel-more-button button\" title=\"Continuous Cast Billet | Steel Billet | Stainless Steel Billet | Carbon Steel Billet | Alloy Steel Billet | Tool Steel Billet | Steel Billet Supplier in India | Steel Billet Manufacturer in India\">read more<\/a>\n\t\t\t\t<\/p>\n\t\t\t<\/div>\n\t\t<\/div>\n\t\t\t\t<div class=\"service_items\">\n\t\t\t<div class=\"carousel_img_wrap\">\n\t\t\t\t<a class=\"post-thumbnail\" href=\"https:\/\/www.alokindia.com\/de\/round-bars\/\" title=\"Hot Rolled Round Bars | Peeled &#038; Ground Bright Bar | Pump Shaft Quality Bars | Stainless Steel Round Bars | Alloy Steel Round Bars | Carbon Steel Round Bars | Tool Steel Round Bars | HR Steel Round Bars Manufacturer In India | HR Steel Round Bar Supplier In India\" aria-hidden=\"true\" tabindex=\"-1\">\n\t\t\t\t\t\n\t\t\t<a class=\"post-thumbnail\" href=\"https:\/\/www.alokindia.com\/de\/round-bars\/\" aria-hidden=\"true\" tabindex=\"-1\">\n\t\t\t\t<img loading=\"lazy\" decoding=\"async\" width=\"338\" height=\"209\" src=\"https:\/\/www.alokindia.com\/wp-content\/uploads\/2024\/01\/proimg_rb2-1.jpg\" class=\"attachment-post-thumbnail size-post-thumbnail wp-post-image\" alt=\"Hot Rolled Round Bars | Peeled &#038; Ground Bright Bar | Pump Shaft Quality Bars | Stainless Steel Round Bars | Alloy Steel Round Bars | Carbon Steel Round Bars | Tool Steel Round Bars | HR Steel Round Bars Manufacturer In India | HR Steel Round Bar Supplier In India\" srcset=\"https:\/\/www.alokindia.com\/wp-content\/uploads\/2024\/01\/proimg_rb2-1.jpg 338w, https:\/\/www.alokindia.com\/wp-content\/uploads\/2024\/01\/proimg_rb2-1-300x186.jpg 300w\" sizes=\"auto, (max-width: 338px) 100vw, 338px\" \/>\t\t\t<\/a>\n\n\t\t\t\t\t\t\t<\/a>\n\t\t\t<\/div>\n\t\t\t<div class=\"service_carousel_details\">\n\t\t\t\t\t\t\t\t\t<div class=\"service_desc\">Rundstahl<\/div>\n\t\t\t\t\t\t\t\t<p class=\"wp-posts-carousel-buttons\">\n\t\t\t\t\t<a href=\"https:\/\/www.alokindia.com\/de\/round-bars\/\" class=\"carousel-more-button button\" title=\"Hot Rolled Round Bars | Peeled &#038; Ground Bright Bar | Pump Shaft Quality Bars | Stainless Steel Round Bars | Alloy Steel Round Bars | Carbon Steel Round Bars | Tool Steel Round Bars | HR Steel Round Bars Manufacturer In India | HR Steel Round Bar Supplier In India\">read more<\/a>\n\t\t\t\t<\/p>\n\t\t\t<\/div>\n\t\t<\/div>\n\t\t\t\t<div class=\"service_items\">\n\t\t\t<div class=\"carousel_img_wrap\">\n\t\t\t\t<a class=\"post-thumbnail\" href=\"https:\/\/www.alokindia.com\/de\/round-cornered-squares\/\" title=\"Steel RCS Supplier | Steel Round Cornered Square Manfacturer in India | Stainless Steel RCS Supplier in India | Alloy Steel RCS Manfacturer in India | Carbon Steel RCS in India | Tool Steel RCS in India | RCS supplier in india | RCS Manfacturer in India\" aria-hidden=\"true\" tabindex=\"-1\">\n\t\t\t\t\t\n\t\t\t<a class=\"post-thumbnail\" href=\"https:\/\/www.alokindia.com\/de\/round-cornered-squares\/\" aria-hidden=\"true\" tabindex=\"-1\">\n\t\t\t\t<img loading=\"lazy\" decoding=\"async\" width=\"338\" height=\"209\" src=\"https:\/\/www.alokindia.com\/wp-content\/uploads\/2024\/01\/proimg_rcs1-1.jpg\" class=\"attachment-post-thumbnail size-post-thumbnail wp-post-image\" alt=\"Steel RCS Supplier | Steel Round Cornered Square Manfacturer in India | Stainless Steel RCS Supplier in India | Alloy Steel RCS Manfacturer in India | Carbon Steel RCS in India | Tool Steel RCS in India | RCS supplier in india | RCS Manfacturer in India\" srcset=\"https:\/\/www.alokindia.com\/wp-content\/uploads\/2024\/01\/proimg_rcs1-1.jpg 338w, https:\/\/www.alokindia.com\/wp-content\/uploads\/2024\/01\/proimg_rcs1-1-300x186.jpg 300w\" sizes=\"auto, (max-width: 338px) 100vw, 338px\" \/>\t\t\t<\/a>\n\n\t\t\t\t\t\t\t<\/a>\n\t\t\t<\/div>\n\t\t\t<div class=\"service_carousel_details\">\n\t\t\t\t\t\t\t\t\t<div class=\"service_desc\">Rundkantiger Vierkantstahl<\/div>\n\t\t\t\t\t\t\t\t<p class=\"wp-posts-carousel-buttons\">\n\t\t\t\t\t<a href=\"https:\/\/www.alokindia.com\/de\/round-cornered-squares\/\" class=\"carousel-more-button button\" title=\"Steel RCS Supplier | Steel Round Cornered Square Manfacturer in India | Stainless Steel RCS Supplier in India | Alloy Steel RCS Manfacturer in India | Carbon Steel RCS in India | Tool Steel RCS in India | RCS supplier in india | RCS Manfacturer in India\">read more<\/a>\n\t\t\t\t<\/p>\n\t\t\t<\/div>\n\t\t<\/div>\n\t\t\t\t<div class=\"service_items\">\n\t\t\t<div class=\"carousel_img_wrap\">\n\t\t\t\t<a class=\"post-thumbnail\" href=\"https:\/\/www.alokindia.com\/de\/flat-bars\/\" title=\"Steel Flat Bar | Hot Rolled Flat Bar | Stainless Steel Flat Bar | Alloy Steel Flat Bar | Carbon Steel Flat Bar | Tool Steel Flat Bar | Steel Flat Bar Supplier in India | Steel Flat Bar Manufacturer in India\" aria-hidden=\"true\" tabindex=\"-1\">\n\t\t\t\t\t\n\t\t\t<a class=\"post-thumbnail\" href=\"https:\/\/www.alokindia.com\/de\/flat-bars\/\" aria-hidden=\"true\" tabindex=\"-1\">\n\t\t\t\t<img loading=\"lazy\" decoding=\"async\" width=\"338\" height=\"209\" src=\"https:\/\/www.alokindia.com\/wp-content\/uploads\/2024\/01\/proimg_fb1-1.jpg\" class=\"attachment-post-thumbnail size-post-thumbnail wp-post-image\" alt=\"Steel Flat Bar | Hot Rolled Flat Bar | Stainless Steel Flat Bar | Alloy Steel Flat Bar | Carbon Steel Flat Bar | Tool Steel Flat Bar | Steel Flat Bar Supplier in India | Steel Flat Bar Manufacturer in India\" srcset=\"https:\/\/www.alokindia.com\/wp-content\/uploads\/2024\/01\/proimg_fb1-1.jpg 338w, https:\/\/www.alokindia.com\/wp-content\/uploads\/2024\/01\/proimg_fb1-1-300x186.jpg 300w\" sizes=\"auto, (max-width: 338px) 100vw, 338px\" \/>\t\t\t<\/a>\n\n\t\t\t\t\t\t\t<\/a>\n\t\t\t<\/div>\n\t\t\t<div class=\"service_carousel_details\">\n\t\t\t\t\t\t\t\t\t<div class=\"service_desc\">Flachstahl<\/div>\n\t\t\t\t\t\t\t\t<p class=\"wp-posts-carousel-buttons\">\n\t\t\t\t\t<a href=\"https:\/\/www.alokindia.com\/de\/flat-bars\/\" class=\"carousel-more-button button\" title=\"Steel Flat Bar | Hot Rolled Flat Bar | Stainless Steel Flat Bar | Alloy Steel Flat Bar | Carbon Steel Flat Bar | Tool Steel Flat Bar | Steel Flat Bar Supplier in India | Steel Flat Bar Manufacturer in India\">read more<\/a>\n\t\t\t\t<\/p>\n\t\t\t<\/div>\n\t\t<\/div>\n\t\t\t\t<div class=\"service_items\">\n\t\t\t<div class=\"carousel_img_wrap\">\n\t\t\t\t<a class=\"post-thumbnail\" href=\"https:\/\/www.alokindia.com\/de\/square-bars\/\" title=\"HOT ROLLED SQUARE BAR | COLD DRAWN SQUARE BAR | STAINLESS STEEL SQUARE BAR | ALLOY STEEL SQUARE BAR | CARBON STEEL SQUARE BAR\" aria-hidden=\"true\" tabindex=\"-1\">\n\t\t\t\t\t\n\t\t\t<a class=\"post-thumbnail\" href=\"https:\/\/www.alokindia.com\/de\/square-bars\/\" aria-hidden=\"true\" tabindex=\"-1\">\n\t\t\t\t<img loading=\"lazy\" decoding=\"async\" width=\"338\" height=\"209\" src=\"https:\/\/www.alokindia.com\/wp-content\/uploads\/2024\/01\/proimg_sqb1-1.jpg\" class=\"attachment-post-thumbnail size-post-thumbnail wp-post-image\" alt=\"HOT ROLLED SQUARE BAR | COLD DRAWN SQUARE BAR | STAINLESS STEEL SQUARE BAR | ALLOY STEEL SQUARE BAR | CARBON STEEL SQUARE BAR\" srcset=\"https:\/\/www.alokindia.com\/wp-content\/uploads\/2024\/01\/proimg_sqb1-1.jpg 338w, https:\/\/www.alokindia.com\/wp-content\/uploads\/2024\/01\/proimg_sqb1-1-300x186.jpg 300w\" sizes=\"auto, (max-width: 338px) 100vw, 338px\" \/>\t\t\t<\/a>\n\n\t\t\t\t\t\t\t<\/a>\n\t\t\t<\/div>\n\t\t\t<div class=\"service_carousel_details\">\n\t\t\t\t\t\t\t\t\t<div class=\"service_desc\">Vierkantstahl<\/div>\n\t\t\t\t\t\t\t\t<p class=\"wp-posts-carousel-buttons\">\n\t\t\t\t\t<a href=\"https:\/\/www.alokindia.com\/de\/square-bars\/\" class=\"carousel-more-button button\" title=\"HOT ROLLED SQUARE BAR | COLD DRAWN SQUARE BAR | STAINLESS STEEL SQUARE BAR | ALLOY STEEL SQUARE BAR | CARBON STEEL SQUARE BAR\">read more<\/a>\n\t\t\t\t<\/p>\n\t\t\t<\/div>\n\t\t<\/div>\n\t\t\t\t<div class=\"service_items\">\n\t\t\t<div class=\"carousel_img_wrap\">\n\t\t\t\t<a class=\"post-thumbnail\" href=\"https:\/\/www.alokindia.com\/de\/hexagon\/\" title=\"Hexagon Bar| Hot Rolled Hexagon Bar | Cold Drawn Hexagon Bars | Stainless Steel Hexagon Supplier In india | Carbon Steel Hexagon Bar Supplier In India | Alloy Steel Hexagon Bar Supplier In India\" aria-hidden=\"true\" tabindex=\"-1\">\n\t\t\t\t\t\n\t\t\t<a class=\"post-thumbnail\" href=\"https:\/\/www.alokindia.com\/de\/hexagon\/\" aria-hidden=\"true\" tabindex=\"-1\">\n\t\t\t\t<img loading=\"lazy\" decoding=\"async\" width=\"338\" height=\"209\" src=\"https:\/\/www.alokindia.com\/wp-content\/uploads\/2024\/01\/proimg_hb1-1.jpg\" class=\"attachment-post-thumbnail size-post-thumbnail wp-post-image\" alt=\"Hexagon Bar| Hot Rolled Hexagon Bar | Cold Drawn Hexagon Bars | Stainless Steel Hexagon Supplier In india | Carbon Steel Hexagon Bar Supplier In India | Alloy Steel Hexagon Bar Supplier In India\" srcset=\"https:\/\/www.alokindia.com\/wp-content\/uploads\/2024\/01\/proimg_hb1-1.jpg 338w, https:\/\/www.alokindia.com\/wp-content\/uploads\/2024\/01\/proimg_hb1-1-300x186.jpg 300w\" sizes=\"auto, (max-width: 338px) 100vw, 338px\" \/>\t\t\t<\/a>\n\n\t\t\t\t\t\t\t<\/a>\n\t\t\t<\/div>\n\t\t\t<div class=\"service_carousel_details\">\n\t\t\t\t\t\t\t\t\t<div class=\"service_desc\">Sechskantstahl<\/div>\n\t\t\t\t\t\t\t\t<p class=\"wp-posts-carousel-buttons\">\n\t\t\t\t\t<a href=\"https:\/\/www.alokindia.com\/de\/hexagon\/\" class=\"carousel-more-button button\" title=\"Hexagon Bar| Hot Rolled Hexagon Bar | Cold Drawn Hexagon Bars | Stainless Steel Hexagon Supplier In india | Carbon Steel Hexagon Bar Supplier In India | Alloy Steel Hexagon Bar Supplier In India\">read more<\/a>\n\t\t\t\t<\/p>\n\t\t\t<\/div>\n\t\t<\/div>\n\t\t\t<\/div>\n<\/div>\n\n\t\t[\/vc_column][\/vc_row]<\/p>\n<\/div>","protected":false},"excerpt":{"rendered":"<p>[vc_row el_class=&#8221;page-banner&#8221; css=&#8221;.vc_custom_1704709275719{background-image: url(https:\/\/www.alokindia.com\/wp-content\/uploads\/2024\/01\/product-banner.jpg?id=302) !important;}&#8221;][vc_column][\/vc_column][\/vc_row][vc_section el_class=&#8221;section-padding&#8221;][vc_row el_class=&#8221;ourproducts-row&#8221;][vc_column][vc_custom_heading text=&#8221;PRODUKTE&#8221; use_theme_fonts=&#8221;yes&#8221;][vc_column_text el_class=&#8221;ourproducts-text&#8221;]\u201cDas Team von Alok Ingots besteht aus f\u00e4higen Mitarbeitern, welche Kompetenz, Erfahrung und Hingabe zur Perfektion vereinen, um der Konkurrenz voraus zu sein.\u201d \u201cNeben dem technischem Know-How, ist unser Team auch \u00fcber die neuesten Erkenntnisse und Trends in der globalen Stahlbranche bestens informiert.\u201d \u201cDie Produktentwicklung beginnt [&hellip;]<\/p>\n","protected":false},"author":1,"featured_media":0,"parent":0,"menu_order":0,"comment_status":"closed","ping_status":"closed","template":"","meta":{"footnotes":"","_links_to":"","_links_to_target":""},"class_list":["post-966","page","type-page","status-publish","hentry"],"yoast_head":"<!-- This site is optimized with the Yoast SEO plugin v27.2 - https:\/\/yoast.com\/product\/yoast-seo-wordpress\/ -->\n<title>Produkte - Alokindia<\/title>\n<meta name=\"robots\" content=\"index, follow, max-snippet:-1, max-image-preview:large, max-video-preview:-1\" \/>\n<link rel=\"canonical\" href=\"https:\/\/www.alokindia.com\/products\/\" \/>\n<meta property=\"og:locale\" content=\"de_DE\" \/>\n<meta property=\"og:type\" content=\"article\" \/>\n<meta property=\"og:title\" content=\"Produkte - Alokindia\" \/>\n<meta property=\"og:description\" content=\"[vc_row el_class=&#8221;page-banner&#8221; css=&#8221;.vc_custom_1704709275719{background-image: url(https:\/\/www.alokindia.com\/wp-content\/uploads\/2024\/01\/product-banner.jpg?id=302) !important;}&#8221;][vc_column][\/vc_column][\/vc_row][vc_section el_class=&#8221;section-padding&#8221;][vc_row el_class=&#8221;ourproducts-row&#8221;][vc_column][vc_custom_heading text=&#8221;PRODUKTE&#8221; use_theme_fonts=&#8221;yes&#8221;][vc_column_text el_class=&#8221;ourproducts-text&#8221;]\u201cDas Team von Alok Ingots besteht aus f\u00e4higen Mitarbeitern, welche Kompetenz, Erfahrung und Hingabe zur Perfektion vereinen, um der Konkurrenz voraus zu sein.\u201d \u201cNeben dem technischem Know-How, ist unser Team auch \u00fcber die neuesten Erkenntnisse und Trends in der globalen Stahlbranche bestens informiert.\u201d \u201cDie Produktentwicklung beginnt [&hellip;]\" \/>\n<meta property=\"og:url\" content=\"https:\/\/www.alokindia.com\/products\/\" \/>\n<meta property=\"og:site_name\" content=\"Alokindia\" \/>\n<meta property=\"article:publisher\" content=\"https:\/\/www.facebook.com\/alokingots\/\" \/>\n<meta property=\"article:modified_time\" content=\"2024-01-12T13:24:22+00:00\" \/>\n<meta name=\"twitter:card\" content=\"summary_large_image\" \/>\n<meta name=\"twitter:label1\" content=\"Gesch\u00e4tzte Lesezeit\" \/>\n\t<meta name=\"twitter:data1\" content=\"3\u00a0Minuten\" \/>\n<script type=\"application\/ld+json\" class=\"yoast-schema-graph\">{\"@context\":\"https:\/\/schema.org\",\"@graph\":[{\"@type\":\"WebPage\",\"@id\":\"https:\/\/www.alokindia.com\/products\/\",\"url\":\"https:\/\/www.alokindia.com\/products\/\",\"name\":\"Produkte - Alokindia\",\"isPartOf\":{\"@id\":\"https:\/\/www.alokindia.com\/pl\/#website\"},\"datePublished\":\"2024-01-03T06:15:46+00:00\",\"dateModified\":\"2024-01-12T13:24:22+00:00\",\"breadcrumb\":{\"@id\":\"https:\/\/www.alokindia.com\/products\/#breadcrumb\"},\"inLanguage\":\"de\",\"potentialAction\":[{\"@type\":\"ReadAction\",\"target\":[\"https:\/\/www.alokindia.com\/products\/\"]}]},{\"@type\":\"BreadcrumbList\",\"@id\":\"https:\/\/www.alokindia.com\/products\/#breadcrumb\",\"itemListElement\":[{\"@type\":\"ListItem\",\"position\":1,\"name\":\"Home\",\"item\":\"https:\/\/www.alokindia.com\/de\/\"},{\"@type\":\"ListItem\",\"position\":2,\"name\":\"Produkte\"}]},{\"@type\":\"WebSite\",\"@id\":\"https:\/\/www.alokindia.com\/pl\/#website\",\"url\":\"https:\/\/www.alokindia.com\/pl\/\",\"name\":\"Alok India\",\"description\":\"\",\"publisher\":{\"@id\":\"https:\/\/www.alokindia.com\/pl\/#organization\"},\"potentialAction\":[{\"@type\":\"SearchAction\",\"target\":{\"@type\":\"EntryPoint\",\"urlTemplate\":\"https:\/\/www.alokindia.com\/pl\/?s={search_term_string}\"},\"query-input\":{\"@type\":\"PropertyValueSpecification\",\"valueRequired\":true,\"valueName\":\"search_term_string\"}}],\"inLanguage\":\"de\"},{\"@type\":\"Organization\",\"@id\":\"https:\/\/www.alokindia.com\/pl\/#organization\",\"name\":\"Alok India Steels\",\"url\":\"https:\/\/www.alokindia.com\/pl\/\",\"logo\":{\"@type\":\"ImageObject\",\"inLanguage\":\"de\",\"@id\":\"https:\/\/www.alokindia.com\/pl\/#\/schema\/logo\/image\/\",\"url\":\"https:\/\/www.alokindia.com\/wp-content\/uploads\/2024\/01\/logo_red.png\",\"contentUrl\":\"https:\/\/www.alokindia.com\/wp-content\/uploads\/2024\/01\/logo_red.png\",\"width\":170,\"height\":75,\"caption\":\"Alok India Steels\"},\"image\":{\"@id\":\"https:\/\/www.alokindia.com\/pl\/#\/schema\/logo\/image\/\"},\"sameAs\":[\"https:\/\/www.facebook.com\/alokingots\/\",\"https:\/\/www.linkedin.com\/company\/alok-ingots-mumbai-private-limited\/\",\"https:\/\/youtube.com\/@aloksteels\"]}]}<\/script>\n<!-- \/ Yoast SEO plugin. -->","yoast_head_json":{"title":"Produkte - Alokindia","robots":{"index":"index","follow":"follow","max-snippet":"max-snippet:-1","max-image-preview":"max-image-preview:large","max-video-preview":"max-video-preview:-1"},"canonical":"https:\/\/www.alokindia.com\/products\/","og_locale":"de_DE","og_type":"article","og_title":"Produkte - Alokindia","og_description":"[vc_row el_class=&#8221;page-banner&#8221; css=&#8221;.vc_custom_1704709275719{background-image: url(https:\/\/www.alokindia.com\/wp-content\/uploads\/2024\/01\/product-banner.jpg?id=302) !important;}&#8221;][vc_column][\/vc_column][\/vc_row][vc_section el_class=&#8221;section-padding&#8221;][vc_row el_class=&#8221;ourproducts-row&#8221;][vc_column][vc_custom_heading text=&#8221;PRODUKTE&#8221; use_theme_fonts=&#8221;yes&#8221;][vc_column_text el_class=&#8221;ourproducts-text&#8221;]\u201cDas Team von Alok Ingots besteht aus f\u00e4higen Mitarbeitern, welche Kompetenz, Erfahrung und Hingabe zur Perfektion vereinen, um der Konkurrenz voraus zu sein.\u201d \u201cNeben dem technischem Know-How, ist unser Team auch \u00fcber die neuesten Erkenntnisse und Trends in der globalen Stahlbranche bestens informiert.\u201d \u201cDie Produktentwicklung beginnt [&hellip;]","og_url":"https:\/\/www.alokindia.com\/products\/","og_site_name":"Alokindia","article_publisher":"https:\/\/www.facebook.com\/alokingots\/","article_modified_time":"2024-01-12T13:24:22+00:00","twitter_card":"summary_large_image","twitter_misc":{"Gesch\u00e4tzte Lesezeit":"3\u00a0Minuten"},"schema":{"@context":"https:\/\/schema.org","@graph":[{"@type":"WebPage","@id":"https:\/\/www.alokindia.com\/products\/","url":"https:\/\/www.alokindia.com\/products\/","name":"Produkte - Alokindia","isPartOf":{"@id":"https:\/\/www.alokindia.com\/pl\/#website"},"datePublished":"2024-01-03T06:15:46+00:00","dateModified":"2024-01-12T13:24:22+00:00","breadcrumb":{"@id":"https:\/\/www.alokindia.com\/products\/#breadcrumb"},"inLanguage":"de","potentialAction":[{"@type":"ReadAction","target":["https:\/\/www.alokindia.com\/products\/"]}]},{"@type":"BreadcrumbList","@id":"https:\/\/www.alokindia.com\/products\/#breadcrumb","itemListElement":[{"@type":"ListItem","position":1,"name":"Home","item":"https:\/\/www.alokindia.com\/de\/"},{"@type":"ListItem","position":2,"name":"Produkte"}]},{"@type":"WebSite","@id":"https:\/\/www.alokindia.com\/pl\/#website","url":"https:\/\/www.alokindia.com\/pl\/","name":"Alok India","description":"","publisher":{"@id":"https:\/\/www.alokindia.com\/pl\/#organization"},"potentialAction":[{"@type":"SearchAction","target":{"@type":"EntryPoint","urlTemplate":"https:\/\/www.alokindia.com\/pl\/?s={search_term_string}"},"query-input":{"@type":"PropertyValueSpecification","valueRequired":true,"valueName":"search_term_string"}}],"inLanguage":"de"},{"@type":"Organization","@id":"https:\/\/www.alokindia.com\/pl\/#organization","name":"Alok India Steels","url":"https:\/\/www.alokindia.com\/pl\/","logo":{"@type":"ImageObject","inLanguage":"de","@id":"https:\/\/www.alokindia.com\/pl\/#\/schema\/logo\/image\/","url":"https:\/\/www.alokindia.com\/wp-content\/uploads\/2024\/01\/logo_red.png","contentUrl":"https:\/\/www.alokindia.com\/wp-content\/uploads\/2024\/01\/logo_red.png","width":170,"height":75,"caption":"Alok India Steels"},"image":{"@id":"https:\/\/www.alokindia.com\/pl\/#\/schema\/logo\/image\/"},"sameAs":["https:\/\/www.facebook.com\/alokingots\/","https:\/\/www.linkedin.com\/company\/alok-ingots-mumbai-private-limited\/","https:\/\/youtube.com\/@aloksteels"]}]}},"_links":{"self":[{"href":"https:\/\/www.alokindia.com\/de\/wp-json\/wp\/v2\/pages\/966","targetHints":{"allow":["GET"]}}],"collection":[{"href":"https:\/\/www.alokindia.com\/de\/wp-json\/wp\/v2\/pages"}],"about":[{"href":"https:\/\/www.alokindia.com\/de\/wp-json\/wp\/v2\/types\/page"}],"author":[{"embeddable":true,"href":"https:\/\/www.alokindia.com\/de\/wp-json\/wp\/v2\/users\/1"}],"replies":[{"embeddable":true,"href":"https:\/\/www.alokindia.com\/de\/wp-json\/wp\/v2\/comments?post=966"}],"version-history":[{"count":0,"href":"https:\/\/www.alokindia.com\/de\/wp-json\/wp\/v2\/pages\/966\/revisions"}],"wp:attachment":[{"href":"https:\/\/www.alokindia.com\/de\/wp-json\/wp\/v2\/media?parent=966"}],"curies":[{"name":"wp","href":"https:\/\/api.w.org\/{rel}","templated":true}]}}