{"id":964,"date":"2024-01-03T06:16:17","date_gmt":"2024-01-03T06:16:17","guid":{"rendered":"https:\/\/www.alokindia.com\/quality-control\/"},"modified":"2024-01-25T07:34:35","modified_gmt":"2024-01-25T07:34:35","slug":"qualitaetskontrolle","status":"publish","type":"page","link":"https:\/\/www.alokindia.com\/de\/qualitaetskontrolle\/","title":{"rendered":"Qualit\u00e4tskontrolle"},"content":{"rendered":"<div class=\"wpb-content-wrapper\"><p>[vc_row el_class=&#8221;page-banner&#8221; css=&#8221;.vc_custom_1704796203367{background-image: url(https:\/\/www.alokindia.com\/wp-content\/uploads\/2024\/01\/quality-banner.jpg?id=485) !important;}&#8221;][vc_column][\/vc_column][\/vc_row][vc_section el_class=&#8221;section-padding&#8221;][vc_row el_class=&#8221;ourproducts-row&#8221;][vc_column][vc_custom_heading text=&#8221;QUALIT\u00c4TSKONTROLLE&#8221; use_theme_fonts=&#8221;yes&#8221;][vc_column_text el_class=&#8221;ourproducts-text&#8221;]Im Werk von Alok Ingots betrachten wir Qualit\u00e4t und Weiterentwicklung als Basis der Firmenpolitik und als unerl\u00e4ssliche Grundlage f\u00fcr kontinuierliches Wachstum Unser QS-Team, unsere Chemiker und Laboranten arbeiten permanent im Sinne der Bed\u00fcrfnisse unserer weltweiten Kundschaft. Als eine von wenigen Firmen sind wir zertifiziert nach PED AD 2000 Merkblatt W O und ISO\/TS16949:2009 durch T\u00fcV Nord.<\/p>\n<p>Qualit\u00e4t ist die Basis unserer Firmenphilosophie. Wir denken, wenn man die einzelnen wichtigen Schritte in der Produktion kontinuierlich \u00fcberwacht, \u00fcberwacht sich das Endprodukt quasi von alleine. Dieses Engagement spiegelt sich in der hohen Qualit\u00e4t unserer Produkte wieder, welche unser Werk verlassen. Als Resultat unserer Arbeit, k\u00f6nnen sich unsere Kunden auf die unumstrittene Qualit\u00e4t, Zuverl\u00e4ssigkeit und Haltbarkeit unserer Produkte verlassen.<\/p>\n<p>Unsere Kunden k\u00f6nnen sich auf die kontinuierliche Qualit\u00e4t unserer Produkte verlassen[\/vc_column_text][vc_row_inner equal_height=&#8221;yes&#8221; content_placement=&#8221;middle&#8221; el_class=&#8221;ourproducts-innerrow&#8221;][vc_column_inner width=&#8221;1\/2&#8243;][vc_column_text]<\/p>\n<h2>\u201c<span class=\"uppercase\">PERFEKTION<\/span><small> ist kein Zufall,<br \/>\nItsondern immer das Ergebnis von durchdachtem<\/small> <span class=\"uppercase\">HANDELN!<\/span>.\u201d<\/h2>\n<p>[\/vc_column_text][\/vc_column_inner][vc_column_inner width=&#8221;1\/2&#8243;][vc_single_image image=&#8221;504&#8243; img_size=&#8221;full&#8221;][\/vc_column_inner][\/vc_row_inner][vc_row_inner el_class=&#8221;ss-applications&#8221;][vc_column_inner width=&#8221;1\/2&#8243;][vc_column_text]<\/p>\n<ul>\n<li>Ein komplettes chemisches Labor f\u00fcr die Fl\u00fcssigphase<\/li>\n<li>Optisches Emissionspektrometer<\/li>\n<li>Strahlungsmessger\u00e4t<\/li>\n<li>60 Tonnen Universalpr\u00fcfmaschine<\/li>\n<li>H\u00e4rtepr\u00fcfeinrichtungen f\u00fcr Brinell und Rockwell-H\u00e4rte<\/li>\n<li>Kerbschlagprobenger\u00e4t V Kerbe<\/li>\n<\/ul>\n<p>[\/vc_column_text][\/vc_column_inner][vc_column_inner width=&#8221;1\/2&#8243;][vc_column_text]<\/p>\n<ul>\n<li>Crack testing<\/li>\n<li>Billet Samples, Acid Etching<\/li>\n<li>Tragbares Spektrometer zur G\u00fctenidentifikation<\/li>\n<li>Mikroskop mit optischer Pr\u00fcf- und Fotoeinrichtung<\/li>\n<li>Vorrichtung zu Jominywertermittlung<\/li>\n<\/ul>\n<p>[\/vc_column_text][\/vc_column_inner][\/vc_row_inner][\/vc_column][\/vc_row][\/vc_section][vc_row][vc_column][vc_separator][\/vc_column][\/vc_row][vc_section el_class=&#8221;section-padding right-spacing&#8221; el_id=&#8221;StandardsMaintained&#8221;][vc_row el_class=&#8221;ourteam-row&#8221;][vc_column][vc_custom_heading text=&#8221;STANDARD BEIBEHALTEN&#8221; use_theme_fonts=&#8221;yes&#8221;][vc_column_text el_class=&#8221;table-responsive&#8221;]\n<table id=\"tablepress-238\" class=\"tablepress tablepress-id-238 table-border first-bold tbody-has-connected-cells\">\n<thead>\n<tr class=\"row-1\">\n\t<td class=\"column-1\"><\/td><th class=\"column-2\">EN<\/th><th class=\"column-3\">Grad \/ Klasse<\/th><th class=\"column-4\">ASTM<\/th><th class=\"column-5\">Grad \/ Klasse<\/th>\n<\/tr>\n<\/thead>\n<tbody class=\"row-striping row-hover\">\n<tr class=\"row-2\">\n\t<td class=\"column-1\">warmgewalzter Rundstahl<\/td><td class=\"column-2\">En 10060<\/td><td class=\"column-3\">+\/- 1.3% of dia<\/td><td class=\"column-4\">A 29 \/ 29 M<\/td><td class=\"column-5\">\u2013<\/td>\n<\/tr>\n<tr class=\"row-3\">\n\t<td class=\"column-1\">warmgewalzter Vierkanstahl<\/td><td class=\"column-2\">En 10059<\/td><td class=\"column-3\">\u2013<\/td><td class=\"column-4\">A 29 \/ 29 M<\/td><td class=\"column-5\">\u2013<\/td>\n<\/tr>\n<tr class=\"row-4\">\n\t<td class=\"column-1\">Toleranzen f\u00fcr Flachstahl<\/td><td class=\"column-2\">EN 10058:2003<\/td><td class=\"column-3\">\u2013<\/td><td class=\"column-4\">\u2013<\/td><td class=\"column-5\">\u2013<\/td>\n<\/tr>\n<tr class=\"row-5\">\n\t<td class=\"column-1\">Blankstahl<\/td><td class=\"column-2\">EN 10278\/DIN 668<\/td><td class=\"column-3\">\u2013<\/td><td class=\"column-4\">\u2013<\/td><td class=\"column-5\">\u2013<\/td>\n<\/tr>\n<tr class=\"row-6\">\n\t<td class=\"column-1\"><\/td><td class=\"column-2\"><\/td><td class=\"column-3\">DIN 671<\/td><td class=\"column-4\"><\/td><td class=\"column-5\"><\/td>\n<\/tr>\n<tr class=\"row-7\">\n\t<td class=\"column-1\">gezogener Rund-, Flach, Vierkant- und Sechskantstahl<\/td><td class=\"column-2\">EN 10278 \/ ISO 286-2<\/td><td class=\"column-3\">h9, h11<\/td><td class=\"column-4\">\u2013<\/td><td class=\"column-5\">\u2013<\/td>\n<\/tr>\n<tr class=\"row-8\">\n\t<td class=\"column-1\">Oberfl\u00e4chenfehlertiefe<\/td><td class=\"column-2\">1% max. on diameter<\/td><td class=\"column-3\">Class B<\/td><td class=\"column-4\">\u2013<\/td><td class=\"column-5\">\u2013<\/td>\n<\/tr>\n<tr class=\"row-9\">\n\t<td class=\"column-1\">Magna \u2013 Flux Test f\u00fcr Oberfl\u00e4chenfehler<\/td><td class=\"column-2\"><\/td><td class=\"column-3\">\u2013<\/td><td class=\"column-4\">E 709<\/td><td class=\"column-5\">\u2013<\/td>\n<\/tr>\n<tr class=\"row-10\">\n\t<td class=\"column-1\">Geradheitsabweichung f\u00fcr warmgewalzte St\u00e4hle<\/td><td class=\"column-2\">3 to 5 mm\/1000 mm<\/td><td class=\"column-3\">\u2013<\/td><td class=\"column-4\">\u2013<\/td><td class=\"column-5\">\u2013<\/td>\n<\/tr>\n<tr class=\"row-11\">\n\t<td class=\"column-1\">Geradheitsabweichung f\u00fcr Blankst\u00e4hle<\/td><td class=\"column-2\">0.5 mm\/1000 mm<\/td><td class=\"column-3\">\u2013<\/td><td class=\"column-4\">\u2013<\/td><td class=\"column-5\">\u2013<\/td>\n<\/tr>\n<tr class=\"row-12\">\n\t<td class=\"column-1\">Einschl\u00fcsse \/ Reinheitsgrad<\/td><td class=\"column-2\">DIN 50602<\/td><td class=\"column-3\">K4 < 40<\/td><td class=\"column-4\">E 45<\/td><td class=\"column-5\">A,B,C &amp; D < 2.5<\/td>\n<\/tr>\n<tr class=\"row-13\">\n\t<td class=\"column-1\">Makro\u00e4tztest<\/td><td class=\"column-2\"><\/td><td class=\"column-3\">\u2013<\/td><td class=\"column-4\">E 381<\/td><td class=\"column-5\">Besser als C2 R2 S2<\/td>\n<\/tr>\n<tr class=\"row-14\">\n\t<td class=\"column-1\">Korngro\u00dfe<\/td><td class=\"column-2\"><\/td><td class=\"column-3\">\u2013<\/td><td class=\"column-4\">E 112<\/td><td class=\"column-5\">5 to 8<\/td>\n<\/tr>\n<tr class=\"row-15\">\n\t<td rowspan=\"3\" class=\"column-1\">Ultraschall \u2013 Pr\u00fcfung<\/td><td class=\"column-2\">SEP 1921<\/td><td class=\"column-3\">C\/c<\/td><td class=\"column-4\">A 388<\/td><td class=\"column-5\">2-4 mm fbh (-6dB<\/td>\n<\/tr>\n<tr class=\"row-16\">\n\t<td class=\"column-2\">En 10308<\/td><td class=\"column-3\">Typ 1A, Tab 2, Cl 4<\/td><td class=\"column-4\">\u2013<\/td><td class=\"column-5\"><\/td>\n<\/tr>\n<tr class=\"row-17\">\n\t<td class=\"column-2\">En 10228<\/td><td class=\"column-3\">Typ 1A, Tab 5, Cl 4<\/td><td class=\"column-4\">\u2013<\/td><td class=\"column-5\">\u2013<\/td>\n<\/tr>\n<\/tbody>\n<\/table>\n<!-- #tablepress-238 from cache -->[\/vc_column_text][\/vc_column][\/vc_row][\/vc_section][vc_row][vc_column][vc_separator][\/vc_column][\/vc_row][vc_section el_class=&#8221;section-padding right-spacing&#8221; el_id=&#8221;ViewCertificates&#8221;][vc_row el_class=&#8221;ourteam-row&#8221;][vc_column][vc_custom_heading text=&#8221;ZERTIFIKATE&#8221; use_theme_fonts=&#8221;yes&#8221;][vc_row_inner el_class=&#8221;certificate-sec&#8221;][vc_column_inner width=&#8221;1\/6&#8243;][\/vc_column_inner][vc_column_inner width=&#8221;1\/3&#8243;][vc_single_image image=&#8221;526&#8243; img_size=&#8221;full&#8221; onclick=&#8221;img_link_large&#8221; el_class=&#8221;certificates_img&#8221;][vc_custom_heading text=&#8221;ISO 9001 : 2015&#8243; font_container=&#8221;tag:p|text_align:left&#8221; use_theme_fonts=&#8221;yes&#8221; el_class=&#8221;certificates_title&#8221;][\/vc_column_inner][vc_column_inner width=&#8221;1\/3&#8243;][vc_single_image image=&#8221;527&#8243; img_size=&#8221;full&#8221; onclick=&#8221;img_link_large&#8221; el_class=&#8221;certificates_img&#8221;][vc_custom_heading text=&#8221;ISO IATF 16949 : 2016&#8243; font_container=&#8221;tag:p|text_align:left&#8221; use_theme_fonts=&#8221;yes&#8221; el_class=&#8221;certificates_title&#8221;][\/vc_column_inner][vc_column_inner width=&#8221;1\/6&#8243;][\/vc_column_inner][\/vc_row_inner][vc_row_inner content_placement=&#8221;bottom&#8221; el_class=&#8221;certificate-sec&#8221;][vc_column_inner width=&#8221;1\/3&#8243;][vc_single_image image=&#8221;528&#8243; img_size=&#8221;full&#8221; onclick=&#8221;img_link_large&#8221; el_class=&#8221;certificates_img&#8221;][vc_custom_heading text=&#8221;PED 2014\/68\/EU&#8221; font_container=&#8221;tag:p|text_align:left&#8221; use_theme_fonts=&#8221;yes&#8221; el_class=&#8221;certificates_title&#8221;][\/vc_column_inner][vc_column_inner width=&#8221;1\/3&#8243;][vc_single_image image=&#8221;529&#8243; img_size=&#8221;full&#8221; onclick=&#8221;img_link_large&#8221; el_class=&#8221;certificates_img&#8221;][vc_custom_heading text=&#8221;AD-2000-Merkblatt W0&#8243; font_container=&#8221;tag:p|text_align:left&#8221; use_theme_fonts=&#8221;yes&#8221; el_class=&#8221;certificates_title&#8221;][\/vc_column_inner][vc_column_inner width=&#8221;1\/3&#8243;][vc_single_image image=&#8221;530&#8243; img_size=&#8221;full&#8221; onclick=&#8221;img_link_large&#8221; el_class=&#8221;certificates_img&#8221;][vc_custom_heading text=&#8221;IBR-CERTIFICATE-2016&#8243; font_container=&#8221;tag:p|text_align:left&#8221; use_theme_fonts=&#8221;yes&#8221; el_class=&#8221;certificates_title&#8221;][\/vc_column_inner][\/vc_row_inner][\/vc_column][\/vc_row][\/vc_section][vc_row][vc_column][vc_separator][\/vc_column][\/vc_row][vc_section el_class=&#8221;section-padding right-spacing&#8221;][vc_row el_class=&#8221;ourteam-row&#8221;][vc_column][vc_custom_heading text=&#8221;UMWELTFREUNDLICH&#8221; use_theme_fonts=&#8221;yes&#8221;][vc_column_text]Da \u00fcber 85% der eingesetzten Materialien aus Schrott gewonnen werden, d\u00fcrfen wir uns als umweltfreundlichen Betrieb betrachten Aufgrund unserer technologischen Aufstellung sind wir in der Lage unsere Luftverschmutzung um 80% zu reduzieren und weniger Energie zu verbrauchen Permanente \u00dcberwachung der Schrottbeschaffung erm\u00f6glicht uns, Schrott ohne jegliche Radioaktivit\u00e4t einzukaufen<\/p>\n<p>Wir folgen nicht nur, sondern unterst\u00fctzen die Ziele, die unsere Regierung umzusetzen versucht. \u201cWir sind gegen Kinderarbeit in unserem Unternehmen. Wir zahlen alle relevanten Abgaben und Steuern.\u201d[\/vc_column_text][\/vc_column][\/vc_row][\/vc_section]<\/p>\n<\/div>","protected":false},"excerpt":{"rendered":"<p>[vc_row el_class=&#8221;page-banner&#8221; css=&#8221;.vc_custom_1704796203367{background-image: url(https:\/\/www.alokindia.com\/wp-content\/uploads\/2024\/01\/quality-banner.jpg?id=485) !important;}&#8221;][vc_column][\/vc_column][\/vc_row][vc_section el_class=&#8221;section-padding&#8221;][vc_row el_class=&#8221;ourproducts-row&#8221;][vc_column][vc_custom_heading text=&#8221;QUALIT\u00c4TSKONTROLLE&#8221; use_theme_fonts=&#8221;yes&#8221;][vc_column_text el_class=&#8221;ourproducts-text&#8221;]Im Werk von Alok Ingots betrachten wir Qualit\u00e4t und Weiterentwicklung als Basis der Firmenpolitik und als unerl\u00e4ssliche Grundlage f\u00fcr kontinuierliches Wachstum Unser QS-Team, unsere Chemiker und Laboranten arbeiten permanent im Sinne der Bed\u00fcrfnisse unserer weltweiten Kundschaft. Als eine von wenigen Firmen sind wir zertifiziert nach PED [&hellip;]<\/p>\n","protected":false},"author":1,"featured_media":0,"parent":0,"menu_order":0,"comment_status":"closed","ping_status":"closed","template":"","meta":{"footnotes":"","_links_to":"","_links_to_target":""},"class_list":["post-964","page","type-page","status-publish","hentry"],"yoast_head":"<!-- This site is optimized with the Yoast SEO plugin v27.2 - https:\/\/yoast.com\/product\/yoast-seo-wordpress\/ -->\n<title>Qualit\u00e4tskontrolle - Alokindia<\/title>\n<meta name=\"robots\" content=\"index, follow, max-snippet:-1, max-image-preview:large, max-video-preview:-1\" \/>\n<link rel=\"canonical\" href=\"https:\/\/www.alokindia.com\/de\/qualitaetskontrolle\/\" \/>\n<meta property=\"og:locale\" content=\"de_DE\" \/>\n<meta property=\"og:type\" content=\"article\" \/>\n<meta property=\"og:title\" content=\"Qualit\u00e4tskontrolle - Alokindia\" \/>\n<meta property=\"og:description\" content=\"[vc_row el_class=&#8221;page-banner&#8221; css=&#8221;.vc_custom_1704796203367{background-image: url(https:\/\/www.alokindia.com\/wp-content\/uploads\/2024\/01\/quality-banner.jpg?id=485) !important;}&#8221;][vc_column][\/vc_column][\/vc_row][vc_section el_class=&#8221;section-padding&#8221;][vc_row el_class=&#8221;ourproducts-row&#8221;][vc_column][vc_custom_heading text=&#8221;QUALIT\u00c4TSKONTROLLE&#8221; use_theme_fonts=&#8221;yes&#8221;][vc_column_text el_class=&#8221;ourproducts-text&#8221;]Im Werk von Alok Ingots betrachten wir Qualit\u00e4t und Weiterentwicklung als Basis der Firmenpolitik und als unerl\u00e4ssliche Grundlage f\u00fcr kontinuierliches Wachstum Unser QS-Team, unsere Chemiker und Laboranten arbeiten permanent im Sinne der Bed\u00fcrfnisse unserer weltweiten Kundschaft. Als eine von wenigen Firmen sind wir zertifiziert nach PED [&hellip;]\" \/>\n<meta property=\"og:url\" content=\"https:\/\/www.alokindia.com\/de\/qualitaetskontrolle\/\" \/>\n<meta property=\"og:site_name\" content=\"Alokindia\" \/>\n<meta property=\"article:publisher\" content=\"https:\/\/www.facebook.com\/alokingots\/\" \/>\n<meta property=\"article:modified_time\" content=\"2024-01-25T07:34:35+00:00\" \/>\n<meta name=\"twitter:card\" content=\"summary_large_image\" \/>\n<meta name=\"twitter:label1\" content=\"Gesch\u00e4tzte Lesezeit\" \/>\n\t<meta name=\"twitter:data1\" content=\"4\u00a0Minuten\" \/>\n<script type=\"application\/ld+json\" class=\"yoast-schema-graph\">{\"@context\":\"https:\/\/schema.org\",\"@graph\":[{\"@type\":\"WebPage\",\"@id\":\"https:\/\/www.alokindia.com\/de\/qualitaetskontrolle\/\",\"url\":\"https:\/\/www.alokindia.com\/de\/qualitaetskontrolle\/\",\"name\":\"Qualit\u00e4tskontrolle - Alokindia\",\"isPartOf\":{\"@id\":\"https:\/\/www.alokindia.com\/pl\/#website\"},\"datePublished\":\"2024-01-03T06:16:17+00:00\",\"dateModified\":\"2024-01-25T07:34:35+00:00\",\"breadcrumb\":{\"@id\":\"https:\/\/www.alokindia.com\/de\/qualitaetskontrolle\/#breadcrumb\"},\"inLanguage\":\"de\",\"potentialAction\":[{\"@type\":\"ReadAction\",\"target\":[\"https:\/\/www.alokindia.com\/de\/qualitaetskontrolle\/\"]}]},{\"@type\":\"BreadcrumbList\",\"@id\":\"https:\/\/www.alokindia.com\/de\/qualitaetskontrolle\/#breadcrumb\",\"itemListElement\":[{\"@type\":\"ListItem\",\"position\":1,\"name\":\"Home\",\"item\":\"https:\/\/www.alokindia.com\/de\/\"},{\"@type\":\"ListItem\",\"position\":2,\"name\":\"Qualit\u00e4tskontrolle\"}]},{\"@type\":\"WebSite\",\"@id\":\"https:\/\/www.alokindia.com\/pl\/#website\",\"url\":\"https:\/\/www.alokindia.com\/pl\/\",\"name\":\"Alok India\",\"description\":\"\",\"publisher\":{\"@id\":\"https:\/\/www.alokindia.com\/pl\/#organization\"},\"potentialAction\":[{\"@type\":\"SearchAction\",\"target\":{\"@type\":\"EntryPoint\",\"urlTemplate\":\"https:\/\/www.alokindia.com\/pl\/?s={search_term_string}\"},\"query-input\":{\"@type\":\"PropertyValueSpecification\",\"valueRequired\":true,\"valueName\":\"search_term_string\"}}],\"inLanguage\":\"de\"},{\"@type\":\"Organization\",\"@id\":\"https:\/\/www.alokindia.com\/pl\/#organization\",\"name\":\"Alok India Steels\",\"url\":\"https:\/\/www.alokindia.com\/pl\/\",\"logo\":{\"@type\":\"ImageObject\",\"inLanguage\":\"de\",\"@id\":\"https:\/\/www.alokindia.com\/pl\/#\/schema\/logo\/image\/\",\"url\":\"https:\/\/www.alokindia.com\/wp-content\/uploads\/2024\/01\/logo_red.png\",\"contentUrl\":\"https:\/\/www.alokindia.com\/wp-content\/uploads\/2024\/01\/logo_red.png\",\"width\":170,\"height\":75,\"caption\":\"Alok India Steels\"},\"image\":{\"@id\":\"https:\/\/www.alokindia.com\/pl\/#\/schema\/logo\/image\/\"},\"sameAs\":[\"https:\/\/www.facebook.com\/alokingots\/\",\"https:\/\/www.linkedin.com\/company\/alok-ingots-mumbai-private-limited\/\",\"https:\/\/youtube.com\/@aloksteels\"]}]}<\/script>\n<!-- \/ Yoast SEO plugin. -->","yoast_head_json":{"title":"Qualit\u00e4tskontrolle - Alokindia","robots":{"index":"index","follow":"follow","max-snippet":"max-snippet:-1","max-image-preview":"max-image-preview:large","max-video-preview":"max-video-preview:-1"},"canonical":"https:\/\/www.alokindia.com\/de\/qualitaetskontrolle\/","og_locale":"de_DE","og_type":"article","og_title":"Qualit\u00e4tskontrolle - Alokindia","og_description":"[vc_row el_class=&#8221;page-banner&#8221; css=&#8221;.vc_custom_1704796203367{background-image: url(https:\/\/www.alokindia.com\/wp-content\/uploads\/2024\/01\/quality-banner.jpg?id=485) !important;}&#8221;][vc_column][\/vc_column][\/vc_row][vc_section el_class=&#8221;section-padding&#8221;][vc_row el_class=&#8221;ourproducts-row&#8221;][vc_column][vc_custom_heading text=&#8221;QUALIT\u00c4TSKONTROLLE&#8221; use_theme_fonts=&#8221;yes&#8221;][vc_column_text el_class=&#8221;ourproducts-text&#8221;]Im Werk von Alok Ingots betrachten wir Qualit\u00e4t und Weiterentwicklung als Basis der Firmenpolitik und als unerl\u00e4ssliche Grundlage f\u00fcr kontinuierliches Wachstum Unser QS-Team, unsere Chemiker und Laboranten arbeiten permanent im Sinne der Bed\u00fcrfnisse unserer weltweiten Kundschaft. Als eine von wenigen Firmen sind wir zertifiziert nach PED [&hellip;]","og_url":"https:\/\/www.alokindia.com\/de\/qualitaetskontrolle\/","og_site_name":"Alokindia","article_publisher":"https:\/\/www.facebook.com\/alokingots\/","article_modified_time":"2024-01-25T07:34:35+00:00","twitter_card":"summary_large_image","twitter_misc":{"Gesch\u00e4tzte Lesezeit":"4\u00a0Minuten"},"schema":{"@context":"https:\/\/schema.org","@graph":[{"@type":"WebPage","@id":"https:\/\/www.alokindia.com\/de\/qualitaetskontrolle\/","url":"https:\/\/www.alokindia.com\/de\/qualitaetskontrolle\/","name":"Qualit\u00e4tskontrolle - Alokindia","isPartOf":{"@id":"https:\/\/www.alokindia.com\/pl\/#website"},"datePublished":"2024-01-03T06:16:17+00:00","dateModified":"2024-01-25T07:34:35+00:00","breadcrumb":{"@id":"https:\/\/www.alokindia.com\/de\/qualitaetskontrolle\/#breadcrumb"},"inLanguage":"de","potentialAction":[{"@type":"ReadAction","target":["https:\/\/www.alokindia.com\/de\/qualitaetskontrolle\/"]}]},{"@type":"BreadcrumbList","@id":"https:\/\/www.alokindia.com\/de\/qualitaetskontrolle\/#breadcrumb","itemListElement":[{"@type":"ListItem","position":1,"name":"Home","item":"https:\/\/www.alokindia.com\/de\/"},{"@type":"ListItem","position":2,"name":"Qualit\u00e4tskontrolle"}]},{"@type":"WebSite","@id":"https:\/\/www.alokindia.com\/pl\/#website","url":"https:\/\/www.alokindia.com\/pl\/","name":"Alok India","description":"","publisher":{"@id":"https:\/\/www.alokindia.com\/pl\/#organization"},"potentialAction":[{"@type":"SearchAction","target":{"@type":"EntryPoint","urlTemplate":"https:\/\/www.alokindia.com\/pl\/?s={search_term_string}"},"query-input":{"@type":"PropertyValueSpecification","valueRequired":true,"valueName":"search_term_string"}}],"inLanguage":"de"},{"@type":"Organization","@id":"https:\/\/www.alokindia.com\/pl\/#organization","name":"Alok India Steels","url":"https:\/\/www.alokindia.com\/pl\/","logo":{"@type":"ImageObject","inLanguage":"de","@id":"https:\/\/www.alokindia.com\/pl\/#\/schema\/logo\/image\/","url":"https:\/\/www.alokindia.com\/wp-content\/uploads\/2024\/01\/logo_red.png","contentUrl":"https:\/\/www.alokindia.com\/wp-content\/uploads\/2024\/01\/logo_red.png","width":170,"height":75,"caption":"Alok India Steels"},"image":{"@id":"https:\/\/www.alokindia.com\/pl\/#\/schema\/logo\/image\/"},"sameAs":["https:\/\/www.facebook.com\/alokingots\/","https:\/\/www.linkedin.com\/company\/alok-ingots-mumbai-private-limited\/","https:\/\/youtube.com\/@aloksteels"]}]}},"_links":{"self":[{"href":"https:\/\/www.alokindia.com\/de\/wp-json\/wp\/v2\/pages\/964","targetHints":{"allow":["GET"]}}],"collection":[{"href":"https:\/\/www.alokindia.com\/de\/wp-json\/wp\/v2\/pages"}],"about":[{"href":"https:\/\/www.alokindia.com\/de\/wp-json\/wp\/v2\/types\/page"}],"author":[{"embeddable":true,"href":"https:\/\/www.alokindia.com\/de\/wp-json\/wp\/v2\/users\/1"}],"replies":[{"embeddable":true,"href":"https:\/\/www.alokindia.com\/de\/wp-json\/wp\/v2\/comments?post=964"}],"version-history":[{"count":0,"href":"https:\/\/www.alokindia.com\/de\/wp-json\/wp\/v2\/pages\/964\/revisions"}],"wp:attachment":[{"href":"https:\/\/www.alokindia.com\/de\/wp-json\/wp\/v2\/media?parent=964"}],"curies":[{"name":"wp","href":"https:\/\/api.w.org\/{rel}","templated":true}]}}