{"id":957,"date":"2024-01-03T06:15:30","date_gmt":"2024-01-03T06:15:30","guid":{"rendered":"https:\/\/www.alokindia.com\/about\/"},"modified":"2024-01-16T08:32:47","modified_gmt":"2024-01-16T08:32:47","slug":"ueber-uns","status":"publish","type":"page","link":"https:\/\/www.alokindia.com\/de\/ueber-uns\/","title":{"rendered":"\u00dcber uns"},"content":{"rendered":"<div class=\"wpb-content-wrapper\"><p>[vc_row el_class=&#8221;page-banner&#8221; css=&#8221;.vc_custom_1704709260639{background-image: url(https:\/\/www.alokindia.com\/wp-content\/uploads\/2024\/01\/about-banner-1.jpg?id=260) !important;}&#8221;][vc_column][\/vc_column][\/vc_row][vc_section el_class=&#8221;section-padding&#8221;][vc_row el_class=&#8221;whoweare-row&#8221;][vc_column][vc_custom_heading text=&#8221;WIR SIND&#8221; use_theme_fonts=&#8221;yes&#8221;][vc_column_text el_class=&#8221;whoweare-text&#8221;]Die Firma Alok Ingots wurde im Jahr 2005 von einem engagierten Team gegr\u00fcndet, dass an sich selbst den Anspruch stellt, die Stahlproduktion in Indien zu revolutionieren.<br \/>\nAls Familienunternehmen gegr\u00fcndet, versteht sich Alok Ingots nunmehr als aufstrebende Kraft, spezialisiert auf den Bereich der Sonderst\u00e4hle, Werkzeugst\u00e4hle und Alloys f\u00fcr den gesamten Weltmarkt. Im Zuge des Wachstums der Firma wurde sie zu einem der kosteneffizientesten Stahlhersteller in Indien. Gut ausgebildete technische Fachkr\u00e4fte, die mit reichlich Berufserfahrung aus den unterschiedlichsten Bereichen kommen, bilden ein Team, dass mit ihren gesammelten Erfahrungen und Kenntnissen nach h\u00f6chstm\u00f6glicher Pr\u00e4zision strebt.<\/p>\n<p>\u201cIn k\u00fcrzester Zeit hat es Alok Ingots geschafft, sich als feste Marke f\u00fcr Qualit\u00e4t zu etablieren.\u201d \u201cAls junges und tatkr\u00e4ftiges Unternehmen, liegt der Focus besonders auf die stetige Entwicklung unserer Produkte und an einer dauerhaften Beziehung zu jedem Kunden.\u201d[\/vc_column_text][vc_row_inner equal_height=&#8221;yes&#8221; content_placement=&#8221;middle&#8221; el_class=&#8221;whoweare-innerrow&#8221;][vc_column_inner width=&#8221;1\/2&#8243;][vc_column_text]<\/p>\n<h2><small>\u201cDer erste Schritt zum Erfolg ist der\u00a0<\/small>\u2018Anfang\u2019,<\/h2>\n<h2><small>Der erste Schritt zum Anfang ist der <\/small>\u2018Traum\u2019.\u201d<\/h2>\n<p>[\/vc_column_text][\/vc_column_inner][vc_column_inner width=&#8221;1\/2&#8243;][vc_single_image image=&#8221;262&#8243; img_size=&#8221;full&#8221;][\/vc_column_inner][\/vc_row_inner][\/vc_column][\/vc_row][\/vc_section][vc_row][vc_column][vc_separator][\/vc_column][\/vc_row][vc_section el_class=&#8221;section-padding&#8221;][vc_row el_class=&#8221;ourteam-row&#8221;][vc_column][vc_custom_heading text=&#8221;DIE FIRMENLEITUNG&#8221; use_theme_fonts=&#8221;yes&#8221;][vc_column_text]<\/p>\n<h4>\u201cJeder Mensch tr\u00e4umt gleich, aber nur wenige setzen Tr\u00e4ume in die Realit\u00e4t um.\u201d<\/h4>\n<p>[\/vc_column_text][\/vc_column][\/vc_row][\/vc_section][vc_row el_class=&#8221;member-row&#8221;][vc_column width=&#8221;1\/3&#8243; el_class=&#8221;empty-col&#8221;][\/vc_column][vc_column width=&#8221;1\/3&#8243;][vc_column_text]<\/p>\n<h4><strong>HERR ASHOK GARODIA<\/strong><\/h4>\n<h5>Gesch\u00e4ftsf\u00fchrer<\/h5>\n<p>[\/vc_column_text][\/vc_column][vc_column width=&#8221;1\/3&#8243; el_class=&#8221;empty-col&#8221;][\/vc_column][\/vc_row][vc_row el_class=&#8221;member-row&#8221;][vc_column width=&#8221;1\/3&#8243;][vc_column_text]<\/p>\n<h4 class=\"uppercase mb-10\"><strong>HERR DILIP GARODIA<\/strong><\/h4>\n<h5 class=\"pb-20\">Direktor<\/h5>\n<p>[\/vc_column_text][\/vc_column][vc_column width=&#8221;1\/3&#8243;][vc_column_text]<\/p>\n<h4 class=\"uppercase mb-10\"><strong>HERR ALOK GARODIA<\/strong><\/h4>\n<h5 class=\"pb-20\">Gesch\u00e4ftsf\u00fchrer<\/h5>\n<p>[\/vc_column_text][\/vc_column][vc_column width=&#8221;1\/3&#8243;][vc_column_text]<\/p>\n<h4 class=\"uppercase mb-10\"><strong>HERR B. NATARAJAN<\/strong><\/h4>\n<h5 class=\"pb-20\">Technischer Leiter<\/h5>\n<p>[\/vc_column_text][\/vc_column][\/vc_row][vc_row][vc_column][vc_separator][\/vc_column][\/vc_row][vc_section el_class=&#8221;section-padding&#8221;][vc_row el_class=&#8221;vision-row&#8221;][vc_column][vc_custom_heading text=&#8221;UNSERE VISION \/ DIE VORSTELLUNG&#8221; use_theme_fonts=&#8221;yes&#8221;][vc_column_text]Ein weltweiter Stahllieferant f\u00fcr erstklassige Qualit\u00e4t mit kompromissloser Integrit\u00e4t.[\/vc_column_text][\/vc_column][\/vc_row][\/vc_section][vc_row][vc_column][vc_separator][\/vc_column][\/vc_row][vc_section el_class=&#8221;section-padding&#8221;][vc_row el_class=&#8221;mission-row&#8221;][vc_column][vc_custom_heading text=&#8221;UNSERE AUFGABE&#8221; use_theme_fonts=&#8221;yes&#8221;][vc_column_text]\u201cF\u00f6rderung unserer Mitarbeiter in den Bereichen Kreativit\u00e4t, Schulung und Verbesserung zur vollen Einsatzbereitschaft f\u00fcr unser Unternehmen.\u201d \u201cGeschulte und gesch\u00e4tzte Mitarbeiter helfen die Qualit\u00e4tsstandards unsere Produkte zu erf\u00fcllen, wodurch auch die Kundenzufriedenheit gesteigert wird. \u201d[\/vc_column_text][\/vc_column][\/vc_row][\/vc_section][vc_row][vc_column][vc_separator][\/vc_column][\/vc_row][vc_section el_class=&#8221;section-padding&#8221;][vc_row el_class=&#8221;safety-row&#8221;][vc_column][vc_custom_heading text=&#8221;SICHERHEIT&#8221; use_theme_fonts=&#8221;yes&#8221;][vc_column_text]Alok Ingots legt gesteigerten Wert auf die Arbeitssicherheit im Werk \u201cDaher lassen wir uns nach OHSAS 18001:2007 zertifizieren um ein H\u00f6chstma\u00df an Sicherheit f\u00fcr unsere Mitarbeiter sicherzustellen\u201d \u201cDer komplette Betrieb ist rund um die Uhr und 7 Tage die Woche mit Security besetzt und alle Schl\u00fcsselpunkte werden mit Kameras \u00fcberwacht\u201d \u201cUnter dem Motto \u201eSafety first, work next\u201c werden alle Mitarbeiter kontinuierlich an ihre Verantwortung f\u00fcr die eigene Sicherheit und die der Kollegen erinnert\u201d \u201cGro\u00dfe Ventilatoren f\u00fchren die hei\u00dfe Luft weg von den Verkaufsr\u00e4umen, Umweltschutz \u2013 Schornsteine und andere Ma\u00dfnahmen werden von uns eingehalten, um f\u00fcr die Sicherheit unserer Mitarbeiter garantieren zu k\u00f6nnen.\u201d<\/p>\n<p>Alle Gesch\u00e4ftst\u00e4tigkeiten von Alok Ingots basieren auf allgemein anerkannten Regeln f\u00fcr Qualit\u00e4t, Arbeitssicherheit, Umweltschutz und klaren Compliance-Regeln.[\/vc_column_text][\/vc_column][\/vc_row][\/vc_section]<\/p>\n<\/div>","protected":false},"excerpt":{"rendered":"<p>[vc_row el_class=&#8221;page-banner&#8221; css=&#8221;.vc_custom_1704709260639{background-image: url(https:\/\/www.alokindia.com\/wp-content\/uploads\/2024\/01\/about-banner-1.jpg?id=260) !important;}&#8221;][vc_column][\/vc_column][\/vc_row][vc_section el_class=&#8221;section-padding&#8221;][vc_row el_class=&#8221;whoweare-row&#8221;][vc_column][vc_custom_heading text=&#8221;WIR SIND&#8221; use_theme_fonts=&#8221;yes&#8221;][vc_column_text el_class=&#8221;whoweare-text&#8221;]Die Firma Alok Ingots wurde im Jahr 2005 von einem engagierten Team gegr\u00fcndet, dass an sich selbst den Anspruch stellt, die Stahlproduktion in Indien zu revolutionieren. Als Familienunternehmen gegr\u00fcndet, versteht sich Alok Ingots nunmehr als aufstrebende Kraft, spezialisiert auf den Bereich der Sonderst\u00e4hle, Werkzeugst\u00e4hle und [&hellip;]<\/p>\n","protected":false},"author":1,"featured_media":0,"parent":0,"menu_order":0,"comment_status":"closed","ping_status":"closed","template":"","meta":{"footnotes":"","_links_to":"","_links_to_target":""},"class_list":["post-957","page","type-page","status-publish","hentry"],"yoast_head":"<!-- This site is optimized with the Yoast SEO plugin v27.2 - https:\/\/yoast.com\/product\/yoast-seo-wordpress\/ -->\n<title>\u00dcber uns - Alokindia<\/title>\n<meta name=\"robots\" content=\"index, follow, max-snippet:-1, max-image-preview:large, max-video-preview:-1\" \/>\n<link rel=\"canonical\" href=\"https:\/\/www.alokindia.com\/about\/\" \/>\n<meta property=\"og:locale\" content=\"de_DE\" \/>\n<meta property=\"og:type\" content=\"article\" \/>\n<meta property=\"og:title\" content=\"\u00dcber uns - Alokindia\" \/>\n<meta property=\"og:description\" content=\"[vc_row el_class=&#8221;page-banner&#8221; css=&#8221;.vc_custom_1704709260639{background-image: url(https:\/\/www.alokindia.com\/wp-content\/uploads\/2024\/01\/about-banner-1.jpg?id=260) !important;}&#8221;][vc_column][\/vc_column][\/vc_row][vc_section el_class=&#8221;section-padding&#8221;][vc_row el_class=&#8221;whoweare-row&#8221;][vc_column][vc_custom_heading text=&#8221;WIR SIND&#8221; use_theme_fonts=&#8221;yes&#8221;][vc_column_text el_class=&#8221;whoweare-text&#8221;]Die Firma Alok Ingots wurde im Jahr 2005 von einem engagierten Team gegr\u00fcndet, dass an sich selbst den Anspruch stellt, die Stahlproduktion in Indien zu revolutionieren. Als Familienunternehmen gegr\u00fcndet, versteht sich Alok Ingots nunmehr als aufstrebende Kraft, spezialisiert auf den Bereich der Sonderst\u00e4hle, Werkzeugst\u00e4hle und [&hellip;]\" \/>\n<meta property=\"og:url\" content=\"https:\/\/www.alokindia.com\/about\/\" \/>\n<meta property=\"og:site_name\" content=\"Alokindia\" \/>\n<meta property=\"article:publisher\" content=\"https:\/\/www.facebook.com\/alokingots\/\" \/>\n<meta property=\"article:modified_time\" content=\"2024-01-16T08:32:47+00:00\" \/>\n<meta name=\"twitter:card\" content=\"summary_large_image\" \/>\n<meta name=\"twitter:label1\" content=\"Gesch\u00e4tzte Lesezeit\" \/>\n\t<meta name=\"twitter:data1\" content=\"4\u00a0Minuten\" \/>\n<script type=\"application\/ld+json\" class=\"yoast-schema-graph\">{\"@context\":\"https:\/\/schema.org\",\"@graph\":[{\"@type\":\"WebPage\",\"@id\":\"https:\/\/www.alokindia.com\/about\/\",\"url\":\"https:\/\/www.alokindia.com\/about\/\",\"name\":\"\u00dcber uns - Alokindia\",\"isPartOf\":{\"@id\":\"https:\/\/www.alokindia.com\/pl\/#website\"},\"datePublished\":\"2024-01-03T06:15:30+00:00\",\"dateModified\":\"2024-01-16T08:32:47+00:00\",\"breadcrumb\":{\"@id\":\"https:\/\/www.alokindia.com\/about\/#breadcrumb\"},\"inLanguage\":\"de\",\"potentialAction\":[{\"@type\":\"ReadAction\",\"target\":[\"https:\/\/www.alokindia.com\/about\/\"]}]},{\"@type\":\"BreadcrumbList\",\"@id\":\"https:\/\/www.alokindia.com\/about\/#breadcrumb\",\"itemListElement\":[{\"@type\":\"ListItem\",\"position\":1,\"name\":\"Home\",\"item\":\"https:\/\/www.alokindia.com\/de\/\"},{\"@type\":\"ListItem\",\"position\":2,\"name\":\"\u00dcber uns\"}]},{\"@type\":\"WebSite\",\"@id\":\"https:\/\/www.alokindia.com\/pl\/#website\",\"url\":\"https:\/\/www.alokindia.com\/pl\/\",\"name\":\"Alok India\",\"description\":\"\",\"publisher\":{\"@id\":\"https:\/\/www.alokindia.com\/pl\/#organization\"},\"potentialAction\":[{\"@type\":\"SearchAction\",\"target\":{\"@type\":\"EntryPoint\",\"urlTemplate\":\"https:\/\/www.alokindia.com\/pl\/?s={search_term_string}\"},\"query-input\":{\"@type\":\"PropertyValueSpecification\",\"valueRequired\":true,\"valueName\":\"search_term_string\"}}],\"inLanguage\":\"de\"},{\"@type\":\"Organization\",\"@id\":\"https:\/\/www.alokindia.com\/pl\/#organization\",\"name\":\"Alok India Steels\",\"url\":\"https:\/\/www.alokindia.com\/pl\/\",\"logo\":{\"@type\":\"ImageObject\",\"inLanguage\":\"de\",\"@id\":\"https:\/\/www.alokindia.com\/pl\/#\/schema\/logo\/image\/\",\"url\":\"https:\/\/www.alokindia.com\/wp-content\/uploads\/2024\/01\/logo_red.png\",\"contentUrl\":\"https:\/\/www.alokindia.com\/wp-content\/uploads\/2024\/01\/logo_red.png\",\"width\":170,\"height\":75,\"caption\":\"Alok India Steels\"},\"image\":{\"@id\":\"https:\/\/www.alokindia.com\/pl\/#\/schema\/logo\/image\/\"},\"sameAs\":[\"https:\/\/www.facebook.com\/alokingots\/\",\"https:\/\/www.linkedin.com\/company\/alok-ingots-mumbai-private-limited\/\",\"https:\/\/youtube.com\/@aloksteels\"]}]}<\/script>\n<!-- \/ Yoast SEO plugin. -->","yoast_head_json":{"title":"\u00dcber uns - Alokindia","robots":{"index":"index","follow":"follow","max-snippet":"max-snippet:-1","max-image-preview":"max-image-preview:large","max-video-preview":"max-video-preview:-1"},"canonical":"https:\/\/www.alokindia.com\/about\/","og_locale":"de_DE","og_type":"article","og_title":"\u00dcber uns - Alokindia","og_description":"[vc_row el_class=&#8221;page-banner&#8221; css=&#8221;.vc_custom_1704709260639{background-image: url(https:\/\/www.alokindia.com\/wp-content\/uploads\/2024\/01\/about-banner-1.jpg?id=260) !important;}&#8221;][vc_column][\/vc_column][\/vc_row][vc_section el_class=&#8221;section-padding&#8221;][vc_row el_class=&#8221;whoweare-row&#8221;][vc_column][vc_custom_heading text=&#8221;WIR SIND&#8221; use_theme_fonts=&#8221;yes&#8221;][vc_column_text el_class=&#8221;whoweare-text&#8221;]Die Firma Alok Ingots wurde im Jahr 2005 von einem engagierten Team gegr\u00fcndet, dass an sich selbst den Anspruch stellt, die Stahlproduktion in Indien zu revolutionieren. Als Familienunternehmen gegr\u00fcndet, versteht sich Alok Ingots nunmehr als aufstrebende Kraft, spezialisiert auf den Bereich der Sonderst\u00e4hle, Werkzeugst\u00e4hle und [&hellip;]","og_url":"https:\/\/www.alokindia.com\/about\/","og_site_name":"Alokindia","article_publisher":"https:\/\/www.facebook.com\/alokingots\/","article_modified_time":"2024-01-16T08:32:47+00:00","twitter_card":"summary_large_image","twitter_misc":{"Gesch\u00e4tzte Lesezeit":"4\u00a0Minuten"},"schema":{"@context":"https:\/\/schema.org","@graph":[{"@type":"WebPage","@id":"https:\/\/www.alokindia.com\/about\/","url":"https:\/\/www.alokindia.com\/about\/","name":"\u00dcber uns - Alokindia","isPartOf":{"@id":"https:\/\/www.alokindia.com\/pl\/#website"},"datePublished":"2024-01-03T06:15:30+00:00","dateModified":"2024-01-16T08:32:47+00:00","breadcrumb":{"@id":"https:\/\/www.alokindia.com\/about\/#breadcrumb"},"inLanguage":"de","potentialAction":[{"@type":"ReadAction","target":["https:\/\/www.alokindia.com\/about\/"]}]},{"@type":"BreadcrumbList","@id":"https:\/\/www.alokindia.com\/about\/#breadcrumb","itemListElement":[{"@type":"ListItem","position":1,"name":"Home","item":"https:\/\/www.alokindia.com\/de\/"},{"@type":"ListItem","position":2,"name":"\u00dcber uns"}]},{"@type":"WebSite","@id":"https:\/\/www.alokindia.com\/pl\/#website","url":"https:\/\/www.alokindia.com\/pl\/","name":"Alok India","description":"","publisher":{"@id":"https:\/\/www.alokindia.com\/pl\/#organization"},"potentialAction":[{"@type":"SearchAction","target":{"@type":"EntryPoint","urlTemplate":"https:\/\/www.alokindia.com\/pl\/?s={search_term_string}"},"query-input":{"@type":"PropertyValueSpecification","valueRequired":true,"valueName":"search_term_string"}}],"inLanguage":"de"},{"@type":"Organization","@id":"https:\/\/www.alokindia.com\/pl\/#organization","name":"Alok India Steels","url":"https:\/\/www.alokindia.com\/pl\/","logo":{"@type":"ImageObject","inLanguage":"de","@id":"https:\/\/www.alokindia.com\/pl\/#\/schema\/logo\/image\/","url":"https:\/\/www.alokindia.com\/wp-content\/uploads\/2024\/01\/logo_red.png","contentUrl":"https:\/\/www.alokindia.com\/wp-content\/uploads\/2024\/01\/logo_red.png","width":170,"height":75,"caption":"Alok India Steels"},"image":{"@id":"https:\/\/www.alokindia.com\/pl\/#\/schema\/logo\/image\/"},"sameAs":["https:\/\/www.facebook.com\/alokingots\/","https:\/\/www.linkedin.com\/company\/alok-ingots-mumbai-private-limited\/","https:\/\/youtube.com\/@aloksteels"]}]}},"_links":{"self":[{"href":"https:\/\/www.alokindia.com\/de\/wp-json\/wp\/v2\/pages\/957","targetHints":{"allow":["GET"]}}],"collection":[{"href":"https:\/\/www.alokindia.com\/de\/wp-json\/wp\/v2\/pages"}],"about":[{"href":"https:\/\/www.alokindia.com\/de\/wp-json\/wp\/v2\/types\/page"}],"author":[{"embeddable":true,"href":"https:\/\/www.alokindia.com\/de\/wp-json\/wp\/v2\/users\/1"}],"replies":[{"embeddable":true,"href":"https:\/\/www.alokindia.com\/de\/wp-json\/wp\/v2\/comments?post=957"}],"version-history":[{"count":0,"href":"https:\/\/www.alokindia.com\/de\/wp-json\/wp\/v2\/pages\/957\/revisions"}],"wp:attachment":[{"href":"https:\/\/www.alokindia.com\/de\/wp-json\/wp\/v2\/media?parent=957"}],"curies":[{"name":"wp","href":"https:\/\/api.w.org\/{rel}","templated":true}]}}